{"id":994,"date":"2024-03-21T17:35:36","date_gmt":"2024-03-21T17:35:36","guid":{"rendered":"https:\/\/www.uroosevelt.edu.pe\/portal\/?page_id=994"},"modified":"2024-05-30T17:36:23","modified_gmt":"2024-05-30T17:36:23","slug":"periodoncia-e-implantologia-2","status":"publish","type":"page","link":"https:\/\/www.uroosevelt.edu.pe\/portal\/periodoncia-e-implantologia-2\/","title":{"rendered":"Periodoncia e Implantolog\u00eda"},"content":{"rendered":"<p>[vc_row full_width=\u00bbstretch_row\u00bb css=\u00bb.vc_custom_1714058449280{background-image: url(https:\/\/www.uroosevelt.edu.pe\/portal\/wp-content\/uploads\/2024\/04\/Periodoncia-e-Implantologia.jpg?id=1448) !important;background-position: center !important;background-repeat: no-repeat !important;background-size: cover !important;}\u00bb][vc_column][vc_empty_space height=\u00bb150px\u00bb][vc_row_inner][vc_column_inner width=\u00bb1\/2&#8243;][vc_column_text el_class=\u00bbespecialidad\u00bb]<\/p>\n<h1><strong>Diplomado en<\/strong><\/h1>\n<p>[\/vc_column_text][vc_column_text el_class=\u00bbtitulo\u00bb]<\/p>\n<h1><strong>Periodoncia e Implantolog\u00eda<\/strong><\/h1>\n<p>[\/vc_column_text][vc_empty_space][vc_column_text el_class=\u00bbtexto-blanco\u00bb]El diplomado de Periodoncia e Implantolog\u00eda est\u00e1 dise\u00f1ado para odont\u00f3logos reci\u00e9n graduados y profesionales con experiencia en odontolog\u00eda general que deseen expandir sus habilidades en periodoncia.[\/vc_column_text][\/vc_column_inner][vc_column_inner width=\u00bb1\/2&#8243;][\/vc_column_inner][\/vc_row_inner][vc_empty_space height=\u00bb200px\u00bb][\/vc_column][\/vc_row][vc_row][vc_column][vc_empty_space][\/vc_column][\/vc_row][vc_row css=\u00bb.vc_custom_1711030779861{background-color: #efefef !important;border-radius: 10px !important;}\u00bb][vc_column][vc_empty_space][vc_row_inner][vc_column_inner el_class=\u00bbicono1&#8243; width=\u00bb1\/3&#8243;]<div class=\"icon_box icon_position_left no_border\"><div class=\"image_wrapper\"><img loading=\"lazy\" decoding=\"async\" src=\"https:\/\/www.uroosevelt.edu.pe\/portal\/wp-content\/uploads\/2024\/03\/circled-chevron-right-7.png\" class=\"scale-with-grid\" alt=\"circled-chevron-right 7\" width=\"58\" height=\"50\"\/><\/div><div class=\"desc_wrapper\"><h4 class=\"title\">Certificaci\u00f3n:<\/h4><div class=\"desc\">Diplomado en Periodoncia e Implantolog\u00eda<\/div><\/div><\/div>\n[\/vc_column_inner][vc_column_inner el_class=\u00bbicono1&#8243; width=\u00bb1\/3&#8243;]<div class=\"icon_box icon_position_left no_border\"><div class=\"image_wrapper\"><img loading=\"lazy\" decoding=\"async\" src=\"https:\/\/www.uroosevelt.edu.pe\/portal\/wp-content\/uploads\/2024\/03\/circled-chevron-right-7.png\" class=\"scale-with-grid\" alt=\"circled-chevron-right 7\" width=\"58\" height=\"50\"\/><\/div><div class=\"desc_wrapper\"><h4 class=\"title\">Diplomado:<\/h4><div class=\"desc\">8 meses<\/div><\/div><\/div>\n[\/vc_column_inner][vc_column_inner el_class=\u00bbicono2&#8243; width=\u00bb1\/3&#8243;]<div class=\"icon_box icon_position_left no_border\"><div class=\"image_wrapper\"><img loading=\"lazy\" decoding=\"async\" src=\"https:\/\/www.uroosevelt.edu.pe\/portal\/wp-content\/uploads\/2024\/03\/circled-chevron-right-7.png\" class=\"scale-with-grid\" alt=\"circled-chevron-right 7\" width=\"58\" height=\"50\"\/><\/div><div class=\"desc_wrapper\"><h4 class=\"title\">Modalidad:<\/h4><div class=\"desc\">Presencial<\/div><\/div><\/div>\n[\/vc_column_inner][\/vc_row_inner][vc_empty_space][\/vc_column][\/vc_row][vc_row][vc_column][vc_empty_space][\/vc_column][\/vc_row][vc_row css=\u00bb.vc_custom_1711031205556{background-color: #efefef !important;border-radius: 10px !important;}\u00bb][vc_column][vc_empty_space][vc_row_inner][vc_column_inner el_class=\u00bbicono3&#8243; width=\u00bb1\/2&#8243; css=\u00bb.vc_custom_1711034868561{padding-right: 28px !important;padding-left: 28px !important;}\u00bb][vc_column_text el_class=\u00bbobjetivo\u00bb]<\/p>\n<h1><strong>Objetivos<\/strong><\/h1>\n<p>[\/vc_column_text][vc_empty_space]<div class=\"icon_box icon_position_left no_border\"><div class=\"image_wrapper\"><img loading=\"lazy\" decoding=\"async\" src=\"https:\/\/www.uroosevelt.edu.pe\/portal\/wp-content\/uploads\/2024\/03\/circled-chevron-right-7.png\" class=\"scale-with-grid\" alt=\"circled-chevron-right 7\" width=\"58\" height=\"50\"\/><\/div><div class=\"desc_wrapper\"><div class=\"desc\">Formar al cirujano dentista en el diagn\u00f3stico y tratamiento de la patolog\u00eda periodontal de baja y mediana complejidad, as\u00ed como en el diagn\u00f3stico y tratamiento quir\u00fargico y prot\u00e9sico de pacientes con necesidad de implantes dentales de baja complejidad.<\/div><\/div><\/div>\n<div class=\"icon_box icon_position_left no_border\"><div class=\"image_wrapper\"><img loading=\"lazy\" decoding=\"async\" src=\"https:\/\/www.uroosevelt.edu.pe\/portal\/wp-content\/uploads\/2024\/03\/circled-chevron-right-7.png\" class=\"scale-with-grid\" alt=\"circled-chevron-right 7\" width=\"58\" height=\"50\"\/><\/div><div class=\"desc_wrapper\"><div class=\"desc\">Todo ello a trav\u00e9s de la odontolog\u00eda basada en la evidencia; utilizando t\u00e9cnicas y biomateriales de vanguardia en los procedimientos, tomando en consideraci\u00f3n un abordaje multidisciplinario.<\/div><\/div><\/div>\n[\/vc_column_inner][vc_column_inner el_class=\u00bbicono6&#8243; width=\u00bb1\/2&#8243; css=\u00bb.vc_custom_1711034874473{padding-right: 28px !important;padding-left: 28px !important;}\u00bb][vc_column_text el_class=\u00bbobjetivo\u00bb]<\/p>\n<h1><strong>Beneficios\u00a0<\/strong><\/h1>\n<p>[\/vc_column_text][vc_empty_space]<div class=\"icon_box icon_position_left no_border\"><div class=\"image_wrapper\"><img loading=\"lazy\" decoding=\"async\" src=\"https:\/\/www.uroosevelt.edu.pe\/portal\/wp-content\/uploads\/2024\/03\/circled-chevron-right-7.png\" class=\"scale-with-grid\" alt=\"circled-chevron-right 7\" width=\"58\" height=\"50\"\/><\/div><div class=\"desc_wrapper\"><div class=\"desc\">Plan de estudios innovador alineado a las necesidades del profesional actual.<\/div><\/div><\/div>\n<div class=\"icon_box icon_position_left no_border\"><div class=\"image_wrapper\"><img loading=\"lazy\" decoding=\"async\" src=\"https:\/\/www.uroosevelt.edu.pe\/portal\/wp-content\/uploads\/2024\/03\/circled-chevron-right-7.png\" class=\"scale-with-grid\" alt=\"circled-chevron-right 7\" width=\"58\" height=\"50\"\/><\/div><div class=\"desc_wrapper\"><div class=\"desc\">Entrenamiento especializado en la Cl\u00ednica Odontol\u00f3gica y laboratorios de la Universidad Roosevelt.<\/div><\/div><\/div>\n<div class=\"icon_box icon_position_left no_border\"><div class=\"image_wrapper\"><img loading=\"lazy\" decoding=\"async\" src=\"https:\/\/www.uroosevelt.edu.pe\/portal\/wp-content\/uploads\/2024\/03\/circled-chevron-right-7.png\" class=\"scale-with-grid\" alt=\"circled-chevron-right 7\" width=\"58\" height=\"50\"\/><\/div><div class=\"desc_wrapper\"><div class=\"desc\">Nuestra metodolog\u00eda se desarrolla en tres niveles: Teor\u00eda \u2013 pr\u00e1cticas \u2013 investigaci\u00f3n.<\/div><\/div><\/div>\n<div class=\"icon_box icon_position_left no_border\"><div class=\"image_wrapper\"><img loading=\"lazy\" decoding=\"async\" src=\"https:\/\/www.uroosevelt.edu.pe\/portal\/wp-content\/uploads\/2024\/03\/circled-chevron-right-7.png\" class=\"scale-with-grid\" alt=\"circled-chevron-right 7\" width=\"58\" height=\"50\"\/><\/div><div class=\"desc_wrapper\"><div class=\"desc\">Reconocida plana docente nacional e internacional.<\/div><\/div><\/div>\n<div class=\"icon_box icon_position_left no_border\"><div class=\"image_wrapper\"><img loading=\"lazy\" decoding=\"async\" src=\"https:\/\/www.uroosevelt.edu.pe\/portal\/wp-content\/uploads\/2024\/03\/circled-chevron-right-7.png\" class=\"scale-with-grid\" alt=\"circled-chevron-right 7\" width=\"58\" height=\"50\"\/><\/div><div class=\"desc_wrapper\"><div class=\"desc\">Convenios y\/o pasant\u00edas internacionales.<\/div><\/div><\/div>\n[\/vc_column_inner][\/vc_row_inner][vc_empty_space][\/vc_column][\/vc_row][vc_row][vc_column][vc_empty_space height=\u00bb40px\u00bb][\/vc_column][\/vc_row][vc_row][vc_column][vc_row_inner][vc_column_inner][vc_column_text el_class=\u00bbplan\u00bb]<\/p>\n<h1><strong>Plan de estudios\u00a0<\/strong><\/h1>\n<p>[\/vc_column_text][vc_empty_space][\/vc_column_inner][\/vc_row_inner][\/vc_column][\/vc_row][vc_row gap=\u00bb10&#8243; equal_height=\u00bbyes\u00bb][vc_column width=\u00bb1\/2&#8243; css=\u00bb.vc_custom_1711032408618{background-color: #d01b39 !important;border-radius: 10px !important;}\u00bb][vc_row_inner content_placement=\u00bbmiddle\u00bb][vc_column_inner width=\u00bb1\/2&#8243;][vc_column_text el_class=\u00bbcuatrimestre\u00bb]<\/p>\n<h1><strong>I<\/strong><br \/>\n<strong>Cuatrimestre<\/strong><\/h1>\n<p>[\/vc_column_text][vc_empty_space][\/vc_column_inner][vc_column_inner el_class=\u00bbicono4&#8243; width=\u00bb1\/2&#8243;]<div class=\"icon_box icon_position_left no_border\"><div class=\"image_wrapper\"><img loading=\"lazy\" decoding=\"async\" src=\"https:\/\/www.uroosevelt.edu.pe\/portal\/wp-content\/uploads\/2024\/03\/circled-chevron-right-40.png\" class=\"scale-with-grid\" alt=\"circled-chevron-right 40\" width=\"30\" height=\"30\"\/><\/div><div class=\"desc_wrapper\"><div class=\"desc\">Periodoncia I<\/div><\/div><\/div>\n<div class=\"icon_box icon_position_left no_border\"><div class=\"image_wrapper\"><img loading=\"lazy\" decoding=\"async\" src=\"https:\/\/www.uroosevelt.edu.pe\/portal\/wp-content\/uploads\/2024\/03\/circled-chevron-right-40.png\" class=\"scale-with-grid\" alt=\"circled-chevron-right 40\" width=\"30\" height=\"30\"\/><\/div><div class=\"desc_wrapper\"><div class=\"desc\">Investigaci\u00f3n Aplicada I<\/div><\/div><\/div>\n<div class=\"icon_box icon_position_left no_border\"><div class=\"image_wrapper\"><img loading=\"lazy\" decoding=\"async\" src=\"https:\/\/www.uroosevelt.edu.pe\/portal\/wp-content\/uploads\/2024\/03\/circled-chevron-right-40.png\" class=\"scale-with-grid\" alt=\"circled-chevron-right 40\" width=\"30\" height=\"30\"\/><\/div><div class=\"desc_wrapper\"><div class=\"desc\">Imagenolog\u00eda, fotograf\u00eda, inform\u00e1tica<\/div><\/div><\/div>\n<div class=\"icon_box icon_position_left no_border\"><div class=\"image_wrapper\"><img loading=\"lazy\" decoding=\"async\" src=\"https:\/\/www.uroosevelt.edu.pe\/portal\/wp-content\/uploads\/2024\/03\/circled-chevron-right-40.png\" class=\"scale-with-grid\" alt=\"circled-chevron-right 40\" width=\"30\" height=\"30\"\/><\/div><div class=\"desc_wrapper\"><div class=\"desc\">Laboratorio I<\/div><\/div><\/div>\n<div class=\"icon_box icon_position_left no_border\"><div class=\"image_wrapper\"><img loading=\"lazy\" decoding=\"async\" src=\"https:\/\/www.uroosevelt.edu.pe\/portal\/wp-content\/uploads\/2024\/03\/circled-chevron-right-40.png\" class=\"scale-with-grid\" alt=\"circled-chevron-right 40\" width=\"30\" height=\"30\"\/><\/div><div class=\"desc_wrapper\"><div class=\"desc\">Cl\u00ednica en Periodoncia e Implantes\u00a0I<\/div><\/div><\/div>\n[\/vc_column_inner][\/vc_row_inner][vc_empty_space][\/vc_column][vc_column width=\u00bb1\/2&#8243; css=\u00bb.vc_custom_1711032415704{background-color: #d01b39 !important;border-radius: 10px !important;}\u00bb][vc_row_inner content_placement=\u00bbmiddle\u00bb][vc_column_inner width=\u00bb1\/2&#8243;][vc_column_text el_class=\u00bbcuatrimestre\u00bb]<\/p>\n<h1><strong>II<\/strong><br \/>\n<strong>Cuatrimestre<\/strong><\/h1>\n<p>[\/vc_column_text][vc_empty_space][\/vc_column_inner][vc_column_inner el_class=\u00bbicono4&#8243; width=\u00bb1\/2&#8243;]<div class=\"icon_box icon_position_left no_border\"><div class=\"image_wrapper\"><img loading=\"lazy\" decoding=\"async\" src=\"https:\/\/www.uroosevelt.edu.pe\/portal\/wp-content\/uploads\/2024\/03\/circled-chevron-right-40.png\" class=\"scale-with-grid\" alt=\"circled-chevron-right 40\" width=\"30\" height=\"30\"\/><\/div><div class=\"desc_wrapper\"><div class=\"desc\">Periodoncia II<\/div><\/div><\/div>\n<div class=\"icon_box icon_position_left no_border\"><div class=\"image_wrapper\"><img loading=\"lazy\" decoding=\"async\" src=\"https:\/\/www.uroosevelt.edu.pe\/portal\/wp-content\/uploads\/2024\/03\/circled-chevron-right-40.png\" class=\"scale-with-grid\" alt=\"circled-chevron-right 40\" width=\"30\" height=\"30\"\/><\/div><div class=\"desc_wrapper\"><div class=\"desc\">Investigaci\u00f3n Aplicada II<\/div><\/div><\/div>\n<div class=\"icon_box icon_position_left no_border\"><div class=\"image_wrapper\"><img loading=\"lazy\" decoding=\"async\" src=\"https:\/\/www.uroosevelt.edu.pe\/portal\/wp-content\/uploads\/2024\/03\/circled-chevron-right-40.png\" class=\"scale-with-grid\" alt=\"circled-chevron-right 40\" width=\"30\" height=\"30\"\/><\/div><div class=\"desc_wrapper\"><div class=\"desc\">Implantolog\u00eda I<\/div><\/div><\/div>\n<div class=\"icon_box icon_position_left no_border\"><div class=\"image_wrapper\"><img loading=\"lazy\" decoding=\"async\" src=\"https:\/\/www.uroosevelt.edu.pe\/portal\/wp-content\/uploads\/2024\/03\/circled-chevron-right-40.png\" class=\"scale-with-grid\" alt=\"circled-chevron-right 40\" width=\"30\" height=\"30\"\/><\/div><div class=\"desc_wrapper\"><div class=\"desc\">Oclusi\u00f3n<\/div><\/div><\/div>\n<div class=\"icon_box icon_position_left no_border\"><div class=\"image_wrapper\"><img loading=\"lazy\" decoding=\"async\" src=\"https:\/\/www.uroosevelt.edu.pe\/portal\/wp-content\/uploads\/2024\/03\/circled-chevron-right-40.png\" class=\"scale-with-grid\" alt=\"circled-chevron-right 40\" width=\"30\" height=\"30\"\/><\/div><div class=\"desc_wrapper\"><div class=\"desc\">Laboratorio II<\/div><\/div><\/div>\n<div class=\"icon_box icon_position_left no_border\"><div class=\"image_wrapper\"><img loading=\"lazy\" decoding=\"async\" src=\"https:\/\/www.uroosevelt.edu.pe\/portal\/wp-content\/uploads\/2024\/03\/circled-chevron-right-40.png\" class=\"scale-with-grid\" alt=\"circled-chevron-right 40\" width=\"30\" height=\"30\"\/><\/div><div class=\"desc_wrapper\"><div class=\"desc\">Cl\u00ednica en Periodoncia e Implantes\u00a0II<\/div><\/div><\/div>\n[\/vc_column_inner][\/vc_row_inner][vc_empty_space][\/vc_column][\/vc_row][vc_row][vc_column][vc_empty_space height=\u00bb40px\u00bb][vc_btn title=\u00bbDescargar Plan de Estudios\u00bb style=\u00bbcustom\u00bb custom_background=\u00bb#d01b39&#8243; custom_text=\u00bb#ffffff\u00bb align=\u00bbcenter\u00bb i_icon_fontawesome=\u00bbfa fa-file-text\u00bb add_icon=\u00bbtrue\u00bb link=\u00bburl:https%3A%2F%2Fwww.uroosevelt.edu.pe%2Fportal%2Fwp-content%2Fuploads%2F2024%2F05%2FDIPLOMADO-EN-PERIODONCIA.pdf|||\u00bb][vc_empty_space height=\u00bb50px\u00bb][\/vc_column][\/vc_row][vc_row full_width=\u00bbstretch_row_content_no_spaces\u00bb][vc_column][vc_row_inner equal_height=\u00bbyes\u00bb][vc_column_inner width=\u00bb1\/2&#8243; css=\u00bb.vc_custom_1711046976830{background-image: url(https:\/\/www.uroosevelt.edu.pe\/portal\/wp-content\/uploads\/2024\/03\/06-1.jpg?id=1013) !important;background-position: center !important;background-repeat: no-repeat !important;background-size: cover !important;}\u00bb][vc_empty_space height=\u00bb300px\u00bb][\/vc_column_inner][vc_column_inner el_class=\u00bbicono5&#8243; width=\u00bb1\/2&#8243; css=\u00bb.vc_custom_1711033828029{padding-right: 28px !important;padding-left: 28px !important;background-color: #efefef !important;}\u00bb][vc_column_text]<\/p>\n<h1><strong>Docente coordinador:<\/strong><\/h1>\n<p>[\/vc_column_text]<div class=\"icon_box icon_position_left no_border\"><div class=\"image_wrapper\"><img loading=\"lazy\" decoding=\"async\" src=\"https:\/\/www.uroosevelt.edu.pe\/portal\/wp-content\/uploads\/2024\/03\/circled-chevron-right-7.png\" class=\"scale-with-grid\" alt=\"circled-chevron-right 7\" width=\"58\" height=\"50\"\/><\/div><div class=\"desc_wrapper\"><div class=\"desc\">Mg. Esp. Eduardo Esteban Pacheco Roller<br \/>\nMagister en Estomatolog\u00eda UIGV. Cirujano Dentista, UIGV. Especialidad en Implantolog\u00eda Oral UIGV. Especialidad en Implantolog\u00eda Oral UIGV. Su experiencia y habilidades garantizan una formaci\u00f3n de calidad en el \u00e1mbito odontol\u00f3gico, proporcionando a los estudiantes las herramientas necesarias para destacar en su pr\u00e1ctica\u00a0profesional.<\/div><\/div><\/div>\n[vc_empty_space height=\u00bb120px\u00bb][vc_column_text]<\/p>\n<h1><strong>Planta Docente:<\/strong><\/h1>\n<p>[\/vc_column_text]<div class=\"icon_box icon_position_left no_border\"><div class=\"image_wrapper\"><img loading=\"lazy\" decoding=\"async\" src=\"https:\/\/www.uroosevelt.edu.pe\/portal\/wp-content\/uploads\/2024\/03\/circled-chevron-right-7.png\" class=\"scale-with-grid\" alt=\"circled-chevron-right 7\" width=\"58\" height=\"50\"\/><\/div><div class=\"desc_wrapper\"><div class=\"desc\">Mg. Esp. Eduardo Esteban Pacheco Roller<br \/>\n<\/div><\/div><\/div>\n<div class=\"icon_box icon_position_left no_border\"><div class=\"image_wrapper\"><img loading=\"lazy\" decoding=\"async\" src=\"https:\/\/www.uroosevelt.edu.pe\/portal\/wp-content\/uploads\/2024\/03\/circled-chevron-right-7.png\" class=\"scale-with-grid\" alt=\"circled-chevron-right 7\" width=\"58\" height=\"50\"\/><\/div><div class=\"desc_wrapper\"><div class=\"desc\">Mg. Esp. David Prosopio Elias<\/div><\/div><\/div>\n<div class=\"icon_box icon_position_left no_border\"><div class=\"image_wrapper\"><img loading=\"lazy\" decoding=\"async\" src=\"https:\/\/www.uroosevelt.edu.pe\/portal\/wp-content\/uploads\/2024\/03\/circled-chevron-right-7.png\" class=\"scale-with-grid\" alt=\"circled-chevron-right 7\" width=\"58\" height=\"50\"\/><\/div><div class=\"desc_wrapper\"><div class=\"desc\">Esp. Elmer Salinas Prieto<br \/>\n<\/div><\/div><\/div>\n<div class=\"icon_box icon_position_left no_border\"><div class=\"image_wrapper\"><img loading=\"lazy\" decoding=\"async\" src=\"https:\/\/www.uroosevelt.edu.pe\/portal\/wp-content\/uploads\/2024\/03\/circled-chevron-right-7.png\" class=\"scale-with-grid\" alt=\"circled-chevron-right 7\" width=\"58\" height=\"50\"\/><\/div><div class=\"desc_wrapper\"><div class=\"desc\">Mg. Esp. Gregorio Robles Vargas<\/div><\/div><\/div>\n<div class=\"icon_box icon_position_left no_border\"><div class=\"image_wrapper\"><img loading=\"lazy\" decoding=\"async\" src=\"https:\/\/www.uroosevelt.edu.pe\/portal\/wp-content\/uploads\/2024\/03\/circled-chevron-right-7.png\" class=\"scale-with-grid\" alt=\"circled-chevron-right 7\" width=\"58\" height=\"50\"\/><\/div><div class=\"desc_wrapper\"><div class=\"desc\">Dr. Esp. Israel Pariajulca Fern\u00e1ndez<br \/>\n<\/div><\/div><\/div>\n<div class=\"icon_box icon_position_left no_border\"><div class=\"image_wrapper\"><img loading=\"lazy\" decoding=\"async\" src=\"https:\/\/www.uroosevelt.edu.pe\/portal\/wp-content\/uploads\/2024\/03\/circled-chevron-right-7.png\" class=\"scale-with-grid\" alt=\"circled-chevron-right 7\" width=\"58\" height=\"50\"\/><\/div><div class=\"desc_wrapper\"><div class=\"desc\">Mg. Esp. Liz Villaverde Moscol<br \/>\n<\/div><\/div><\/div>\n<div class=\"icon_box icon_position_left no_border\"><div class=\"image_wrapper\"><img loading=\"lazy\" decoding=\"async\" src=\"https:\/\/www.uroosevelt.edu.pe\/portal\/wp-content\/uploads\/2024\/03\/circled-chevron-right-7.png\" class=\"scale-with-grid\" alt=\"circled-chevron-right 7\" width=\"58\" height=\"50\"\/><\/div><div class=\"desc_wrapper\"><div class=\"desc\">Mg. Esp. Luis Seminario Molina<\/div><\/div><\/div>\n<div class=\"icon_box icon_position_left no_border\"><div class=\"image_wrapper\"><img loading=\"lazy\" decoding=\"async\" src=\"https:\/\/www.uroosevelt.edu.pe\/portal\/wp-content\/uploads\/2024\/03\/circled-chevron-right-7.png\" class=\"scale-with-grid\" alt=\"circled-chevron-right 7\" width=\"58\" height=\"50\"\/><\/div><div class=\"desc_wrapper\"><div class=\"desc\">Mg. Pamela Vidal Martell<\/div><\/div><\/div>\n<div class=\"icon_box icon_position_left no_border\"><div class=\"image_wrapper\"><img loading=\"lazy\" decoding=\"async\" src=\"https:\/\/www.uroosevelt.edu.pe\/portal\/wp-content\/uploads\/2024\/03\/circled-chevron-right-7.png\" class=\"scale-with-grid\" alt=\"circled-chevron-right 7\" width=\"58\" height=\"50\"\/><\/div><div class=\"desc_wrapper\"><div class=\"desc\">Dr. Esp. Wilber Juvenal Cossio Bola\u00f1os<\/div><\/div><\/div>\n<div class=\"icon_box icon_position_left no_border\"><div class=\"image_wrapper\"><img loading=\"lazy\" decoding=\"async\" src=\"https:\/\/www.uroosevelt.edu.pe\/portal\/wp-content\/uploads\/2024\/03\/circled-chevron-right-7.png\" class=\"scale-with-grid\" alt=\"circled-chevron-right 7\" width=\"58\" height=\"50\"\/><\/div><div class=\"desc_wrapper\"><div class=\"desc\">Mg. Jos\u00e9 Antonio D\u00edaz Suyo<\/div><\/div><\/div>\n[vc_empty_space][\/vc_column_inner][\/vc_row_inner][\/vc_column][\/vc_row][vc_row full_width=\u00bbstretch_row\u00bb css=\u00bb.vc_custom_1713986916781{background-color: #efefef !important;}\u00bb][vc_column][vc_empty_space height=\u00bb50px\u00bb][vc_column_text]<\/p>\n<p>[\/vc_column_text][\/vc_column][\/vc_row][vc_row full_width=\u00bbstretch_row\u00bb css_animation=\u00bbfadeInUp\u00bb css=\u00bb.vc_custom_1711046435657{background-image: url(https:\/\/www.uroosevelt.edu.pe\/portal\/wp-content\/uploads\/2024\/03\/fondo-rojo2.jpg?id=648) !important;background-position: center !important;background-repeat: no-repeat !important;background-size: cover !important;}\u00bb][vc_column][vc_empty_space][vc_row_inner content_placement=\u00bbmiddle\u00bb][vc_column_inner width=\u00bb1\/2&#8243;][vc_column_text el_class=\u00bbrazones\u00bb]<\/p>\n<h1><strong>Inicia tu vida<\/strong><br \/>\n<strong>universitaria en U Roosevelt<\/strong><\/h1>\n<p>[\/vc_column_text][vc_empty_space][vc_single_image image=\u00bb649&#8243; img_size=\u00bbfull\u00bb][vc_empty_space][\/vc_column_inner][vc_column_inner el_class=\u00bbsombra\u00bb width=\u00bb1\/2&#8243; css=\u00bb.vc_custom_1710265477016{padding-right: 20px !important;padding-left: 20px !important;background-color: #ffffff !important;border-radius: 10px !important;}\u00bb][vc_column_text el_class=\u00bbdatos\u00bb]<\/p>\n<h1><strong>D\u00e9janos tus datos<\/strong><\/h1>\n<p>[\/vc_column_text][vc_empty_space][vc_raw_html]JTNDc2NyaXB0JTIwY2hhcnNldCUzRCUyMnV0Zi04JTIyJTIwdHlwZSUzRCUyMnRleHQlMkZqYXZhc2NyaXB0JTIyJTIwc3JjJTNEJTIyJTJGJTJGanMuaHNmb3Jtcy5uZXQlMkZmb3JtcyUyRmVtYmVkJTJGdjIuanMlMjIlM0UlM0MlMkZzY3JpcHQlM0UlMEElM0NzY3JpcHQlM0UlMEElMjAlMjBoYnNwdC5mb3Jtcy5jcmVhdGUlMjglN0IlMEElMjAlMjAlMjAlMjByZWdpb24lM0ElMjAlMjJuYTElMjIlMkMlMEElMjAlMjAlMjAlMjBwb3J0YWxJZCUzQSUyMCUyMjg5MDEzMDklMjIlMkMlMEElMjAlMjAlMjAlMjBmb3JtSWQlM0ElMjAlMjI3NThlYWFmYS1jZGM1LTRmNDQtYTEwNC1jYjFlMzFjMDU5ZDIlMjIlMEElQzIlQTAlQzIlQTAlN0QlMjklM0IlMEElM0MlMkZzY3JpcHQlM0U=[\/vc_raw_html][vc_empty_space][\/vc_column_inner][\/vc_row_inner][vc_empty_space height=\u00bb60px\u00bb][\/vc_column][\/vc_row]<\/p>\n","protected":false},"excerpt":{"rendered":"<p>[vc_row full_width=\u00bbstretch_row\u00bb css=\u00bb.vc_custom_1714058449280{background-image: url(https:\/\/www.uroosevelt.edu.pe\/portal\/wp-content\/uploads\/2024\/04\/Periodoncia-e-Implantologia.jpg?id=1448) !important;background-position: center !important;background-repeat: no-repeat !important;background-size: cover !important;}\u00bb][vc_column][vc_empty_space height=\u00bb150px\u00bb][vc_row_inner][vc_column_inner width=\u00bb1\/2&#8243;][vc_column_text el_class=\u00bbespecialidad\u00bb]<span class=\"excerpt-hellip\"> [\u2026]<\/span><\/p>\n","protected":false},"author":4,"featured_media":0,"parent":0,"menu_order":0,"comment_status":"closed","ping_status":"closed","template":"","meta":{"footnotes":""},"_links":{"self":[{"href":"https:\/\/www.uroosevelt.edu.pe\/portal\/wp-json\/wp\/v2\/pages\/994"}],"collection":[{"href":"https:\/\/www.uroosevelt.edu.pe\/portal\/wp-json\/wp\/v2\/pages"}],"about":[{"href":"https:\/\/www.uroosevelt.edu.pe\/portal\/wp-json\/wp\/v2\/types\/page"}],"author":[{"embeddable":true,"href":"https:\/\/www.uroosevelt.edu.pe\/portal\/wp-json\/wp\/v2\/users\/4"}],"replies":[{"embeddable":true,"href":"https:\/\/www.uroosevelt.edu.pe\/portal\/wp-json\/wp\/v2\/comments?post=994"}],"version-history":[{"count":12,"href":"https:\/\/www.uroosevelt.edu.pe\/portal\/wp-json\/wp\/v2\/pages\/994\/revisions"}],"predecessor-version":[{"id":1876,"href":"https:\/\/www.uroosevelt.edu.pe\/portal\/wp-json\/wp\/v2\/pages\/994\/revisions\/1876"}],"wp:attachment":[{"href":"https:\/\/www.uroosevelt.edu.pe\/portal\/wp-json\/wp\/v2\/media?parent=994"}],"curies":[{"name":"wp","href":"https:\/\/api.w.org\/{rel}","templated":true}]}}