{"id":992,"date":"2024-03-21T17:28:09","date_gmt":"2024-03-21T17:28:09","guid":{"rendered":"https:\/\/www.uroosevelt.edu.pe\/portal\/?page_id=992"},"modified":"2024-05-30T17:34:31","modified_gmt":"2024-05-30T17:34:31","slug":"rehabilitacion-oral-2","status":"publish","type":"page","link":"https:\/\/www.uroosevelt.edu.pe\/portal\/rehabilitacion-oral-2\/","title":{"rendered":"Rehabilitaci\u00f3n Oral"},"content":{"rendered":"<p>[vc_row full_width=\u00bbstretch_row\u00bb css=\u00bb.vc_custom_1714058277152{background-image: url(https:\/\/www.uroosevelt.edu.pe\/portal\/wp-content\/uploads\/2024\/04\/rehabilitacion-oral.jpg?id=1446) !important;background-position: center !important;background-repeat: no-repeat !important;background-size: cover !important;}\u00bb][vc_column][vc_empty_space height=\u00bb150px\u00bb][vc_row_inner][vc_column_inner width=\u00bb1\/2&#8243;][vc_column_text el_class=\u00bbespecialidad\u00bb]<\/p>\n<h1><strong>Diplomado en<\/strong><\/h1>\n<p>[\/vc_column_text][vc_column_text el_class=\u00bbtitulo\u00bb]<\/p>\n<h1><strong>Rehabilitaci\u00f3n Oral<\/strong><\/h1>\n<p>[\/vc_column_text][vc_empty_space][vc_column_text el_class=\u00bbtexto-blanco\u00bb]El diplomado en Rehabilitaci\u00f3n Oral Integral est\u00e1 dise\u00f1ado para odont\u00f3logos reci\u00e9n graduados con experiencia en odontolog\u00eda general que deseen expandir sus habilidades en Rehabilitaci\u00f3n Oral.[\/vc_column_text][\/vc_column_inner][vc_column_inner width=\u00bb1\/2&#8243;][\/vc_column_inner][\/vc_row_inner][vc_empty_space height=\u00bb200px\u00bb][\/vc_column][\/vc_row][vc_row][vc_column][vc_empty_space][\/vc_column][\/vc_row][vc_row css=\u00bb.vc_custom_1711030779861{background-color: #efefef !important;border-radius: 10px !important;}\u00bb][vc_column][vc_empty_space][vc_row_inner][vc_column_inner el_class=\u00bbicono1&#8243; width=\u00bb1\/3&#8243;]<div class=\"icon_box icon_position_left no_border\"><div class=\"image_wrapper\"><img loading=\"lazy\" decoding=\"async\" src=\"https:\/\/www.uroosevelt.edu.pe\/portal\/wp-content\/uploads\/2024\/03\/circled-chevron-right-7.png\" class=\"scale-with-grid\" alt=\"circled-chevron-right 7\" width=\"58\" height=\"50\"\/><\/div><div class=\"desc_wrapper\"><h4 class=\"title\">Certificaci\u00f3n:<\/h4><div class=\"desc\">Diplomado en Rehabilitaci\u00f3n Oral<\/div><\/div><\/div>\n[\/vc_column_inner][vc_column_inner el_class=\u00bbicono1&#8243; width=\u00bb1\/3&#8243;]<div class=\"icon_box icon_position_left no_border\"><div class=\"image_wrapper\"><img loading=\"lazy\" decoding=\"async\" src=\"https:\/\/www.uroosevelt.edu.pe\/portal\/wp-content\/uploads\/2024\/03\/circled-chevron-right-7.png\" class=\"scale-with-grid\" alt=\"circled-chevron-right 7\" width=\"58\" height=\"50\"\/><\/div><div class=\"desc_wrapper\"><h4 class=\"title\">Diplomado:<\/h4><div class=\"desc\">8 meses<\/div><\/div><\/div>\n[\/vc_column_inner][vc_column_inner el_class=\u00bbicono2&#8243; width=\u00bb1\/3&#8243;]<div class=\"icon_box icon_position_left no_border\"><div class=\"image_wrapper\"><img loading=\"lazy\" decoding=\"async\" src=\"https:\/\/www.uroosevelt.edu.pe\/portal\/wp-content\/uploads\/2024\/03\/circled-chevron-right-7.png\" class=\"scale-with-grid\" alt=\"circled-chevron-right 7\" width=\"58\" height=\"50\"\/><\/div><div class=\"desc_wrapper\"><h4 class=\"title\">Modalidad:<\/h4><div class=\"desc\">Presencial<\/div><\/div><\/div>\n[\/vc_column_inner][\/vc_row_inner][vc_empty_space][\/vc_column][\/vc_row][vc_row][vc_column][vc_empty_space][\/vc_column][\/vc_row][vc_row css=\u00bb.vc_custom_1711031205556{background-color: #efefef !important;border-radius: 10px !important;}\u00bb][vc_column][vc_empty_space][vc_row_inner][vc_column_inner el_class=\u00bbicono3&#8243; width=\u00bb1\/2&#8243; css=\u00bb.vc_custom_1711034868561{padding-right: 28px !important;padding-left: 28px !important;}\u00bb][vc_column_text el_class=\u00bbobjetivo\u00bb]<\/p>\n<h1><strong>Objetivos<\/strong><\/h1>\n<p>[\/vc_column_text][vc_empty_space]<div class=\"icon_box icon_position_left no_border\"><div class=\"image_wrapper\"><img loading=\"lazy\" decoding=\"async\" src=\"https:\/\/www.uroosevelt.edu.pe\/portal\/wp-content\/uploads\/2024\/03\/circled-chevron-right-7.png\" class=\"scale-with-grid\" alt=\"circled-chevron-right 7\" width=\"58\" height=\"50\"\/><\/div><div class=\"desc_wrapper\"><div class=\"desc\">Formar l\u00edderes innovadores con s\u00f3lidos fundamentos en el \u00e1mbito de la rehabilitaci\u00f3n oral, enfoc\u00e1ndose en casos de complejidad baja y mediana.<\/div><\/div><\/div>\n<div class=\"icon_box icon_position_left no_border\"><div class=\"image_wrapper\"><img loading=\"lazy\" decoding=\"async\" src=\"https:\/\/www.uroosevelt.edu.pe\/portal\/wp-content\/uploads\/2024\/03\/circled-chevron-right-7.png\" class=\"scale-with-grid\" alt=\"circled-chevron-right 7\" width=\"58\" height=\"50\"\/><\/div><div class=\"desc_wrapper\"><div class=\"desc\">Buscamos desarrollar profesionales \u00e9ticos y altamente competitivos que puedan destacar en diversos entornos laborales, ya sea en el sector privado o p\u00fablico, generando as\u00ed un impacto positivo en la saludbucal de la poblaci\u00f3n en general.<\/div><\/div><\/div>\n<div class=\"icon_box icon_position_left no_border\"><div class=\"image_wrapper\"><img loading=\"lazy\" decoding=\"async\" src=\"https:\/\/www.uroosevelt.edu.pe\/portal\/wp-content\/uploads\/2024\/03\/circled-chevron-right-7.png\" class=\"scale-with-grid\" alt=\"circled-chevron-right 7\" width=\"58\" height=\"50\"\/><\/div><div class=\"desc_wrapper\"><div class=\"desc\">Nuestra meta acad\u00e9mica incluye sumergir a los estudiantes en el conocimiento cient\u00edfico, fomentando su esp\u00edritu investigador para que contribuyan activamente a la producci\u00f3n cient\u00edfica, tanto a nivel universitario como nacional. <\/div><\/div><\/div>\n<div class=\"icon_box icon_position_left no_border\"><div class=\"image_wrapper\"><img loading=\"lazy\" decoding=\"async\" src=\"https:\/\/www.uroosevelt.edu.pe\/portal\/wp-content\/uploads\/2024\/03\/circled-chevron-right-7.png\" class=\"scale-with-grid\" alt=\"circled-chevron-right 7\" width=\"58\" height=\"50\"\/><\/div><div class=\"desc_wrapper\"><div class=\"desc\">Nos proponemos capacitar a los futuros profesionales en la rehabilitaci\u00f3n de pacientes con p\u00e9rdida parcial o total de su dentadura, as\u00ed como en el manejo de problemas de articulaci\u00f3n temporomandibular, con el fin de proporcionar soluciones efectivas y mejorar la calidad de vida de los pacientes.<\/div><\/div><\/div>\n[\/vc_column_inner][vc_column_inner el_class=\u00bbicono6&#8243; width=\u00bb1\/2&#8243; css=\u00bb.vc_custom_1711034874473{padding-right: 28px !important;padding-left: 28px !important;}\u00bb][vc_column_text el_class=\u00bbobjetivo\u00bb]<\/p>\n<h1><strong>Beneficios\u00a0<\/strong><\/h1>\n<p>[\/vc_column_text][vc_empty_space]<div class=\"icon_box icon_position_left no_border\"><div class=\"image_wrapper\"><img loading=\"lazy\" decoding=\"async\" src=\"https:\/\/www.uroosevelt.edu.pe\/portal\/wp-content\/uploads\/2024\/03\/circled-chevron-right-7.png\" class=\"scale-with-grid\" alt=\"circled-chevron-right 7\" width=\"58\" height=\"50\"\/><\/div><div class=\"desc_wrapper\"><div class=\"desc\">Plan de estudios innovador alineado a las necesidades del profesional actual.<\/div><\/div><\/div>\n<div class=\"icon_box icon_position_left no_border\"><div class=\"image_wrapper\"><img loading=\"lazy\" decoding=\"async\" src=\"https:\/\/www.uroosevelt.edu.pe\/portal\/wp-content\/uploads\/2024\/03\/circled-chevron-right-7.png\" class=\"scale-with-grid\" alt=\"circled-chevron-right 7\" width=\"58\" height=\"50\"\/><\/div><div class=\"desc_wrapper\"><div class=\"desc\">Entrenamiento especializado en la Cl\u00ednica Odontol\u00f3gica y laboratorios de la Universidad Roosevelt.<\/div><\/div><\/div>\n<div class=\"icon_box icon_position_left no_border\"><div class=\"image_wrapper\"><img loading=\"lazy\" decoding=\"async\" src=\"https:\/\/www.uroosevelt.edu.pe\/portal\/wp-content\/uploads\/2024\/03\/circled-chevron-right-7.png\" class=\"scale-with-grid\" alt=\"circled-chevron-right 7\" width=\"58\" height=\"50\"\/><\/div><div class=\"desc_wrapper\"><div class=\"desc\">Nuestra metodolog\u00eda se desarrolla en tres niveles: Teor\u00eda \u2013 pr\u00e1cticas \u2013 investigaci\u00f3n.<\/div><\/div><\/div>\n<div class=\"icon_box icon_position_left no_border\"><div class=\"image_wrapper\"><img loading=\"lazy\" decoding=\"async\" src=\"https:\/\/www.uroosevelt.edu.pe\/portal\/wp-content\/uploads\/2024\/03\/circled-chevron-right-7.png\" class=\"scale-with-grid\" alt=\"circled-chevron-right 7\" width=\"58\" height=\"50\"\/><\/div><div class=\"desc_wrapper\"><div class=\"desc\">Reconocida plana docente nacional e internacional.<\/div><\/div><\/div>\n<div class=\"icon_box icon_position_left no_border\"><div class=\"image_wrapper\"><img loading=\"lazy\" decoding=\"async\" src=\"https:\/\/www.uroosevelt.edu.pe\/portal\/wp-content\/uploads\/2024\/03\/circled-chevron-right-7.png\" class=\"scale-with-grid\" alt=\"circled-chevron-right 7\" width=\"58\" height=\"50\"\/><\/div><div class=\"desc_wrapper\"><div class=\"desc\">Convenios y\/o pasant\u00edas internacionales.<\/div><\/div><\/div>\n[\/vc_column_inner][\/vc_row_inner][vc_empty_space][\/vc_column][\/vc_row][vc_row][vc_column][vc_empty_space height=\u00bb40px\u00bb][\/vc_column][\/vc_row][vc_row][vc_column][vc_row_inner][vc_column_inner][vc_column_text el_class=\u00bbplan\u00bb]<\/p>\n<h1><strong>Plan de estudios\u00a0<\/strong><\/h1>\n<p>[\/vc_column_text][vc_empty_space][\/vc_column_inner][\/vc_row_inner][\/vc_column][\/vc_row][vc_row gap=\u00bb10&#8243; equal_height=\u00bbyes\u00bb][vc_column width=\u00bb1\/2&#8243; css=\u00bb.vc_custom_1711032408618{background-color: #d01b39 !important;border-radius: 10px !important;}\u00bb][vc_row_inner content_placement=\u00bbmiddle\u00bb][vc_column_inner width=\u00bb1\/2&#8243;][vc_column_text el_class=\u00bbcuatrimestre\u00bb]<\/p>\n<h1><strong>I<\/strong><br \/>\n<strong>Cuatrimestre<\/strong><\/h1>\n<p>[\/vc_column_text][vc_empty_space][\/vc_column_inner][vc_column_inner el_class=\u00bbicono4&#8243; width=\u00bb1\/2&#8243;]<div class=\"icon_box icon_position_left no_border\"><div class=\"image_wrapper\"><img loading=\"lazy\" decoding=\"async\" src=\"https:\/\/www.uroosevelt.edu.pe\/portal\/wp-content\/uploads\/2024\/03\/circled-chevron-right-40.png\" class=\"scale-with-grid\" alt=\"circled-chevron-right 40\" width=\"30\" height=\"30\"\/><\/div><div class=\"desc_wrapper\"><div class=\"desc\">Pr\u00f3tesis completa<\/div><\/div><\/div>\n<div class=\"icon_box icon_position_left no_border\"><div class=\"image_wrapper\"><img loading=\"lazy\" decoding=\"async\" src=\"https:\/\/www.uroosevelt.edu.pe\/portal\/wp-content\/uploads\/2024\/03\/circled-chevron-right-40.png\" class=\"scale-with-grid\" alt=\"circled-chevron-right 40\" width=\"30\" height=\"30\"\/><\/div><div class=\"desc_wrapper\"><div class=\"desc\">Biomateriales en Rehab. Oral<\/div><\/div><\/div>\n<div class=\"icon_box icon_position_left no_border\"><div class=\"image_wrapper\"><img loading=\"lazy\" decoding=\"async\" src=\"https:\/\/www.uroosevelt.edu.pe\/portal\/wp-content\/uploads\/2024\/03\/circled-chevron-right-40.png\" class=\"scale-with-grid\" alt=\"circled-chevron-right 40\" width=\"30\" height=\"30\"\/><\/div><div class=\"desc_wrapper\"><div class=\"desc\">Oclusi\u00f3n I<\/div><\/div><\/div>\n<div class=\"icon_box icon_position_left no_border\"><div class=\"image_wrapper\"><img loading=\"lazy\" decoding=\"async\" src=\"https:\/\/www.uroosevelt.edu.pe\/portal\/wp-content\/uploads\/2024\/03\/circled-chevron-right-40.png\" class=\"scale-with-grid\" alt=\"circled-chevron-right 40\" width=\"30\" height=\"30\"\/><\/div><div class=\"desc_wrapper\"><div class=\"desc\">Fotograf\u00eda Cl\u00ednica<\/div><\/div><\/div>\n<div class=\"icon_box icon_position_left no_border\"><div class=\"image_wrapper\"><img loading=\"lazy\" decoding=\"async\" src=\"https:\/\/www.uroosevelt.edu.pe\/portal\/wp-content\/uploads\/2024\/03\/circled-chevron-right-40.png\" class=\"scale-with-grid\" alt=\"circled-chevron-right 40\" width=\"30\" height=\"30\"\/><\/div><div class=\"desc_wrapper\"><div class=\"desc\">Investigaci\u00f3n Aplicada I<\/div><\/div><\/div>\n<div class=\"icon_box icon_position_left no_border\"><div class=\"image_wrapper\"><img loading=\"lazy\" decoding=\"async\" src=\"https:\/\/www.uroosevelt.edu.pe\/portal\/wp-content\/uploads\/2024\/03\/circled-chevron-right-40.png\" class=\"scale-with-grid\" alt=\"circled-chevron-right 40\" width=\"30\" height=\"30\"\/><\/div><div class=\"desc_wrapper\"><div class=\"desc\">Cl\u00ednica en Rehabilitaci\u00f3n Interdisciplinaria I<\/div><\/div><\/div>\n[\/vc_column_inner][\/vc_row_inner][vc_empty_space][\/vc_column][vc_column width=\u00bb1\/2&#8243; css=\u00bb.vc_custom_1711032415704{background-color: #d01b39 !important;border-radius: 10px !important;}\u00bb][vc_row_inner content_placement=\u00bbmiddle\u00bb][vc_column_inner width=\u00bb1\/2&#8243;][vc_column_text el_class=\u00bbcuatrimestre\u00bb]<\/p>\n<h1><strong>II<\/strong><br \/>\n<strong>Cuatrimestre<\/strong><\/h1>\n<p>[\/vc_column_text][vc_empty_space][\/vc_column_inner][vc_column_inner el_class=\u00bbicono4&#8243; width=\u00bb1\/2&#8243;]<div class=\"icon_box icon_position_left no_border\"><div class=\"image_wrapper\"><img loading=\"lazy\" decoding=\"async\" src=\"https:\/\/www.uroosevelt.edu.pe\/portal\/wp-content\/uploads\/2024\/03\/circled-chevron-right-40.png\" class=\"scale-with-grid\" alt=\"circled-chevron-right 40\" width=\"30\" height=\"30\"\/><\/div><div class=\"desc_wrapper\"><div class=\"desc\">Pr\u00f3tesis Fija I<\/div><\/div><\/div>\n<div class=\"icon_box icon_position_left no_border\"><div class=\"image_wrapper\"><img loading=\"lazy\" decoding=\"async\" src=\"https:\/\/www.uroosevelt.edu.pe\/portal\/wp-content\/uploads\/2024\/03\/circled-chevron-right-40.png\" class=\"scale-with-grid\" alt=\"circled-chevron-right 40\" width=\"30\" height=\"30\"\/><\/div><div class=\"desc_wrapper\"><div class=\"desc\">Oclusi\u00f3n II<\/div><\/div><\/div>\n<div class=\"icon_box icon_position_left no_border\"><div class=\"image_wrapper\"><img loading=\"lazy\" decoding=\"async\" src=\"https:\/\/www.uroosevelt.edu.pe\/portal\/wp-content\/uploads\/2024\/03\/circled-chevron-right-40.png\" class=\"scale-with-grid\" alt=\"circled-chevron-right 40\" width=\"30\" height=\"30\"\/><\/div><div class=\"desc_wrapper\"><div class=\"desc\">Pr\u00f3tesis sobreimplantes I<\/div><\/div><\/div>\n<div class=\"icon_box icon_position_left no_border\"><div class=\"image_wrapper\"><img loading=\"lazy\" decoding=\"async\" src=\"https:\/\/www.uroosevelt.edu.pe\/portal\/wp-content\/uploads\/2024\/03\/circled-chevron-right-40.png\" class=\"scale-with-grid\" alt=\"circled-chevron-right 40\" width=\"30\" height=\"30\"\/><\/div><div class=\"desc_wrapper\"><div class=\"desc\">Pr\u00f3tesis parcialremovible<\/div><\/div><\/div>\n<div class=\"icon_box icon_position_left no_border\"><div class=\"image_wrapper\"><img loading=\"lazy\" decoding=\"async\" src=\"https:\/\/www.uroosevelt.edu.pe\/portal\/wp-content\/uploads\/2024\/03\/circled-chevron-right-40.png\" class=\"scale-with-grid\" alt=\"circled-chevron-right 40\" width=\"30\" height=\"30\"\/><\/div><div class=\"desc_wrapper\"><div class=\"desc\">Investigaci\u00f3n Aplicada II<\/div><\/div><\/div>\n<div class=\"icon_box icon_position_left no_border\"><div class=\"image_wrapper\"><img loading=\"lazy\" decoding=\"async\" src=\"https:\/\/www.uroosevelt.edu.pe\/portal\/wp-content\/uploads\/2024\/03\/circled-chevron-right-40.png\" class=\"scale-with-grid\" alt=\"circled-chevron-right 40\" width=\"30\" height=\"30\"\/><\/div><div class=\"desc_wrapper\"><div class=\"desc\">Cl\u00ednica en Rehabilitaci\u00f3n Interdisciplinaria II<\/div><\/div><\/div>\n[\/vc_column_inner][\/vc_row_inner][vc_empty_space][\/vc_column][\/vc_row][vc_row][vc_column][vc_empty_space height=\u00bb40px\u00bb][vc_btn title=\u00bbDescargar Plan de Estudios\u00bb style=\u00bbcustom\u00bb custom_background=\u00bb#d01b39&#8243; custom_text=\u00bb#ffffff\u00bb align=\u00bbcenter\u00bb i_icon_fontawesome=\u00bbfa fa-file-text\u00bb add_icon=\u00bbtrue\u00bb link=\u00bburl:https%3A%2F%2Fwww.uroosevelt.edu.pe%2Fportal%2Fwp-content%2Fuploads%2F2024%2F05%2FRehabilitacion-oral.pdf|||\u00bb][vc_empty_space height=\u00bb50px\u00bb][\/vc_column][\/vc_row][vc_row full_width=\u00bbstretch_row_content_no_spaces\u00bb][vc_column][vc_row_inner equal_height=\u00bbyes\u00bb][vc_column_inner width=\u00bb1\/2&#8243; css=\u00bb.vc_custom_1711046876262{background-image: url(https:\/\/www.uroosevelt.edu.pe\/portal\/wp-content\/uploads\/2024\/03\/06-1.jpg?id=1013) !important;background-position: center !important;background-repeat: no-repeat !important;background-size: cover !important;}\u00bb][vc_empty_space height=\u00bb300px\u00bb][\/vc_column_inner][vc_column_inner el_class=\u00bbicono5&#8243; width=\u00bb1\/2&#8243; css=\u00bb.vc_custom_1711033828029{padding-right: 28px !important;padding-left: 28px !important;background-color: #efefef !important;}\u00bb][vc_column_text]<\/p>\n<h1><strong>Docente coordinador:<\/strong><\/h1>\n<p>[\/vc_column_text]<div class=\"icon_box icon_position_left no_border\"><div class=\"image_wrapper\"><img loading=\"lazy\" decoding=\"async\" src=\"https:\/\/www.uroosevelt.edu.pe\/portal\/wp-content\/uploads\/2024\/03\/circled-chevron-right-7.png\" class=\"scale-with-grid\" alt=\"circled-chevron-right 7\" width=\"58\" height=\"50\"\/><\/div><div class=\"desc_wrapper\"><div class=\"desc\">Mg. Esp. Rub\u00e9n \u00c1ngeles L\u00f3pez<br \/>\nMaestro en Estomatolog\u00eda UIGV. Cirujano Dentista UIGV. Su experiencia y habilidades garantizan una formaci\u00f3n de calidad en el \u00e1mbito odontol\u00f3gico, proporcionando a los estudiantes las herramientas Especialidad en Rehabilitaci\u00f3n Oral UCSUR. para destacar en su pr\u00e1ctica\u00a0profesional.<\/div><\/div><\/div>\n[vc_empty_space height=\u00bb120px\u00bb][vc_column_text]<\/p>\n<h1><strong>Planta Docente:<\/strong><\/h1>\n<p>[\/vc_column_text]<div class=\"icon_box icon_position_left no_border\"><div class=\"image_wrapper\"><img loading=\"lazy\" decoding=\"async\" src=\"https:\/\/www.uroosevelt.edu.pe\/portal\/wp-content\/uploads\/2024\/03\/circled-chevron-right-7.png\" class=\"scale-with-grid\" alt=\"circled-chevron-right 7\" width=\"58\" height=\"50\"\/><\/div><div class=\"desc_wrapper\"><div class=\"desc\">Mg. Esp. Rodolfo Valdivia Maibach <\/div><\/div><\/div>\n<div class=\"icon_box icon_position_left no_border\"><div class=\"image_wrapper\"><img loading=\"lazy\" decoding=\"async\" src=\"https:\/\/www.uroosevelt.edu.pe\/portal\/wp-content\/uploads\/2024\/03\/circled-chevron-right-7.png\" class=\"scale-with-grid\" alt=\"circled-chevron-right 7\" width=\"58\" height=\"50\"\/><\/div><div class=\"desc_wrapper\"><div class=\"desc\">Mg. Esp. Ana L\u00f3pez Flores<br \/>\n<\/div><\/div><\/div>\n<div class=\"icon_box icon_position_left no_border\"><div class=\"image_wrapper\"><img loading=\"lazy\" decoding=\"async\" src=\"https:\/\/www.uroosevelt.edu.pe\/portal\/wp-content\/uploads\/2024\/03\/circled-chevron-right-7.png\" class=\"scale-with-grid\" alt=\"circled-chevron-right 7\" width=\"58\" height=\"50\"\/><\/div><div class=\"desc_wrapper\"><div class=\"desc\">Mg. Esp. Armando del Castillo<br \/>\n<\/div><\/div><\/div>\n<div class=\"icon_box icon_position_left no_border\"><div class=\"image_wrapper\"><img loading=\"lazy\" decoding=\"async\" src=\"https:\/\/www.uroosevelt.edu.pe\/portal\/wp-content\/uploads\/2024\/03\/circled-chevron-right-7.png\" class=\"scale-with-grid\" alt=\"circled-chevron-right 7\" width=\"58\" height=\"50\"\/><\/div><div class=\"desc_wrapper\"><div class=\"desc\">Mg. Esp. Fernando Magui\u00f1a Buena\u00f1o<\/div><\/div><\/div>\n<div class=\"icon_box icon_position_left no_border\"><div class=\"image_wrapper\"><img loading=\"lazy\" decoding=\"async\" src=\"https:\/\/www.uroosevelt.edu.pe\/portal\/wp-content\/uploads\/2024\/03\/circled-chevron-right-7.png\" class=\"scale-with-grid\" alt=\"circled-chevron-right 7\" width=\"58\" height=\"50\"\/><\/div><div class=\"desc_wrapper\"><div class=\"desc\">Mg. Esp. Gustavo Huertas Mogoll\u00f3n<\/div><\/div><\/div>\n<div class=\"icon_box icon_position_left no_border\"><div class=\"image_wrapper\"><img loading=\"lazy\" decoding=\"async\" src=\"https:\/\/www.uroosevelt.edu.pe\/portal\/wp-content\/uploads\/2024\/03\/circled-chevron-right-7.png\" class=\"scale-with-grid\" alt=\"circled-chevron-right 7\" width=\"58\" height=\"50\"\/><\/div><div class=\"desc_wrapper\"><div class=\"desc\">Mg. Esp. Hugo S\u00e1nchez Rojas<\/div><\/div><\/div>\n<div class=\"icon_box icon_position_left no_border\"><div class=\"image_wrapper\"><img loading=\"lazy\" decoding=\"async\" src=\"https:\/\/www.uroosevelt.edu.pe\/portal\/wp-content\/uploads\/2024\/03\/circled-chevron-right-7.png\" class=\"scale-with-grid\" alt=\"circled-chevron-right 7\" width=\"58\" height=\"50\"\/><\/div><div class=\"desc_wrapper\"><div class=\"desc\">Esp. Luis Cueva Buend\u00eda<\/div><\/div><\/div>\n<div class=\"icon_box icon_position_left no_border\"><div class=\"image_wrapper\"><img loading=\"lazy\" decoding=\"async\" src=\"https:\/\/www.uroosevelt.edu.pe\/portal\/wp-content\/uploads\/2024\/03\/circled-chevron-right-7.png\" class=\"scale-with-grid\" alt=\"circled-chevron-right 7\" width=\"58\" height=\"50\"\/><\/div><div class=\"desc_wrapper\"><div class=\"desc\">Esp. Luis Seminario Molina<\/div><\/div><\/div>\n<div class=\"icon_box icon_position_left no_border\"><div class=\"image_wrapper\"><img loading=\"lazy\" decoding=\"async\" src=\"https:\/\/www.uroosevelt.edu.pe\/portal\/wp-content\/uploads\/2024\/03\/circled-chevron-right-7.png\" class=\"scale-with-grid\" alt=\"circled-chevron-right 7\" width=\"58\" height=\"50\"\/><\/div><div class=\"desc_wrapper\"><div class=\"desc\">Esp. Rosario Soto Caminada<br \/>\n<\/div><\/div><\/div>\n<div class=\"icon_box icon_position_left no_border\"><div class=\"image_wrapper\"><img loading=\"lazy\" decoding=\"async\" src=\"https:\/\/www.uroosevelt.edu.pe\/portal\/wp-content\/uploads\/2024\/03\/circled-chevron-right-7.png\" class=\"scale-with-grid\" alt=\"circled-chevron-right 7\" width=\"58\" height=\"50\"\/><\/div><div class=\"desc_wrapper\"><div class=\"desc\">Mg. Esp. Rub\u00e9n \u00c1ngeles L\u00f3pez<\/div><\/div><\/div>\n<div class=\"icon_box icon_position_left no_border\"><div class=\"image_wrapper\"><img loading=\"lazy\" decoding=\"async\" src=\"https:\/\/www.uroosevelt.edu.pe\/portal\/wp-content\/uploads\/2024\/03\/circled-chevron-right-7.png\" class=\"scale-with-grid\" alt=\"circled-chevron-right 7\" width=\"58\" height=\"50\"\/><\/div><div class=\"desc_wrapper\"><div class=\"desc\">Mg. Esp. Sandra Vega-Seminario<br \/>\n<\/div><\/div><\/div>\n<div class=\"icon_box icon_position_left no_border\"><div class=\"image_wrapper\"><img loading=\"lazy\" decoding=\"async\" src=\"https:\/\/www.uroosevelt.edu.pe\/portal\/wp-content\/uploads\/2024\/03\/circled-chevron-right-7.png\" class=\"scale-with-grid\" alt=\"circled-chevron-right 7\" width=\"58\" height=\"50\"\/><\/div><div class=\"desc_wrapper\"><div class=\"desc\">Esp. Sergio\u00a0Rojas\u00a0Camus<\/div><\/div><\/div>\n<div class=\"icon_box icon_position_left no_border\"><div class=\"image_wrapper\"><img loading=\"lazy\" decoding=\"async\" src=\"https:\/\/www.uroosevelt.edu.pe\/portal\/wp-content\/uploads\/2024\/03\/circled-chevron-right-7.png\" class=\"scale-with-grid\" alt=\"circled-chevron-right 7\" width=\"58\" height=\"50\"\/><\/div><div class=\"desc_wrapper\"><div class=\"desc\">Dr. Esp. Sergio Alvarado Menacho<\/div><\/div><\/div>\n[vc_empty_space][\/vc_column_inner][\/vc_row_inner][\/vc_column][\/vc_row][vc_row full_width=\u00bbstretch_row\u00bb css=\u00bb.vc_custom_1713986916781{background-color: #efefef !important;}\u00bb][vc_column][vc_empty_space height=\u00bb50px\u00bb][vc_column_text]<\/p>\n<p>[\/vc_column_text][\/vc_column][\/vc_row][vc_row full_width=\u00bbstretch_row\u00bb css_animation=\u00bbfadeInUp\u00bb css=\u00bb.vc_custom_1711046435657{background-image: url(https:\/\/www.uroosevelt.edu.pe\/portal\/wp-content\/uploads\/2024\/03\/fondo-rojo2.jpg?id=648) !important;background-position: center !important;background-repeat: no-repeat !important;background-size: cover !important;}\u00bb][vc_column][vc_empty_space][vc_row_inner content_placement=\u00bbmiddle\u00bb][vc_column_inner width=\u00bb1\/2&#8243;][vc_column_text el_class=\u00bbrazones\u00bb]<\/p>\n<h1><strong>Inicia tu vida<\/strong><br \/>\n<strong>universitaria en U Roosevelt<\/strong><\/h1>\n<p>[\/vc_column_text][vc_empty_space][vc_single_image image=\u00bb649&#8243; img_size=\u00bbfull\u00bb][vc_empty_space][\/vc_column_inner][vc_column_inner el_class=\u00bbsombra\u00bb width=\u00bb1\/2&#8243; css=\u00bb.vc_custom_1710265477016{padding-right: 20px !important;padding-left: 20px !important;background-color: #ffffff !important;border-radius: 10px !important;}\u00bb][vc_column_text el_class=\u00bbdatos\u00bb]<\/p>\n<h1><strong>D\u00e9janos tus datos<\/strong><\/h1>\n<p>[\/vc_column_text][vc_empty_space][vc_raw_html]JTNDc2NyaXB0JTIwY2hhcnNldCUzRCUyMnV0Zi04JTIyJTIwdHlwZSUzRCUyMnRleHQlMkZqYXZhc2NyaXB0JTIyJTIwc3JjJTNEJTIyJTJGJTJGanMuaHNmb3Jtcy5uZXQlMkZmb3JtcyUyRmVtYmVkJTJGdjIuanMlMjIlM0UlM0MlMkZzY3JpcHQlM0UlMEElM0NzY3JpcHQlM0UlMEElMjAlMjBoYnNwdC5mb3Jtcy5jcmVhdGUlMjglN0IlMEElMjAlMjAlMjAlMjByZWdpb24lM0ElMjAlMjJuYTElMjIlMkMlMEElMjAlMjAlMjAlMjBwb3J0YWxJZCUzQSUyMCUyMjg5MDEzMDklMjIlMkMlMEElMjAlMjAlMjAlMjBmb3JtSWQlM0ElMjAlMjI3NThlYWFmYS1jZGM1LTRmNDQtYTEwNC1jYjFlMzFjMDU5ZDIlMjIlMEElQzIlQTAlQzIlQTAlN0QlMjklM0IlMEElM0MlMkZzY3JpcHQlM0U=[\/vc_raw_html][vc_empty_space][\/vc_column_inner][\/vc_row_inner][vc_empty_space height=\u00bb60px\u00bb][\/vc_column][\/vc_row]<\/p>\n","protected":false},"excerpt":{"rendered":"<p>[vc_row full_width=\u00bbstretch_row\u00bb css=\u00bb.vc_custom_1714058277152{background-image: url(https:\/\/www.uroosevelt.edu.pe\/portal\/wp-content\/uploads\/2024\/04\/rehabilitacion-oral.jpg?id=1446) !important;background-position: center !important;background-repeat: no-repeat !important;background-size: cover !important;}\u00bb][vc_column][vc_empty_space height=\u00bb150px\u00bb][vc_row_inner][vc_column_inner width=\u00bb1\/2&#8243;][vc_column_text el_class=\u00bbespecialidad\u00bb]<span class=\"excerpt-hellip\"> [\u2026]<\/span><\/p>\n","protected":false},"author":3,"featured_media":0,"parent":0,"menu_order":0,"comment_status":"closed","ping_status":"closed","template":"","meta":{"footnotes":""},"_links":{"self":[{"href":"https:\/\/www.uroosevelt.edu.pe\/portal\/wp-json\/wp\/v2\/pages\/992"}],"collection":[{"href":"https:\/\/www.uroosevelt.edu.pe\/portal\/wp-json\/wp\/v2\/pages"}],"about":[{"href":"https:\/\/www.uroosevelt.edu.pe\/portal\/wp-json\/wp\/v2\/types\/page"}],"author":[{"embeddable":true,"href":"https:\/\/www.uroosevelt.edu.pe\/portal\/wp-json\/wp\/v2\/users\/3"}],"replies":[{"embeddable":true,"href":"https:\/\/www.uroosevelt.edu.pe\/portal\/wp-json\/wp\/v2\/comments?post=992"}],"version-history":[{"count":17,"href":"https:\/\/www.uroosevelt.edu.pe\/portal\/wp-json\/wp\/v2\/pages\/992\/revisions"}],"predecessor-version":[{"id":1875,"href":"https:\/\/www.uroosevelt.edu.pe\/portal\/wp-json\/wp\/v2\/pages\/992\/revisions\/1875"}],"wp:attachment":[{"href":"https:\/\/www.uroosevelt.edu.pe\/portal\/wp-json\/wp\/v2\/media?parent=992"}],"curies":[{"name":"wp","href":"https:\/\/api.w.org\/{rel}","templated":true}]}}