{"id":2713,"date":"2025-03-13T12:28:37","date_gmt":"2025-03-13T17:28:37","guid":{"rendered":"https:\/\/www.uroosevelt.edu.pe\/?page_id=2713"},"modified":"2025-09-26T11:21:50","modified_gmt":"2025-09-26T16:21:50","slug":"prevencion-en-hostigamiento-sexual","status":"publish","type":"page","link":"https:\/\/www.uroosevelt.edu.pe\/portal\/prevencion-en-hostigamiento-sexual\/","title":{"rendered":"Prevenci\u00f3n e Intervenci\u00f3n En Hostigamiento Sexual"},"content":{"rendered":"<p>[vc_row full_width=\u00bbstretch_row\u00bb css=\u00bb.vc_custom_1741887164963{background-image: url(https:\/\/www.uroosevelt.edu.pe\/portal\/wp-content\/uploads\/2024\/04\/blog.jpg?id=1130) !important;background-position: center !important;background-repeat: no-repeat !important;background-size: cover !important;}\u00bb][vc_column][vc_empty_space height=\u00bb150px\u00bb][vc_row_inner][vc_column_inner width=\u00bb2\/3&#8243;][vc_column_text el_class=\u00bbtitulo\u00bb css=\u00bb.vc_custom_1741887058067{padding-right: 28px !important;padding-left: 28px !important;}\u00bb]<\/p>\n<h1><strong><span style=\"color: #ffffff;\">Prevenci\u00f3n e Intervenci\u00f3n En Hostigamiento Sexual<\/span><\/strong><\/h1>\n<p>[\/vc_column_text][vc_empty_space][vc_column_text el_class=\u00bbtexto-blanco\u00bb css=\u00bb.vc_custom_1741887209099{padding-left: 28px !important;}\u00bb]En la Universidad Roosevelt, la seguridad y el bienestar de cada miembro de nuestra comunidad son fundamentales. Este espacio est\u00e1 dedicado a la prevenci\u00f3n y atenci\u00f3n del hostigamiento sexual, un problema que no tiene cabida en nuestro campus. Aqu\u00ed encontrar\u00e1s informaci\u00f3n valiosa sobre qu\u00e9 es el hostigamiento sexual, c\u00f3mo identificarlo, c\u00f3mo prevenirlo y qu\u00e9 hacer si t\u00fa o alguien que conoces lo est\u00e1 sufriendo. Queremos que sepas que no est\u00e1s solo\/a. Contamos con recursos y personal capacitado para brindarte apoyo confidencial y acompa\u00f1arte en el proceso de denuncia y recuperaci\u00f3n. Juntos, construyamos un entorno universitario seguro y respetuoso para todos.[\/vc_column_text][\/vc_column_inner][vc_column_inner width=\u00bb1\/3&#8243;][\/vc_column_inner][\/vc_row_inner][vc_empty_space height=\u00bb200px\u00bb][\/vc_column][\/vc_row][vc_row][vc_column][vc_empty_space][vc_row_inner equal_height=\u00bbyes\u00bb content_placement=\u00bbmiddle\u00bb][vc_column_inner el_class=\u00bbcolumna-borde\u00bb width=\u00bb1\/2&#8243;][vc_empty_space][vc_column_text el_class=\u00bbtexto1&#8243;]<\/p>\n<h1><strong>MSc. Ing. Nataly Johanna Zavala Figueroa<\/strong><\/h1>\n<p>[\/vc_column_text][vc_empty_space]<div class=\"aio-icon-component    style_1\"><div id=\"Info-box-wrap-1557\" class=\"aio-icon-box default-icon\" style=\"\"  ><div class=\"aio-icon-default\"><div class=\"ult-just-icon-wrapper  \"><div class=\"align-icon\" style=\"text-align:center;\">\n<div class=\"aio-icon none \"  style=\"color:#910048;font-size:15px;display:inline-block;\">\n\t<i class=\"Defaults-user\"><\/i>\n<\/div><\/div><\/div><\/div><div class=\"aio-icon-header\" ><h3 class=\"aio-icon-title ult-responsive\"  data-ultimate-target='#Info-box-wrap-1557 .aio-icon-title'  data-responsive-json-new='{\"font-size\":\"\",\"line-height\":\"\"}'  style=\"\">Secretaria de Instrucci\u00f3n<\/h3><\/div> <!-- header --><\/div> <!-- aio-icon-box --><\/div> <!-- aio-icon-component -->[vc_empty_space][vc_column_text el_class=\u00bbtexto3&#8243;]<\/p>\n<h1><strong>Canales de atenci\u00f3n no presencial:<\/strong><\/h1>\n<p>[\/vc_column_text][vc_empty_space]<div class=\"aio-icon-component    style_1\"><div id=\"Info-box-wrap-3824\" class=\"aio-icon-box default-icon\" style=\"\"  ><div class=\"aio-icon-default\"><div class=\"ult-just-icon-wrapper  \"><div class=\"align-icon\" style=\"text-align:center;\">\n<div class=\"aio-icon none \"  style=\"color:#910048;font-size:15px;display:inline-block;\">\n\t<i class=\"Defaults-envelope-o\"><\/i>\n<\/div><\/div><\/div><\/div><div class=\"aio-icon-header\" ><a class=\"aio-icon-box-link\" href=\"mailto:denuncia_hostigamiento@uroosevelt.edu.pe\" target='_blank'  ><h3 class=\"aio-icon-title ult-responsive\"  data-ultimate-target='#Info-box-wrap-3824 .aio-icon-title'  data-responsive-json-new='{\"font-size\":\"\",\"line-height\":\"\"}'  style=\"\">denuncia_hostigamiento@uroosevelt.edu.pe<\/h3><\/a><\/div> <!-- header --><\/div> <!-- aio-icon-box --><\/div> <!-- aio-icon-component --><div class=\"aio-icon-component    style_1\"><a class=\"aio-icon-box-link\" href=\"https:\/\/wa.link\/q2xmzm\" target='_blank'  ><div id=\"Info-box-wrap-4434\" class=\"aio-icon-box default-icon\" style=\"\"  ><div class=\"aio-icon-default\"><div class=\"ult-just-icon-wrapper  \"><div class=\"align-icon\" style=\"text-align:center;\">\n<div class=\"aio-icon none \"  style=\"color:#910048;font-size:15px;display:inline-block;\">\n\t<i class=\"Defaults-whatsapp\"><\/i>\n<\/div><\/div><\/div><\/div><div class=\"aio-icon-header\" ><h3 class=\"aio-icon-title ult-responsive\"  data-ultimate-target='#Info-box-wrap-4434 .aio-icon-title'  data-responsive-json-new='{\"font-size\":\"\",\"line-height\":\"\"}'  style=\"\">908 834 784<\/h3><\/div> <!-- header --><\/div> <!-- aio-icon-box --><\/a><\/div> <!-- aio-icon-component -->[vc_empty_space][vc_column_text el_class=\u00bbtexto3&#8243;]<\/p>\n<h1><strong>Canales de atenci\u00f3n presencial:<\/strong><\/h1>\n<p>[\/vc_column_text][vc_empty_space]<div class=\"aio-icon-component    style_1\"><div id=\"Info-box-wrap-9627\" class=\"aio-icon-box default-icon\" style=\"\"  ><div class=\"aio-icon-default\"><div class=\"ult-just-icon-wrapper  \"><div class=\"align-icon\" style=\"text-align:center;\">\n<div class=\"aio-icon none \"  style=\"color:#910048;font-size:15px;display:inline-block;\">\n\t<i class=\"Defaults-location-arrow\"><\/i>\n<\/div><\/div><\/div><\/div><div class=\"aio-icon-header\" ><a class=\"aio-icon-box-link\" href=\"mailto:denuncia_hostigamiento@uroosevelt.edu.pe\" target='_blank'  ><h3 class=\"aio-icon-title ult-responsive\"  data-ultimate-target='#Info-box-wrap-9627 .aio-icon-title'  data-responsive-json-new='{\"font-size\":\"\",\"line-height\":\"\"}'  style=\"\">Oficina de Atenci\u00f3n: 604 \u2013 Pabell\u00f3n B.<\/h3><\/a><\/div> <!-- header --><\/div> <!-- aio-icon-box --><\/div> <!-- aio-icon-component --><div class=\"aio-icon-component    style_1\"><div id=\"Info-box-wrap-8003\" class=\"aio-icon-box default-icon\" style=\"\"  ><div class=\"aio-icon-default\"><div class=\"ult-just-icon-wrapper  \"><div class=\"align-icon\" style=\"text-align:center;\">\n<div class=\"aio-icon none \"  style=\"color:#910048;font-size:15px;display:inline-block;\">\n\t<i class=\"Defaults-clock-o\"><\/i>\n<\/div><\/div><\/div><\/div><div class=\"aio-icon-header\" ><a class=\"aio-icon-box-link\" href=\"mailto:denuncia_hostigamiento@uroosevelt.edu.pe\" target='_blank'  ><h3 class=\"aio-icon-title ult-responsive\"  data-ultimate-target='#Info-box-wrap-8003 .aio-icon-title'  data-responsive-json-new='{\"font-size\":\"\",\"line-height\":\"\"}'  style=\"\">Lunes a Viernes de 08.00 am a 01.00 pm y de 04:00 pm a 07:00 pm<\/h3><\/a><\/div> <!-- header --><\/div> <!-- aio-icon-box --><\/div> <!-- aio-icon-component --><div class=\"aio-icon-component    style_1\"><div id=\"Info-box-wrap-8590\" class=\"aio-icon-box default-icon\" style=\"\"  ><div class=\"aio-icon-default\"><div class=\"ult-just-icon-wrapper  \"><div class=\"align-icon\" style=\"text-align:center;\">\n<div class=\"aio-icon none \"  style=\"color:#910048;font-size:15px;display:inline-block;\">\n\t<i class=\"Defaults-clock-o\"><\/i>\n<\/div><\/div><\/div><\/div><div class=\"aio-icon-header\" ><a class=\"aio-icon-box-link\" href=\"mailto:denuncia_hostigamiento@uroosevelt.edu.pe\" target='_blank'  ><h3 class=\"aio-icon-title ult-responsive\"  data-ultimate-target='#Info-box-wrap-8590 .aio-icon-title'  data-responsive-json-new='{\"font-size\":\"\",\"line-height\":\"\"}'  style=\"\">S\u00e1bado: De 08.00 am a 01.00 pm<\/h3><\/a><\/div> <!-- header --><\/div> <!-- aio-icon-box --><\/div> <!-- aio-icon-component -->[vc_empty_space][vc_btn title=\u00bbFORMATO GENERAL DE ATENCI\u00d3N\u00bb style=\u00bboutline-custom\u00bb outline_custom_color=\u00bb#910048&#8243; outline_custom_hover_background=\u00bb#910048&#8243; outline_custom_hover_text=\u00bb#ffffff\u00bb shape=\u00bbround\u00bb size=\u00bblg\u00bb align=\u00bbcenter\u00bb i_type=\u00bbtypicons\u00bb i_icon_typicons=\u00bbtypcn typcn-document\u00bb css_animation=\u00bbfadeInUp\u00bb add_icon=\u00bbtrue\u00bb link=\u00bburl:https%3A%2F%2Fdocs.google.com%2Fdocument%2Fd%2F11ZDquDKy6g3I3ZLG4OCNwS-OO1Ol0g80%3Frtpof%3Dtrue%26usp%3Ddrive_fs||target:%20_blank|\u00bb][vc_empty_space][\/vc_column_inner][vc_column_inner width=\u00bb1\/2&#8243;][vc_single_image image=\u00bb1508&#8243; img_size=\u00bbfull\u00bb alignment=\u00bbcenter\u00bb][\/vc_column_inner][\/vc_row_inner][vc_empty_space height=\u00bb60px\u00bb][vc_btn title=\u00bbPRESENTA TU QUEJA O CONSULTA\u00bb style=\u00bbcustom\u00bb custom_background=\u00bb#910048&#8243; custom_text=\u00bb#fedb00&#8243; shape=\u00bbround\u00bb size=\u00bblg\u00bb align=\u00bbcenter\u00bb i_type=\u00bbtypicons\u00bb i_icon_typicons=\u00bbtypcn typcn-archive\u00bb css_animation=\u00bbfadeInUp\u00bb add_icon=\u00bbtrue\u00bb link=\u00bburl:https%3A%2F%2Fforms.gle%2FkrnwgSQnbkJ5TvMp8||target:%20_blank|\u00bb][vc_empty_space height=\u00bb60px\u00bb][\/vc_column][\/vc_row][vc_row][vc_column][vc_tta_accordion][vc_tta_section title=\u00bb\u00d3rganos competentes en la intervenci\u00f3n frente al Hostigamiento sexual\u00bb tab_id=\u00bb1713886992781-5c78405b-6a6a\u00bb][vc_column_text]Conformaci\u00f3n de los \u00f3rganos competentes en el proceso de investigaci\u00f3n y sanci\u00f3n en casos de hostigamiento sexual, 2025<\/p>\n<ul>\n<li><a href=\"https:\/\/drive.google.com\/open?id=1WNYazPwFkv8EnGCYYBHgUtDgLNm_D5FS&amp;usp=drive_fs\" target=\"_blank\" rel=\"noopener\">RESOLUCI\u00d3N N\u00b0 204- 2025-UPHFR-CU<\/a><\/li>\n<li><a href=\"https:\/\/drive.google.com\/open?id=1ApBFVOrELggCVirEgVLQMcloTqjAnjB3&amp;usp=drive_fs\" target=\"_blank\" rel=\"noopener\">RESOLUCI\u00d3N No. 439-2025-UPHFR-CU<\/a><\/li>\n<\/ul>\n<p>[\/vc_column_text][\/vc_tta_section][vc_tta_section title=\u00bbReglamento\u00bb tab_id=\u00bb1741887653618-a4075941-b6c9&#8243;][vc_column_text]<\/p>\n<ul>\n<li style=\"list-style-type: none\">\n<ul>\n<li><a href=\"https:\/\/drive.google.com\/open?id=1rc4eKsSK2ihl-2pxx-Fr1mH-inYZmVZM&amp;usp=drive_fs\" target=\"_blank\" rel=\"noopener\">Reglamento de prevenci\u00f3n y sanci\u00f3n para los casos de Hostigamiento sexual<\/a><\/li>\n<\/ul>\n<\/li>\n<\/ul>\n<p>&nbsp;[\/vc_column_text][\/vc_tta_section][vc_tta_section title=\u00bbFlujograma\u00bb tab_id=\u00bb1741887640554-78fadde1-afee\u00bb][vc_column_text]<\/p>\n<ul>\n<li style=\"list-style-type: none\">\n<ul>\n<li><a href=\"https:\/\/drive.google.com\/open?id=1CVnvUZa1BbEAPWZGjjdVNHMc7mq29LGe&amp;usp=drive_fs\" target=\"_blank\" rel=\"noopener\">Flujograma del protocolo de atenci\u00f3n y sanci\u00f3n del hostigamiento sexual <\/a><\/li>\n<\/ul>\n<\/li>\n<\/ul>\n<p>&nbsp;[\/vc_column_text][\/vc_tta_section][vc_tta_section title=\u00bbActividades de Prevenci\u00f3n del Hostigamiento Sexual\u00bb tab_id=\u00bb1741887687074-2dcc479d-c65f\u00bb][vc_column_text]<a href=\"https:\/\/drive.google.com\/open?id=1UcbdzWzXgrobhwSQz-zn3Np4EoTc6cw1&amp;usp=drive_fs\" target=\"_blank\" rel=\"noopener\">Curso \u00abBienestar y Convivencia en la UPHFR: Prevenci\u00f3n del Hostigamiento Sexual\u00bb dirigido a docentes<\/a><\/p>\n<p><a href=\"https:\/\/drive.google.com\/open?id=1lvxrJVHUF_A7QkbXiQwB5wTEBnWjLv2U&amp;usp=drive_fs\" target=\"_blank\" rel=\"noopener\">Curso \u00abRelaciones de g\u00e9nero saludables: Construyendo un campus respetuoso\u00bb dirigido a estudiantes<\/a>[\/vc_column_text][\/vc_tta_section][\/vc_tta_accordion][vc_empty_space height=\u00bb50px\u00bb][\/vc_column][\/vc_row][vc_row][vc_column][vc_empty_space height=\u00bb50px\u00bb][vc_separator][\/vc_column][\/vc_row][vc_row full_width=\u00bbstretch_row\u00bb css_animation=\u00bbfadeInUp\u00bb css=\u00bb.vc_custom_1752943850694{background-color: #910048 !important;background-position: center !important;background-repeat: no-repeat !important;background-size: cover !important;}\u00bb][vc_column][vc_empty_space][vc_row_inner content_placement=\u00bbmiddle\u00bb][vc_column_inner width=\u00bb1\/2&#8243;][vc_column_text el_class=\u00bbrazones\u00bb]<\/p>\n<h1><strong>Inicia tu vida<\/strong><br \/>\n<strong>universitaria en UR<\/strong><\/h1>\n<p>[\/vc_column_text][vc_empty_space][vc_column_text el_class=\u00bbtexto-blanco\u00bb]Somos una instituci\u00f3n educativa con m\u00e1s de 14 a\u00f1os de experiencia,<br \/>\nbrindando la educaci\u00f3n profesional a nuestros estudiantes.[\/vc_column_text][vc_empty_space][vc_single_image image=\u00bb1466&#8243; img_size=\u00bbfull\u00bb][vc_empty_space][\/vc_column_inner][vc_column_inner el_class=\u00bbsombra\u00bb width=\u00bb1\/2&#8243; css=\u00bb.vc_custom_1710265477016{padding-right: 20px !important;padding-left: 20px !important;background-color: #ffffff !important;border-radius: 10px !important;}\u00bb][vc_column_text el_class=\u00bbdatos\u00bb]<\/p>\n<h1><strong>D\u00e9janos tus datos<\/strong><\/h1>\n<p>[\/vc_column_text][vc_empty_space][vc_raw_html]JTNDc2NyaXB0JTIwY2hhcnNldCUzRCUyMnV0Zi04JTIyJTIwdHlwZSUzRCUyMnRleHQlMkZqYXZhc2NyaXB0JTIyJTIwc3JjJTNEJTIyJTJGJTJGanMuaHNmb3Jtcy5uZXQlMkZmb3JtcyUyRmVtYmVkJTJGdjIuanMlMjIlM0UlM0MlMkZzY3JpcHQlM0UlMEElM0NzY3JpcHQlM0UlMEElMjAlMjBoYnNwdC5mb3Jtcy5jcmVhdGUlMjglN0IlMEElMjAlMjAlMjAlMjByZWdpb24lM0ElMjAlMjJuYTElMjIlMkMlMEElMjAlMjAlMjAlMjBwb3J0YWxJZCUzQSUyMCUyMjg5MDEzMDklMjIlMkMlMEElMjAlMjAlMjAlMjBmb3JtSWQlM0ElMjAlMjI3Y2NmNWMzOS04ODQ0LTQyNTAtYTQ4YS05NGEyY2Y5ZWZkZDMlMjIlMEElMjAlMjAlN0QlMjklM0IlMEElM0MlMkZzY3JpcHQlM0U=[\/vc_raw_html][vc_empty_space][\/vc_column_inner][\/vc_row_inner][vc_empty_space height=\u00bb60px\u00bb][\/vc_column][\/vc_row]<\/p>\n","protected":false},"excerpt":{"rendered":"<p>[vc_row full_width=\u00bbstretch_row\u00bb css=\u00bb.vc_custom_1741887164963{background-image: url(https:\/\/www.uroosevelt.edu.pe\/portal\/wp-content\/uploads\/2024\/04\/blog.jpg?id=1130) !important;background-position: center !important;background-repeat: no-repeat !important;background-size: cover !important;}\u00bb][vc_column][vc_empty_space height=\u00bb150px\u00bb][vc_row_inner][vc_column_inner width=\u00bb2\/3&#8243;][vc_column_text el_class=\u00bbtitulo\u00bb<span class=\"excerpt-hellip\"> [\u2026]<\/span><\/p>\n","protected":false},"author":5,"featured_media":0,"parent":0,"menu_order":0,"comment_status":"closed","ping_status":"closed","template":"","meta":{"footnotes":""},"_links":{"self":[{"href":"https:\/\/www.uroosevelt.edu.pe\/portal\/wp-json\/wp\/v2\/pages\/2713"}],"collection":[{"href":"https:\/\/www.uroosevelt.edu.pe\/portal\/wp-json\/wp\/v2\/pages"}],"about":[{"href":"https:\/\/www.uroosevelt.edu.pe\/portal\/wp-json\/wp\/v2\/types\/page"}],"author":[{"embeddable":true,"href":"https:\/\/www.uroosevelt.edu.pe\/portal\/wp-json\/wp\/v2\/users\/5"}],"replies":[{"embeddable":true,"href":"https:\/\/www.uroosevelt.edu.pe\/portal\/wp-json\/wp\/v2\/comments?post=2713"}],"version-history":[{"count":11,"href":"https:\/\/www.uroosevelt.edu.pe\/portal\/wp-json\/wp\/v2\/pages\/2713\/revisions"}],"predecessor-version":[{"id":3069,"href":"https:\/\/www.uroosevelt.edu.pe\/portal\/wp-json\/wp\/v2\/pages\/2713\/revisions\/3069"}],"wp:attachment":[{"href":"https:\/\/www.uroosevelt.edu.pe\/portal\/wp-json\/wp\/v2\/media?parent=2713"}],"curies":[{"name":"wp","href":"https:\/\/api.w.org\/{rel}","templated":true}]}}