{"id":2622,"date":"2025-02-27T16:43:29","date_gmt":"2025-02-27T21:43:29","guid":{"rendered":"https:\/\/www.uroosevelt.edu.pe\/?page_id=2622"},"modified":"2025-02-27T17:05:14","modified_gmt":"2025-02-27T22:05:14","slug":"galeria-de-ambientes-y-espacios","status":"publish","type":"page","link":"https:\/\/www.uroosevelt.edu.pe\/portal\/galeria-de-ambientes-y-espacios\/","title":{"rendered":"GALERIA DE AMBIENTES Y ESPACIOS"},"content":{"rendered":"<p>[vc_row full_width=\u00bbstretch_row\u00bb css=\u00bb.vc_custom_1714067532166{background-image: url(https:\/\/www.uroosevelt.edu.pe\/portal\/wp-content\/uploads\/2024\/04\/SALA-BIBLIOTECA-SC-05.jpg?id=1115) !important;background-position: center !important;background-repeat: no-repeat !important;background-size: cover !important;}\u00bb][vc_column][vc_empty_space height=\u00bb150px\u00bb][vc_row_inner][vc_column_inner width=\u00bb2\/3&#8243;][vc_column_text el_class=\u00bbtitulo\u00bb css=\u00bb.vc_custom_1740693911378{padding-right: 28px !important;padding-left: 28px !important;}\u00bb]<\/p>\n<h1><strong>Ambientes y Espacios De La Universidad<\/strong><\/h1>\n<p>[\/vc_column_text][vc_column_text el_class=\u00bbtexto-blanco\u00bb css=\u00bb.vc_custom_1740693309522{padding-left: 28px !important;}\u00bb]En la p\u00e1gina de <em data-start=\"16\" data-end=\"38\">Ambientes y Espacios<\/em>, presentamos las instalaciones destinadas a brindar servicios sociales, deportivos y culturales. Aqu\u00ed encontrar\u00e1 informaci\u00f3n sobre cada espacio y su prop\u00f3sito, reflejando nuestro compromiso con el bienestar y desarrollo de nuestra comunidad.[\/vc_column_text][vc_empty_space][\/vc_column_inner][vc_column_inner width=\u00bb1\/3&#8243;][\/vc_column_inner][\/vc_row_inner][\/vc_column][\/vc_row][vc_row][vc_column][vc_empty_space][vc_empty_space height=\u00bb50px\u00bb][vc_column_text]<\/p>\n<h2><strong>MV8. AMBIENTES Y ESPACIOS DESTINADOS A BRINDAR LOS SERVICIOS SOCIALES, DEPORTIVOS O CULTURALES<\/strong><\/h2>\n<p>[\/vc_column_text][vc_empty_space height=\u00bb50px\u00bb][\/vc_column][\/vc_row][vc_row][vc_column][vc_gallery type=\u00bbimage_grid\u00bb images=\u00bb2293,2294,2295,2296,2297,2298,2299,2300,2301,2302,2303,2304,2305,2306,2307,2308,2309,2310,2311,2312,2313,2314,2315,2316,2317,2318,2319,2320,2321,2322,2323,2324,2325,2326,2327,2328,2329,2330,2331,2332,2333,2334,2335,2336,2337,2338,2339,2340,2341,2342,2343,2344,2345,2346,2347,2348,2349,2350,2351,2352,2353,2354,2355,2356,2357&#8243; img_size=\u00bb380&#215;380&#8243;][\/vc_column][\/vc_row]<\/p>\n","protected":false},"excerpt":{"rendered":"<p>[vc_row full_width=\u00bbstretch_row\u00bb css=\u00bb.vc_custom_1714067532166{background-image: url(https:\/\/www.uroosevelt.edu.pe\/portal\/wp-content\/uploads\/2024\/04\/SALA-BIBLIOTECA-SC-05.jpg?id=1115) !important;background-position: center !important;background-repeat: no-repeat !important;background-size: cover !important;}\u00bb][vc_column][vc_empty_space height=\u00bb150px\u00bb][vc_row_inner][vc_column_inner width=\u00bb2\/3&#8243;][vc_column_text el_class=\u00bbtitulo\u00bb<span class=\"excerpt-hellip\"> [\u2026]<\/span><\/p>\n","protected":false},"author":5,"featured_media":0,"parent":0,"menu_order":0,"comment_status":"closed","ping_status":"closed","template":"","meta":{"footnotes":""},"_links":{"self":[{"href":"https:\/\/www.uroosevelt.edu.pe\/portal\/wp-json\/wp\/v2\/pages\/2622"}],"collection":[{"href":"https:\/\/www.uroosevelt.edu.pe\/portal\/wp-json\/wp\/v2\/pages"}],"about":[{"href":"https:\/\/www.uroosevelt.edu.pe\/portal\/wp-json\/wp\/v2\/types\/page"}],"author":[{"embeddable":true,"href":"https:\/\/www.uroosevelt.edu.pe\/portal\/wp-json\/wp\/v2\/users\/5"}],"replies":[{"embeddable":true,"href":"https:\/\/www.uroosevelt.edu.pe\/portal\/wp-json\/wp\/v2\/comments?post=2622"}],"version-history":[{"count":11,"href":"https:\/\/www.uroosevelt.edu.pe\/portal\/wp-json\/wp\/v2\/pages\/2622\/revisions"}],"predecessor-version":[{"id":2641,"href":"https:\/\/www.uroosevelt.edu.pe\/portal\/wp-json\/wp\/v2\/pages\/2622\/revisions\/2641"}],"wp:attachment":[{"href":"https:\/\/www.uroosevelt.edu.pe\/portal\/wp-json\/wp\/v2\/media?parent=2622"}],"curies":[{"name":"wp","href":"https:\/\/api.w.org\/{rel}","templated":true}]}}