{"id":2361,"date":"2024-11-06T13:57:02","date_gmt":"2024-11-06T13:57:02","guid":{"rendered":"https:\/\/www.uroosevelt.edu.pe\/?page_id=2361"},"modified":"2024-11-08T13:00:36","modified_gmt":"2024-11-08T13:00:36","slug":"backup","status":"publish","type":"page","link":"https:\/\/www.uroosevelt.edu.pe\/portal\/backup\/","title":{"rendered":"Backup"},"content":{"rendered":"<p>[vc_row full_width=\u00bbstretch_row\u00bb css=\u00bb.vc_custom_1713452738844{background-image: url(https:\/\/www.uroosevelt.edu.pe\/portal\/wp-content\/uploads\/2024\/04\/SALA-BIBLIOTECA-SC-03.jpg?id=1107) !important;background-position: center !important;background-repeat: no-repeat !important;background-size: cover !important;}\u00bb][vc_column][vc_empty_space height=\u00bb150px\u00bb][vc_row_inner][vc_column_inner width=\u00bb1\/2&#8243;][vc_column_text el_class=\u00bbtitulo\u00bb]<\/p>\n<h1><strong>Investigaci\u00f3n<\/strong><\/h1>\n<p>[\/vc_column_text][vc_empty_space][vc_column_text el_class=\u00bbtexto-blanco\u00bb]Somos una instituci\u00f3n educativa que forma profesionales competitivos, emprendedores, generadores de conocimiento reconocidos por la contribuci\u00f3n al desarrollo sostenible de la sociedad con liderazgo.[\/vc_column_text][\/vc_column_inner][vc_column_inner width=\u00bb1\/2&#8243;][\/vc_column_inner][\/vc_row_inner][vc_empty_space height=\u00bb200px\u00bb][\/vc_column][\/vc_row][vc_row][vc_column][vc_empty_space][vc_row_inner equal_height=\u00bbyes\u00bb content_placement=\u00bbmiddle\u00bb][vc_column_inner el_class=\u00bbcolumna-borde\u00bb width=\u00bb1\/2&#8243;][vc_empty_space][vc_column_text el_class=\u00bbtexto1&#8243;]<\/p>\n<h1 class=\"elementor-heading-title elementor-size-xl\"><strong>Instituto de Investigaci\u00f3n<\/strong><\/h1>\n<p>[\/vc_column_text][vc_empty_space][\/vc_column_inner][vc_column_inner width=\u00bb1\/2&#8243;][vc_empty_space height=\u00bb15px\u00bb][vc_column_text el_class=\u00bbtexto2&#8243;]<\/p>\n<h2><strong>Dr. Israel Robert Pariajulca Fern\u00e1ndez<\/strong><\/h2>\n<h2><strong>Director del Instituto de Investigaci\u00f3n<\/strong><\/h2>\n<p>[\/vc_column_text][vc_empty_space][\/vc_column_inner][\/vc_row_inner][vc_empty_space height=\u00bb60px\u00bb][\/vc_column][\/vc_row][vc_row][vc_column][vc_row_inner][vc_column_inner width=\u00bb1\/3&#8243;][vc_single_image image=\u00bb1076&#8243; img_size=\u00bb450&#215;450&#8243; alignment=\u00bbcenter\u00bb][vc_empty_space][vc_column_text]<\/p>\n<h5><strong>Dr. ISRAEL ROBERT PARIAJULCA FERN\u00c1NDEZ<\/strong><\/h5>\n<p>[\/vc_column_text][vc_empty_space height=\u00bb15px\u00bb]<div class=\"aio-icon-component    style_1\"><div id=\"Info-box-wrap-7763\" class=\"aio-icon-box default-icon\" style=\"\"  ><div class=\"aio-icon-default\"><div class=\"ult-just-icon-wrapper  \"><div class=\"align-icon\" style=\"text-align:center;\">\n<div class=\"aio-icon none \"  style=\"color:#b3001e;font-size:15px;display:inline-block;\">\n\t<i class=\"Defaults-check\"><\/i>\n<\/div><\/div><\/div><\/div><div class=\"aio-icon-header\" ><h3 class=\"aio-icon-title ult-responsive\"  data-ultimate-target='#Info-box-wrap-7763 .aio-icon-title'  data-responsive-json-new='{\"font-size\":\"\",\"line-height\":\"\"}'  style=\"\">Director del Instituto de Investigaci\u00f3n de la Universidad Roosevelt.<\/h3><\/div> <!-- header --><\/div> <!-- aio-icon-box --><\/div> <!-- aio-icon-component --><div class=\"aio-icon-component    style_1\"><div id=\"Info-box-wrap-3493\" class=\"aio-icon-box default-icon\" style=\"\"  ><div class=\"aio-icon-default\"><div class=\"ult-just-icon-wrapper  \"><div class=\"align-icon\" style=\"text-align:center;\">\n<div class=\"aio-icon none \"  style=\"color:#b3001e;font-size:15px;display:inline-block;\">\n\t<i class=\"Defaults-envelope-o\"><\/i>\n<\/div><\/div><\/div><\/div><div class=\"aio-icon-header\" ><h3 class=\"aio-icon-title ult-responsive\"  data-ultimate-target='#Info-box-wrap-3493 .aio-icon-title'  data-responsive-json-new='{\"font-size\":\"\",\"line-height\":\"\"}'  style=\"\">investigaci\u00f3n@uroosevelt.edu.pe<\/h3><\/div> <!-- header --><\/div> <!-- aio-icon-box --><\/div> <!-- aio-icon-component -->[\/vc_column_inner][vc_column_inner width=\u00bb1\/3&#8243;][vc_single_image image=\u00bb1075&#8243; img_size=\u00bb450&#215;450&#8243; alignment=\u00bbcenter\u00bb][vc_empty_space][vc_column_text]<\/p>\n<h5>Mag. LUIS ALBERTO CUEVA BUENDIA<\/h5>\n<p>[\/vc_column_text][vc_empty_space height=\u00bb15px\u00bb]<div class=\"aio-icon-component    style_1\"><div id=\"Info-box-wrap-6785\" class=\"aio-icon-box default-icon\" style=\"\"  ><div class=\"aio-icon-default\"><div class=\"ult-just-icon-wrapper  \"><div class=\"align-icon\" style=\"text-align:center;\">\n<div class=\"aio-icon none \"  style=\"color:#b3001e;font-size:15px;display:inline-block;\">\n\t<i class=\"Defaults-check\"><\/i>\n<\/div><\/div><\/div><\/div><div class=\"aio-icon-header\" ><h3 class=\"aio-icon-title ult-responsive\"  data-ultimate-target='#Info-box-wrap-6785 .aio-icon-title'  data-responsive-json-new='{\"font-size\":\"\",\"line-height\":\"\"}'  style=\"\">Responsable de la Unidad de Investigaci\u00f3n de la Facultad de Ciencias de la Salud.<\/h3><\/div> <!-- header --><\/div> <!-- aio-icon-box --><\/div> <!-- aio-icon-component --><div class=\"aio-icon-component    style_1\"><div id=\"Info-box-wrap-9594\" class=\"aio-icon-box default-icon\" style=\"\"  ><div class=\"aio-icon-default\"><div class=\"ult-just-icon-wrapper  \"><div class=\"align-icon\" style=\"text-align:center;\">\n<div class=\"aio-icon none \"  style=\"color:#b3001e;font-size:15px;display:inline-block;\">\n\t<i class=\"Defaults-envelope-o\"><\/i>\n<\/div><\/div><\/div><\/div><div class=\"aio-icon-header\" ><h3 class=\"aio-icon-title ult-responsive\"  data-ultimate-target='#Info-box-wrap-9594 .aio-icon-title'  data-responsive-json-new='{\"font-size\":\"\",\"line-height\":\"\"}'  style=\"\">investigacion_salud@uroosevelt.edu.pe<\/h3><\/div> <!-- header --><\/div> <!-- aio-icon-box --><\/div> <!-- aio-icon-component -->[\/vc_column_inner][vc_column_inner width=\u00bb1\/3&#8243;][vc_single_image image=\u00bb2290&#8243; img_size=\u00bb450&#215;450&#8243; alignment=\u00bbcenter\u00bb][vc_empty_space][vc_column_text]<\/p>\n<h5><strong>Dr. DEIBEN ESCALANTE MEZA<\/strong><\/h5>\n<p>[\/vc_column_text][vc_empty_space height=\u00bb15px\u00bb]<div class=\"aio-icon-component    style_1\"><div id=\"Info-box-wrap-9393\" class=\"aio-icon-box default-icon\" style=\"\"  ><div class=\"aio-icon-default\"><div class=\"ult-just-icon-wrapper  \"><div class=\"align-icon\" style=\"text-align:center;\">\n<div class=\"aio-icon none \"  style=\"color:#b3001e;font-size:15px;display:inline-block;\">\n\t<i class=\"Defaults-check\"><\/i>\n<\/div><\/div><\/div><\/div><div class=\"aio-icon-header\" ><h3 class=\"aio-icon-title ult-responsive\"  data-ultimate-target='#Info-box-wrap-9393 .aio-icon-title'  data-responsive-json-new='{\"font-size\":\"\",\"line-height\":\"\"}'  style=\"\">Responsable de la Unidad de Investigaci\u00f3n de la Facultad de Ciencias Empresariales.<\/h3><\/div> <!-- header --><\/div> <!-- aio-icon-box --><\/div> <!-- aio-icon-component --><div class=\"aio-icon-component    style_1\"><div id=\"Info-box-wrap-4994\" class=\"aio-icon-box default-icon\" style=\"\"  ><div class=\"aio-icon-default\"><div class=\"ult-just-icon-wrapper  \"><div class=\"align-icon\" style=\"text-align:center;\">\n<div class=\"aio-icon none \"  style=\"color:#b3001e;font-size:15px;display:inline-block;\">\n\t<i class=\"Defaults-envelope-o\"><\/i>\n<\/div><\/div><\/div><\/div><div class=\"aio-icon-header\" ><h3 class=\"aio-icon-title ult-responsive\"  data-ultimate-target='#Info-box-wrap-4994 .aio-icon-title'  data-responsive-json-new='{\"font-size\":\"\",\"line-height\":\"\"}'  style=\"\">investigacion_administracion@uroosevelt.edu.pe<\/h3><\/div> <!-- header --><\/div> <!-- aio-icon-box --><\/div> <!-- aio-icon-component -->[\/vc_column_inner][\/vc_row_inner][vc_empty_space height=\u00bb60px\u00bb][\/vc_column][\/vc_row][vc_row full_width=\u00bbstretch_row_content_no_spaces\u00bb][vc_column][vc_row_inner equal_height=\u00bbyes\u00bb][vc_column_inner width=\u00bb1\/2&#8243; css=\u00bb.vc_custom_1713388792150{background-image: url(https:\/\/www.uroosevelt.edu.pe\/portal\/wp-content\/uploads\/2024\/04\/image-25.png?id=1087) !important;background-position: center !important;background-repeat: no-repeat !important;background-size: cover !important;}\u00bb][vc_empty_space height=\u00bb300px\u00bb][\/vc_column_inner][vc_column_inner el_class=\u00bbicono5&#8243; width=\u00bb1\/2&#8243; css=\u00bb.vc_custom_1711033828029{padding-right: 28px !important;padding-left: 28px !important;background-color: #efefef !important;}\u00bb][vc_column_text]<\/p>\n<h1><strong>Presidente:<\/strong><\/h1>\n<p>[\/vc_column_text]<div class=\"icon_box icon_position_left no_border\"><div class=\"image_wrapper\"><img loading=\"lazy\" decoding=\"async\" src=\"https:\/\/www.uroosevelt.edu.pe\/portal\/wp-content\/uploads\/2024\/03\/circled-chevron-right-7.png\" class=\"scale-with-grid\" alt=\"circled-chevron-right 7\" width=\"58\" height=\"50\"\/><\/div><div class=\"desc_wrapper\"><div class=\"desc\">Dr. Israel Robert, PARIAJULCA FERN\u00c1NDEZ<\/div><\/div><\/div>\n[vc_empty_space][vc_column_text]<\/p>\n<h1><strong>Miembros:<\/strong><\/h1>\n<p>[\/vc_column_text]<div class=\"icon_box icon_position_left no_border\"><div class=\"image_wrapper\"><img loading=\"lazy\" decoding=\"async\" src=\"https:\/\/www.uroosevelt.edu.pe\/portal\/wp-content\/uploads\/2024\/03\/circled-chevron-right-7.png\" class=\"scale-with-grid\" alt=\"circled-chevron-right 7\" width=\"58\" height=\"50\"\/><\/div><div class=\"desc_wrapper\"><div class=\"desc\">Mg. CD Luis Alberto, CUEVA BUENDIA<\/div><\/div><\/div>\n<div class=\"icon_box icon_position_left no_border\"><div class=\"image_wrapper\"><img loading=\"lazy\" decoding=\"async\" src=\"https:\/\/www.uroosevelt.edu.pe\/portal\/wp-content\/uploads\/2024\/03\/circled-chevron-right-7.png\" class=\"scale-with-grid\" alt=\"circled-chevron-right 7\" width=\"58\" height=\"50\"\/><\/div><div class=\"desc_wrapper\"><div class=\"desc\">Dr. Pablo Santiago, BONILLA CAIRO<\/div><\/div><\/div>\n<div class=\"icon_box icon_position_left no_border\"><div class=\"image_wrapper\"><img loading=\"lazy\" decoding=\"async\" src=\"https:\/\/www.uroosevelt.edu.pe\/portal\/wp-content\/uploads\/2024\/03\/circled-chevron-right-7.png\" class=\"scale-with-grid\" alt=\"circled-chevron-right 7\" width=\"58\" height=\"50\"\/><\/div><div class=\"desc_wrapper\"><div class=\"desc\">Mg. Anahi Indira, DE LA CALLE CASTRO<\/div><\/div><\/div>\n<div class=\"icon_box icon_position_left no_border\"><div class=\"image_wrapper\"><img loading=\"lazy\" decoding=\"async\" src=\"https:\/\/www.uroosevelt.edu.pe\/portal\/wp-content\/uploads\/2024\/03\/circled-chevron-right-7.png\" class=\"scale-with-grid\" alt=\"circled-chevron-right 7\" width=\"58\" height=\"50\"\/><\/div><div class=\"desc_wrapper\"><div class=\"desc\">Mg. Silvia Elizabeth, DE LA CALLE ROBLES<\/div><\/div><\/div>\n<div class=\"icon_box icon_position_left no_border\"><div class=\"image_wrapper\"><img loading=\"lazy\" decoding=\"async\" src=\"https:\/\/www.uroosevelt.edu.pe\/portal\/wp-content\/uploads\/2024\/03\/circled-chevron-right-7.png\" class=\"scale-with-grid\" alt=\"circled-chevron-right 7\" width=\"58\" height=\"50\"\/><\/div><div class=\"desc_wrapper\"><div class=\"desc\">Mg. Evelyn Jeannet, JESUS BALBIN<\/div><\/div><\/div>\n<div class=\"icon_box icon_position_left no_border\"><div class=\"image_wrapper\"><img loading=\"lazy\" decoding=\"async\" src=\"https:\/\/www.uroosevelt.edu.pe\/portal\/wp-content\/uploads\/2024\/03\/circled-chevron-right-7.png\" class=\"scale-with-grid\" alt=\"circled-chevron-right 7\" width=\"58\" height=\"50\"\/><\/div><div class=\"desc_wrapper\"><div class=\"desc\">Mg. Gregorio Eudocio, ROBLES VARGAS<\/div><\/div><\/div>\n<div class=\"icon_box icon_position_left no_border\"><div class=\"image_wrapper\"><img loading=\"lazy\" decoding=\"async\" src=\"https:\/\/www.uroosevelt.edu.pe\/portal\/wp-content\/uploads\/2024\/03\/circled-chevron-right-7.png\" class=\"scale-with-grid\" alt=\"circled-chevron-right 7\" width=\"58\" height=\"50\"\/><\/div><div class=\"desc_wrapper\"><div class=\"desc\">Mg. Carlos Max, ROJAS AIRE<\/div><\/div><\/div>\n<div class=\"icon_box icon_position_left no_border\"><div class=\"image_wrapper\"><img loading=\"lazy\" decoding=\"async\" src=\"https:\/\/www.uroosevelt.edu.pe\/portal\/wp-content\/uploads\/2024\/03\/circled-chevron-right-7.png\" class=\"scale-with-grid\" alt=\"circled-chevron-right 7\" width=\"58\" height=\"50\"\/><\/div><div class=\"desc_wrapper\"><div class=\"desc\">Mg. Rodrigo Elias, SALAZAR LAZO<\/div><\/div><\/div>\n<div class=\"icon_box icon_position_left no_border\"><div class=\"image_wrapper\"><img loading=\"lazy\" decoding=\"async\" src=\"https:\/\/www.uroosevelt.edu.pe\/portal\/wp-content\/uploads\/2024\/03\/circled-chevron-right-7.png\" class=\"scale-with-grid\" alt=\"circled-chevron-right 7\" width=\"58\" height=\"50\"\/><\/div><div class=\"desc_wrapper\"><div class=\"desc\">Mg. Edith, SUASNABAR CUEVA<\/div><\/div><\/div>\n<div class=\"icon_box icon_position_left no_border\"><div class=\"image_wrapper\"><img loading=\"lazy\" decoding=\"async\" src=\"https:\/\/www.uroosevelt.edu.pe\/portal\/wp-content\/uploads\/2024\/03\/circled-chevron-right-7.png\" class=\"scale-with-grid\" alt=\"circled-chevron-right 7\" width=\"58\" height=\"50\"\/><\/div><div class=\"desc_wrapper\"><div class=\"desc\">Mg. Roger Alberto, PALOMINO HUARCAYA<\/div><\/div><\/div>\n[vc_empty_space][\/vc_column_inner][\/vc_row_inner][\/vc_column][\/vc_row][vc_row][vc_column][vc_empty_space height=\u00bb50px\u00bb][vc_row_inner][vc_column_inner el_class=\u00bbdocente\u00bb width=\u00bb1\/3&#8243;]<div class=\"icon_box icon_position_top no_border\"><div class=\"image_wrapper\"><img loading=\"lazy\" decoding=\"async\" src=\"https:\/\/www.uroosevelt.edu.pe\/portal\/wp-content\/uploads\/2024\/03\/circled-chevron-right-7.png\" class=\"scale-with-grid\" alt=\"circled-chevron-right 7\" width=\"58\" height=\"50\"\/><\/div><div class=\"desc_wrapper\"><h4 class=\"title\">Transparencia del Instituto de Investigaci\u00f3n<\/h4><\/div><\/div>\n[vc_btn title=\u00bbVer m\u00e1s\u00bb style=\u00bbcustom\u00bb custom_background=\u00bb#b3001e\u00bb custom_text=\u00bb#ffffff\u00bb align=\u00bbcenter\u00bb link=\u00bburl:https%3A%2F%2Fwww.uroosevelt.edu.pe%2Ftransparencia-del-instituto-de-investigacion%2F|||\u00bb][\/vc_column_inner][vc_column_inner el_class=\u00bbdocente\u00bb width=\u00bb1\/3&#8243;]<div class=\"icon_box icon_position_top no_border\"><div class=\"image_wrapper\"><img loading=\"lazy\" decoding=\"async\" src=\"https:\/\/www.uroosevelt.edu.pe\/portal\/wp-content\/uploads\/2024\/03\/circled-chevron-right-7.png\" class=\"scale-with-grid\" alt=\"circled-chevron-right 7\" width=\"58\" height=\"50\"\/><\/div><div class=\"desc_wrapper\"><h4 class=\"title\">Revista de Investigaci\u00f3n<\/h4><\/div><\/div>\n[vc_btn title=\u00bbVer m\u00e1s\u00bb style=\u00bbcustom\u00bb custom_background=\u00bb#b3001e\u00bb custom_text=\u00bb#ffffff\u00bb align=\u00bbcenter\u00bb link=\u00bburl:https%3A%2F%2Frevistas.uroosevelt.edu.pe%2F%3F_gl%3D1*bljp3c*_ga*MTgzOTU0ODk4Ni4xNzEzODg0MTQ1*_ga_WWDRXMYVP2*MTcxMzg4NDE0NC4xLjEuMTcxMzg4NDE2MS4wLjAuMA..|||\u00bb][\/vc_column_inner][vc_column_inner el_class=\u00bbdocente\u00bb width=\u00bb1\/3&#8243;]<div class=\"icon_box icon_position_top no_border\"><div class=\"image_wrapper\"><img loading=\"lazy\" decoding=\"async\" src=\"https:\/\/www.uroosevelt.edu.pe\/portal\/wp-content\/uploads\/2024\/03\/circled-chevron-right-7.png\" class=\"scale-with-grid\" alt=\"circled-chevron-right 7\" width=\"58\" height=\"50\"\/><\/div><div class=\"desc_wrapper\"><h4 class=\"title\">Fondo Editorial<\/h4><\/div><\/div>\n[vc_btn title=\u00bbLibros Acad\u00e9micos UR\u00bb style=\u00bbcustom\u00bb custom_background=\u00bb#b3001e\u00bb custom_text=\u00bb#ffffff\u00bb align=\u00bbcenter\u00bb link=\u00bburl:http%3A%2F%2Fisbn.bnp.gob.pe%2Fcatalogo.php%3Fmode%3Dresultados_rapidos%26palabra%3Duniversidad%2Bprivada%2Bde%2Bhuancayo|||\u00bb][\/vc_column_inner][\/vc_row_inner][vc_empty_space][\/vc_column][\/vc_row][vc_row][vc_column][vc_separator color=\u00bbcustom\u00bb style=\u00bbdotted\u00bb border_width=\u00bb2&#8243; accent_color=\u00bb#ab001d\u00bb][vc_empty_space][\/vc_column][\/vc_row][vc_row][vc_column][vc_column_text]<\/p>\n<h1 class=\"elementor-heading-title elementor-size-xl\" style=\"text-align: center;\"><span style=\"color: #ab001d;\"><strong>Documentos<\/strong><\/span><\/h1>\n<p>[\/vc_column_text][vc_empty_space][\/vc_column][\/vc_row][vc_row el_class=\u00bbmi-clase-personalizada\u00bb][vc_column][vc_tta_tour color=\u00bbpink\u00bb spacing=\u00bb15&#8243; gap=\u00bb35&#8243; controls_size=\u00bbsm\u00bb active_section=\u00bb1&#8243; no_fill_content_area=\u00bbtrue\u00bb el_id=\u00bbcontentTour\u00bb][vc_tta_section title=\u00bbCARTA DE PRESENTACI\u00d3N\u00bb tab_id=\u00bbcartaPresentacion\u00bb][vc_column_text]I am text block. Click edit button to change this text. Lorem ipsum dolor sit amet, consectetur adipiscing elit. Ut elit tellus, luctus nec ullamcorper mattis, pulvinar dapibus leo.[\/vc_column_text][\/vc_tta_section][vc_tta_section title=\u00bbREGLAMENTOS\u00bb tab_id=\u00bbreglamentos\u00bb][vc_column_text]Lorem ipsum dolor sit amet, consectetur adipiscing elit. Sed do eiusmod tempor incididunt ut labore et dolore magna aliqua. Ut enim ad minim veniam, quis nostrud exercitation ullamco laboris nisi ut aliquip ex ea commodo consequat. Duis aute irure dolor in reprehenderit in voluptate velit esse cillum dolore eu fugiat nulla pariatur. Excepteur sint occaecat cupidatat non proident, sunt in culpa qui officia deserunt mollit anim id est laborum.<\/p>\n<p>Curabitur pretium tincidunt lacus. Nulla gravida orci a odio. Nullam varius, turpis et commodo pharetra, est eros bibendum elit, nec luctus magna felis sollicitudin mauris. Integer in mauris eu nibh euismod gravida. Duis ac tellus et risus vulputate vehicula. Donec lobortis risus a elit congue tempus. Vivamus fermentum semper porta. Nunc diam velit, adipiscing ut tristique vitae, sollicitudin ac nisl. Donec accumsan malesuada orci. Aliquam dapibus tincidunt metus. Pellentesque fermentum dolor vel orci. Integer malesuada, libero sit amet laoreet mollis, felis nisl adipiscing sapien, sed malesuada diam lacus eget erat.<\/p>\n<p>Lorem ipsum dolor sit amet, consectetur adipiscing elit. Nunc tincidunt ante vitae massa tincidunt convallis. Ut ultricies velit eu enim viverra tincidunt. Integer non neque sed lectus suscipit euismod. Ut non libero ac enim tempus gravida. Vivamus orci nulla, gravida vel ullamcorper nec, aliquet sed augue. Nulla interdum velit sit amet purus tincidunt, et accumsan erat feugiat. Ut aliquam, nisi vitae tempor vehicula, nisi purus posuere dui, nec fringilla sapien sem non eros.[\/vc_column_text][\/vc_tta_section][vc_tta_section title=\u00bbREGLAMENTOS\u00bb tab_id=\u00bb1730999537109-7a2141be-9064&#8243;][\/vc_tta_section][vc_tta_section title=\u00bbRESOLUCIONES\u00bb tab_id=\u00bbresoluciones\u00bb][\/vc_tta_section][vc_tta_section title=\u00bbCONVENIOS\u00bb tab_id=\u00bbconvenios\u00bb][\/vc_tta_section][vc_tta_section title=\u00bbACTIVIDADES\u00bb tab_id=\u00bbactivididades\u00bb][\/vc_tta_section][vc_tta_section title=\u00bbINFORME DE ACTIVIDADES DE INVESTIGACI\u00d3N\u00bb tab_id=\u00bbinformeActividadesInvestigacion\u00bb][\/vc_tta_section][vc_tta_section title=\u00bbSEMILLEROS\u00bb tab_id=\u00bbsemilleros\u00bb][\/vc_tta_section][vc_tta_section title=\u00bbCOMIT\u00c9 INSTITUCIONAL DE \u00c9TICA EN INVESTIGACI\u00d3N\u00bb tab_id=\u00bbcomiteInstitucionalEticaInvestigacion\u00bb][\/vc_tta_section][vc_tta_section title=\u00bbCURSOS DE INVESTIGACI\u00d3N FORMATIVA\u00bb tab_id=\u00bbcursoInvestigacionFormativa\u00bb][\/vc_tta_section][vc_tta_section title=\u00bbPROTOCOLO ANTIPLAGIO, SUPLANTACI\u00d3N O FRAUDE\u00bb tab_id=\u00bbprotocoloAntiplagioSuplantacionFraude\u00bb][\/vc_tta_section][vc_tta_section title=\u00bbLINEAS DE INVESTIGACI\u00d3N\u00bb tab_id=\u00bblineaInvestigacion\u00bb][\/vc_tta_section][\/vc_tta_tour][\/vc_column][\/vc_row][vc_row][vc_column][vc_empty_space height=\u00bb80px\u00bb][vc_basic_grid post_type=\u00bbpost\u00bb grid_id=\u00bbvc_gid:1731070771471-32be3f898491547e8e44bdae441fbb62-7&#8243;][\/vc_column][\/vc_row][vc_row][vc_column][vc_tta_tabs color=\u00bbpink\u00bb spacing=\u00bb15&#8243; active_section=\u00bb1&#8243;][vc_tta_section title=\u00bbPesta\u00f1a 1&#8243; tab_id=\u00bb1730995792338-90e8059f-38df\u00bb][\/vc_tta_section][vc_tta_section title=\u00bbPesta\u00f1a 2&#8243; tab_id=\u00bb1730995792338-5e22991c-2a32&#8243;][\/vc_tta_section][\/vc_tta_tabs][\/vc_column][\/vc_row]<\/p>\n","protected":false},"excerpt":{"rendered":"<p>[vc_row full_width=\u00bbstretch_row\u00bb css=\u00bb.vc_custom_1713452738844{background-image: url(https:\/\/www.uroosevelt.edu.pe\/portal\/wp-content\/uploads\/2024\/04\/SALA-BIBLIOTECA-SC-03.jpg?id=1107) !important;background-position: center !important;background-repeat: no-repeat !important;background-size: cover !important;}\u00bb][vc_column][vc_empty_space height=\u00bb150px\u00bb][vc_row_inner][vc_column_inner width=\u00bb1\/2&#8243;][vc_column_text el_class=\u00bbtitulo\u00bb]<span class=\"excerpt-hellip\"> [\u2026]<\/span><\/p>\n","protected":false},"author":6,"featured_media":0,"parent":0,"menu_order":0,"comment_status":"closed","ping_status":"closed","template":"","meta":{"footnotes":""},"_links":{"self":[{"href":"https:\/\/www.uroosevelt.edu.pe\/portal\/wp-json\/wp\/v2\/pages\/2361"}],"collection":[{"href":"https:\/\/www.uroosevelt.edu.pe\/portal\/wp-json\/wp\/v2\/pages"}],"about":[{"href":"https:\/\/www.uroosevelt.edu.pe\/portal\/wp-json\/wp\/v2\/types\/page"}],"author":[{"embeddable":true,"href":"https:\/\/www.uroosevelt.edu.pe\/portal\/wp-json\/wp\/v2\/users\/6"}],"replies":[{"embeddable":true,"href":"https:\/\/www.uroosevelt.edu.pe\/portal\/wp-json\/wp\/v2\/comments?post=2361"}],"version-history":[{"count":56,"href":"https:\/\/www.uroosevelt.edu.pe\/portal\/wp-json\/wp\/v2\/pages\/2361\/revisions"}],"predecessor-version":[{"id":2421,"href":"https:\/\/www.uroosevelt.edu.pe\/portal\/wp-json\/wp\/v2\/pages\/2361\/revisions\/2421"}],"wp:attachment":[{"href":"https:\/\/www.uroosevelt.edu.pe\/portal\/wp-json\/wp\/v2\/media?parent=2361"}],"curies":[{"name":"wp","href":"https:\/\/api.w.org\/{rel}","templated":true}]}}