{"id":2256,"date":"2024-10-25T13:09:06","date_gmt":"2024-10-25T13:09:06","guid":{"rendered":"https:\/\/www.uroosevelt.edu.pe\/?page_id=2256"},"modified":"2026-02-06T12:12:34","modified_gmt":"2026-02-06T17:12:34","slug":"autoridades","status":"publish","type":"page","link":"https:\/\/www.uroosevelt.edu.pe\/portal\/autoridades\/","title":{"rendered":"Autoridades"},"content":{"rendered":"<p>[vc_row full_width=\u00bbstretch_row\u00bb css=\u00bb.vc_custom_1714067532166{background-image: url(https:\/\/www.uroosevelt.edu.pe\/portal\/wp-content\/uploads\/2024\/04\/SALA-BIBLIOTECA-SC-05.jpg?id=1115) !important;background-position: center !important;background-repeat: no-repeat !important;background-size: cover !important;}\u00bb][vc_column][vc_empty_space height=\u00bb150px\u00bb][vc_row_inner][vc_column_inner width=\u00bb2\/3&#8243;][vc_column_text el_class=\u00bbtitulo\u00bb css=\u00bb.vc_custom_1729863233457{padding-right: 28px !important;padding-left: 28px !important;}\u00bb]<\/p>\n<h1 class=\"elementor-heading-title elementor-size-xl\"><strong>Autoridades De La Universidad<\/strong><\/h1>\n<p>[\/vc_column_text][vc_empty_space][vc_column_text el_class=\u00bbtexto-blanco\u00bb css=\u00bb.vc_custom_1729863355043{padding-left: 28px !important;}\u00bb]En la p\u00e1gina de Autoridades, presentamos a los l\u00edderes y representantes de nuestra instituci\u00f3n, quienes con su experiencia y compromiso gu\u00edan el desarrollo y la direcci\u00f3n de nuestra organizaci\u00f3n. Con una visi\u00f3n estrat\u00e9gica y dedicaci\u00f3n inquebrantable, cada autoridad trabaja para fortalecer nuestra misi\u00f3n y valores, contribuyendo a una gesti\u00f3n efectiva y al progreso continuo en beneficio de nuestra comunidad. Aqu\u00ed encontrar\u00e1s informaci\u00f3n sobre los directivos, sus trayectorias y sus roles, para acercarte a quienes impulsan cada d\u00eda nuestro compromiso con la excelencia.[\/vc_column_text][\/vc_column_inner][vc_column_inner width=\u00bb1\/3&#8243;][\/vc_column_inner][\/vc_row_inner][vc_empty_space height=\u00bb200px\u00bb][\/vc_column][\/vc_row][vc_row][vc_column][vc_empty_space][vc_row_inner equal_height=\u00bbyes\u00bb content_placement=\u00bbmiddle\u00bb][vc_column_inner el_class=\u00bbcolumna-borde\u00bb width=\u00bb1\/2&#8243;][vc_empty_space][vc_column_text el_class=\u00bbtexto1&#8243;]<\/p>\n<h1><strong>Dra. Silvia Elizabeth De La Calle Robles<\/strong><\/h1>\n<p>[\/vc_column_text][vc_empty_space]<div class=\"aio-icon-component    style_1\"><div id=\"Info-box-wrap-5129\" class=\"aio-icon-box default-icon\" style=\"\"  ><div class=\"aio-icon-default\"><div class=\"ult-just-icon-wrapper  \"><div class=\"align-icon\" style=\"text-align:center;\">\n<div class=\"aio-icon none \"  style=\"color:#910048;font-size:15px;display:inline-block;\">\n\t<i class=\"Defaults-user\"><\/i>\n<\/div><\/div><\/div><\/div><div class=\"aio-icon-header\" ><h3 class=\"aio-icon-title ult-responsive\"  data-ultimate-target='#Info-box-wrap-5129 .aio-icon-title'  data-responsive-json-new='{\"font-size\":\"\",\"line-height\":\"\"}'  style=\"\">Rectora \/ Vicerrectora Acad\u00e9mica<\/h3><\/div> <!-- header --><\/div> <!-- aio-icon-box --><\/div> <!-- aio-icon-component --><div class=\"aio-icon-component    style_1\"><div id=\"Info-box-wrap-9340\" class=\"aio-icon-box default-icon\" style=\"\"  ><div class=\"aio-icon-default\"><div class=\"ult-just-icon-wrapper  \"><div class=\"align-icon\" style=\"text-align:center;\">\n<div class=\"aio-icon none \"  style=\"color:#910048;font-size:15px;display:inline-block;\">\n\t<i class=\"Defaults-envelope-o\"><\/i>\n<\/div><\/div><\/div><\/div><div class=\"aio-icon-header\" ><h3 class=\"aio-icon-title ult-responsive\"  data-ultimate-target='#Info-box-wrap-9340 .aio-icon-title'  data-responsive-json-new='{\"font-size\":\"\",\"line-height\":\"\"}'  style=\"\">rectorado@uroosevelt.edu.pe<\/h3><\/div> <!-- header --><\/div> <!-- aio-icon-box --><\/div> <!-- aio-icon-component --><div class=\"aio-icon-component    style_1\"><div id=\"Info-box-wrap-8713\" class=\"aio-icon-box default-icon\" style=\"\"  ><div class=\"aio-icon-default\"><div class=\"ult-just-icon-wrapper  \"><div class=\"align-icon\" style=\"text-align:center;\">\n<div class=\"aio-icon none \"  style=\"color:#910048;font-size:15px;display:inline-block;\">\n\t<i class=\"Defaults-envelope-o\"><\/i>\n<\/div><\/div><\/div><\/div><div class=\"aio-icon-header\" ><h3 class=\"aio-icon-title ult-responsive\"  data-ultimate-target='#Info-box-wrap-8713 .aio-icon-title'  data-responsive-json-new='{\"font-size\":\"\",\"line-height\":\"\"}'  style=\"\">vicerrectorado@uroosevelt.edu.pe<\/h3><\/div> <!-- header --><\/div> <!-- aio-icon-box --><\/div> <!-- aio-icon-component --><div class=\"aio-icon-component    style_1\"><div id=\"Info-box-wrap-4818\" class=\"aio-icon-box default-icon\" style=\"\"  ><div class=\"aio-icon-default\"><div class=\"ult-just-icon-wrapper  \"><div class=\"align-icon\" style=\"text-align:center;\">\n<div class=\"aio-icon none \"  style=\"color:#910048;font-size:15px;display:inline-block;\">\n\t<i class=\"Defaults-envelope-o\"><\/i>\n<\/div><\/div><\/div><\/div><div class=\"aio-icon-header\" ><h3 class=\"aio-icon-title ult-responsive\"  data-ultimate-target='#Info-box-wrap-4818 .aio-icon-title'  data-responsive-json-new='{\"font-size\":\"\",\"line-height\":\"\"}'  style=\"\">sdelacalle@uroosevelt.edu.pe<\/h3><\/div> <!-- header --><\/div> <!-- aio-icon-box --><\/div> <!-- aio-icon-component -->[vc_empty_space][\/vc_column_inner][vc_column_inner width=\u00bb1\/2&#8243;][vc_single_image image=\u00bb3028&#8243; img_size=\u00bbfull\u00bb alignment=\u00bbcenter\u00bb][\/vc_column_inner][\/vc_row_inner][vc_row_inner equal_height=\u00bbyes\u00bb content_placement=\u00bbmiddle\u00bb][vc_column_inner width=\u00bb1\/2&#8243;][vc_single_image image=\u00bb3008&#8243; img_size=\u00bbfull\u00bb alignment=\u00bbcenter\u00bb][\/vc_column_inner][vc_column_inner el_class=\u00bbcolumna-borde2&#8243; width=\u00bb1\/2&#8243;][vc_empty_space][vc_column_text el_class=\u00bbtexto1&#8243;]<\/p>\n<h1><strong>Mg. Edith Suasnabar Cueva<\/strong><\/h1>\n<p>[\/vc_column_text][vc_empty_space]<div class=\"aio-icon-component    style_1\"><div id=\"Info-box-wrap-8462\" class=\"aio-icon-box default-icon\" style=\"\"  ><div class=\"aio-icon-default\"><div class=\"ult-just-icon-wrapper  \"><div class=\"align-icon\" style=\"text-align:center;\">\n<div class=\"aio-icon none \"  style=\"color:#910048;font-size:15px;display:inline-block;\">\n\t<i class=\"Defaults-user\"><\/i>\n<\/div><\/div><\/div><\/div><div class=\"aio-icon-header\" ><h3 class=\"aio-icon-title ult-responsive\"  data-ultimate-target='#Info-box-wrap-8462 .aio-icon-title'  data-responsive-json-new='{\"font-size\":\"\",\"line-height\":\"\"}'  style=\"\">Decana de Ciencias de La Salud<\/h3><\/div> <!-- header --><\/div> <!-- aio-icon-box --><\/div> <!-- aio-icon-component --><div class=\"aio-icon-component    style_1\"><div id=\"Info-box-wrap-1799\" class=\"aio-icon-box default-icon\" style=\"\"  ><div class=\"aio-icon-default\"><div class=\"ult-just-icon-wrapper  \"><div class=\"align-icon\" style=\"text-align:center;\">\n<div class=\"aio-icon none \"  style=\"color:#910048;font-size:15px;display:inline-block;\">\n\t<i class=\"Defaults-envelope-o\"><\/i>\n<\/div><\/div><\/div><\/div><div class=\"aio-icon-header\" ><h3 class=\"aio-icon-title ult-responsive\"  data-ultimate-target='#Info-box-wrap-1799 .aio-icon-title'  data-responsive-json-new='{\"font-size\":\"\",\"line-height\":\"\"}'  style=\"\">decanaturacs@uroosevelt.edu.pe<\/h3><\/div> <!-- header --><\/div> <!-- aio-icon-box --><\/div> <!-- aio-icon-component --><div class=\"aio-icon-component    style_1\"><div id=\"Info-box-wrap-6240\" class=\"aio-icon-box default-icon\" style=\"\"  ><div class=\"aio-icon-default\"><div class=\"ult-just-icon-wrapper  \"><div class=\"align-icon\" style=\"text-align:center;\">\n<div class=\"aio-icon none \"  style=\"color:#910048;font-size:15px;display:inline-block;\">\n\t<i class=\"Defaults-envelope-o\"><\/i>\n<\/div><\/div><\/div><\/div><div class=\"aio-icon-header\" ><h3 class=\"aio-icon-title ult-responsive\"  data-ultimate-target='#Info-box-wrap-6240 .aio-icon-title'  data-responsive-json-new='{\"font-size\":\"\",\"line-height\":\"\"}'  style=\"\">esuasnabar@uroosevelt.edu.pe<\/h3><\/div> <!-- header --><\/div> <!-- aio-icon-box --><\/div> <!-- aio-icon-component -->[vc_empty_space][\/vc_column_inner][\/vc_row_inner][\/vc_column][\/vc_row][vc_row][vc_column][vc_row_inner equal_height=\u00bbyes\u00bb content_placement=\u00bbmiddle\u00bb][vc_column_inner el_class=\u00bbcolumna-borde\u00bb width=\u00bb1\/2&#8243;][vc_empty_space][vc_column_text el_class=\u00bbtexto1&#8243;]<\/p>\n<h1><strong>Dr. Deiben Escalante Meza<\/strong><\/h1>\n<p>[\/vc_column_text][vc_empty_space]<div class=\"aio-icon-component    style_1\"><div id=\"Info-box-wrap-7938\" class=\"aio-icon-box default-icon\" style=\"\"  ><div class=\"aio-icon-default\"><div class=\"ult-just-icon-wrapper  \"><div class=\"align-icon\" style=\"text-align:center;\">\n<div class=\"aio-icon none \"  style=\"color:#910048;font-size:15px;display:inline-block;\">\n\t<i class=\"Defaults-user\"><\/i>\n<\/div><\/div><\/div><\/div><div class=\"aio-icon-header\" ><h3 class=\"aio-icon-title ult-responsive\"  data-ultimate-target='#Info-box-wrap-7938 .aio-icon-title'  data-responsive-json-new='{\"font-size\":\"\",\"line-height\":\"\"}'  style=\"\">Decano de Ciencias Empresariales y Derecho<\/h3><\/div> <!-- header --><\/div> <!-- aio-icon-box --><\/div> <!-- aio-icon-component --><div class=\"aio-icon-component    style_1\"><div id=\"Info-box-wrap-2554\" class=\"aio-icon-box default-icon\" style=\"\"  ><div class=\"aio-icon-default\"><div class=\"ult-just-icon-wrapper  \"><div class=\"align-icon\" style=\"text-align:center;\">\n<div class=\"aio-icon none \"  style=\"color:#910048;font-size:15px;display:inline-block;\">\n\t<i class=\"Defaults-envelope-o\"><\/i>\n<\/div><\/div><\/div><\/div><div class=\"aio-icon-header\" ><h3 class=\"aio-icon-title ult-responsive\"  data-ultimate-target='#Info-box-wrap-2554 .aio-icon-title'  data-responsive-json-new='{\"font-size\":\"\",\"line-height\":\"\"}'  style=\"\">facultadced@uroosevelt.edu.pe<\/h3><\/div> <!-- header --><\/div> <!-- aio-icon-box --><\/div> <!-- aio-icon-component --><div class=\"aio-icon-component    style_1\"><div id=\"Info-box-wrap-8293\" class=\"aio-icon-box default-icon\" style=\"\"  ><div class=\"aio-icon-default\"><div class=\"ult-just-icon-wrapper  \"><div class=\"align-icon\" style=\"text-align:center;\">\n<div class=\"aio-icon none \"  style=\"color:#910048;font-size:15px;display:inline-block;\">\n\t<i class=\"Defaults-envelope-o\"><\/i>\n<\/div><\/div><\/div><\/div><div class=\"aio-icon-header\" ><h3 class=\"aio-icon-title ult-responsive\"  data-ultimate-target='#Info-box-wrap-8293 .aio-icon-title'  data-responsive-json-new='{\"font-size\":\"\",\"line-height\":\"\"}'  style=\"\">descalante@uroosevelt.edu.pe<\/h3><\/div> <!-- header --><\/div> <!-- aio-icon-box --><\/div> <!-- aio-icon-component -->[vc_empty_space][\/vc_column_inner][vc_column_inner width=\u00bb1\/2&#8243;][vc_single_image image=\u00bb3256&#8243; img_size=\u00bbfull\u00bb alignment=\u00bbcenter\u00bb][\/vc_column_inner][\/vc_row_inner][vc_empty_space height=\u00bb50px\u00bb][\/vc_column][\/vc_row][vc_row full_width=\u00bbstretch_row\u00bb css_animation=\u00bbfadeInUp\u00bb css=\u00bb.vc_custom_1752501183429{background-color: #910048 !important;background-position: center !important;background-repeat: no-repeat !important;background-size: cover !important;}\u00bb][vc_column][vc_empty_space][vc_row_inner content_placement=\u00bbmiddle\u00bb][vc_column_inner width=\u00bb1\/2&#8243;][vc_column_text el_class=\u00bbrazones\u00bb]<\/p>\n<h1><strong>Inicia tu vida<\/strong><br \/>\n<strong>universitaria en UR<\/strong><\/h1>\n<p>[\/vc_column_text][vc_empty_space][vc_column_text el_class=\u00bbtexto-blanco\u00bb]Somos una instituci\u00f3n educativa con m\u00e1s de 14 a\u00f1os de experiencia,<br \/>\nbrindando la educaci\u00f3n profesional a nuestros estudiantes.[\/vc_column_text][vc_empty_space][vc_single_image image=\u00bb1466&#8243; img_size=\u00bbfull\u00bb][vc_empty_space][\/vc_column_inner][vc_column_inner el_class=\u00bbsombra\u00bb width=\u00bb1\/2&#8243; css=\u00bb.vc_custom_1710265477016{padding-right: 20px !important;padding-left: 20px !important;background-color: #ffffff !important;border-radius: 10px !important;}\u00bb][vc_column_text el_class=\u00bbdatos\u00bb]<\/p>\n<h1><strong>D\u00e9janos tus datos<\/strong><\/h1>\n<p>[\/vc_column_text][vc_empty_space][vc_raw_html]JTNDc2NyaXB0JTIwY2hhcnNldCUzRCUyMnV0Zi04JTIyJTIwdHlwZSUzRCUyMnRleHQlMkZqYXZhc2NyaXB0JTIyJTIwc3JjJTNEJTIyJTJGJTJGanMuaHNmb3Jtcy5uZXQlMkZmb3JtcyUyRmVtYmVkJTJGdjIuanMlMjIlM0UlM0MlMkZzY3JpcHQlM0UlMEElM0NzY3JpcHQlM0UlMEElMjAlMjBoYnNwdC5mb3Jtcy5jcmVhdGUlMjglN0IlMEElMjAlMjAlMjAlMjByZWdpb24lM0ElMjAlMjJuYTElMjIlMkMlMEElMjAlMjAlMjAlMjBwb3J0YWxJZCUzQSUyMCUyMjg5MDEzMDklMjIlMkMlMEElMjAlMjAlMjAlMjBmb3JtSWQlM0ElMjAlMjI3Y2NmNWMzOS04ODQ0LTQyNTAtYTQ4YS05NGEyY2Y5ZWZkZDMlMjIlMEElMjAlMjAlN0QlMjklM0IlMEElM0MlMkZzY3JpcHQlM0U=[\/vc_raw_html][vc_empty_space][\/vc_column_inner][\/vc_row_inner][vc_empty_space height=\u00bb60px\u00bb][\/vc_column][\/vc_row]<\/p>\n","protected":false},"excerpt":{"rendered":"<p>[vc_row full_width=\u00bbstretch_row\u00bb css=\u00bb.vc_custom_1714067532166{background-image: url(https:\/\/www.uroosevelt.edu.pe\/portal\/wp-content\/uploads\/2024\/04\/SALA-BIBLIOTECA-SC-05.jpg?id=1115) !important;background-position: center !important;background-repeat: no-repeat !important;background-size: cover !important;}\u00bb][vc_column][vc_empty_space height=\u00bb150px\u00bb][vc_row_inner][vc_column_inner width=\u00bb2\/3&#8243;][vc_column_text el_class=\u00bbtitulo\u00bb<span class=\"excerpt-hellip\"> [\u2026]<\/span><\/p>\n","protected":false},"author":5,"featured_media":0,"parent":0,"menu_order":0,"comment_status":"closed","ping_status":"closed","template":"","meta":{"footnotes":""},"_links":{"self":[{"href":"https:\/\/www.uroosevelt.edu.pe\/portal\/wp-json\/wp\/v2\/pages\/2256"}],"collection":[{"href":"https:\/\/www.uroosevelt.edu.pe\/portal\/wp-json\/wp\/v2\/pages"}],"about":[{"href":"https:\/\/www.uroosevelt.edu.pe\/portal\/wp-json\/wp\/v2\/types\/page"}],"author":[{"embeddable":true,"href":"https:\/\/www.uroosevelt.edu.pe\/portal\/wp-json\/wp\/v2\/users\/5"}],"replies":[{"embeddable":true,"href":"https:\/\/www.uroosevelt.edu.pe\/portal\/wp-json\/wp\/v2\/comments?post=2256"}],"version-history":[{"count":18,"href":"https:\/\/www.uroosevelt.edu.pe\/portal\/wp-json\/wp\/v2\/pages\/2256\/revisions"}],"predecessor-version":[{"id":3265,"href":"https:\/\/www.uroosevelt.edu.pe\/portal\/wp-json\/wp\/v2\/pages\/2256\/revisions\/3265"}],"wp:attachment":[{"href":"https:\/\/www.uroosevelt.edu.pe\/portal\/wp-json\/wp\/v2\/media?parent=2256"}],"curies":[{"name":"wp","href":"https:\/\/api.w.org\/{rel}","templated":true}]}}