{"id":1708,"date":"2024-05-08T16:14:58","date_gmt":"2024-05-08T16:14:58","guid":{"rendered":"https:\/\/www.uroosevelt.edu.pe\/?page_id=1708"},"modified":"2024-05-08T16:16:36","modified_gmt":"2024-05-08T16:16:36","slug":"home-prueba","status":"publish","type":"page","link":"https:\/\/www.uroosevelt.edu.pe\/portal\/home-prueba\/","title":{"rendered":"HOME prueba"},"content":{"rendered":"<p>[vc_row css_animation=\u00bbfadeIn\u00bb css=\u00bb.vc_custom_1711046304505{margin-top: 0px !important;margin-right: 0px !important;margin-bottom: 0px !important;margin-left: 0px !important;padding-top: 0px !important;padding-right: 0px !important;padding-bottom: 0px !important;padding-left: 0px !important;background-position: center !important;background-repeat: no-repeat !important;background-size: cover !important;}\u00bb][vc_column css=\u00bb.vc_custom_1480885279448{margin-top: 0px !important;margin-right: 0px !important;margin-bottom: 0px !important;margin-left: 0px !important;padding-top: 0px !important;padding-right: 0px !important;padding-bottom: 0px !important;padding-left: 0px !important;}\u00bb][rev_slider_vc alias=\u00bbportada\u00bb][\/vc_column][\/vc_row][vc_row css_animation=\u00bbfadeInUp\u00bb][vc_column][vc_empty_space][vc_column_text el_class=\u00bbtitulo\u00bb]<\/p>\n<h1 style=\"text-align: center;\"><strong>Conoce nuestras carreras <\/strong><\/h1>\n<p>[\/vc_column_text][vc_empty_space][vc_row_inner][vc_column_inner width=\u00bb1\/4&#8243;]<div class=\"trailer_box \"><a href=\"https:\/\/www.uroosevelt.edu.pe\/portal\/enfermeria\/\" ><img loading=\"lazy\" decoding=\"async\" class=\"scale-with-grid\" src=\"https:\/\/www.uroosevelt.edu.pe\/portal\/wp-content\/uploads\/2024\/03\/VIVE-TU-PASION-UR-ENFERMERIA-RETRATO-MOD-1.png\" alt=\"VIVE-TU-PASION-UR-ENFERMERIA-RETRATO-MOD 1\" width=\"313\" height=\"289\"\/><div class=\"desc\"><h2>Enfermer\u00eda<\/h2><div class=\"line\"><\/div><\/div><\/a><\/div>\n[vc_empty_space height=\u00bb10px\u00bb][\/vc_column_inner][vc_column_inner width=\u00bb1\/4&#8243;]<div class=\"trailer_box \"><a href=\"https:\/\/www.uroosevelt.edu.pe\/portal\/obstetricia\/\" ><img loading=\"lazy\" decoding=\"async\" class=\"scale-with-grid\" src=\"https:\/\/www.uroosevelt.edu.pe\/portal\/wp-content\/uploads\/2024\/03\/VIVE-TU-PASION-UR-OBSTETRICIA-1.png\" alt=\"VIVE TU PASION UR OBSTETRICIA 1\" width=\"313\" height=\"289\"\/><div class=\"desc\"><h2>Obstetricia<\/h2><div class=\"line\"><\/div><\/div><\/a><\/div>\n[vc_empty_space height=\u00bb10px\u00bb][\/vc_column_inner][vc_column_inner width=\u00bb1\/4&#8243;]<div class=\"trailer_box \"><a href=\"https:\/\/www.uroosevelt.edu.pe\/portal\/psicologia\/\" ><img loading=\"lazy\" decoding=\"async\" class=\"scale-with-grid\" src=\"https:\/\/www.uroosevelt.edu.pe\/portal\/wp-content\/uploads\/2024\/03\/VIVE-TU-PASION-UR-PSICOLOGIA-1.png\" alt=\"VIVE TU PASION UR PSICOLOGIA 1\" width=\"313\" height=\"289\"\/><div class=\"desc\"><h2>Psicolog\u00eda<\/h2><div class=\"line\"><\/div><\/div><\/a><\/div>\n[vc_empty_space height=\u00bb10px\u00bb][\/vc_column_inner][vc_column_inner width=\u00bb1\/4&#8243;]<div class=\"trailer_box \"><a href=\"https:\/\/www.uroosevelt.edu.pe\/portal\/adm-y-negocios-internacionales\/\" ><img loading=\"lazy\" decoding=\"async\" class=\"scale-with-grid\" src=\"https:\/\/www.uroosevelt.edu.pe\/portal\/wp-content\/uploads\/2024\/03\/VIVE-TU-PASION-UR-NEGOCIOS-INTERNACIONALES-1.png\" alt=\"VIVE TU PASION UR NEGOCIOS INTERNACIONALES 1\" width=\"313\" height=\"289\"\/><div class=\"desc\"><h2>Adm. y Negocios Internacionales<\/h2><div class=\"line\"><\/div><\/div><\/a><\/div>\n[vc_empty_space height=\u00bb10px\u00bb][\/vc_column_inner][\/vc_row_inner][vc_row_inner][vc_column_inner width=\u00bb1\/4&#8243;]<div class=\"trailer_box \"><a href=\"https:\/\/www.uroosevelt.edu.pe\/portal\/farmacia-y-bioquimica\/\" ><img loading=\"lazy\" decoding=\"async\" class=\"scale-with-grid\" src=\"https:\/\/www.uroosevelt.edu.pe\/portal\/wp-content\/uploads\/2024\/03\/VIVE-TU-PASION-UR-FARMACIA-1.png\" alt=\"VIVE TU PASION UR FARMACIA 1\" width=\"313\" height=\"289\"\/><div class=\"desc\"><h2>Farmacia y Bioqu\u00edmica<\/h2><div class=\"line\"><\/div><\/div><\/a><\/div>\n[vc_empty_space height=\u00bb10px\u00bb][\/vc_column_inner][vc_column_inner width=\u00bb1\/4&#8243;]<div class=\"trailer_box \"><a href=\"https:\/\/www.uroosevelt.edu.pe\/portal\/estomatologia\/\" ><img loading=\"lazy\" decoding=\"async\" class=\"scale-with-grid\" src=\"https:\/\/www.uroosevelt.edu.pe\/portal\/wp-content\/uploads\/2024\/03\/VIVE-TU-PASION-UR-ESTOMATOLOGIA-1.png\" alt=\"VIVE TU PASION UR ESTOMATOLOGIA 1\" width=\"313\" height=\"290\"\/><div class=\"desc\"><h2>Estomatolog\u00eda<\/h2><div class=\"line\"><\/div><\/div><\/a><\/div>\n[vc_empty_space height=\u00bb10px\u00bb][\/vc_column_inner][vc_column_inner width=\u00bb1\/4&#8243;]<div class=\"trailer_box \"><a href=\"https:\/\/www.uroosevelt.edu.pe\/portal\/administracion-de-empresas\/\" ><img loading=\"lazy\" decoding=\"async\" class=\"scale-with-grid\" src=\"https:\/\/www.uroosevelt.edu.pe\/portal\/wp-content\/uploads\/2024\/03\/VIVE-TU-PASION-URADMINISTRACION-DE-EMPRESAS-1.png\" alt=\"VIVE TU PASION URADMINISTRACION DE EMPRESAS 1\" width=\"313\" height=\"289\"\/><div class=\"desc\"><h2>Adm. de Empresas<\/h2><div class=\"line\"><\/div><\/div><\/a><\/div>\n[vc_empty_space height=\u00bb10px\u00bb][\/vc_column_inner][vc_column_inner width=\u00bb1\/4&#8243;]<div class=\"trailer_box \"><img loading=\"lazy\" decoding=\"async\" class=\"scale-with-grid\" src=\"https:\/\/www.uroosevelt.edu.pe\/portal\/wp-content\/uploads\/2024\/03\/VIVE-TU-PASION-URADMINISTRACION-DE-EMPRESAS-2.png\" alt=\"VIVE TU PASION URADMINISTRACION DE EMPRESAS 2\" width=\"312\" height=\"289\"\/><div class=\"desc\"><h2>Derecho<\/h2><div class=\"line\"><\/div><\/div><\/div>\n[vc_empty_space height=\u00bb10px\u00bb][\/vc_column_inner][\/vc_row_inner][vc_empty_space height=\u00bb56px\u00bb][\/vc_column][\/vc_row][vc_row full_width=\u00bbstretch_row\u00bb css_animation=\u00bbfadeInUp\u00bb css=\u00bb.vc_custom_1711046461417{background-image: url(https:\/\/www.uroosevelt.edu.pe\/portal\/wp-content\/uploads\/2024\/03\/fondo-rojo.jpg?id=631) !important;background-position: center !important;background-repeat: no-repeat !important;background-size: cover !important;}\u00bb][vc_column][vc_empty_space height=\u00bb56px\u00bb][vc_row_inner content_placement=\u00bbmiddle\u00bb][vc_column_inner width=\u00bb1\/2&#8243;][vc_single_image image=\u00bb632&#8243; img_size=\u00bbfull\u00bb alignment=\u00bbcenter\u00bb][\/vc_column_inner][vc_column_inner el_class=\u00bbicono-suma\u00bb width=\u00bb1\/2&#8243;][vc_empty_space][vc_column_text el_class=\u00bbrazones\u00bb]<\/p>\n<h1><strong>Razones para estudiar en U Roosevelt<\/strong><\/h1>\n<p>[\/vc_column_text][vc_empty_space][vc_column_text el_class=\u00bbtexto-blanco\u00bb]Somos una instituci\u00f3n educativa con m\u00e1s de 14 a\u00f1os de experiencia, brindando educaci\u00f3n profesional a nuestros estudiantes.[\/vc_column_text][vc_empty_space]<div class=\"list_item lists_1 clearfix\"><div class=\"list_left list_icon\"><i class=\"fas fa-plus\"><\/i><\/div><div class=\"list_right\"><h4>Lideres en Ciencias de la Salud<\/h4><div class=\"desc\"><\/div><\/div><\/div>\n<div class=\"list_item lists_1 clearfix\"><div class=\"list_left list_icon\"><i class=\"fas fa-plus\"><\/i><\/div><div class=\"list_right\"><h4>Laboratorios especializados<\/h4><div class=\"desc\"><\/div><\/div><\/div>\n<div class=\"list_item lists_1 clearfix\"><div class=\"list_left list_icon\"><i class=\"fas fa-plus\"><\/i><\/div><div class=\"list_right\"><h4>Docentes con s\u00f3lida formaci\u00f3n en su campo<\/h4><div class=\"desc\"><\/div><\/div><\/div>\n<div class=\"list_item lists_1 clearfix\"><div class=\"list_left list_icon\"><i class=\"fas fa-plus\"><\/i><\/div><div class=\"list_right\"><h4>Horarios flexibles<\/h4><div class=\"desc\"><\/div><\/div><\/div>\n<div class=\"list_item lists_1 clearfix\"><div class=\"list_left list_icon\"><i class=\"fas fa-plus\"><\/i><\/div><div class=\"list_right\"><h4>Convenios nacionales e internacionales<\/h4><div class=\"desc\"><\/div><\/div><\/div>\n[\/vc_column_inner][\/vc_row_inner][vc_empty_space height=\u00bb90px\u00bb][\/vc_column][\/vc_row][vc_row css_animation=\u00bbfadeInUp\u00bb][vc_column][vc_empty_space height=\u00bb49px\u00bb][vc_column_text el_class=\u00bbtitulo\u00bb]<\/p>\n<h1 style=\"text-align: center;\"><strong>Eventos y Noticias<\/strong><\/h1>\n<p>[\/vc_column_text][vc_empty_space][vc_row_inner][vc_column_inner]<div class=\"column_filters\"><div class=\"blog_wrapper isotope_wrapper clearfix\"><div class=\"posts_group lm_wrapper col-3 grid hide-more\"><div class=\"post-item isotope-item clearfix post-2538 post type-post status-publish format-standard has-post-thumbnail hentry category-noticias\" style=\"\"><div class=\"date_label\">19 noviembre, 2024<\/div><div class=\"image_frame post-photo-wrapper scale-with-grid image\"><div class=\"image_wrapper\"><a href=\"https:\/\/www.uroosevelt.edu.pe\/portal\/universidad-privada-de-huancayo-franklin-roosevelt-se-afilia-a-alafec-fortaleciendo-su-presencia-internacional\/\"><div class=\"mask\"><\/div><img loading=\"lazy\" decoding=\"async\" width=\"960\" height=\"750\" src=\"https:\/\/www.uroosevelt.edu.pe\/portal\/wp-content\/uploads\/2024\/11\/alafc_Mesa-de-trabajo-1_Mesa-de-trabajo-1-960x750.png\" class=\"scale-with-grid wp-post-image\" alt=\"\" srcset=\"https:\/\/www.uroosevelt.edu.pe\/portal\/wp-content\/uploads\/2024\/11\/alafc_Mesa-de-trabajo-1_Mesa-de-trabajo-1-960x750.png 960w, https:\/\/www.uroosevelt.edu.pe\/portal\/wp-content\/uploads\/2024\/11\/alafc_Mesa-de-trabajo-1_Mesa-de-trabajo-1-1280x1000.png 1280w\" sizes=\"(max-width: 960px) 100vw, 960px\" \/><\/a><div class=\"image_links double\"><a href=\"https:\/\/www.uroosevelt.edu.pe\/portal\/wp-content\/uploads\/2024\/11\/alafc_Mesa-de-trabajo-1_Mesa-de-trabajo-1-1024x683.png\" class=\"zoom\" rel=\"prettyphoto\"><i class=\"icon-search\"><\/i><\/a><a href=\"https:\/\/www.uroosevelt.edu.pe\/portal\/universidad-privada-de-huancayo-franklin-roosevelt-se-afilia-a-alafec-fortaleciendo-su-presencia-internacional\/\" class=\"link\"><i class=\"icon-link\"><\/i><\/a><\/div><\/div><\/div><div class=\"post-desc-wrapper bg-\" style=\"\"><div class=\"post-desc\"><div class=\"post-head\"><\/div><div class=\"post-title\"><h2 class=\"entry-title\" itemprop=\"headline\"><a href=\"https:\/\/www.uroosevelt.edu.pe\/portal\/universidad-privada-de-huancayo-franklin-roosevelt-se-afilia-a-alafec-fortaleciendo-su-presencia-internacional\/\">Universidad Privada de Huancayo Franklin Roosevelt se afilia a ALAFEC, fortaleciendo su presencia internacional<\/a><\/h2><\/div><div class=\"post-excerpt\">La Universidad Privada de Huancayo Franklin Roosevelt ha dado un importante paso hacia la<span class=\"excerpt-hellip\"> [\u2026]<\/span><\/div><div class=\"post-footer\"><div class=\"button-love\"><span class=\"love-text\">Te gusto?<\/span><\/div><div class=\"post-links\"><i class=\"icon-doc-text\"><\/i> <a href=\"https:\/\/www.uroosevelt.edu.pe\/portal\/universidad-privada-de-huancayo-franklin-roosevelt-se-afilia-a-alafec-fortaleciendo-su-presencia-internacional\/\" class=\"post-more\">Leer m\u00e1s<\/a><\/div><\/div><\/div><\/div><\/div><div class=\"post-item isotope-item clearfix post-2203 post type-post status-publish format-standard has-post-thumbnail hentry category-noticias\" style=\"\"><div class=\"date_label\">19 noviembre, 2024<\/div><div class=\"image_frame post-photo-wrapper scale-with-grid image\"><div class=\"image_wrapper\"><a href=\"https:\/\/www.uroosevelt.edu.pe\/portal\/vi-congreso-internacional-multidisciplinario-y-ii-reencuentro-de-egresados-de-estomatologia-roosevelt-2024%f0%9f%87%a7%f0%9f%87%b7%f0%9f%87%b5%f0%9f%87%aa\/\"><div class=\"mask\"><\/div><img loading=\"lazy\" decoding=\"async\" width=\"960\" height=\"750\" src=\"https:\/\/www.uroosevelt.edu.pe\/portal\/wp-content\/uploads\/2024\/11\/congreso-banner-960x750.png\" class=\"scale-with-grid wp-post-image\" alt=\"\" srcset=\"https:\/\/www.uroosevelt.edu.pe\/portal\/wp-content\/uploads\/2024\/11\/congreso-banner-960x750.png 960w, https:\/\/www.uroosevelt.edu.pe\/portal\/wp-content\/uploads\/2024\/11\/congreso-banner-1280x1000.png 1280w\" sizes=\"(max-width: 960px) 100vw, 960px\" \/><\/a><div class=\"image_links double\"><a href=\"https:\/\/www.uroosevelt.edu.pe\/portal\/wp-content\/uploads\/2024\/11\/congreso-banner-1024x683.png\" class=\"zoom\" rel=\"prettyphoto\"><i class=\"icon-search\"><\/i><\/a><a href=\"https:\/\/www.uroosevelt.edu.pe\/portal\/vi-congreso-internacional-multidisciplinario-y-ii-reencuentro-de-egresados-de-estomatologia-roosevelt-2024%f0%9f%87%a7%f0%9f%87%b7%f0%9f%87%b5%f0%9f%87%aa\/\" class=\"link\"><i class=\"icon-link\"><\/i><\/a><\/div><\/div><\/div><div class=\"post-desc-wrapper bg-\" style=\"\"><div class=\"post-desc\"><div class=\"post-head\"><\/div><div class=\"post-title\"><h2 class=\"entry-title\" itemprop=\"headline\"><a href=\"https:\/\/www.uroosevelt.edu.pe\/portal\/vi-congreso-internacional-multidisciplinario-y-ii-reencuentro-de-egresados-de-estomatologia-roosevelt-2024%f0%9f%87%a7%f0%9f%87%b7%f0%9f%87%b5%f0%9f%87%aa\/\">VI Congreso Internacional Multidisciplinario y II Reencuentro de Egresados de Estomatolog\u00eda Roosevelt 2024!????<\/a><\/h2><\/div><div class=\"post-excerpt\">Es un evento acad\u00e9mico que se llevar\u00e1 a cabo de manera presencial los d\u00edas<span class=\"excerpt-hellip\"> [\u2026]<\/span><\/div><div class=\"post-footer\"><div class=\"button-love\"><span class=\"love-text\">Te gusto?<\/span><\/div><div class=\"post-links\"><i class=\"icon-doc-text\"><\/i> <a href=\"https:\/\/www.uroosevelt.edu.pe\/portal\/vi-congreso-internacional-multidisciplinario-y-ii-reencuentro-de-egresados-de-estomatologia-roosevelt-2024%f0%9f%87%a7%f0%9f%87%b7%f0%9f%87%b5%f0%9f%87%aa\/\" class=\"post-more\">Leer m\u00e1s<\/a><\/div><\/div><\/div><\/div><\/div><div class=\"post-item isotope-item clearfix post-2530 post type-post status-publish format-standard has-post-thumbnail hentry category-noticias category-sin-categoria\" style=\"\"><div class=\"date_label\">19 noviembre, 2024<\/div><div class=\"image_frame post-photo-wrapper scale-with-grid image\"><div class=\"image_wrapper\"><a href=\"https:\/\/www.uroosevelt.edu.pe\/portal\/roosevelt-podcast-la-universidad-roosevelt-lanza-su-podcast\/\"><div class=\"mask\"><\/div><img loading=\"lazy\" decoding=\"async\" width=\"960\" height=\"750\" src=\"https:\/\/www.uroosevelt.edu.pe\/portal\/wp-content\/uploads\/2024\/11\/PORTADA-960x750.png\" class=\"scale-with-grid wp-post-image\" alt=\"\" srcset=\"https:\/\/www.uroosevelt.edu.pe\/portal\/wp-content\/uploads\/2024\/11\/PORTADA-960x750.png 960w, https:\/\/www.uroosevelt.edu.pe\/portal\/wp-content\/uploads\/2024\/11\/PORTADA-1280x1000.png 1280w\" sizes=\"(max-width: 960px) 100vw, 960px\" \/><\/a><div class=\"image_links double\"><a href=\"https:\/\/www.uroosevelt.edu.pe\/portal\/wp-content\/uploads\/2024\/11\/PORTADA-1024x576.png\" class=\"zoom\" rel=\"prettyphoto\"><i class=\"icon-search\"><\/i><\/a><a href=\"https:\/\/www.uroosevelt.edu.pe\/portal\/roosevelt-podcast-la-universidad-roosevelt-lanza-su-podcast\/\" class=\"link\"><i class=\"icon-link\"><\/i><\/a><\/div><\/div><\/div><div class=\"post-desc-wrapper bg-\" style=\"\"><div class=\"post-desc\"><div class=\"post-head\"><\/div><div class=\"post-title\"><h2 class=\"entry-title\" itemprop=\"headline\"><a href=\"https:\/\/www.uroosevelt.edu.pe\/portal\/roosevelt-podcast-la-universidad-roosevelt-lanza-su-podcast\/\">Roosevelt Podcast| La Universidad Roosevelt lanza su podcast<\/a><\/h2><\/div><div class=\"post-excerpt\">La Universidad Roosevelt se enorgullece de presentar su nuevo proyecto: \u00abRoosevelt Podcast\u00bb, un espacio<span class=\"excerpt-hellip\"> [\u2026]<\/span><\/div><div class=\"post-footer\"><div class=\"button-love\"><span class=\"love-text\">Te gusto?<\/span><\/div><div class=\"post-links\"><i class=\"icon-doc-text\"><\/i> <a href=\"https:\/\/www.uroosevelt.edu.pe\/portal\/roosevelt-podcast-la-universidad-roosevelt-lanza-su-podcast\/\" class=\"post-more\">Leer m\u00e1s<\/a><\/div><\/div><\/div><\/div><\/div><\/div><\/div>\n<\/div>\n[\/vc_column_inner][\/vc_row_inner][vc_empty_space height=\u00bb56px\u00bb][\/vc_column][\/vc_row][vc_row full_width=\u00bbstretch_row\u00bb css_animation=\u00bbfadeInUp\u00bb css=\u00bb.vc_custom_1711046435657{background-image: url(https:\/\/www.uroosevelt.edu.pe\/portal\/wp-content\/uploads\/2024\/03\/fondo-rojo2.jpg?id=648) !important;background-position: center !important;background-repeat: no-repeat !important;background-size: cover !important;}\u00bb][vc_column][vc_empty_space][vc_row_inner][vc_column_inner width=\u00bb1\/2&#8243;][vc_column_text el_class=\u00bbrazones\u00bb]<\/p>\n<h1><strong>Inicia tu vida<\/strong><br \/>\n<strong>universitaria en U Roosevelt<\/strong><\/h1>\n<p>[\/vc_column_text][vc_empty_space][vc_single_image image=\u00bb649&#8243; img_size=\u00bbfull\u00bb][vc_empty_space][\/vc_column_inner][vc_column_inner el_class=\u00bbsombra\u00bb width=\u00bb1\/2&#8243; css=\u00bb.vc_custom_1710265477016{padding-right: 20px !important;padding-left: 20px !important;background-color: #ffffff !important;border-radius: 10px !important;}\u00bb][vc_column_text el_class=\u00bbdatos\u00bb]<\/p>\n<h1><strong>D\u00e9janos tus datos<\/strong><\/h1>\n<p>[\/vc_column_text][vc_empty_space][vc_raw_html]JTNDc2NyaXB0JTIwY2hhcnNldCUzRCUyMnV0Zi04JTIyJTIwdHlwZSUzRCUyMnRleHQlMkZqYXZhc2NyaXB0JTIyJTIwc3JjJTNEJTIyJTJGJTJGanMuaHNmb3Jtcy5uZXQlMkZmb3JtcyUyRmVtYmVkJTJGdjIuanMlMjIlM0UlM0MlMkZzY3JpcHQlM0UlMEElM0NzY3JpcHQlM0UlMEElMjAlMjBoYnNwdC5mb3Jtcy5jcmVhdGUlMjglN0IlMEElMjAlMjAlMjAlMjByZWdpb24lM0ElMjAlMjJuYTElMjIlMkMlMEElMjAlMjAlMjAlMjBwb3J0YWxJZCUzQSUyMCUyMjg5MDEzMDklMjIlMkMlMEElMjAlMjAlMjAlMjBmb3JtSWQlM0ElMjAlMjI3NThlYWFmYS1jZGM1LTRmNDQtYTEwNC1jYjFlMzFjMDU5ZDIlMjIlMEElQzIlQTAlQzIlQTAlN0QlMjklM0IlMEElM0MlMkZzY3JpcHQlM0U=[\/vc_raw_html][vc_empty_space][\/vc_column_inner][\/vc_row_inner][vc_empty_space][\/vc_column][\/vc_row]<\/p>\n","protected":false},"excerpt":{"rendered":"<p>[vc_row css_animation=\u00bbfadeIn\u00bb css=\u00bb.vc_custom_1711046304505{margin-top: 0px !important;margin-right: 0px !important;margin-bottom: 0px !important;margin-left: 0px !important;padding-top: 0px !important;padding-right: 0px<span class=\"excerpt-hellip\"> [\u2026]<\/span><\/p>\n","protected":false},"author":4,"featured_media":0,"parent":0,"menu_order":0,"comment_status":"closed","ping_status":"closed","template":"","meta":{"footnotes":""},"_links":{"self":[{"href":"https:\/\/www.uroosevelt.edu.pe\/portal\/wp-json\/wp\/v2\/pages\/1708"}],"collection":[{"href":"https:\/\/www.uroosevelt.edu.pe\/portal\/wp-json\/wp\/v2\/pages"}],"about":[{"href":"https:\/\/www.uroosevelt.edu.pe\/portal\/wp-json\/wp\/v2\/types\/page"}],"author":[{"embeddable":true,"href":"https:\/\/www.uroosevelt.edu.pe\/portal\/wp-json\/wp\/v2\/users\/4"}],"replies":[{"embeddable":true,"href":"https:\/\/www.uroosevelt.edu.pe\/portal\/wp-json\/wp\/v2\/comments?post=1708"}],"version-history":[{"count":4,"href":"https:\/\/www.uroosevelt.edu.pe\/portal\/wp-json\/wp\/v2\/pages\/1708\/revisions"}],"predecessor-version":[{"id":1712,"href":"https:\/\/www.uroosevelt.edu.pe\/portal\/wp-json\/wp\/v2\/pages\/1708\/revisions\/1712"}],"wp:attachment":[{"href":"https:\/\/www.uroosevelt.edu.pe\/portal\/wp-json\/wp\/v2\/media?parent=1708"}],"curies":[{"name":"wp","href":"https:\/\/api.w.org\/{rel}","templated":true}]}}