{"id":1629,"date":"2024-05-02T16:47:25","date_gmt":"2024-05-02T16:47:25","guid":{"rendered":"https:\/\/www.uroosevelt.edu.pe\/portal\/?page_id=1629"},"modified":"2024-08-14T15:20:12","modified_gmt":"2024-08-14T15:20:12","slug":"politicas-de-proteccion-de-datos-personales","status":"publish","type":"page","link":"https:\/\/www.uroosevelt.edu.pe\/portal\/politicas-de-proteccion-de-datos-personales\/","title":{"rendered":"Pol\u00edticas de Protecci\u00f3n de Datos Personales"},"content":{"rendered":"<p>[vc_row full_width=\u00bbstretch_row\u00bb css=\u00bb.vc_custom_1714060469895{background-image: url(https:\/\/www.uroosevelt.edu.pe\/portal\/wp-content\/uploads\/2024\/04\/admision.jpg?id=1460) !important;background-position: center !important;background-repeat: no-repeat !important;background-size: cover !important;}\u00bb][vc_column][vc_empty_space height=\u00bb150px\u00bb][vc_row_inner][vc_column_inner width=\u00bb1\/2&#8243;][vc_column_text el_class=\u00bbtitulo\u00bb css=\u00bb.vc_custom_1714668830991{padding-right: 28px !important;padding-left: 28px !important;}\u00bb]<\/p>\n<h1><strong>Pol\u00edticas de Protecci\u00f3n de Datos Personales<\/strong><\/h1>\n<p>[\/vc_column_text][vc_empty_space][\/vc_column_inner][vc_column_inner width=\u00bb1\/2&#8243;][\/vc_column_inner][\/vc_row_inner][vc_empty_space height=\u00bb200px\u00bb][\/vc_column][\/vc_row][vc_row][vc_column][vc_empty_space][vc_row_inner][vc_column_inner][vc_column_text]La presente pol\u00edtica busca informar sobre el uso y tratamiento de la informaci\u00f3n personal que se recopile o genere a trav\u00e9s de las visitas al sitio web de la Universidad Privada de Huancayo Franklin Roosevelt, de ahora en adelante Universidad Roosevelt; y as\u00ed como aquella informaci\u00f3n personal que entregue y\/o suministre de manera voluntaria.<\/p>\n<p>La Universidad Roosevelt, ubicado en avenida Gir\u00e1ldez N\u00ba 542, Huancayo, Jun\u00edn, Per\u00fa; se reserva la facultad de modificar la presente Pol\u00edtica de Protecci\u00f3n de Datos Personales para adaptarla a las novedades legislativas y jurisprudenciales dentro del marco de la Ley N\u00b0 29733, Ley de Protecci\u00f3n de Datos Personales, su reglamento, directiva y dem\u00e1s normas modificatorias, complementarias y conexas.<\/p>\n<p>Recomendamos mantenerse informado acerca de la Pol\u00edtica de Protecci\u00f3n de Datos<\/p>\n<p>Personales vigente en nuestro portal <a href=\"http:\/\/www.uroosevelt.edu.pe\">www.uroosevelt.edu.pe<\/a>.<\/p>\n<h3><strong>C<\/strong><strong>o<\/strong><strong>mo usuario o interesado<\/strong><\/h3>\n<p>Otorga consentimiento expreso para que los datos personales que facilite queden incorporados en el Banco de Datos de la Universidad Roosevelt y sean tratados para absolver sus consultas, realizar comunicaciones por cualquier canal, enviarle contenidos acad\u00e9micos, brindarle informaci\u00f3n publicitaria de los productos y servicios de la Universidad Roosevelt, seguimiento de un eventual proceso de admisi\u00f3n o matr\u00edcula, an\u00e1lisis de perfiles, publicidad y prospecci\u00f3n comercial, fines estad\u00edsticos, hist\u00f3ricos, cient\u00edficos, atenci\u00f3n de reclamos, invitaci\u00f3n a eventos, mantenimiento del registro de postulantes, realizaci\u00f3n de encuestas y emisi\u00f3n de comprobantes f\u00edsicos y electr\u00f3nicos.<\/p>\n<p>Autoriza a la Universidad Roosevelt a mantener sus datos personales en el banco de datos referido en tanto sean \u00fatiles para la finalidad indicada y excepcionalmente, podr\u00e1 compartir la informaci\u00f3n a terceros, tales como:<\/p>\n<ul>\n<li>A2 Hosting, proveedor de hosting.<\/li>\n<li>HubSpot, proveedor de CRM.<\/li>\n<li>Banco BBVA, cobro de matr\u00edculas, pensiones y otros.<\/li>\n<li>Banco Interbank, cobro de matr\u00edculas, pensiones y otros.<\/li>\n<li>Caja Huancayo, cobro de matr\u00edculas, pensiones y otros.<\/li>\n<li>Medios de comunicaci\u00f3n local y nacional.<\/li>\n<\/ul>\n<p>Esto a efectos de cumplir con los fines descritos, para lo que se adoptar\u00e1n las medidas de seguridad y protecci\u00f3n de confidencialidad.<\/p>\n<h3><strong>C<\/strong><strong>o<\/strong><strong>mo estudiante y egresado<\/strong><\/h3>\n<p>Si eres\u00a0 estudiante o egresado de \u00a0la Universidad Roosevelt, utilizaremos su informaci\u00f3n para los siguientes fines:<\/p>\n<ol>\n<li>Gesti\u00f3n acad\u00e9mica.<\/li>\n<li>Prestaci\u00f3n u ofrecimiento de servicios de la Universidad Roosevelt (educativos, culturales, empresariales, deportivos, entre otros) o de terceros con los que hubi\u00e9ramos suscrito un convenio, en cuyo caso podemos compartir tu informaci\u00f3n, exclusivamente, para este fin.<\/li>\n<li>Invitaci\u00f3n a eventos acad\u00e9micos, culturales, deportivos y similares, organizados por la Universidad y sus respectivas unidades y centro<\/li>\n<li>Atenci\u00f3n de consultas y rec<\/li>\n<li>Actualizaci\u00f3n de tus dato<\/li>\n<li>Cobro de deudas por los servicios educativos prestado<\/li>\n<li>Realizaci\u00f3n de encuest<\/li>\n<li>Evaluaci\u00f3n de solicitudes de cr\u00e9dito educativo, becas propias o de terceros, y otros beneficios proporcionados por la Universidad Roosevelt o por terceros con los que hubi\u00e9ramos suscrito un convenio, en cuyo caso podemos compartir tu informaci\u00f3n, exclusivamente, para este fin.<\/li>\n<li>Certificaci\u00f3n, acreditaci\u00f3n y licenciamiento de la Universidad Roosevelt frente a entidades nacionales e internacion<\/li>\n<li>Gesti\u00f3n de oportunidades laborales en la bolsa de trabajo administrada por la Universidad Roosevelt, para lo cual podremos brindar tus datos de contacto e informaci\u00f3n registrada en nuestra Bolsa de Trabajo, a empresas o entidades interesadas en contar con tus servicios profesional<\/li>\n<li>Atenci\u00f3n de servicios de salud y evaluaciones, para lo cual podemos compartir tu informaci\u00f3n con terceros con los que hubi\u00e9ramos suscrito un convenio, exclusivamente, para este fin.<\/li>\n<li>Obtenci\u00f3n de grados acad\u00e9micos, t\u00edtulos profesionales y su registro ante la SUNED<\/li>\n<li>Contacto con la red de egresados y graduados de la Universidad Roosev<\/li>\n<li>Exposiciones y \u00a0presentaciones \u00a0de \u00a0proyectos \u00a0e \u00a0investigaciones \u00a0en \u00a0ferias\u00a0 y eventos a nivel nacional e internacion<\/li>\n<li>Reporte a instituciones p\u00fablicas por mandato de la ley.<\/li>\n<li>En general, para el cumplimiento de cualquier finalidad conexa con tu relaci\u00f3n como estudiante o egresado de la Universidad Roosev<\/li>\n<\/ol>\n<p>Adicionalmente, utilizaremos tus datos como nombres, apellidos, correo electr\u00f3nico, fotograf\u00edas, grabaciones, unidad acad\u00e9mica, grados acad\u00e9micos, t\u00edtulos profesionales, distinciones, premios obtenidos, publicaciones, producciones e investigaciones para difundirlos en nuestro portal we<a href=\"http:\/\/www.uroosevelt.edu.pe\">b www.uroosevelt.edu.pe<\/a>.<\/p>\n<p>Como estudiante o egresado autorizas a la Universidad Roosevelt a mantener tus datos personales en nuestro banco de datos en tanto sean \u00fatiles para los fines indicados.<\/p>\n<p>Excepcionalmente, la Universidad Roosevelt podr\u00e1 compartir la informaci\u00f3n a terceros, tales como:<\/p>\n<ul>\n<li>A2 Hosting, proveedor de hosting.<\/li>\n<li>HubSpot, proveedor de CRM.<\/li>\n<li>Banco BBVA, cobro de matr\u00edculas, pensiones y otros.<\/li>\n<li>Banco Interbank, cobro de matr\u00edculas, pensiones y otros.<\/li>\n<li>Caja Huancayo, cobro de matr\u00edculas, pensiones y otros.<\/li>\n<li>Medios de comunicaci\u00f3n local y nacional.<\/li>\n<li>Instituciones p\u00fablicas o privadas con las que la Universidad Roosevelt tiene convenios.<\/li>\n<\/ul>\n<p>Esto a efectos de cumplir con los fines descritos, para lo que se adoptar\u00e1n las medidas de seguridad y protecci\u00f3n de confidencialidad.<\/p>\n<h3><strong>C<\/strong><strong>o<\/strong><strong>mo colaborador<\/strong><\/h3>\n<p>Si eres colaborador de la Universidad Roosevelt, trataremos tus datos personales con la finalidad de garantizar la adecuada ejecuci\u00f3n de la relaci\u00f3n contractual de la que eres parte y cumplir las obligaciones legales a nuestro cargo.\u00a0\u00a0 Entre las finalidades vinculadas a la gesti\u00f3n de talento humano est\u00e1n las siguientes:<\/p>\n<ol>\n<li>Administraci\u00f3n de beneficios laborales para los colaboradores y sus derechohabiente<\/li>\n<li>Evaluaci\u00f3n de desempe\u00f1o.<\/li>\n<li>Registros de ingresos y salid<\/li>\n<li>Evaluaciones de salud ocupacion<\/li>\n<li>Consulta y \u00a0reporte\u00a0\u00a0 a \u00a0terceros \u00a0de \u00a0informaci\u00f3n \u00a0referida \u00a0a \u00a0antecedentes personales, penales, profesionales, de desempe\u00f1o, comportamiento crediticio y financiero del colaborado<\/li>\n<li>Compartici\u00f3n de su informaci\u00f3n con terceros que requieran para cumplir con los fines de la Universidad Roosevelt o que por ley estemos obligado<\/li>\n<li>Ofrecimiento y prestaci\u00f3n de productos o servicios ofrecidos por la Universidad Roosevelt o por terceros con los que hubiera suscrito un contrato.<\/li>\n<li>Estudios e investigacion<\/li>\n<li>En general cualquier finalidad conexa con su relaci\u00f3n como colaborador de la Universidad Roosev<\/li>\n<\/ol>\n<p>Adicionalmente, utilizaremos tus datos como nombres, apellidos, correo electr\u00f3nico, \u00e1rea u oficina, estudios universitarios, tel\u00e9fono, grados acad\u00e9micos, t\u00edtulos profesionales, distinciones, premios obtenidos, publicaciones, producciones e investigaciones, de ser el caso, para difundirlos en nuestro portal web <a href=\"http:\/\/www.uroosevelt.edu.pe\">www.uroosevelt.edu.pe<\/a>.<\/p>\n<p>Como colaborador autorizas a la Universidad Roosevelt a mantener tus datos personales en nuestro banco de datos en tanto sean \u00fatiles para los fines indicados.<\/p>\n<p>Excepcionalmente, la Universidad Roosevelt podr\u00e1 compartir la informaci\u00f3n a terceros, tales como:<\/p>\n<ul>\n<li>A2 Hosting, proveedor de hosting.<\/li>\n<li>HubSpot, proveedor de CRM.<\/li>\n<li>Digital Ocean, proveedor de hosting de intranet.<\/li>\n<li>Banco BBVA, pago de remuneraciones y otros beneficios econ\u00f3micos.<\/li>\n<li>Caja Huancayo, pago de CTS.<\/li>\n<li>Medios de comunicaci\u00f3n local y nacional.<\/li>\n<\/ul>\n<p>Esto a efectos de cumplir con los fines descritos, para lo que se adoptar\u00e1n las medidas de seguridad y protecci\u00f3n de confidencialidad.<\/p>\n<h3><strong>C<\/strong><strong>o<\/strong><strong>mo docente<\/strong><\/h3>\n<p>Si eres docente de la Universidad Roosevelt o realiza actividades de apoyo a la labor docente, utilizaremos su informaci\u00f3n para:<\/p>\n<ol>\n<li>Realizar las \u00a0finalidades \u00a0listadas \u00a0para \u00a0los \u00a0colaboradores \u00a0de \u00a0la \u00a0Universidad Roosevelt.<\/li>\n<li>Realizar evaluaciones de desempe\u00f1o y encuestas acad\u00e9m<\/li>\n<li>Certificar, acreditar o licenciar a la Universidad Roosevelt frente a entidades internacionales y\/o nacion<\/li>\n<li>Atender requerimientos \u00a0de \u00a0informaci\u00f3n \u00a0de \u00a0entidades \u00a0de \u00a0la \u00a0Administraci\u00f3n P\u00fab<\/li>\n<li>Poner a disposici\u00f3n de la comunidad universitaria el historial de docencia y los resultados de las encuestas de evaluaci\u00f3n con relaci\u00f3n a los cursos dictado<\/li>\n<li>Otros fines \u00a0de \u00a0\u00edndole \u00a0acad\u00e9mica \u00a0que \u00a0est\u00e9n \u00a0relacionados \u00a0con \u00a0la \u00a0actividad acad\u00e9mica y de servicio del docente.<\/li>\n<\/ol>\n<p>Adicionalmente, utilizaremos tus datos como nombres, apellidos, correo electr\u00f3nico, \u00e1rea u oficina, estudios universitarios, tel\u00e9fono, grados acad\u00e9micos, t\u00edtulos profesionales, distinciones, premios obtenidos, publicaciones, producciones e investigaciones, de ser el caso, para difundirlos en nuestro portal web <a href=\"http:\/\/www.uroosevelt.edu.pe\">www.uroosevelt.edu.pe<\/a>.<\/p>\n<p>Como docente nos autorizas a mantener tus datos personales en nuestro banco de datos en tanto sean \u00fatiles para los fines indicados.<\/p>\n<p>Excepcionalmente, la Universidad Roosevelt podr\u00e1 compartir la informaci\u00f3n a terceros, tales como:<\/p>\n<ul>\n<li>A2 Hosting, proveedor de hosting.<\/li>\n<li>HubSpot, proveedor de CRM.<\/li>\n<li>Digital Ocean, proveedor de hosting de intranet.<\/li>\n<li>Banco BBVA, pago de remuneraciones y otros beneficios econ\u00f3micos.<\/li>\n<li>Banco Interbank, pago de remuneraciones y otros beneficios econ\u00f3micos.<\/li>\n<li>Caja Huancayo, pago de CTS.<\/li>\n<li>Medios de comunicaci\u00f3n local y nacional.<\/li>\n<\/ul>\n<p>Esto a efectos de cumplir con los fines descritos, para lo que se adoptar\u00e1n las medidas de seguridad y protecci\u00f3n de confidencialidad.<\/p>\n<h3><strong>C<\/strong><strong>o<\/strong><strong>n respecto a la transferencia nacional e internacional de datos<\/strong><\/h3>\n<p>Como usuario, estudiante, egresado, colaborador y\/o docente; todos los datos proporcionados se transfieren a Estados Unidos de Am\u00e9rica, donde se encuentran nuestros proveedores de hosting y CRM. As\u00ed tambi\u00e9n a las siguientes universidades, con las cuales contamos con un convenio acad\u00e9mico internacional:<\/p>\n<ul>\n<li>Fundaci\u00f3n Universitaria Colombo Germana-Unigermana \u00a0&#8211; Colombia<\/li>\n<li>Universidad Aut\u00f3noma Del Estado De M\u00e9xico \u2013 M\u00e9xico<\/li>\n<li>Asociaci\u00f3n Cient\u00edfica Latina \u2013 M\u00e9xico<\/li>\n<li>Universidad Del Golfo \u2013 M\u00e9xico<\/li>\n<\/ul>\n<h3><strong>En General<\/strong><\/h3>\n<p>Toda la informaci\u00f3n proporcionada a la Universidad Roosevelt, est\u00e1 almacenada en las siguientes bases de datos<\/p>\n<ul>\n<li>Sigu_Dv_Uroos.<\/li>\n<li>BD Hubspot CRM<\/li>\n<\/ul>\n<p>Los datos ser\u00e1n conservados mientras dure la relaci\u00f3n contractual, comercial y\/o acad\u00e9mica; posteriormente a la misma, se conservar\u00e1n los datos para acciones promocionales hasta que revoque su consentimiento.<\/p>\n<p>Como usuario, estudiante, egresado, colaborador y\/o docente podr\u00e1s ejercer tu derecho de acceso, actualizaci\u00f3n, rectificaci\u00f3n, inclusi\u00f3n, oposici\u00f3n y supresi\u00f3n o cancelaci\u00f3n de datos personales enviando un correo electr\u00f3nico a<a href=\"mailto:marketing@uroosevelt.edu.pe\"> marketing@uroosevelt.edu.pe<\/a> o present\u00e1ndolo f\u00edsicamente en mesa de partes de la Universidad Roosevelt.[\/vc_column_text][vc_empty_space height=\u00bb50px\u00bb][\/vc_column_inner][\/vc_row_inner][\/vc_column][\/vc_row][vc_row full_width=\u00bbstretch_row\u00bb css_animation=\u00bbfadeInUp\u00bb css=\u00bb.vc_custom_1714063296053{background: #efefef url(https:\/\/www.uroosevelt.edu.pe\/portal\/wp-content\/uploads\/2024\/03\/fondo-rojo2.jpg?id=648) !important;background-position: center !important;background-repeat: no-repeat !important;background-size: cover !important;}\u00bb][vc_column][vc_empty_space][vc_row_inner content_placement=\u00bbmiddle\u00bb][vc_column_inner width=\u00bb1\/2&#8243;][vc_column_text el_class=\u00bbrazones\u00bb]<\/p>\n<h1><strong>Inicia tu vida<\/strong><br \/>\n<strong>universitaria en UR<\/strong><\/h1>\n<p>[\/vc_column_text][vc_empty_space][vc_column_text el_class=\u00bbtexto-blanco\u00bb]Somos una instituci\u00f3n educativa con m\u00e1s de 14 a\u00f1os de experiencia,<br \/>\nbrindando la educaci\u00f3n profesional a nuestros estudiantes.[\/vc_column_text][vc_empty_space][vc_single_image image=\u00bb1466&#8243; img_size=\u00bbfull\u00bb][vc_empty_space][\/vc_column_inner][vc_column_inner el_class=\u00bbsombra\u00bb width=\u00bb1\/2&#8243; css=\u00bb.vc_custom_1710265477016{padding-right: 20px !important;padding-left: 20px !important;background-color: #ffffff !important;border-radius: 10px !important;}\u00bb][vc_column_text el_class=\u00bbdatos\u00bb]<\/p>\n<h1><strong>D\u00e9janos tus datos<\/strong><\/h1>\n<p>[\/vc_column_text][vc_empty_space][vc_raw_html]JTNDc2NyaXB0JTIwY2hhcnNldCUzRCUyMnV0Zi04JTIyJTIwdHlwZSUzRCUyMnRleHQlMkZqYXZhc2NyaXB0JTIyJTIwc3JjJTNEJTIyJTJGJTJGanMuaHNmb3Jtcy5uZXQlMkZmb3JtcyUyRmVtYmVkJTJGdjIuanMlMjIlM0UlM0MlMkZzY3JpcHQlM0UlMEElM0NzY3JpcHQlM0UlMEElMjAlMjBoYnNwdC5mb3Jtcy5jcmVhdGUlMjglN0IlMEElMjAlMjAlMjAlMjByZWdpb24lM0ElMjAlMjJuYTElMjIlMkMlMEElMjAlMjAlMjAlMjBwb3J0YWxJZCUzQSUyMCUyMjg5MDEzMDklMjIlMkMlMEElMjAlMjAlMjAlMjBmb3JtSWQlM0ElMjAlMjI3Y2NmNWMzOS04ODQ0LTQyNTAtYTQ4YS05NGEyY2Y5ZWZkZDMlMjIlMEElMjAlMjAlN0QlMjklM0IlMEElM0MlMkZzY3JpcHQlM0U=[\/vc_raw_html][vc_empty_space][\/vc_column_inner][\/vc_row_inner][vc_empty_space height=\u00bb60px\u00bb][\/vc_column][\/vc_row]<\/p>\n","protected":false},"excerpt":{"rendered":"<p>[vc_row full_width=\u00bbstretch_row\u00bb css=\u00bb.vc_custom_1714060469895{background-image: url(https:\/\/www.uroosevelt.edu.pe\/portal\/wp-content\/uploads\/2024\/04\/admision.jpg?id=1460) !important;background-position: center !important;background-repeat: no-repeat !important;background-size: cover !important;}\u00bb][vc_column][vc_empty_space height=\u00bb150px\u00bb][vc_row_inner][vc_column_inner width=\u00bb1\/2&#8243;][vc_column_text el_class=\u00bbtitulo\u00bb<span class=\"excerpt-hellip\"> [\u2026]<\/span><\/p>\n","protected":false},"author":4,"featured_media":0,"parent":0,"menu_order":0,"comment_status":"closed","ping_status":"closed","template":"","meta":{"footnotes":""},"_links":{"self":[{"href":"https:\/\/www.uroosevelt.edu.pe\/portal\/wp-json\/wp\/v2\/pages\/1629"}],"collection":[{"href":"https:\/\/www.uroosevelt.edu.pe\/portal\/wp-json\/wp\/v2\/pages"}],"about":[{"href":"https:\/\/www.uroosevelt.edu.pe\/portal\/wp-json\/wp\/v2\/types\/page"}],"author":[{"embeddable":true,"href":"https:\/\/www.uroosevelt.edu.pe\/portal\/wp-json\/wp\/v2\/users\/4"}],"replies":[{"embeddable":true,"href":"https:\/\/www.uroosevelt.edu.pe\/portal\/wp-json\/wp\/v2\/comments?post=1629"}],"version-history":[{"count":6,"href":"https:\/\/www.uroosevelt.edu.pe\/portal\/wp-json\/wp\/v2\/pages\/1629\/revisions"}],"predecessor-version":[{"id":2018,"href":"https:\/\/www.uroosevelt.edu.pe\/portal\/wp-json\/wp\/v2\/pages\/1629\/revisions\/2018"}],"wp:attachment":[{"href":"https:\/\/www.uroosevelt.edu.pe\/portal\/wp-json\/wp\/v2\/media?parent=1629"}],"curies":[{"name":"wp","href":"https:\/\/api.w.org\/{rel}","templated":true}]}}