{"id":1582,"date":"2024-05-01T23:43:32","date_gmt":"2024-05-01T23:43:32","guid":{"rendered":"https:\/\/www.uroosevelt.edu.pe\/portal\/?page_id=1582"},"modified":"2025-07-31T10:22:32","modified_gmt":"2025-07-31T15:22:32","slug":"intranet","status":"publish","type":"page","link":"https:\/\/www.uroosevelt.edu.pe\/portal\/intranet\/","title":{"rendered":"Intranet"},"content":{"rendered":"<p>[vc_row full_width=\u00bbstretch_row\u00bb css=\u00bb.vc_custom_1714067532166{background-image: url(https:\/\/www.uroosevelt.edu.pe\/portal\/wp-content\/uploads\/2024\/04\/SALA-BIBLIOTECA-SC-05.jpg?id=1115) !important;background-position: center !important;background-repeat: no-repeat !important;background-size: cover !important;}\u00bb][vc_column][vc_empty_space height=\u00bb150px\u00bb][vc_row_inner][vc_column_inner width=\u00bb1\/2&#8243;][vc_column_text el_class=\u00bbtitulo\u00bb css=\u00bb.vc_custom_1714657609745{padding-right: 28px !important;padding-left: 28px !important;}\u00bb]<\/p>\n<h1><strong>Intranet<\/strong><\/h1>\n<p>[\/vc_column_text][vc_empty_space][vc_column_text el_class=\u00bbtexto-blanco\u00bb css=\u00bb.vc_custom_1714657628945{padding-right: 28px !important;padding-left: 28px !important;}\u00bb]Usted se encuentra en una zona segura y privada para docentes y estudiantes de nuestra universidad.[\/vc_column_text][\/vc_column_inner][vc_column_inner width=\u00bb1\/2&#8243;][\/vc_column_inner][\/vc_row_inner][vc_empty_space height=\u00bb200px\u00bb][\/vc_column][\/vc_row][vc_row][vc_column][vc_empty_space][vc_row_inner equal_height=\u00bbyes\u00bb content_placement=\u00bbmiddle\u00bb][vc_column_inner el_class=\u00bbcolumna-borde\u00bb width=\u00bb1\/2&#8243;][vc_empty_space][vc_empty_space]<div class=\"icon_box icon_position_top no_border\"><a class=\"\" href=\"https:\/\/uroosevelt.jedu.pe\/alumno\/entrar\"  ><div class=\"icon_wrapper\"><div class=\"icon\"><i class=\"fas fa-user-graduate\"><\/i><\/div><\/div><div class=\"desc_wrapper\"><h4 class=\"title\">Intranet Estudiantes<\/h4><div class=\"desc\">Para estudiantes de pre grado con matr\u00edcula activa.<\/div><\/div><\/a><\/div>\n[vc_empty_space height=\u00bb15px\u00bb][vc_btn title=\u00bbAcceder\u00bb style=\u00bboutline-custom\u00bb outline_custom_color=\u00bb#910048&#8243; outline_custom_hover_background=\u00bb#910048&#8243; outline_custom_hover_text=\u00bb#fedb00&#8243; shape=\u00bbround\u00bb align=\u00bbcenter\u00bb i_align=\u00bbright\u00bb i_type=\u00bbtypicons\u00bb i_icon_typicons=\u00bbtypcn typcn-chevron-right-outline\u00bb add_icon=\u00bbtrue\u00bb link=\u00bburl:https%3A%2F%2Furoosevelt.jedu.pe%2Falumno%2Fentrar|||\u00bb css=\u00bb.vc_custom_1752512053643{padding-right: 28px !important;padding-left: 28px !important;}\u00bb][vc_empty_space][\/vc_column_inner][vc_column_inner width=\u00bb1\/2&#8243;][vc_single_image image=\u00bb1592&#8243; img_size=\u00bbfull\u00bb alignment=\u00bbcenter\u00bb][\/vc_column_inner][\/vc_row_inner][vc_empty_space height=\u00bb60px\u00bb][\/vc_column][\/vc_row][vc_row css=\u00bb.vc_custom_1714606366888{background-color: #efefef !important;border-radius: 10px !important;}\u00bb][vc_column][vc_row_inner][vc_column_inner width=\u00bb1\/2&#8243; css=\u00bb.vc_custom_1714606651554{margin-top: 0px !important;border-right-width: 2px !important;padding-top: 0px !important;padding-right: 28px !important;padding-left: 28px !important;border-right-color: #cccccc !important;border-right-style: solid !important;}\u00bb]<div class=\"icon_box icon_position_top no_border\"><a class=\"\" href=\"https:\/\/uroosevelt.jedu.pe\/docente\/entrar\"  ><div class=\"icon_wrapper\"><div class=\"icon\"><i class=\"fas fa-chalkboard-teacher\"><\/i><\/div><\/div><div class=\"desc_wrapper\"><h4 class=\"title\">Intranet Docentes<\/h4><div class=\"desc\">Acceso para maestros y directivos.<\/div><\/div><\/a><\/div>\n[\/vc_column_inner][vc_column_inner width=\u00bb1\/2&#8243; css=\u00bb.vc_custom_1750085775873{margin-top: 0px !important;padding-top: 0px !important;padding-right: 28px !important;padding-left: 28px !important;}\u00bb]<div class=\"icon_box icon_position_top no_border\"><a class=\"\" href=\"https:\/\/uroosevelt.jedu.pe\/admin\/entrar\"  ><div class=\"icon_wrapper\"><div class=\"icon\"><i class=\"fas fa-building\"><\/i><\/div><\/div><div class=\"desc_wrapper\"><h4 class=\"title\">Intranet Administrativo<\/h4><div class=\"desc\">Acceso para el equipo administrativo.<\/div><\/div><\/a><\/div>\n[\/vc_column_inner][\/vc_row_inner][vc_empty_space height=\u00bb50px\u00bb][\/vc_column][\/vc_row][vc_row][vc_column][vc_empty_space height=\u00bb50px\u00bb][\/vc_column][\/vc_row][vc_row][vc_column][vc_row_inner][vc_column_inner][vc_column_text]<\/p>\n<h1 style=\"text-align: center;\"><strong>\u00bfNecesitas ayuda?<\/strong><\/h1>\n<p>[\/vc_column_text][vc_empty_space][vc_column_text]<\/p>\n<p style=\"text-align: center;\">Aqu\u00ed puedes descargar nuestros manuales para que puedas usar de manera \u00f3ptima y adecuada nuestros servicios de intranet y aula virtual:<\/p>\n<p>[\/vc_column_text][\/vc_column_inner][\/vc_row_inner][vc_empty_space height=\u00bb50px\u00bb][vc_row_inner][vc_column_inner width=\u00bb1\/3&#8243;]<div class=\"icon_box icon_position_top no_border\"><a class=\"\" href=\"https:\/\/uroosevelt.edu.pe\/wp-content\/uploads\/2021\/03\/MANUAL-USUARIO-AULA-VIRTUAL-SIGU-ESTUDIANTE-1-1-2.pdf?b605ac&#038;b605ac\"  ><div class=\"icon_wrapper\"><div class=\"icon\"><i class=\"fas fa-laptop\"><\/i><\/div><\/div><div class=\"desc_wrapper\"><h4 class=\"title\">Manual para el Campus Virtual<\/h4><\/div><\/a><\/div>\n[\/vc_column_inner][vc_column_inner width=\u00bb1\/3&#8243;]<div class=\"icon_box icon_position_top no_border\"><a class=\"\" href=\"https:\/\/drive.google.com\/file\/d\/12uS8STpqiDmHd53Ezmunbv3fKfTh2S7p\/view\"  ><div class=\"icon_wrapper\"><div class=\"icon\"><i class=\"fas fa-user-graduate\"><\/i><\/div><\/div><div class=\"desc_wrapper\"><h4 class=\"title\">Manual para Intranet de Estudiantes<\/h4><\/div><\/a><\/div>\n[\/vc_column_inner][vc_column_inner width=\u00bb1\/3&#8243;]<div class=\"icon_box icon_position_top no_border\"><a class=\"\" href=\"https:\/\/drive.google.com\/file\/d\/14N9g5rze78RIODlZHVHSMGUpXSc0YmT1\/view\"  ><div class=\"icon_wrapper\"><div class=\"icon\"><i class=\"fas fa-users-cog\"><\/i><\/div><\/div><div class=\"desc_wrapper\"><h4 class=\"title\">Manual para Intranet de Docentes<\/h4><\/div><\/a><\/div>\n[\/vc_column_inner][\/vc_row_inner][vc_empty_space height=\u00bb50px\u00bb][\/vc_column][\/vc_row][vc_row full_width=\u00bbstretch_row\u00bb css_animation=\u00bbfadeInUp\u00bb css=\u00bb.vc_custom_1753975354326{background-color: #910048 !important;background-position: center !important;background-repeat: no-repeat !important;background-size: cover !important;}\u00bb][vc_column][vc_empty_space][vc_row_inner content_placement=\u00bbmiddle\u00bb][vc_column_inner width=\u00bb1\/2&#8243;][vc_column_text el_class=\u00bbrazones\u00bb]<\/p>\n<h1><strong>Inicia tu vida<\/strong><br \/>\n<strong>universitaria en UR<\/strong><\/h1>\n<p>[\/vc_column_text][vc_empty_space][vc_column_text el_class=\u00bbtexto-blanco\u00bb]Somos una instituci\u00f3n educativa con m\u00e1s de 14 a\u00f1os de experiencia,<br \/>\nbrindando la educaci\u00f3n profesional a nuestros estudiantes.[\/vc_column_text][vc_empty_space][vc_single_image image=\u00bb1466&#8243; img_size=\u00bbfull\u00bb][vc_empty_space][\/vc_column_inner][vc_column_inner el_class=\u00bbsombra\u00bb width=\u00bb1\/2&#8243; css=\u00bb.vc_custom_1710265477016{padding-right: 20px !important;padding-left: 20px !important;background-color: #ffffff !important;border-radius: 10px !important;}\u00bb][vc_column_text el_class=\u00bbdatos\u00bb]<\/p>\n<h1><strong>D\u00e9janos tus datos<\/strong><\/h1>\n<p>[\/vc_column_text][vc_empty_space][vc_raw_html]JTNDc2NyaXB0JTIwY2hhcnNldCUzRCUyMnV0Zi04JTIyJTIwdHlwZSUzRCUyMnRleHQlMkZqYXZhc2NyaXB0JTIyJTIwc3JjJTNEJTIyJTJGJTJGanMuaHNmb3Jtcy5uZXQlMkZmb3JtcyUyRmVtYmVkJTJGdjIuanMlMjIlM0UlM0MlMkZzY3JpcHQlM0UlMEElM0NzY3JpcHQlM0UlMEElMjAlMjBoYnNwdC5mb3Jtcy5jcmVhdGUlMjglN0IlMEElMjAlMjAlMjAlMjByZWdpb24lM0ElMjAlMjJuYTElMjIlMkMlMEElMjAlMjAlMjAlMjBwb3J0YWxJZCUzQSUyMCUyMjg5MDEzMDklMjIlMkMlMEElMjAlMjAlMjAlMjBmb3JtSWQlM0ElMjAlMjI3Y2NmNWMzOS04ODQ0LTQyNTAtYTQ4YS05NGEyY2Y5ZWZkZDMlMjIlMEElMjAlMjAlN0QlMjklM0IlMEElM0MlMkZzY3JpcHQlM0U=[\/vc_raw_html][vc_empty_space][\/vc_column_inner][\/vc_row_inner][vc_empty_space height=\u00bb60px\u00bb][\/vc_column][\/vc_row]<\/p>\n","protected":false},"excerpt":{"rendered":"<p>[vc_row full_width=\u00bbstretch_row\u00bb css=\u00bb.vc_custom_1714067532166{background-image: url(https:\/\/www.uroosevelt.edu.pe\/portal\/wp-content\/uploads\/2024\/04\/SALA-BIBLIOTECA-SC-05.jpg?id=1115) !important;background-position: center !important;background-repeat: no-repeat !important;background-size: cover !important;}\u00bb][vc_column][vc_empty_space height=\u00bb150px\u00bb][vc_row_inner][vc_column_inner width=\u00bb1\/2&#8243;][vc_column_text el_class=\u00bbtitulo\u00bb<span class=\"excerpt-hellip\"> [\u2026]<\/span><\/p>\n","protected":false},"author":4,"featured_media":0,"parent":0,"menu_order":0,"comment_status":"closed","ping_status":"closed","template":"","meta":{"footnotes":""},"_links":{"self":[{"href":"https:\/\/www.uroosevelt.edu.pe\/portal\/wp-json\/wp\/v2\/pages\/1582"}],"collection":[{"href":"https:\/\/www.uroosevelt.edu.pe\/portal\/wp-json\/wp\/v2\/pages"}],"about":[{"href":"https:\/\/www.uroosevelt.edu.pe\/portal\/wp-json\/wp\/v2\/types\/page"}],"author":[{"embeddable":true,"href":"https:\/\/www.uroosevelt.edu.pe\/portal\/wp-json\/wp\/v2\/users\/4"}],"replies":[{"embeddable":true,"href":"https:\/\/www.uroosevelt.edu.pe\/portal\/wp-json\/wp\/v2\/comments?post=1582"}],"version-history":[{"count":22,"href":"https:\/\/www.uroosevelt.edu.pe\/portal\/wp-json\/wp\/v2\/pages\/1582\/revisions"}],"predecessor-version":[{"id":2981,"href":"https:\/\/www.uroosevelt.edu.pe\/portal\/wp-json\/wp\/v2\/pages\/1582\/revisions\/2981"}],"wp:attachment":[{"href":"https:\/\/www.uroosevelt.edu.pe\/portal\/wp-json\/wp\/v2\/media?parent=1582"}],"curies":[{"name":"wp","href":"https:\/\/api.w.org\/{rel}","templated":true}]}}