{"id":1571,"date":"2024-05-01T23:03:29","date_gmt":"2024-05-01T23:03:29","guid":{"rendered":"https:\/\/www.uroosevelt.edu.pe\/portal\/?page_id=1571"},"modified":"2025-08-09T08:25:00","modified_gmt":"2025-08-09T13:25:00","slug":"mesa-de-partes","status":"publish","type":"page","link":"https:\/\/www.uroosevelt.edu.pe\/portal\/mesa-de-partes\/","title":{"rendered":"Mesa de Partes"},"content":{"rendered":"<p>[vc_row full_width=\u00bbstretch_row\u00bb css=\u00bb.vc_custom_1714067532166{background-image: url(https:\/\/www.uroosevelt.edu.pe\/portal\/wp-content\/uploads\/2024\/04\/SALA-BIBLIOTECA-SC-05.jpg?id=1115) !important;background-position: center !important;background-repeat: no-repeat !important;background-size: cover !important;}\u00bb][vc_column][vc_empty_space height=\u00bb150px\u00bb][vc_row_inner][vc_column_inner width=\u00bb1\/2&#8243;][vc_column_text el_class=\u00bbtitulo\u00bb css=\u00bb.vc_custom_1714603976752{padding-right: 28px !important;padding-left: 28px !important;}\u00bb]<\/p>\n<h1><strong>Mesa de Partes<\/strong><\/h1>\n<p>[\/vc_column_text][vc_empty_space][vc_column_text el_class=\u00bbtexto-blanco\u00bb css=\u00bb.vc_custom_1714603994257{padding-right: 28px !important;padding-left: 28px !important;}\u00bb]La\u00a0<strong>Universidad Roosevelt<\/strong>, en m\u00e9rito al estado de emergencia, a establecido por el\u00a0<strong>Decreto Supremo N\u00b0044-2020-PCM<\/strong>, la implementaci\u00f3n de una Mesa de Partes Virtual que permitir\u00e1 gestionar tr\u00e1mites documentarios.[\/vc_column_text][\/vc_column_inner][vc_column_inner width=\u00bb1\/2&#8243;][\/vc_column_inner][\/vc_row_inner][vc_empty_space height=\u00bb200px\u00bb][\/vc_column][\/vc_row][vc_row][vc_column][vc_empty_space][vc_row_inner equal_height=\u00bbyes\u00bb content_placement=\u00bbmiddle\u00bb][vc_column_inner el_class=\u00bbcolumna-borde\u00bb width=\u00bb1\/2&#8243;][vc_empty_space][vc_column_text el_class=\u00bbtexto1&#8243;]<\/p>\n<h1><strong>Horario de Atenci\u00f3n<\/strong><\/h1>\n<p>[\/vc_column_text][vc_empty_space]<div class=\"aio-icon-component    style_1\"><div id=\"Info-box-wrap-4920\" class=\"aio-icon-box default-icon\" style=\"\"  ><div class=\"aio-icon-default\"><div class=\"ult-just-icon-wrapper  \"><div class=\"align-icon\" style=\"text-align:center;\">\n<div class=\"aio-icon none \"  style=\"color:#910048;font-size:15px;display:inline-block;\">\n\t<i class=\"Defaults-envelope-o\"><\/i>\n<\/div><\/div><\/div><\/div><div class=\"aio-icon-header\" ><h3 class=\"aio-icon-title ult-responsive\"  data-ultimate-target='#Info-box-wrap-4920 .aio-icon-title'  data-responsive-json-new='{\"font-size\":\"\",\"line-height\":\"\"}'  style=\"\">mesadepartes@uroosevelt.edu.pe<\/h3><\/div> <!-- header --><\/div> <!-- aio-icon-box --><\/div> <!-- aio-icon-component --><div class=\"aio-icon-component    style_1\"><div id=\"Info-box-wrap-2317\" class=\"aio-icon-box default-icon\" style=\"\"  ><div class=\"aio-icon-default\"><div class=\"ult-just-icon-wrapper  \"><div class=\"align-icon\" style=\"text-align:center;\">\n<div class=\"aio-icon none \"  style=\"color:#910048;font-size:15px;display:inline-block;\">\n\t<i class=\"Defaults-clock-o\"><\/i>\n<\/div><\/div><\/div><\/div><div class=\"aio-icon-header\" ><h3 class=\"aio-icon-title ult-responsive\"  data-ultimate-target='#Info-box-wrap-2317 .aio-icon-title'  data-responsive-json-new='{\"font-size\":\"\",\"line-height\":\"\"}'  style=\"\">Lunes a Viernes: 08:00 am a 1:00 pm y de 04:00 pm a 07:00pm.<\/h3><\/div> <!-- header --><\/div> <!-- aio-icon-box --><\/div> <!-- aio-icon-component --><div class=\"aio-icon-component    style_1\"><div id=\"Info-box-wrap-7611\" class=\"aio-icon-box default-icon\" style=\"\"  ><div class=\"aio-icon-default\"><div class=\"ult-just-icon-wrapper  \"><div class=\"align-icon\" style=\"text-align:center;\">\n<div class=\"aio-icon none \"  style=\"color:#910048;font-size:15px;display:inline-block;\">\n\t<i class=\"Defaults-clock-o\"><\/i>\n<\/div><\/div><\/div><\/div><div class=\"aio-icon-header\" ><h3 class=\"aio-icon-title ult-responsive\"  data-ultimate-target='#Info-box-wrap-7611 .aio-icon-title'  data-responsive-json-new='{\"font-size\":\"\",\"line-height\":\"\"}'  style=\"\">S\u00e1bado: 08:00 am a 1:00 pm<\/h3><\/div> <!-- header --><\/div> <!-- aio-icon-box --><\/div> <!-- aio-icon-component --><div class=\"aio-icon-component    style_1\"><a class=\"aio-icon-box-link\" href=\"https:\/\/wa.link\/njamgl\"   ><div id=\"Info-box-wrap-2995\" class=\"aio-icon-box default-icon\" style=\"\"  ><div class=\"aio-icon-default\"><div class=\"ult-just-icon-wrapper  \"><div class=\"align-icon\" style=\"text-align:center;\">\n<div class=\"aio-icon none \"  style=\"color:#910048;font-size:15px;display:inline-block;\">\n\t<i class=\"Defaults-phone\"><\/i>\n<\/div><\/div><\/div><\/div><div class=\"aio-icon-header\" ><h3 class=\"aio-icon-title ult-responsive\"  data-ultimate-target='#Info-box-wrap-2995 .aio-icon-title'  data-responsive-json-new='{\"font-size\":\"\",\"line-height\":\"\"}'  style=\"\">998987780<\/h3><\/div> <!-- header --><\/div> <!-- aio-icon-box --><\/a><\/div> <!-- aio-icon-component -->[vc_empty_space][\/vc_column_inner][vc_column_inner width=\u00bb1\/2&#8243;][vc_single_image image=\u00bb2988&#8243; img_size=\u00bbfull\u00bb alignment=\u00bbcenter\u00bb][\/vc_column_inner][\/vc_row_inner][vc_empty_space height=\u00bb60px\u00bb][\/vc_column][\/vc_row][vc_row][vc_column][vc_row_inner][vc_column_inner][vc_column_text]<\/p>\n<h1 class=\"elementor-heading-title elementor-size-xl\" style=\"text-align: center;\"><strong>Formatos \u00danicos de Tr\u00e1mites (FUT)<\/strong><\/h1>\n<p>[\/vc_column_text][vc_empty_space height=\u00bb20px\u00bb][vc_column_text]<\/p>\n<p style=\"text-align: center;\">Descargue aqu\u00ed los formatos en archivos WORD para su correcto llenado:<\/p>\n<p>[\/vc_column_text][\/vc_column_inner][\/vc_row_inner][vc_empty_space height=\u00bb50px\u00bb][vc_row_inner][vc_column_inner width=\u00bb1\/4&#8243;]<div class=\"icon_box icon_position_top no_border\"><a class=\"\" href=\"https:\/\/docs.google.com\/document\/d\/1eoshir6bwNfU1EEgkG5IUjY9mxt9If9S\/export?format=docx\"  ><div class=\"icon_wrapper\"><div class=\"icon\"><i class=\"fas fa-file-alt\"><\/i><\/div><\/div><div class=\"desc_wrapper\"><h4 class=\"title\">Solicitud General<\/h4><\/div><\/a><\/div>\n[\/vc_column_inner][vc_column_inner width=\u00bb1\/4&#8243;]<div class=\"icon_box icon_position_top no_border\"><a class=\"\" href=\"https:\/\/drive.google.com\/file\/d\/1i5dJZE-eYMKvCq_4Tib32IEeNsh-9DK-\/view\" target=\"_blank\" ><div class=\"icon_wrapper\"><div class=\"icon\"><i class=\"fas fa-briefcase\"><\/i><\/div><\/div><div class=\"desc_wrapper\"><h4 class=\"title\">Trabajo de Suficiencia Profesional<\/h4><\/div><\/a><\/div>\n[\/vc_column_inner][vc_column_inner width=\u00bb1\/4&#8243;]<div class=\"icon_box icon_position_top no_border\"><a class=\"\" href=\"https:\/\/drive.google.com\/file\/d\/1RF2Pmn5eMAPH3s2s6NvIbFGIhfzcQsVr\/view\" target=\"_blank\" ><div class=\"icon_wrapper\"><div class=\"icon\"><i class=\"fas fa-laptop\"><\/i><\/div><\/div><div class=\"desc_wrapper\"><h4 class=\"title\">Trabajo de Suficiencia Profesional - Celulares<\/h4><\/div><\/a><\/div>\n[\/vc_column_inner][vc_column_inner width=\u00bb1\/4&#8243;]<div class=\"icon_box icon_position_top no_border\"><a class=\"\" href=\"https:\/\/play.google.com\/store\/apps\/details?id=com.microsoft.office.word\" target=\"_blank\" ><div class=\"icon_wrapper\"><div class=\"icon\"><i class=\"fas fa-mobile-alt\"><\/i><\/div><\/div><div class=\"desc_wrapper\"><h4 class=\"title\">APP Word para edici\u00f3n desde celulares<\/h4><\/div><\/a><\/div>\n[\/vc_column_inner][\/vc_row_inner][vc_empty_space height=\u00bb50px\u00bb][\/vc_column][\/vc_row][vc_row css=\u00bb.vc_custom_1714606366888{background-color: #efefef !important;border-radius: 10px !important;}\u00bb][vc_column][vc_row_inner][vc_column_inner width=\u00bb1\/2&#8243; css=\u00bb.vc_custom_1714606651554{margin-top: 0px !important;border-right-width: 2px !important;padding-top: 0px !important;padding-right: 28px !important;padding-left: 28px !important;border-right-color: #cccccc !important;border-right-style: solid !important;}\u00bb][vc_column_text]<\/p>\n<h1 class=\"elementor-heading-title elementor-size-xl\" style=\"text-align: center;\"><strong>Tener presente:<\/strong><\/h1>\n<p>[\/vc_column_text][vc_empty_space][vc_column_text]<\/p>\n<div data-id=\"7c89393\" data-element_type=\"widget\" data-widget_type=\"heading.default\">\n<div>\n<ul>\n<li>Debes escanear los documentos a adjuntar en formato PDF, y este no debe sobrepasar un tama\u00f1o de 3 MB.<\/li>\n<li>El documento tiene que estar dirigido a una solo \u00e1rea de la Universidad (Rectorado, Vicerrectorado, Decanatura, Escuela Acad\u00e9mica Profesional u otra oficina) y adjuntarlo como archivo al correo.<\/li>\n<li>A\u00a0partir de su recepci\u00f3n, estos ser\u00e1n registrados y derivados al \u00e1rea correspondiente para su atenci\u00f3n, luego se responder\u00e1 en el plazo de acuerdo a las normas del marco social, con el n\u00famero de expediente del documento para su seguimiento; cumpli\u00e9ndose el procedimiento regular que se realiza con todos los documentos ingresados por Mesa de Partes.<\/li>\n<\/ul>\n<\/div>\n<\/div>\n<div class=\"elementor-element elementor-element-81794d7 elementor-widget elementor-widget-text-editor\" data-id=\"81794d7\" data-element_type=\"widget\" data-widget_type=\"text-editor.default\">\n<div class=\"elementor-widget-container\">\n<h5 class=\"elementor-text-editor elementor-clearfix\"><\/h5>\n<\/div>\n<\/div>\n<p>[\/vc_column_text][\/vc_column_inner][vc_column_inner width=\u00bb1\/2&#8243; css=\u00bb.vc_custom_1714606468874{padding-right: 28px !important;padding-left: 28px !important;}\u00bb][vc_column_text]<\/p>\n<h1 class=\"elementor-heading-title elementor-size-xl\" style=\"text-align: center;\"><strong>Importante:<\/strong><\/h1>\n<p>[\/vc_column_text][vc_empty_space][vc_column_text]<\/p>\n<div data-id=\"3fd138f\" data-element_type=\"widget\" data-widget_type=\"heading.default\">\n<div>\n<ul>\n<li>Se gestionar\u00e1 los documentos de las \u00e1reas u oficinas con atenci\u00f3n virtual, caso contrario se les responder\u00e1 al correo explicando la forma de atenci\u00f3n del tr\u00e1mite.<\/li>\n<li>Se recomienda rellenar el formato de solicitud desde una computadora para completar de manera \u00e1gil, r\u00e1pida y sencilla.<\/li>\n<li>Con respecto a la solicitud del trabajo de suficiencia profesional, adicional a la solicitud adjuntar al correo los documentos mencionados en el formato, todos en PDF<\/li>\n<\/ul>\n<\/div>\n<\/div>\n<div data-id=\"04cd7c1\" data-element_type=\"widget\" data-widget_type=\"text-editor.default\">\n<div>\n<div><\/div>\n<\/div>\n<\/div>\n<p>[\/vc_column_text][\/vc_column_inner][\/vc_row_inner][vc_empty_space height=\u00bb50px\u00bb][\/vc_column][\/vc_row][vc_row][vc_column][vc_empty_space height=\u00bb50px\u00bb][\/vc_column][\/vc_row][vc_row full_width=\u00bbstretch_row\u00bb css_animation=\u00bbfadeInUp\u00bb css=\u00bb.vc_custom_1753975536168{background-color: #910048 !important;background-position: center !important;background-repeat: no-repeat !important;background-size: cover !important;}\u00bb][vc_column][vc_empty_space][vc_row_inner content_placement=\u00bbmiddle\u00bb][vc_column_inner width=\u00bb1\/2&#8243;][vc_column_text el_class=\u00bbrazones\u00bb]<\/p>\n<h1><strong>Inicia tu vida<\/strong><br \/>\n<strong>universitaria en UR<\/strong><\/h1>\n<p>[\/vc_column_text][vc_empty_space][vc_column_text el_class=\u00bbtexto-blanco\u00bb]Somos una instituci\u00f3n educativa con m\u00e1s de 14 a\u00f1os de experiencia,<br \/>\nbrindando la educaci\u00f3n profesional a nuestros estudiantes.[\/vc_column_text][vc_empty_space][vc_single_image image=\u00bb1466&#8243; img_size=\u00bbfull\u00bb][vc_empty_space][\/vc_column_inner][vc_column_inner el_class=\u00bbsombra\u00bb width=\u00bb1\/2&#8243; css=\u00bb.vc_custom_1710265477016{padding-right: 20px !important;padding-left: 20px !important;background-color: #ffffff !important;border-radius: 10px !important;}\u00bb][vc_column_text el_class=\u00bbdatos\u00bb]<\/p>\n<h1><strong>D\u00e9janos tus datos<\/strong><\/h1>\n<p>[\/vc_column_text][vc_empty_space][vc_raw_html]JTNDc2NyaXB0JTIwY2hhcnNldCUzRCUyMnV0Zi04JTIyJTIwdHlwZSUzRCUyMnRleHQlMkZqYXZhc2NyaXB0JTIyJTIwc3JjJTNEJTIyJTJGJTJGanMuaHNmb3Jtcy5uZXQlMkZmb3JtcyUyRmVtYmVkJTJGdjIuanMlMjIlM0UlM0MlMkZzY3JpcHQlM0UlMEElM0NzY3JpcHQlM0UlMEElMjAlMjBoYnNwdC5mb3Jtcy5jcmVhdGUlMjglN0IlMEElMjAlMjAlMjAlMjByZWdpb24lM0ElMjAlMjJuYTElMjIlMkMlMEElMjAlMjAlMjAlMjBwb3J0YWxJZCUzQSUyMCUyMjg5MDEzMDklMjIlMkMlMEElMjAlMjAlMjAlMjBmb3JtSWQlM0ElMjAlMjI3Y2NmNWMzOS04ODQ0LTQyNTAtYTQ4YS05NGEyY2Y5ZWZkZDMlMjIlMEElMjAlMjAlN0QlMjklM0IlMEElM0MlMkZzY3JpcHQlM0U=[\/vc_raw_html][vc_empty_space][\/vc_column_inner][\/vc_row_inner][vc_empty_space height=\u00bb60px\u00bb][\/vc_column][\/vc_row]<\/p>\n","protected":false},"excerpt":{"rendered":"<p>[vc_row full_width=\u00bbstretch_row\u00bb css=\u00bb.vc_custom_1714067532166{background-image: url(https:\/\/www.uroosevelt.edu.pe\/portal\/wp-content\/uploads\/2024\/04\/SALA-BIBLIOTECA-SC-05.jpg?id=1115) !important;background-position: center !important;background-repeat: no-repeat !important;background-size: cover !important;}\u00bb][vc_column][vc_empty_space height=\u00bb150px\u00bb][vc_row_inner][vc_column_inner width=\u00bb1\/2&#8243;][vc_column_text el_class=\u00bbtitulo\u00bb<span class=\"excerpt-hellip\"> [\u2026]<\/span><\/p>\n","protected":false},"author":4,"featured_media":0,"parent":0,"menu_order":0,"comment_status":"closed","ping_status":"closed","template":"","meta":{"footnotes":""},"_links":{"self":[{"href":"https:\/\/www.uroosevelt.edu.pe\/portal\/wp-json\/wp\/v2\/pages\/1571"}],"collection":[{"href":"https:\/\/www.uroosevelt.edu.pe\/portal\/wp-json\/wp\/v2\/pages"}],"about":[{"href":"https:\/\/www.uroosevelt.edu.pe\/portal\/wp-json\/wp\/v2\/types\/page"}],"author":[{"embeddable":true,"href":"https:\/\/www.uroosevelt.edu.pe\/portal\/wp-json\/wp\/v2\/users\/4"}],"replies":[{"embeddable":true,"href":"https:\/\/www.uroosevelt.edu.pe\/portal\/wp-json\/wp\/v2\/comments?post=1571"}],"version-history":[{"count":24,"href":"https:\/\/www.uroosevelt.edu.pe\/portal\/wp-json\/wp\/v2\/pages\/1571\/revisions"}],"predecessor-version":[{"id":2997,"href":"https:\/\/www.uroosevelt.edu.pe\/portal\/wp-json\/wp\/v2\/pages\/1571\/revisions\/2997"}],"wp:attachment":[{"href":"https:\/\/www.uroosevelt.edu.pe\/portal\/wp-json\/wp\/v2\/media?parent=1571"}],"curies":[{"name":"wp","href":"https:\/\/api.w.org\/{rel}","templated":true}]}}