{"id":1547,"date":"2024-04-30T20:10:31","date_gmt":"2024-04-30T20:10:31","guid":{"rendered":"https:\/\/www.uroosevelt.edu.pe\/portal\/?page_id=1547"},"modified":"2025-06-25T11:18:37","modified_gmt":"2025-06-25T16:18:37","slug":"tic","status":"publish","type":"page","link":"https:\/\/www.uroosevelt.edu.pe\/portal\/tic\/","title":{"rendered":"TIC"},"content":{"rendered":"<p>[vc_row full_width=\u00bbstretch_row\u00bb css=\u00bb.vc_custom_1714067532166{background-image: url(https:\/\/www.uroosevelt.edu.pe\/portal\/wp-content\/uploads\/2024\/04\/SALA-BIBLIOTECA-SC-05.jpg?id=1115) !important;background-position: center !important;background-repeat: no-repeat !important;background-size: cover !important;}\u00bb][vc_column][vc_empty_space height=\u00bb150px\u00bb][vc_row_inner][vc_column_inner width=\u00bb2\/3&#8243;][vc_column_text el_class=\u00bbtitulo\u00bb css=\u00bb.vc_custom_1714507649931{padding-right: 28px !important;padding-left: 28px !important;}\u00bb]<\/p>\n<h1 class=\"elementor-heading-title elementor-size-xl\"><strong>Tecnolog\u00edas de la Informaci\u00f3n y Comunicaci\u00f3n<\/strong><\/h1>\n<p>[\/vc_column_text][vc_empty_space][vc_column_text el_class=\u00bbtexto-blanco\u00bb css=\u00bb.vc_custom_1714507636323{padding-left: 28px !important;}\u00bb]En la oficina de TIC (Tecnologias de la Informaci\u00f3n y Comunicaci\u00f3n).\u00a0 Tiene como objetivo contribuir al procesamiento de la\u00a0Informaci\u00f3n Educativa. Mejorando y optimizando los procesos de ense\u00f1anza y aprendizaje, facilitando la colaboraci\u00f3n entre docentes y estudiantes. Mejorando la calidad del aprendizaje por medio de las Tecnolog\u00edas que nos permiten llevar tareas, procesos de forma m\u00e1s \u00e1gil y oportuna.[\/vc_column_text][\/vc_column_inner][vc_column_inner width=\u00bb1\/3&#8243;][\/vc_column_inner][\/vc_row_inner][vc_empty_space height=\u00bb200px\u00bb][\/vc_column][\/vc_row][vc_row][vc_column][vc_empty_space][vc_row_inner equal_height=\u00bbyes\u00bb content_placement=\u00bbmiddle\u00bb][vc_column_inner el_class=\u00bbcolumna-borde\u00bb width=\u00bb1\/2&#8243;][vc_empty_space][vc_column_text el_class=\u00bbtexto1&#8243;]Ing. Christ D. Espinal Tufino[\/vc_column_text][vc_empty_space]<div class=\"aio-icon-component    style_1\"><div id=\"Info-box-wrap-3863\" class=\"aio-icon-box default-icon\" style=\"\"  ><div class=\"aio-icon-default\"><div class=\"ult-just-icon-wrapper  \"><div class=\"align-icon\" style=\"text-align:center;\">\n<div class=\"aio-icon none \"  style=\"color:#b3001e;font-size:15px;display:inline-block;\">\n\t<i class=\"Defaults-clock-o\"><\/i>\n<\/div><\/div><\/div><\/div><div class=\"aio-icon-header\" ><h3 class=\"aio-icon-title ult-responsive\"  data-ultimate-target='#Info-box-wrap-3863 .aio-icon-title'  data-responsive-json-new='{\"font-size\":\"\",\"line-height\":\"\"}'  style=\"\">Lunes a Sabados de 08:00 a.m. a 01:00 p.m. y de 03:00 a.m. a 06:00 p.m.<\/h3><\/div> <!-- header --><\/div> <!-- aio-icon-box --><\/div> <!-- aio-icon-component --><div class=\"aio-icon-component    style_1\"><div id=\"Info-box-wrap-3567\" class=\"aio-icon-box default-icon\" style=\"\"  ><div class=\"aio-icon-default\"><div class=\"ult-just-icon-wrapper  \"><div class=\"align-icon\" style=\"text-align:center;\">\n<div class=\"aio-icon none \"  style=\"color:#b3001e;font-size:15px;display:inline-block;\">\n\t<i class=\"Defaults-clock-o\"><\/i>\n<\/div><\/div><\/div><\/div><div class=\"aio-icon-header\" ><h3 class=\"aio-icon-title ult-responsive\"  data-ultimate-target='#Info-box-wrap-3567 .aio-icon-title'  data-responsive-json-new='{\"font-size\":\"\",\"line-height\":\"\"}'  style=\"\">Domingos de 08:00 a.m. a 01:00 p.m.<\/h3><\/div> <!-- header --><\/div> <!-- aio-icon-box --><\/div> <!-- aio-icon-component --><div class=\"aio-icon-component    style_1\"><div id=\"Info-box-wrap-2256\" class=\"aio-icon-box default-icon\" style=\"\"  ><div class=\"aio-icon-default\"><div class=\"ult-just-icon-wrapper  \"><div class=\"align-icon\" style=\"text-align:center;\">\n<div class=\"aio-icon none \"  style=\"color:#b3001e;font-size:15px;display:inline-block;\">\n\t<i class=\"Defaults-envelope-o\"><\/i>\n<\/div><\/div><\/div><\/div><div class=\"aio-icon-header\" ><h3 class=\"aio-icon-title ult-responsive\"  data-ultimate-target='#Info-box-wrap-2256 .aio-icon-title'  data-responsive-json-new='{\"font-size\":\"\",\"line-height\":\"\"}'  style=\"\">cespinal@uroosevelt.edu.pe<\/h3><\/div> <!-- header --><\/div> <!-- aio-icon-box --><\/div> <!-- aio-icon-component -->[vc_empty_space][\/vc_column_inner][vc_column_inner width=\u00bb1\/2&#8243;][vc_single_image image=\u00bb1548&#8243; img_size=\u00bbfull\u00bb alignment=\u00bbcenter\u00bb][\/vc_column_inner][\/vc_row_inner][vc_empty_space height=\u00bb60px\u00bb][\/vc_column][\/vc_row][vc_row css=\u00bb.vc_custom_1714508692039{background-color: #efefef !important;border-radius: 10px !important;}\u00bb][vc_column][vc_row_inner][vc_column_inner width=\u00bb1\/2&#8243; css=\u00bb.vc_custom_1714508759003{border-right-width: 2px !important;padding-right: 20px !important;padding-left: 20px !important;border-right-color: #cccccc !important;border-right-style: solid !important;}\u00bb][vc_column_text]MANUALES[\/vc_column_text][vc_empty_space height=\u00bb15px\u00bb][vc_column_text]Contamos con manuales para el manejo \u00f3ptimo del sistema de manera efic\u00e1z y sencilla, para el ingreso al aula virtual, a las clases en l\u00ednea, las grabaciones de estas, las entregas de trabajo y el ingreso al Intranet, para\u00a0 docentes y estudiantes.[\/vc_column_text][vc_empty_space height=\u00bb15px\u00bb][vc_btn title=\u00bbDocente\u00bb style=\u00bbcustom\u00bb custom_background=\u00bb#b3001e\u00bb custom_text=\u00bb#ffffff\u00bb align=\u00bbcenter\u00bb link=\u00bburl:https%3A%2F%2Faccounts.google.com%2Fv3%2Fsignin%2Fidentifier%3Fcontinue%3Dhttps%253A%252F%252Fdrive.google.com%252Fdrive%252Ffolders%252F1Uf4QDSvhpK0Lvr0nhq2I3bCcBxNv1naY%26followup%3Dhttps%253A%252F%252Fdrive.google.com%252Fdrive%252Ffolders%252F1Uf4QDSvhpK0Lvr0nhq2I3bCcBxNv1naY%26ifkv%3DAaSxoQyhEV7OADIGg2iit9MensPzS8vVM5hxOosT4pUedKkllnEsy61E68EZhS4fzFtnMc8qMf46Mw%26osid%3D1%26passive%3D1209600%26service%3Dwise%26flowName%3DGlifWebSignIn%26flowEntry%3DServiceLogin%26dsh%3DS940011723%253A1714508571867851%26theme%3Dmn%26ddm%3D0|||\u00bb][vc_empty_space height=\u00bb15px\u00bb][vc_btn title=\u00bbEstudiante\u00bb style=\u00bbcustom\u00bb custom_background=\u00bb#b3001e\u00bb custom_text=\u00bb#ffffff\u00bb align=\u00bbcenter\u00bb link=\u00bburl:https%3A%2F%2Fdrive.google.com%2Fdrive%2Ffolders%2F15zapo8HxNr-oMYA6xC81cU1S_BdSeArI|||\u00bb][\/vc_column_inner][vc_column_inner width=\u00bb1\/2&#8243; css=\u00bb.vc_custom_1714508764236{padding-right: 20px !important;padding-left: 20px !important;}\u00bb][vc_empty_space][vc_column_text]CAPACITACIONES[\/vc_column_text][vc_empty_space height=\u00bb15px\u00bb][vc_column_text]Contamos con capacitaciones grabadas para el manejo del sistema de manera sencilla, para el ingreso al aula virtual, a las clases en linea, las grabaciones de estas, las entregas de trabajo y el ingreso al Intranet, para\u00a0 docentes y estudiantes.[\/vc_column_text][vc_empty_space height=\u00bb15px\u00bb][vc_btn title=\u00bbDocente\u00bb style=\u00bbcustom\u00bb custom_background=\u00bb#b3001e\u00bb custom_text=\u00bb#ffffff\u00bb align=\u00bbcenter\u00bb link=\u00bburl:https%3A%2F%2Faccounts.google.com%2Fv3%2Fsignin%2Fidentifier%3Fcontinue%3Dhttps%253A%252F%252Fdrive.google.com%252Fdrive%252Ffolders%252F1TUqkCh4an-tyTT3yz4YWPm3zgBsthJdH%253Fusp%253Dsharing%26followup%3Dhttps%253A%252F%252Fdrive.google.com%252Fdrive%252Ffolders%252F1TUqkCh4an-tyTT3yz4YWPm3zgBsthJdH%253Fusp%253Dsharing%26ifkv%3DAaSxoQwHkU-dkTAAGgkO3KzxnwYz2O04i7CMs3JVEAkmuSJQOV60nr6tji0rKDoHd53-wduiz-7FTw%26osid%3D1%26passive%3D1209600%26service%3Dwise%26flowName%3DGlifWebSignIn%26flowEntry%3DServiceLogin%26dsh%3DS1913261974%253A1714508645605249%26theme%3Dmn%26ddm%3D0|||\u00bb][vc_empty_space height=\u00bb15px\u00bb][vc_btn title=\u00bbEstudiante\u00bb style=\u00bbcustom\u00bb custom_background=\u00bb#b3001e\u00bb custom_text=\u00bb#ffffff\u00bb align=\u00bbcenter\u00bb link=\u00bburl:https%3A%2F%2Fwww.youtube.com%2Fc%2FTICURoosevelt|||\u00bb][\/vc_column_inner][\/vc_row_inner][vc_empty_space height=\u00bb50px\u00bb][\/vc_column][\/vc_row][vc_row][vc_column][vc_empty_space height=\u00bb50px\u00bb][\/vc_column][\/vc_row][vc_row full_width=\u00bbstretch_row\u00bb css_animation=\u00bbfadeInUp\u00bb css=\u00bb.vc_custom_1714063296053{background: #efefef url(https:\/\/www.uroosevelt.edu.pe\/portal\/wp-content\/uploads\/2024\/03\/fondo-rojo2.jpg?id=648) !important;background-position: center !important;background-repeat: no-repeat !important;background-size: cover !important;}\u00bb][vc_column][vc_empty_space][vc_row_inner content_placement=\u00bbmiddle\u00bb][vc_column_inner width=\u00bb1\/2&#8243;][vc_column_text el_class=\u00bbrazones\u00bb]Inicia tu vida<br \/>\nuniversitaria en UR[\/vc_column_text][vc_empty_space][vc_column_text el_class=\u00bbtexto-blanco\u00bb]Somos una instituci\u00f3n educativa con m\u00e1s de 14 a\u00f1os de experiencia,<br \/>\nbrindando la educaci\u00f3n profesional a nuestros estudiantes.[\/vc_column_text][vc_empty_space][vc_single_image image=\u00bb1466&#8243; img_size=\u00bbfull\u00bb][vc_empty_space][\/vc_column_inner][vc_column_inner el_class=\u00bbsombra\u00bb width=\u00bb1\/2&#8243; css=\u00bb.vc_custom_1710265477016{padding-right: 20px !important;padding-left: 20px !important;background-color: #ffffff !important;border-radius: 10px !important;}\u00bb][vc_column_text el_class=\u00bbdatos\u00bb]D\u00e9janos tus datos[\/vc_column_text][vc_empty_space][vc_raw_html]JTNDc2NyaXB0JTIwY2hhcnNldCUzRCUyMnV0Zi04JTIyJTIwdHlwZSUzRCUyMnRleHQlMkZqYXZhc2NyaXB0JTIyJTIwc3JjJTNEJTIyJTJGJTJGanMuaHNmb3Jtcy5uZXQlMkZmb3JtcyUyRmVtYmVkJTJGdjIuanMlMjIlM0UlM0MlMkZzY3JpcHQlM0UlMEElM0NzY3JpcHQlM0UlMEElMjAlMjBoYnNwdC5mb3Jtcy5jcmVhdGUlMjglN0IlMEElMjAlMjAlMjAlMjByZWdpb24lM0ElMjAlMjJuYTElMjIlMkMlMEElMjAlMjAlMjAlMjBwb3J0YWxJZCUzQSUyMCUyMjg5MDEzMDklMjIlMkMlMEElMjAlMjAlMjAlMjBmb3JtSWQlM0ElMjAlMjI3Y2NmNWMzOS04ODQ0LTQyNTAtYTQ4YS05NGEyY2Y5ZWZkZDMlMjIlMEElMjAlMjAlN0QlMjklM0IlMEElM0MlMkZzY3JpcHQlM0U=[\/vc_raw_html][vc_empty_space][\/vc_column_inner][\/vc_row_inner][vc_empty_space height=\u00bb60px\u00bb][\/vc_column][\/vc_row]<\/p>\n","protected":false},"excerpt":{"rendered":"<p>[vc_row full_width=\u00bbstretch_row\u00bb css=\u00bb.vc_custom_1714067532166{background-image: url(https:\/\/www.uroosevelt.edu.pe\/portal\/wp-content\/uploads\/2024\/04\/SALA-BIBLIOTECA-SC-05.jpg?id=1115) !important;background-position: center !important;background-repeat: no-repeat !important;background-size: cover !important;}\u00bb][vc_column][vc_empty_space height=\u00bb150px\u00bb][vc_row_inner][vc_column_inner width=\u00bb2\/3&#8243;][vc_column_text el_class=\u00bbtitulo\u00bb<span class=\"excerpt-hellip\"> [\u2026]<\/span><\/p>\n","protected":false},"author":3,"featured_media":0,"parent":0,"menu_order":0,"comment_status":"closed","ping_status":"closed","template":"","meta":{"footnotes":""},"_links":{"self":[{"href":"https:\/\/www.uroosevelt.edu.pe\/portal\/wp-json\/wp\/v2\/pages\/1547"}],"collection":[{"href":"https:\/\/www.uroosevelt.edu.pe\/portal\/wp-json\/wp\/v2\/pages"}],"about":[{"href":"https:\/\/www.uroosevelt.edu.pe\/portal\/wp-json\/wp\/v2\/types\/page"}],"author":[{"embeddable":true,"href":"https:\/\/www.uroosevelt.edu.pe\/portal\/wp-json\/wp\/v2\/users\/3"}],"replies":[{"embeddable":true,"href":"https:\/\/www.uroosevelt.edu.pe\/portal\/wp-json\/wp\/v2\/comments?post=1547"}],"version-history":[{"count":18,"href":"https:\/\/www.uroosevelt.edu.pe\/portal\/wp-json\/wp\/v2\/pages\/1547\/revisions"}],"predecessor-version":[{"id":2820,"href":"https:\/\/www.uroosevelt.edu.pe\/portal\/wp-json\/wp\/v2\/pages\/1547\/revisions\/2820"}],"wp:attachment":[{"href":"https:\/\/www.uroosevelt.edu.pe\/portal\/wp-json\/wp\/v2\/media?parent=1547"}],"curies":[{"name":"wp","href":"https:\/\/api.w.org\/{rel}","templated":true}]}}