{"id":1523,"date":"2024-04-26T16:11:47","date_gmt":"2024-04-26T16:11:47","guid":{"rendered":"https:\/\/www.uroosevelt.edu.pe\/portal\/?page_id=1523"},"modified":"2024-05-09T16:12:16","modified_gmt":"2024-05-09T16:12:16","slug":"bolsa-de-trabajo","status":"publish","type":"page","link":"https:\/\/www.uroosevelt.edu.pe\/portal\/bolsa-de-trabajo\/","title":{"rendered":"Bolsa de Trabajo"},"content":{"rendered":"<p>[vc_row full_width=\u00bbstretch_row\u00bb css=\u00bb.vc_custom_1714067532166{background-image: url(https:\/\/www.uroosevelt.edu.pe\/portal\/wp-content\/uploads\/2024\/04\/SALA-BIBLIOTECA-SC-05.jpg?id=1115) !important;background-position: center !important;background-repeat: no-repeat !important;background-size: cover !important;}\u00bb][vc_column][vc_empty_space height=\u00bb150px\u00bb][vc_row_inner][vc_column_inner width=\u00bb1\/2&#8243;][vc_column_text el_class=\u00bbtitulo\u00bb css=\u00bb.vc_custom_1714147773242{padding-right: 28px !important;padding-left: 28px !important;}\u00bb]<\/p>\n<h1><strong>Bolsa de Trabajo<\/strong><\/h1>\n<p>[\/vc_column_text][vc_empty_space][vc_column_text el_class=\u00bbtexto-blanco\u00bb css=\u00bb.vc_custom_1714147788355{padding-left: 28px !important;}\u00bb]Este programa de caracter\u00edstica Formativa Laboral, busca consolidar los aprendizajes adquiridos a lo largo de la formaci\u00f3n profesional; ejercitando su desempe\u00f1o en una situaci\u00f3n real de trabajo, Ley N\u00ba 28518.[\/vc_column_text][vc_empty_space height=\u00bb15px\u00bb][vc_btn title=\u00bbIngresar\u00bb style=\u00bbcustom\u00bb custom_background=\u00bb#b3001e\u00bb custom_text=\u00bb#ffffff\u00bb link=\u00bburl:https%3A%2F%2Furoosevelt.jedu.pe%2Falumno%2Fentrar|||\u00bb css=\u00bb.vc_custom_1714147895918{padding-left: 28px !important;}\u00bb][vc_empty_space][\/vc_column_inner][vc_column_inner width=\u00bb1\/2&#8243;][\/vc_column_inner][\/vc_row_inner][vc_empty_space height=\u00bb200px\u00bb][\/vc_column][\/vc_row][vc_row][vc_column][vc_row_inner][vc_column_inner width=\u00bb1\/3&#8243;]<div class=\"icon_box icon_position_top no_border\"><div class=\"image_wrapper\"><img loading=\"lazy\" decoding=\"async\" src=\"https:\/\/www.uroosevelt.edu.pe\/portal\/wp-content\/uploads\/2024\/03\/circled-chevron-right-7.png\" class=\"scale-with-grid\" alt=\"circled-chevron-right 7\" width=\"58\" height=\"50\"\/><\/div><div class=\"desc_wrapper\"><h4 class=\"title\">Talento Roosevelt<\/h4><\/div><\/div>\n[\/vc_column_inner][vc_column_inner width=\u00bb1\/3&#8243;]<div class=\"icon_box icon_position_top no_border\"><div class=\"image_wrapper\"><img loading=\"lazy\" decoding=\"async\" src=\"https:\/\/www.uroosevelt.edu.pe\/portal\/wp-content\/uploads\/2024\/03\/circled-chevron-right-7.png\" class=\"scale-with-grid\" alt=\"circled-chevron-right 7\" width=\"58\" height=\"50\"\/><\/div><div class=\"desc_wrapper\"><h4 class=\"title\">Inserci\u00f3n Laboral del Estudiante y Egresado<\/h4><\/div><\/div>\n[vc_btn title=\u00bbParte I\u00bb style=\u00bbcustom\u00bb custom_background=\u00bb#b3001e\u00bb custom_text=\u00bb#ffffff\u00bb align=\u00bbcenter\u00bb link=\u00bburl:https%3A%2F%2Fdrive.google.com%2Ffile%2Fd%2F11wDTMBvIbKHDGGd4QhKsuV1iv9qc9ymS%2Fview|||\u00bb][vc_empty_space height=\u00bb15px\u00bb][vc_btn title=\u00bbParte II\u00bb style=\u00bbcustom\u00bb custom_background=\u00bb#b3001e\u00bb custom_text=\u00bb#ffffff\u00bb align=\u00bbcenter\u00bb link=\u00bburl:https%3A%2F%2Fdrive.google.com%2Ffile%2Fd%2F1jL1aoKfmyPLymGbml_RTFWGgDOlv8T-2%2Fview|||\u00bb][\/vc_column_inner][vc_column_inner width=\u00bb1\/3&#8243;]<div class=\"icon_box icon_position_top no_border\"><div class=\"image_wrapper\"><img loading=\"lazy\" decoding=\"async\" src=\"https:\/\/www.uroosevelt.edu.pe\/portal\/wp-content\/uploads\/2024\/03\/circled-chevron-right-7.png\" class=\"scale-with-grid\" alt=\"circled-chevron-right 7\" width=\"58\" height=\"50\"\/><\/div><div class=\"desc_wrapper\"><h4 class=\"title\">Seguimiento al Egresado<\/h4><\/div><\/div>\n[vc_btn title=\u00bbAcceder\u00bb style=\u00bbcustom\u00bb custom_background=\u00bb#b3001e\u00bb custom_text=\u00bb#ffffff\u00bb align=\u00bbcenter\u00bb link=\u00bburl:https%3A%2F%2Fdocs.google.com%2Fforms%2Fd%2Fe%2F1FAIpQLScAAPkI7e7NPLSLHPP7dSog89701O6I94cixedVaLzfid0EBg%2Fviewform|||\u00bb][\/vc_column_inner][\/vc_row_inner][vc_empty_space height=\u00bb50px\u00bb][\/vc_column][\/vc_row][vc_row full_width=\u00bbstretch_row\u00bb css_animation=\u00bbfadeInUp\u00bb css=\u00bb.vc_custom_1714063296053{background: #efefef url(https:\/\/www.uroosevelt.edu.pe\/portal\/wp-content\/uploads\/2024\/03\/fondo-rojo2.jpg?id=648) !important;background-position: center !important;background-repeat: no-repeat !important;background-size: cover !important;}\u00bb][vc_column][vc_empty_space][vc_row_inner content_placement=\u00bbmiddle\u00bb][vc_column_inner width=\u00bb1\/2&#8243;][vc_column_text el_class=\u00bbrazones\u00bb]<\/p>\n<h1><strong>Inicia tu vida<\/strong><br \/>\n<strong>universitaria en UR<\/strong><\/h1>\n<p>[\/vc_column_text][vc_empty_space][vc_column_text el_class=\u00bbtexto-blanco\u00bb]Somos una instituci\u00f3n educativa con m\u00e1s de 14 a\u00f1os de experiencia,<br \/>\nbrindando la educaci\u00f3n profesional a nuestros estudiantes.[\/vc_column_text][vc_empty_space][vc_single_image image=\u00bb1466&#8243; img_size=\u00bbfull\u00bb][vc_empty_space][\/vc_column_inner][vc_column_inner el_class=\u00bbsombra\u00bb width=\u00bb1\/2&#8243; css=\u00bb.vc_custom_1710265477016{padding-right: 20px !important;padding-left: 20px !important;background-color: #ffffff !important;border-radius: 10px !important;}\u00bb][vc_column_text el_class=\u00bbdatos\u00bb]<\/p>\n<h1><strong>D\u00e9janos tus datos<\/strong><\/h1>\n<p>[\/vc_column_text][vc_empty_space][vc_raw_html]JTNDc2NyaXB0JTIwY2hhcnNldCUzRCUyMnV0Zi04JTIyJTIwdHlwZSUzRCUyMnRleHQlMkZqYXZhc2NyaXB0JTIyJTIwc3JjJTNEJTIyJTJGJTJGanMuaHNmb3Jtcy5uZXQlMkZmb3JtcyUyRmVtYmVkJTJGdjIuanMlMjIlM0UlM0MlMkZzY3JpcHQlM0UlMEElM0NzY3JpcHQlM0UlMEElMjAlMjBoYnNwdC5mb3Jtcy5jcmVhdGUlMjglN0IlMEElMjAlMjAlMjAlMjByZWdpb24lM0ElMjAlMjJuYTElMjIlMkMlMEElMjAlMjAlMjAlMjBwb3J0YWxJZCUzQSUyMCUyMjg5MDEzMDklMjIlMkMlMEElMjAlMjAlMjAlMjBmb3JtSWQlM0ElMjAlMjI3Y2NmNWMzOS04ODQ0LTQyNTAtYTQ4YS05NGEyY2Y5ZWZkZDMlMjIlMEElMjAlMjAlN0QlMjklM0IlMEElM0MlMkZzY3JpcHQlM0U=[\/vc_raw_html][vc_empty_space][\/vc_column_inner][\/vc_row_inner][vc_empty_space height=\u00bb60px\u00bb][\/vc_column][\/vc_row]<\/p>\n","protected":false},"excerpt":{"rendered":"<p>[vc_row full_width=\u00bbstretch_row\u00bb css=\u00bb.vc_custom_1714067532166{background-image: url(https:\/\/www.uroosevelt.edu.pe\/portal\/wp-content\/uploads\/2024\/04\/SALA-BIBLIOTECA-SC-05.jpg?id=1115) !important;background-position: center !important;background-repeat: no-repeat !important;background-size: cover !important;}\u00bb][vc_column][vc_empty_space height=\u00bb150px\u00bb][vc_row_inner][vc_column_inner width=\u00bb1\/2&#8243;][vc_column_text el_class=\u00bbtitulo\u00bb<span class=\"excerpt-hellip\"> [\u2026]<\/span><\/p>\n","protected":false},"author":4,"featured_media":0,"parent":0,"menu_order":0,"comment_status":"closed","ping_status":"closed","template":"","meta":{"footnotes":""},"_links":{"self":[{"href":"https:\/\/www.uroosevelt.edu.pe\/portal\/wp-json\/wp\/v2\/pages\/1523"}],"collection":[{"href":"https:\/\/www.uroosevelt.edu.pe\/portal\/wp-json\/wp\/v2\/pages"}],"about":[{"href":"https:\/\/www.uroosevelt.edu.pe\/portal\/wp-json\/wp\/v2\/types\/page"}],"author":[{"embeddable":true,"href":"https:\/\/www.uroosevelt.edu.pe\/portal\/wp-json\/wp\/v2\/users\/4"}],"replies":[{"embeddable":true,"href":"https:\/\/www.uroosevelt.edu.pe\/portal\/wp-json\/wp\/v2\/comments?post=1523"}],"version-history":[{"count":7,"href":"https:\/\/www.uroosevelt.edu.pe\/portal\/wp-json\/wp\/v2\/pages\/1523\/revisions"}],"predecessor-version":[{"id":1768,"href":"https:\/\/www.uroosevelt.edu.pe\/portal\/wp-json\/wp\/v2\/pages\/1523\/revisions\/1768"}],"wp:attachment":[{"href":"https:\/\/www.uroosevelt.edu.pe\/portal\/wp-json\/wp\/v2\/media?parent=1523"}],"curies":[{"name":"wp","href":"https:\/\/api.w.org\/{rel}","templated":true}]}}