{"id":1517,"date":"2024-04-26T15:01:07","date_gmt":"2024-04-26T15:01:07","guid":{"rendered":"https:\/\/www.uroosevelt.edu.pe\/portal\/?page_id=1517"},"modified":"2025-07-19T11:58:50","modified_gmt":"2025-07-19T16:58:50","slug":"seguimiento-al-egresado","status":"publish","type":"page","link":"https:\/\/www.uroosevelt.edu.pe\/portal\/seguimiento-al-egresado\/","title":{"rendered":"Seguimiento al Egresado"},"content":{"rendered":"<p>[vc_row full_width=\u00bbstretch_row\u00bb css=\u00bb.vc_custom_1714067532166{background-image: url(https:\/\/www.uroosevelt.edu.pe\/portal\/wp-content\/uploads\/2024\/04\/SALA-BIBLIOTECA-SC-05.jpg?id=1115) !important;background-position: center !important;background-repeat: no-repeat !important;background-size: cover !important;}\u00bb][vc_column][vc_empty_space height=\u00bb150px\u00bb][vc_row_inner][vc_column_inner width=\u00bb2\/3&#8243;][vc_column_text el_class=\u00bbtitulo\u00bb css=\u00bb.vc_custom_1714142311172{padding-right: 28px !important;padding-left: 28px !important;}\u00bb]<\/p>\n<h1><strong>Seguimiento al Egresado<\/strong><\/h1>\n<p>[\/vc_column_text][vc_empty_space][vc_column_text el_class=\u00bbtexto-blanco\u00bb css=\u00bb.vc_custom_1714142301029{padding-left: 28px !important;}\u00bb]La Red de Egresagos de la Universidad Franklin Roosevelt forma parte del Sistema de Seguimiento del Egresado, cuyo objetivo es mantener permanente contacto con los egresados de todos nuestros programadas\u00a0 y modalidades, a fin de conocer el papel que desempe\u00f1an en la sociedad, as\u00ed como su situaci\u00f3n y evoluci\u00f3n en el mercado laboral.<\/p>\n<p>Dicha informaci\u00f3n permitir\u00e1 mejorar y enriquecer la calidad de nuestros servicios acad\u00e9micos y administrativos.[\/vc_column_text][\/vc_column_inner][vc_column_inner width=\u00bb1\/3&#8243;][\/vc_column_inner][\/vc_row_inner][vc_empty_space height=\u00bb200px\u00bb][\/vc_column][\/vc_row][vc_row][vc_column][vc_empty_space][vc_row_inner equal_height=\u00bbyes\u00bb content_placement=\u00bbmiddle\u00bb][vc_column_inner el_class=\u00bbcolumna-borde\u00bb width=\u00bb1\/2&#8243;][vc_empty_space][vc_column_text el_class=\u00bbtexto1&#8243;]Ahora que eres parte de la\u00a0<strong>Red de Egresados<\/strong>\u00a0de la Universidad Franklin Roosevelt puedes acceder y disfrutar de los beneficios, asesor\u00edas, convocatorias y actividades que tenemos para complementar tu formaci\u00f3n profesional.<\/p>\n<p>Recuerda siempre mantener sus datos actualizados para enviarle toda la informaci\u00f3n.[\/vc_column_text][vc_empty_space][vc_column_text el_class=\u00bbtexto1&#8243;]<\/p>\n<h3><strong>Actualiza tu informaci\u00f3n<\/strong><\/h3>\n<p>[\/vc_column_text][vc_empty_space height=\u00bb15px\u00bb][vc_column_text el_class=\u00bbtexto1&#8243;]As\u00ed podremos comunicarte nuestros convenios con importantes instituciones, invitaciones a nuestros eventos exclusivos y m\u00e1s.[\/vc_column_text][vc_empty_space height=\u00bb15px\u00bb][vc_btn title=\u00bbActualiza aqu\u00ed\u00bb style=\u00bboutline-custom\u00bb outline_custom_color=\u00bb#910048&#8243; outline_custom_hover_background=\u00bb#910048&#8243; outline_custom_hover_text=\u00bb#ffffff\u00bb shape=\u00bbround\u00bb align=\u00bbright\u00bb i_align=\u00bbright\u00bb i_type=\u00bbtypicons\u00bb i_icon_typicons=\u00bbtypcn typcn-chevron-right-outline\u00bb add_icon=\u00bbtrue\u00bb link=\u00bburl:https%3A%2F%2Fdocs.google.com%2Fforms%2Fd%2Fe%2F1FAIpQLScAAPkI7e7NPLSLHPP7dSog89701O6I94cixedVaLzfid0EBg%2Fviewform|||\u00bb css=\u00bb.vc_custom_1752944287931{padding-left: 28px !important;}\u00bb][vc_empty_space][\/vc_column_inner][vc_column_inner width=\u00bb1\/2&#8243;][vc_single_image image=\u00bb1518&#8243; img_size=\u00bbfull\u00bb alignment=\u00bbcenter\u00bb][\/vc_column_inner][\/vc_row_inner][vc_empty_space height=\u00bb60px\u00bb][\/vc_column][\/vc_row][vc_row][vc_column][vc_tta_accordion][vc_tta_section title=\u00bbCompetencias Actitudinales\u00bb tab_id=\u00bb1713886992781-5c78405b-6a6a\u00bb][vc_column_text]<\/p>\n<ul>\n<li><span class=\"elementor-icon-list-text\">Cuentan con esp\u00edritu innovador y emprendedor.<\/span><\/li>\n<li><span class=\"elementor-icon-list-text\">So<\/span><span class=\"elementor-icon-list-text\">n capaces de trabajar en equipo y en entornos cambiantes, siempre organizando y planificando eficientemente el tiempo.<\/span><\/li>\n<li><span class=\"elementor-icon-list-text\">P<\/span><span class=\"elementor-icon-list-text\">oseen habilidades de liderazgo y esp\u00edritu emprendedor para motivar y guiar hacia metas y objetivos comunes.<\/span><\/li>\n<li><span class=\"elementor-icon-list-text\">M<\/span><span class=\"elementor-icon-list-text\">antienen el equilibrio emocional, la seguridad y la objetividad en la toma de decisiones ofreciendo un elevado grado de objetividad e imparcialidad.<\/span><\/li>\n<\/ul>\n<p>[\/vc_column_text][\/vc_tta_section][vc_tta_section title=\u00bbCompetencias Cognocitivas\u00bb tab_id=\u00bb1713886992811-f61b5f5c-46b4&#8243;][vc_column_text]<\/p>\n<ul>\n<li><span class=\"elementor-icon-list-text\">Conocen ampliamente los principales problemas del pa\u00eds en los aspectos pol\u00edtico, econ\u00f3mico y social.<\/span><\/li>\n<li><span class=\"elementor-icon-list-text\">I<\/span><span class=\"elementor-icon-list-text\">dentifican problemas y proponen soluciones con una clara orientaci\u00f3n social<\/span><\/li>\n<\/ul>\n<p>[\/vc_column_text][\/vc_tta_section][vc_tta_section title=\u00bbReglamento del Egresado\u00bb tab_id=\u00bb1714062566956-e7a80a16-b6f3&#8243;][vc_column_text]<\/p>\n<ul>\n<li><a href=\"https:\/\/drive.google.com\/file\/d\/1H6Rw_cyBIgujwzOc6oe4iZbew6PHoru4\/view\">Reglamento de seguimiento de egresados \u2013 Resoluci\u00f3n N\u00b0 344-2017-UPHFR-CU<\/a><\/li>\n<\/ul>\n<p>[\/vc_column_text][\/vc_tta_section][vc_tta_section title=\u00bbDatos estad\u00edsticos de los egresados\u00bb tab_id=\u00bb1714146731638-9b50f627-f0f9&#8243;][vc_column_text]<\/p>\n<ul>\n<li><a href=\"https:\/\/drive.google.com\/file\/d\/1DMxCu59xTgx8BrDSzsrkosouTxtY5fz8\/view?usp=sharing\" target=\"_blank\" rel=\"noopener\">Estadistica de Egresados 2024 &#8211; I<\/a><\/li>\n<li><a href=\"https:\/\/drive.google.com\/file\/d\/1RiPGOUfktvtlKvDZWhIlMyy2R_iWkgtB\/view?usp=sharing\">Estadistica de Egresados 2023 &#8211; II<\/a><\/li>\n<li><a href=\"https:\/\/drive.google.com\/file\/d\/1cADhZQoW1jZ4tQd5gdRrduejb_-j6Gi-\/view\">Estadistica de Egresados 2023 &#8211; I<\/a><\/li>\n<li><a href=\"https:\/\/drive.google.com\/file\/d\/1kgbujkyrJ0Wy7UNggzFbMJXazFQgeNVN\/view\">Estadistica de Egresados 2022 &#8211; II<\/a><\/li>\n<li><a href=\"https:\/\/drive.google.com\/file\/d\/1iYnOAPZUEFlvbzQFIfM6qZOpvEFAt0Tb\/view\">Estadistica de Egresados 2022 &#8211; I<\/a><\/li>\n<li><a href=\"https:\/\/drive.google.com\/file\/d\/1Z7_iiRYBziPE1bAPgMt23412rqXfIFUb\/view\">Estadistica de Egresados 2021 &#8211; II<\/a><\/li>\n<li><a href=\"https:\/\/drive.google.com\/file\/d\/1JBJ3Ck0alWjDGyqsQHTgpPqSJCiwBij4\/view\">Estadistica de Egresados 2021 &#8211; I<\/a><\/li>\n<li><a href=\"https:\/\/drive.google.com\/file\/d\/1Zu3suAz1-aGIp47aj4KibesQITSU5_nN\/view\">Estadistica de Egresados 2020 &#8211; II<\/a><\/li>\n<li><a href=\"https:\/\/drive.google.com\/file\/d\/1aPEzHuFkp-GhNZ6sCbaVNNjc9Igv674t\/view\">Estadistica de Egresados 2020 &#8211; I<\/a><\/li>\n<li><a href=\"https:\/\/drive.google.com\/file\/d\/1tSqzU6LSjj8Pc20QvWDK_hD7qf4aMkje\/view\">Estadistica de Egresados 2019 &#8211; II<\/a><\/li>\n<li><a href=\"https:\/\/drive.google.com\/file\/d\/1Rda4mRWbn5OPvk0MHZyWRWgrXuVEzcSt\/view\">Estadistica de Egresados 2019 &#8211; I<\/a><\/li>\n<li><a href=\"https:\/\/drive.google.com\/file\/d\/1sw8ADFzJ3-54GYfZx7FzVDf2Yiy6cPTy\/view\">Estadistica de Egresados 2018 &#8211; II<\/a><\/li>\n<li><a href=\"https:\/\/drive.google.com\/file\/d\/1wdbYZTPkmyRFJa1jKO_cNtU5HLuO8g7v\/view\">Estadistica de Egresados 2018 &#8211; I<\/a><\/li>\n<li><a href=\"https:\/\/drive.google.com\/file\/d\/1wdbYZTPkmyRFJa1jKO_cNtU5HLuO8g7v\/view\">N\u00famero de beneficiarios de la unidad de colocaci\u00f3n laboral<\/a><\/li>\n<li><a href=\"https:\/\/drive.google.com\/file\/d\/1QYe_27L5Ul523qAfncMZFphW3Yo2ckmN\/view\">N\u00famero de beneficiarios de la unidad de colocaci\u00f3n laboral 2021<\/a><\/li>\n<li><a href=\"https:\/\/drive.google.com\/file\/d\/1aVoc2cZMiGMeoArm-2ezAPE7jyYbJQqf\/view\">N\u00famero de beneficiarios de la unidad de colocaci\u00f3n laboral 2022<\/a><\/li>\n<li><a href=\"https:\/\/drive.google.com\/file\/d\/1FJbHBvlFOTcRVfI7sQQ3WJiXXUeMdK1M\/view\">Verificaci\u00f3n diagn\u00f3stica del acceso a centro de\u00a0 pr\u00e1cticas pre profesionales<\/a><\/li>\n<\/ul>\n<p>[\/vc_column_text][\/vc_tta_section][vc_tta_section title=\u00bbBolsa de Trabajo\u00bb tab_id=\u00bb1714147550286-a3c4b348-f7a6&#8243;][vc_column_text]<\/p>\n<ul>\n<li><a href=\"https:\/\/www.uroosevelt.edu.pe\/portal\/bolsa-de-trabajo\/\">Acceder<\/a><\/li>\n<\/ul>\n<p>[\/vc_column_text][\/vc_tta_section][\/vc_tta_accordion][vc_empty_space height=\u00bb50px\u00bb][\/vc_column][\/vc_row][vc_row full_width=\u00bbstretch_row\u00bb css_animation=\u00bbfadeInUp\u00bb css=\u00bb.vc_custom_1752944301013{background-color: #910048 !important;background-position: center !important;background-repeat: no-repeat !important;background-size: cover !important;}\u00bb][vc_column][vc_empty_space][vc_row_inner content_placement=\u00bbmiddle\u00bb][vc_column_inner width=\u00bb1\/2&#8243;][vc_column_text el_class=\u00bbrazones\u00bb]<\/p>\n<h1><strong>Inicia tu vida<\/strong><br \/>\n<strong>universitaria en UR<\/strong><\/h1>\n<p>[\/vc_column_text][vc_empty_space][vc_column_text el_class=\u00bbtexto-blanco\u00bb]Somos una instituci\u00f3n educativa con m\u00e1s de 14 a\u00f1os de experiencia,<br \/>\nbrindando la educaci\u00f3n profesional a nuestros estudiantes.[\/vc_column_text][vc_empty_space][vc_single_image image=\u00bb1466&#8243; img_size=\u00bbfull\u00bb][vc_empty_space][\/vc_column_inner][vc_column_inner el_class=\u00bbsombra\u00bb width=\u00bb1\/2&#8243; css=\u00bb.vc_custom_1710265477016{padding-right: 20px !important;padding-left: 20px !important;background-color: #ffffff !important;border-radius: 10px !important;}\u00bb][vc_column_text el_class=\u00bbdatos\u00bb]<\/p>\n<h1><strong>D\u00e9janos tus datos<\/strong><\/h1>\n<p>[\/vc_column_text][vc_empty_space][vc_raw_html]JTNDc2NyaXB0JTIwY2hhcnNldCUzRCUyMnV0Zi04JTIyJTIwdHlwZSUzRCUyMnRleHQlMkZqYXZhc2NyaXB0JTIyJTIwc3JjJTNEJTIyJTJGJTJGanMuaHNmb3Jtcy5uZXQlMkZmb3JtcyUyRmVtYmVkJTJGdjIuanMlMjIlM0UlM0MlMkZzY3JpcHQlM0UlMEElM0NzY3JpcHQlM0UlMEElMjAlMjBoYnNwdC5mb3Jtcy5jcmVhdGUlMjglN0IlMEElMjAlMjAlMjAlMjByZWdpb24lM0ElMjAlMjJuYTElMjIlMkMlMEElMjAlMjAlMjAlMjBwb3J0YWxJZCUzQSUyMCUyMjg5MDEzMDklMjIlMkMlMEElMjAlMjAlMjAlMjBmb3JtSWQlM0ElMjAlMjI3Y2NmNWMzOS04ODQ0LTQyNTAtYTQ4YS05NGEyY2Y5ZWZkZDMlMjIlMEElMjAlMjAlN0QlMjklM0IlMEElM0MlMkZzY3JpcHQlM0U=[\/vc_raw_html][vc_empty_space][\/vc_column_inner][\/vc_row_inner][vc_empty_space height=\u00bb60px\u00bb][\/vc_column][\/vc_row]<\/p>\n","protected":false},"excerpt":{"rendered":"<p>[vc_row full_width=\u00bbstretch_row\u00bb css=\u00bb.vc_custom_1714067532166{background-image: url(https:\/\/www.uroosevelt.edu.pe\/portal\/wp-content\/uploads\/2024\/04\/SALA-BIBLIOTECA-SC-05.jpg?id=1115) !important;background-position: center !important;background-repeat: no-repeat !important;background-size: cover !important;}\u00bb][vc_column][vc_empty_space height=\u00bb150px\u00bb][vc_row_inner][vc_column_inner width=\u00bb2\/3&#8243;][vc_column_text el_class=\u00bbtitulo\u00bb<span class=\"excerpt-hellip\"> [\u2026]<\/span><\/p>\n","protected":false},"author":4,"featured_media":0,"parent":0,"menu_order":0,"comment_status":"closed","ping_status":"closed","template":"","meta":{"footnotes":""},"_links":{"self":[{"href":"https:\/\/www.uroosevelt.edu.pe\/portal\/wp-json\/wp\/v2\/pages\/1517"}],"collection":[{"href":"https:\/\/www.uroosevelt.edu.pe\/portal\/wp-json\/wp\/v2\/pages"}],"about":[{"href":"https:\/\/www.uroosevelt.edu.pe\/portal\/wp-json\/wp\/v2\/types\/page"}],"author":[{"embeddable":true,"href":"https:\/\/www.uroosevelt.edu.pe\/portal\/wp-json\/wp\/v2\/users\/4"}],"replies":[{"embeddable":true,"href":"https:\/\/www.uroosevelt.edu.pe\/portal\/wp-json\/wp\/v2\/comments?post=1517"}],"version-history":[{"count":10,"href":"https:\/\/www.uroosevelt.edu.pe\/portal\/wp-json\/wp\/v2\/pages\/1517\/revisions"}],"predecessor-version":[{"id":2960,"href":"https:\/\/www.uroosevelt.edu.pe\/portal\/wp-json\/wp\/v2\/pages\/1517\/revisions\/2960"}],"wp:attachment":[{"href":"https:\/\/www.uroosevelt.edu.pe\/portal\/wp-json\/wp\/v2\/media?parent=1517"}],"curies":[{"name":"wp","href":"https:\/\/api.w.org\/{rel}","templated":true}]}}