{"id":1515,"date":"2024-04-26T14:14:36","date_gmt":"2024-04-26T14:14:36","guid":{"rendered":"https:\/\/www.uroosevelt.edu.pe\/portal\/?page_id=1515"},"modified":"2025-07-19T11:54:53","modified_gmt":"2025-07-19T16:54:53","slug":"responsabilidad-social","status":"publish","type":"page","link":"https:\/\/www.uroosevelt.edu.pe\/portal\/responsabilidad-social\/","title":{"rendered":"Responsabilidad Social"},"content":{"rendered":"<p>[vc_row full_width=\u00bbstretch_row\u00bb css=\u00bb.vc_custom_1714067532166{background-image: url(https:\/\/www.uroosevelt.edu.pe\/portal\/wp-content\/uploads\/2024\/04\/SALA-BIBLIOTECA-SC-05.jpg?id=1115) !important;background-position: center !important;background-repeat: no-repeat !important;background-size: cover !important;}\u00bb][vc_column][vc_empty_space height=\u00bb150px\u00bb][vc_row_inner][vc_column_inner width=\u00bb2\/3&#8243;][vc_column_text el_class=\u00bbtitulo\u00bb css=\u00bb.vc_custom_1714139169329{padding-right: 28px !important;padding-left: 28px !important;}\u00bb]<\/p>\n<h1><strong>Responsabilidad Social<\/strong><\/h1>\n<p>[\/vc_column_text][vc_empty_space][vc_column_text el_class=\u00bbtexto-blanco\u00bb css=\u00bb.vc_custom_1714139185176{padding-left: 28px !important;}\u00bb]La R<strong>esponsabilidad Social Universitaria (RSU)<\/strong>\u00a0es una pol\u00edtica institucional orientada a estrechar los v\u00ednculos entre la universidad y la sociedad peruana, entendiendo esta relaci\u00f3n como de doble v\u00eda[\/vc_column_text][\/vc_column_inner][vc_column_inner width=\u00bb1\/3&#8243;][\/vc_column_inner][\/vc_row_inner][vc_empty_space height=\u00bb200px\u00bb][\/vc_column][\/vc_row][vc_row][vc_column][vc_empty_space][vc_row_inner equal_height=\u00bbyes\u00bb content_placement=\u00bbmiddle\u00bb][vc_column_inner el_class=\u00bbcolumna-borde\u00bb width=\u00bb1\/2&#8243;][vc_empty_space][vc_column_text el_class=\u00bbtexto1&#8243;]<\/p>\n<h1><strong>Psicol. Jes\u00fas Leonardo Gom\u00e9z Cueva<\/strong><\/h1>\n<p>[\/vc_column_text][vc_empty_space]<div class=\"aio-icon-component    style_1\"><div id=\"Info-box-wrap-7598\" class=\"aio-icon-box default-icon\" style=\"\"  ><div class=\"aio-icon-default\"><div class=\"ult-just-icon-wrapper  \"><div class=\"align-icon\" style=\"text-align:center;\">\n<div class=\"aio-icon none \"  style=\"color:#910048;font-size:15px;display:inline-block;\">\n\t<i class=\"Defaults-user\"><\/i>\n<\/div><\/div><\/div><\/div><div class=\"aio-icon-header\" ><h3 class=\"aio-icon-title ult-responsive\"  data-ultimate-target='#Info-box-wrap-7598 .aio-icon-title'  data-responsive-json-new='{\"font-size\":\"\",\"line-height\":\"\"}'  style=\"\">Responsable<\/h3><\/div> <!-- header --><\/div> <!-- aio-icon-box --><\/div> <!-- aio-icon-component --><div class=\"aio-icon-component    style_1\"><div id=\"Info-box-wrap-9102\" class=\"aio-icon-box default-icon\" style=\"\"  ><div class=\"aio-icon-default\"><div class=\"ult-just-icon-wrapper  \"><div class=\"align-icon\" style=\"text-align:center;\">\n<div class=\"aio-icon none \"  style=\"color:#910048;font-size:15px;display:inline-block;\">\n\t<i class=\"Defaults-location-arrow\"><\/i>\n<\/div><\/div><\/div><\/div><div class=\"aio-icon-header\" ><h3 class=\"aio-icon-title ult-responsive\"  data-ultimate-target='#Info-box-wrap-9102 .aio-icon-title'  data-responsive-json-new='{\"font-size\":\"\",\"line-height\":\"\"}'  style=\"\">Oficina de Atenci\u00f3n: 601 \u2013 Pabell\u00f3n A.<\/h3><\/div> <!-- header --><\/div> <!-- aio-icon-box --><\/div> <!-- aio-icon-component --><div class=\"aio-icon-component    style_1\"><div id=\"Info-box-wrap-6737\" class=\"aio-icon-box default-icon\" style=\"\"  ><div class=\"aio-icon-default\"><div class=\"ult-just-icon-wrapper  \"><div class=\"align-icon\" style=\"text-align:center;\">\n<div class=\"aio-icon none \"  style=\"color:#910048;font-size:15px;display:inline-block;\">\n\t<i class=\"Defaults-clock-o\"><\/i>\n<\/div><\/div><\/div><\/div><div class=\"aio-icon-header\" ><h3 class=\"aio-icon-title ult-responsive\"  data-ultimate-target='#Info-box-wrap-6737 .aio-icon-title'  data-responsive-json-new='{\"font-size\":\"\",\"line-height\":\"\"}'  style=\"\">Horario: 08:00 am a 01:00 pm | 04:00 pm a 07:00 pm<\/h3><\/div> <!-- header --><\/div> <!-- aio-icon-box --><\/div> <!-- aio-icon-component --><div class=\"aio-icon-component    style_1\"><div id=\"Info-box-wrap-5323\" class=\"aio-icon-box default-icon\" style=\"\"  ><div class=\"aio-icon-default\"><div class=\"ult-just-icon-wrapper  \"><div class=\"align-icon\" style=\"text-align:center;\">\n<div class=\"aio-icon none \"  style=\"color:#910048;font-size:15px;display:inline-block;\">\n\t<i class=\"Defaults-phone\"><\/i>\n<\/div><\/div><\/div><\/div><div class=\"aio-icon-header\" ><h3 class=\"aio-icon-title ult-responsive\"  data-ultimate-target='#Info-box-wrap-5323 .aio-icon-title'  data-responsive-json-new='{\"font-size\":\"\",\"line-height\":\"\"}'  style=\"\">(+ 51) 972 176 825<\/h3><\/div> <!-- header --><\/div> <!-- aio-icon-box --><\/div> <!-- aio-icon-component -->[vc_empty_space][\/vc_column_inner][vc_column_inner width=\u00bb1\/2&#8243;][vc_single_image image=\u00bb1485&#8243; img_size=\u00bbfull\u00bb alignment=\u00bbcenter\u00bb][\/vc_column_inner][\/vc_row_inner][vc_empty_space height=\u00bb60px\u00bb][\/vc_column][\/vc_row][vc_row][vc_column][vc_tta_accordion][vc_tta_section title=\u00bbReglamento de Responsabilidad Social\u00bb tab_id=\u00bb1713886992781-5c78405b-6a6a\u00bb][vc_column_text]<\/p>\n<ul>\n<li><a href=\"https:\/\/drive.google.com\/file\/d\/1_OF6s5hgdp792HLPenraGkZXSUYg8LMl\/view?usp=sharing\" target=\"_blank\" rel=\"noopener\">REGLAMENTO<\/a><\/li>\n<li><a href=\"https:\/\/drive.google.com\/file\/d\/1vWQ5Oxbupa-CGsX5bXzryuRtnWGJ8mLs\/view?usp=sharing\" target=\"_blank\" rel=\"noopener\">RESOLUCI\u00d3N N\u00b0259-2021-UPHFR-CU<\/a><\/li>\n<\/ul>\n<p>[\/vc_column_text][\/vc_tta_section][vc_tta_section title=\u00bbL\u00edneas de Responsabilidad Social y Extensi\u00f3n Universitaria\u00bb tab_id=\u00bb1713886992811-f61b5f5c-46b4&#8243;][vc_column_text]<\/p>\n<ul>\n<li><a href=\"https:\/\/drive.google.com\/file\/d\/1DpIWj_gXHFt5nW0pE2SUvB1m8WdS17qV\/view?usp=sharing\" target=\"_blank\" rel=\"noopener\">L\u00cdNEAS Y MODALIDADES DE RESPONSABILIDAD SOCIAL Y EXTENSI\u00d3N UNIVERSITARIA<\/a><\/li>\n<\/ul>\n<p>[\/vc_column_text][\/vc_tta_section][vc_tta_section title=\u00bbMonitoreo de Proyectos\u00bb tab_id=\u00bb1714062566956-e7a80a16-b6f3&#8243;][vc_column_text]<\/p>\n<ul>\n<li><a href=\"https:\/\/docs.google.com\/document\/d\/1r9fHrB82JtJJWf8E73SwMTK-9EPCeJ2k\/edit?usp=sharing&amp;amp;ouid=111520821670635237107&amp;amp;rtpof=true&amp;amp;sd=true\" target=\"_blank\" rel=\"noopener\">FICHA DE MONITOREO DE DESARROLLO DE PROYECTOS DE RS<\/a><\/li>\n<li><a href=\"https:\/\/drive.google.com\/file\/d\/15J51alfosHfHlYJKeE5BromtkVyNCChs\/view?usp=sharing\" target=\"_blank\" rel=\"noopener\">Doc2018\/RESOLUCION N\u00aa 224-2018-UPHFR-CU<\/a><\/li>\n<\/ul>\n<p>[\/vc_column_text][\/vc_tta_section][vc_tta_section title=\u00bbFlujograma\u00bb tab_id=\u00bb1714062632017-e2bc89d0-8363&#8243;][vc_column_text]<\/p>\n<ul>\n<li><a href=\"https:\/\/drive.google.com\/file\/d\/1LtWB5Q4df72Q5d__MPbLj8_YKImMU33q\/view?usp=sharing\" target=\"_blank\" rel=\"noopener\">FLUJOGRAMA<\/a><\/li>\n<\/ul>\n<p>[\/vc_column_text][\/vc_tta_section][vc_tta_section title=\u00bbConvocator\u00eda 2023&#8243; tab_id=\u00bb1714140653417-cfc121ef-a743&#8243;][vc_column_text]<\/p>\n<ul>\n<li><a href=\"https:\/\/drive.google.com\/file\/d\/13DPlWM7ZIwsuxVdeB1IHByfHBqDBzDf6\/view?usp=sharing\" target=\"_blank\" rel=\"noopener\">CONVOCATORIA<\/a><\/li>\n<\/ul>\n<p>[\/vc_column_text][\/vc_tta_section][vc_tta_section title=\u00bbManual de Responsabilidad Social\u00bb tab_id=\u00bb1714140677769-d3d0bf32-ba9c\u00bb][vc_column_text]<\/p>\n<ul>\n<li><a href=\"https:\/\/drive.google.com\/file\/d\/1yiRvNhOgIQTGiywD9emVFoW227FFtsp1\/view?usp=sharing\" target=\"_blank\" rel=\"noopener\">MANUAL\u00a0<\/a><\/li>\n<\/ul>\n<p>[\/vc_column_text][\/vc_tta_section][vc_tta_section title=\u00bbPropuesta de Revista Digital\u00bb tab_id=\u00bb1714140682517-a5a2dabc-7729&#8243;][vc_column_text]<\/p>\n<ul>\n<li><a href=\"https:\/\/drive.google.com\/file\/d\/1OAbKpy5hi3Nj79QCGdDe28-NQOtHunjj\/view?usp=sharing\" target=\"_blank\" rel=\"noopener\">GUIA PARA ELABORAR UN ARTICULO DE RESPONSABILIDAD SOCIAL<\/a><\/li>\n<li><a href=\"https:\/\/drive.google.com\/file\/d\/1UTcut8jj4nuASYLul8VMhjFBGwvANQpU\/view?usp=sharing\" target=\"_blank\" rel=\"noopener\">RESOLUCI\u00d3N N\u00aa 358-2018-UPHFR-CU<\/a><\/li>\n<\/ul>\n<p>[\/vc_column_text][\/vc_tta_section][vc_tta_section title=\u00bbGuia de Inscripci\u00f3n 2023&#8243; tab_id=\u00bb1714140743722-7097d117-c00f\u00bb][vc_column_text]<\/p>\n<ul>\n<li><a href=\"https:\/\/drive.google.com\/file\/d\/1JBTlrV9lXRI0s89PRowJfEdlh029aJ0v\/view?usp=sharing\" target=\"_blank\" rel=\"noopener\">GU\u00cdA DE INSCRIPCI\u00d3N DE PROYECTOS 2023<\/a><\/li>\n<\/ul>\n<p>[\/vc_column_text][\/vc_tta_section][vc_tta_section title=\u00bbDocentes\u00bb tab_id=\u00bb1714140777693-3a942ce1-38b0&#8243;][vc_column_text]<\/p>\n<ul>\n<li><a href=\"https:\/\/drive.google.com\/file\/d\/1mdioek9EKmbVx7w_l0ejjn3QK-ZhRz3W\/view?usp=sharing\" target=\"_blank\" rel=\"noopener\">DOCENTES PROPUESTOS PARA ASESOR\u00cdA DE TRABAJOS DE RESPONSABILIDAD SOCIAL Y EXTENSI\u00d3N UNIVERSITARIA 2023<\/a><\/li>\n<li><a href=\"https:\/\/drive.google.com\/file\/d\/1M_VaWg3ehODpL0a71b1wjO2Rt19QjcIx\/view?usp=sharing\" target=\"_blank\" rel=\"noopener\">DOCENTES PROPUESTOS PARA ASESOR\u00cdA DE TRABAJOS DE RESPONSABILIDAD SOCIAL Y EXTENSI\u00d3N UNIVERSITARIA 2019<\/a><\/li>\n<li><a href=\"https:\/\/drive.google.com\/file\/d\/1d5xrW6RNlYJczx4_mcoFbKpSUMZRA6XJ\/view?usp=sharing\" target=\"_blank\" rel=\"noopener\">DOCENTES PROPUESTOS PARA ASESOR\u00cdA DE TRABAJOS DE RESPONSABILIDAD SOCIAL Y EXTENSI\u00d3N UNIVERSITARIA 2018<\/a><\/li>\n<li><a href=\"https:\/\/drive.google.com\/file\/d\/1L93iauqbYuxs7Q5AQAzDPjgZ2vmbJvOi\/view?usp=sharing\" target=\"_blank\" rel=\"noopener\">DOCENTES PROPUESTOS PARA ASESOR\u00cdA DE TRABAJOS DE RESPONSABILIDAD SOCIAL Y EXTENSI\u00d3N UNIVERSITARIA 2017<\/a><\/li>\n<li><a href=\"https:\/\/drive.google.com\/file\/d\/1M_VaWg3ehODpL0a71b1wjO2Rt19QjcIx\/view?usp=sharing\" target=\"_blank\" rel=\"noopener\">DOCENTES PROPUESTOS PARA ASESOR\u00cdA DE RESPONSABILIDAD SOCIAL<\/a><\/li>\n<\/ul>\n<p>[\/vc_column_text][\/vc_tta_section][vc_tta_section title=\u00bbFormatos\u00bb tab_id=\u00bb1714140802141-b706970a-4f8f\u00bb][vc_column_text]<\/p>\n<ul>\n<li><a href=\"https:\/\/docs.google.com\/document\/d\/12qqt8vgc8sl-FOGoXwiZ5JyWGfdgf0UQ\/edit?usp=sharing&amp;amp;ouid=111520821670635237107&amp;amp;rtpof=true&amp;amp;sd=true\" target=\"_blank\" rel=\"noopener\">FORMATO 01 \u2013 OFICIO<\/a><\/li>\n<li><a href=\"https:\/\/docs.google.com\/document\/d\/1gwRdd6vs-wtQDCFOIxPAzCuAyFc_2lI-\/edit?usp=drive_link&amp;amp;ouid=111520821670635237107&amp;amp;rtpof=true&amp;amp;sd=true\" target=\"_blank\" rel=\"noopener\">FORMATO 02 \u2013 FORMATO DE PROYECTO DE RESPONSABILIDAD SOCIAL<\/a><\/li>\n<li><a href=\"https:\/\/docs.google.com\/document\/d\/1f8XDuT0bwHCKa95xF5MXH3N-TRLGCU02\/edit?usp=drive_link&amp;amp;ouid=111520821670635237107&amp;amp;rtpof=true&amp;amp;sd=true\" target=\"_blank\" rel=\"noopener\">FORMATO 03 \u2013 OFICIO DE APROBACION DE INFORME FINAL DE RSEU<\/a><\/li>\n<li><a href=\"https:\/\/docs.google.com\/document\/d\/1ClNWifNaflfDRCrzgIH_uBUE5kTh7be3\/edit?usp=drive_link&amp;amp;ouid=111520821670635237107&amp;amp;rtpof=true&amp;amp;sd=true\" target=\"_blank\" rel=\"noopener\">FORMATO 04 \u2013 INFORME FINAL RESPONSABILIDAD<\/a><\/li>\n<li><a href=\"https:\/\/docs.google.com\/document\/d\/1xYDrLhfE9cKpzEULP-G1sbRPmI2t83fO\/edit?usp=drive_link&amp;amp;ouid=111520821670635237107&amp;amp;rtpof=true&amp;amp;sd=true\" target=\"_blank\" rel=\"noopener\">FORMATO 05 \u2013 INFORME ECON\u00d3MICO VIRTUAL<\/a><\/li>\n<li><a href=\"https:\/\/docs.google.com\/document\/d\/1At_9THYQVud2yy2gwCuQVCP0KmfYyBip\/edit?usp=drive_link&amp;amp;ouid=111520821670635237107&amp;amp;rtpof=true&amp;amp;sd=true\" target=\"_blank\" rel=\"noopener\">FORMATO 06 \u2013 CARTA DE COMPROMISO<\/a><\/li>\n<li><a href=\"https:\/\/docs.google.com\/document\/d\/1vutOUl9DN2xy_mFq1OW4nB0t0S24Yx1p\/edit?usp=drive_link&amp;amp;ouid=111520821670635237107&amp;amp;rtpof=true&amp;amp;sd=true\" target=\"_blank\" rel=\"noopener\">FORMATO 07 \u2013 DIRECTORIO INTEGRANTES RS<\/a><\/li>\n<li><a href=\"https:\/\/docs.google.com\/document\/d\/1xDS2wailjUk2po4FL6cdm2wU9ssBKIxk\/edit?usp=drive_link&amp;amp;ouid=111520821670635237107&amp;amp;rtpof=true&amp;amp;sd=true\" target=\"_blank\" rel=\"noopener\">FORMATO 08 \u2013 FICHA DE EVALUACI\u00d3N RS<\/a><\/li>\n<li><a href=\"https:\/\/docs.google.com\/document\/d\/1fI7HcpL_UdqgBWOr3PjXIJSrgGzuqkiF\/edit?usp=drive_link&amp;amp;ouid=111520821670635237107&amp;amp;rtpof=true&amp;amp;sd=true\" target=\"_blank\" rel=\"noopener\">FORMATO 09 \u2013 MODELO DE CUESTIONARIO<\/a><\/li>\n<li><a href=\"https:\/\/docs.google.com\/document\/d\/1fGtQ4ZQMzAJd5Xf0MbRTxeYrNtuKtFrM\/edit?usp=drive_link&amp;amp;ouid=111520821670635237107&amp;amp;rtpof=true&amp;amp;sd=true\" target=\"_blank\" rel=\"noopener\">FORMATO 10 \u2013 SOLICITUD DE CERTIFICACI\u00d3N<\/a><\/li>\n<li><a href=\"https:\/\/docs.google.com\/document\/d\/1DQCeLS_o1GzD6DowWkZ59KkAMVCpabe4\/edit?usp=drive_link&amp;amp;ouid=111520821670635237107&amp;amp;rtpof=true&amp;amp;sd=true\" target=\"_blank\" rel=\"noopener\">FORMATO 11 \u2013 RS PRESENCIAL<\/a><\/li>\n<li><a href=\"https:\/\/docs.google.com\/document\/d\/1HKeu26FmbBpGujFkEE6IP8H_BWOB-MAB\/edit?usp=drive_link&amp;amp;ouid=111520821670635237107&amp;amp;rtpof=true&amp;amp;sd=true\" target=\"_blank\" rel=\"noopener\">FORMATO 12 \u2013 FORMATO DE ENCUESTA DE SATISFACCI\u00d3N DE COMUNIDAD<\/a><\/li>\n<li><a href=\"https:\/\/docs.google.com\/document\/d\/1ljH0s9J1HfL_rg2blaoUFUPBTfU3wl8-\/edit?usp=drive_link&amp;amp;ouid=111520821670635237107&amp;amp;rtpof=true&amp;amp;sd=true\" target=\"_blank\" rel=\"noopener\">FORMATO 13 \u2013 RESPONSABILIDAD ASIGNATURA<\/a><\/li>\n<li><a href=\"https:\/\/docs.google.com\/document\/d\/14dEd2wnsHTIskJZ1dzKbTwoza-p1ES21\/edit?usp=drive_link&amp;amp;ouid=111520821670635237107&amp;amp;rtpof=true&amp;amp;sd=true\" target=\"_blank\" rel=\"noopener\">FORMATO 14 \u2013 INFORME FINAL DE RESPONSABILIDAD ASIGNATURA<\/a><\/li>\n<li><a href=\"https:\/\/docs.google.com\/document\/d\/17Lo51JXYwCs8p4Bhu1TeVMEjuKV5Eish\/edit?usp=drive_link&amp;amp;ouid=111520821670635237107&amp;amp;rtpof=true&amp;amp;sd=true\" target=\"_blank\" rel=\"noopener\">FORMATO 15 \u2013 FORMATO DE ENCUESTA DE SATISFACCI\u00d3N DEL ESTUDIANTE<\/a><\/li>\n<\/ul>\n<p>[\/vc_column_text][\/vc_tta_section][vc_tta_section title=\u00bbInforma Memoria\u00bb tab_id=\u00bb1714140827997-7dbd68ca-0172&#8243;][vc_column_text]<\/p>\n<ul>\n<li>2022 \u2013 2\n<ul>\n<li><a href=\"https:\/\/drive.google.com\/file\/d\/1a9fY48i6LNQdijrpruYEe1cYqnXVmY3M\/view?usp=sharing\" target=\"_blank\" rel=\"noopener\">INFORME MEMORIA RESPONSABILIDAD SOCIAL 2022 -II<\/a><\/li>\n<li><a href=\"https:\/\/drive.google.com\/file\/d\/1kdz891qZJtqGypWZDPkFGEGdkrGB66C1\/view?usp=sharing\" target=\"_blank\" rel=\"noopener\">RESOLUCI\u00d3N N\u00ba 780-2022-UPHFR-CU<\/a><\/li>\n<\/ul>\n<\/li>\n<li>2022 \u2013 1\n<ul>\n<li><a href=\"https:\/\/drive.google.com\/file\/d\/1OGOewgXv3Wlrh63iXx0ZnvKewy0RcA7b\/view?usp=sharing\" target=\"_blank\" rel=\"noopener\">INFORME MEMORIA RESPONSABILIDAD SOCIAL 2022 -I<\/a><\/li>\n<li><a href=\"https:\/\/drive.google.com\/file\/d\/1MYP6_Mt8qLO4QlSt1dv4slMifZ4KyY4k\/view?usp=sharing\" target=\"_blank\" rel=\"noopener\">RESOLUCI\u00d3N N\u00ba 472-2022-UPHFR-CU<\/a><\/li>\n<\/ul>\n<\/li>\n<li>2021-2\n<ul>\n<li><a href=\"https:\/\/drive.google.com\/file\/d\/1Tpdbxc9LzhJ1avgcBUWA4zK5dFhX4GPL\/view?usp=sharing\" target=\"_blank\" rel=\"noopener\">INFORME MEMORIA RESPONSABILIDAD SOCIAL 2021-II<\/a><\/li>\n<\/ul>\n<\/li>\n<li>2021-1\n<ul>\n<li><a href=\"https:\/\/drive.google.com\/file\/d\/1UMtzpoIPd137Z6uxLZTCRkBIX653nJO3\/view?usp=sharing\" target=\"_blank\" rel=\"noopener\">INFORME MEMORIA RESPONSABILIDAD SOCIAL 2021-1<\/a><\/li>\n<li><a href=\"https:\/\/drive.google.com\/file\/d\/1s2-84xqSH3ZG7tjn3TY421NqfDl6KDuS\/view?usp=sharing\" target=\"_blank\" rel=\"noopener\">RESOLUCIO\u0301N N\u00ba 427-2021-UPHFR-CU<\/a><\/li>\n<\/ul>\n<\/li>\n<\/ul>\n<p>[\/vc_column_text][\/vc_tta_section][\/vc_tta_accordion][vc_empty_space height=\u00bb50px\u00bb][\/vc_column][\/vc_row][vc_row full_width=\u00bbstretch_row\u00bb css_animation=\u00bbfadeInUp\u00bb css=\u00bb.vc_custom_1752944063496{background-color: #910048 !important;background-position: center !important;background-repeat: no-repeat !important;background-size: cover !important;}\u00bb][vc_column][vc_empty_space][vc_row_inner content_placement=\u00bbmiddle\u00bb][vc_column_inner width=\u00bb1\/2&#8243;][vc_column_text el_class=\u00bbrazones\u00bb]<\/p>\n<h1><strong>Inicia tu vida<\/strong><br \/>\n<strong>universitaria en UR<\/strong><\/h1>\n<p>[\/vc_column_text][vc_empty_space][vc_column_text el_class=\u00bbtexto-blanco\u00bb]Somos una instituci\u00f3n educativa con m\u00e1s de 14 a\u00f1os de experiencia,<br \/>\nbrindando la educaci\u00f3n profesional a nuestros estudiantes.[\/vc_column_text][vc_empty_space][vc_single_image image=\u00bb1466&#8243; img_size=\u00bbfull\u00bb][vc_empty_space][\/vc_column_inner][vc_column_inner el_class=\u00bbsombra\u00bb width=\u00bb1\/2&#8243; css=\u00bb.vc_custom_1710265477016{padding-right: 20px !important;padding-left: 20px !important;background-color: #ffffff !important;border-radius: 10px !important;}\u00bb][vc_column_text el_class=\u00bbdatos\u00bb]<\/p>\n<h1><strong>D\u00e9janos tus datos<\/strong><\/h1>\n<p>[\/vc_column_text][vc_empty_space][vc_raw_html]JTNDc2NyaXB0JTIwY2hhcnNldCUzRCUyMnV0Zi04JTIyJTIwdHlwZSUzRCUyMnRleHQlMkZqYXZhc2NyaXB0JTIyJTIwc3JjJTNEJTIyJTJGJTJGanMuaHNmb3Jtcy5uZXQlMkZmb3JtcyUyRmVtYmVkJTJGdjIuanMlMjIlM0UlM0MlMkZzY3JpcHQlM0UlMEElM0NzY3JpcHQlM0UlMEElMjAlMjBoYnNwdC5mb3Jtcy5jcmVhdGUlMjglN0IlMEElMjAlMjAlMjAlMjByZWdpb24lM0ElMjAlMjJuYTElMjIlMkMlMEElMjAlMjAlMjAlMjBwb3J0YWxJZCUzQSUyMCUyMjg5MDEzMDklMjIlMkMlMEElMjAlMjAlMjAlMjBmb3JtSWQlM0ElMjAlMjI3Y2NmNWMzOS04ODQ0LTQyNTAtYTQ4YS05NGEyY2Y5ZWZkZDMlMjIlMEElMjAlMjAlN0QlMjklM0IlMEElM0MlMkZzY3JpcHQlM0U=[\/vc_raw_html][vc_empty_space][\/vc_column_inner][\/vc_row_inner][vc_empty_space height=\u00bb60px\u00bb][\/vc_column][\/vc_row]<\/p>\n","protected":false},"excerpt":{"rendered":"<p>[vc_row full_width=\u00bbstretch_row\u00bb css=\u00bb.vc_custom_1714067532166{background-image: url(https:\/\/www.uroosevelt.edu.pe\/portal\/wp-content\/uploads\/2024\/04\/SALA-BIBLIOTECA-SC-05.jpg?id=1115) !important;background-position: center !important;background-repeat: no-repeat !important;background-size: cover !important;}\u00bb][vc_column][vc_empty_space height=\u00bb150px\u00bb][vc_row_inner][vc_column_inner width=\u00bb2\/3&#8243;][vc_column_text el_class=\u00bbtitulo\u00bb<span class=\"excerpt-hellip\"> [\u2026]<\/span><\/p>\n","protected":false},"author":4,"featured_media":0,"parent":0,"menu_order":0,"comment_status":"closed","ping_status":"closed","template":"","meta":{"footnotes":""},"_links":{"self":[{"href":"https:\/\/www.uroosevelt.edu.pe\/portal\/wp-json\/wp\/v2\/pages\/1515"}],"collection":[{"href":"https:\/\/www.uroosevelt.edu.pe\/portal\/wp-json\/wp\/v2\/pages"}],"about":[{"href":"https:\/\/www.uroosevelt.edu.pe\/portal\/wp-json\/wp\/v2\/types\/page"}],"author":[{"embeddable":true,"href":"https:\/\/www.uroosevelt.edu.pe\/portal\/wp-json\/wp\/v2\/users\/4"}],"replies":[{"embeddable":true,"href":"https:\/\/www.uroosevelt.edu.pe\/portal\/wp-json\/wp\/v2\/comments?post=1515"}],"version-history":[{"count":5,"href":"https:\/\/www.uroosevelt.edu.pe\/portal\/wp-json\/wp\/v2\/pages\/1515\/revisions"}],"predecessor-version":[{"id":2959,"href":"https:\/\/www.uroosevelt.edu.pe\/portal\/wp-json\/wp\/v2\/pages\/1515\/revisions\/2959"}],"wp:attachment":[{"href":"https:\/\/www.uroosevelt.edu.pe\/portal\/wp-json\/wp\/v2\/media?parent=1515"}],"curies":[{"name":"wp","href":"https:\/\/api.w.org\/{rel}","templated":true}]}}