{"id":1507,"date":"2024-04-25T18:47:04","date_gmt":"2024-04-25T18:47:04","guid":{"rendered":"https:\/\/www.uroosevelt.edu.pe\/portal\/?page_id=1507"},"modified":"2025-11-17T16:56:28","modified_gmt":"2025-11-17T21:56:28","slug":"defensoria-universitaria","status":"publish","type":"page","link":"https:\/\/www.uroosevelt.edu.pe\/portal\/defensoria-universitaria\/","title":{"rendered":"Defensor\u00eda Universitaria"},"content":{"rendered":"<p>[vc_row full_width=\u00bbstretch_row\u00bb css=\u00bb.vc_custom_1714067532166{background-image: url(https:\/\/www.uroosevelt.edu.pe\/portal\/wp-content\/uploads\/2024\/04\/SALA-BIBLIOTECA-SC-05.jpg?id=1115) !important;background-position: center !important;background-repeat: no-repeat !important;background-size: cover !important;}\u00bb][vc_column][vc_empty_space height=\u00bb150px\u00bb][vc_row_inner][vc_column_inner width=\u00bb2\/3&#8243;][vc_column_text el_class=\u00bbtitulo\u00bb css=\u00bb.vc_custom_1714070586800{padding-right: 28px !important;padding-left: 28px !important;}\u00bb]<\/p>\n<h1><strong>Defensor\u00eda Universitaria\u00a0<\/strong><\/h1>\n<p>[\/vc_column_text][vc_empty_space][vc_column_text el_class=\u00bbtexto-blanco\u00bb css=\u00bb.vc_custom_1714070842231{padding-left: 28px !important;}\u00bb]La Defensor\u00eda Universitaria es la instancia encargada de la tutela de los derechos de los miembros de la comunidad universitaria y vela por el mantenimiento del principio de autoridad responsable. Es competente para conocer las denuncias y reclamaciones que formulen los miembros de la comunidad universitaria vinculadas con la infracci\u00f3n de derechos individuales.<\/p>\n<p>El estatuto de la universidad establece los mecanismos de regulaci\u00f3n y funcionamiento de la defensor\u00eda.[\/vc_column_text][\/vc_column_inner][vc_column_inner width=\u00bb1\/3&#8243;][\/vc_column_inner][\/vc_row_inner][vc_empty_space height=\u00bb200px\u00bb][\/vc_column][\/vc_row][vc_row][vc_column][vc_empty_space][vc_row_inner equal_height=\u00bbyes\u00bb content_placement=\u00bbmiddle\u00bb][vc_column_inner el_class=\u00bbcolumna-borde\u00bb width=\u00bb1\/2&#8243;][vc_empty_space][vc_column_text el_class=\u00bbtexto1&#8243;]<\/p>\n<h1><strong>MSc. Ing. Nataly Johanna Zavala Figueroa<\/strong><\/h1>\n<p>[\/vc_column_text][vc_empty_space]<div class=\"aio-icon-component    style_1\"><div id=\"Info-box-wrap-7592\" class=\"aio-icon-box default-icon\" style=\"\"  ><div class=\"aio-icon-default\"><div class=\"ult-just-icon-wrapper  \"><div class=\"align-icon\" style=\"text-align:center;\">\n<div class=\"aio-icon none \"  style=\"color:#910048;font-size:15px;display:inline-block;\">\n\t<i class=\"Defaults-user\"><\/i>\n<\/div><\/div><\/div><\/div><div class=\"aio-icon-header\" ><h3 class=\"aio-icon-title ult-responsive\"  data-ultimate-target='#Info-box-wrap-7592 .aio-icon-title'  data-responsive-json-new='{\"font-size\":\"\",\"line-height\":\"\"}'  style=\"\">Responsable de la Oficina de Defensor\u00eda Universitaria<\/h3><\/div> <!-- header --><\/div> <!-- aio-icon-box --><\/div> <!-- aio-icon-component -->[vc_empty_space][vc_column_text el_class=\u00bbtexto3&#8243;]<\/p>\n<h1><strong>Canales de atenci\u00f3n presencial:<\/strong><\/h1>\n<p>[\/vc_column_text][vc_empty_space]<div class=\"aio-icon-component    style_1\"><div id=\"Info-box-wrap-8458\" class=\"aio-icon-box default-icon\" style=\"\"  ><div class=\"aio-icon-default\"><div class=\"ult-just-icon-wrapper  \"><div class=\"align-icon\" style=\"text-align:center;\">\n<div class=\"aio-icon none \"  style=\"color:#910048;font-size:15px;display:inline-block;\">\n\t<i class=\"Defaults-location-arrow\"><\/i>\n<\/div><\/div><\/div><\/div><div class=\"aio-icon-header\" ><h3 class=\"aio-icon-title ult-responsive\"  data-ultimate-target='#Info-box-wrap-8458 .aio-icon-title'  data-responsive-json-new='{\"font-size\":\"\",\"line-height\":\"\"}'  style=\"\">Oficina de Atenci\u00f3n: 604 \u2013 Pabell\u00f3n B.<\/h3><\/div> <!-- header --><\/div> <!-- aio-icon-box --><\/div> <!-- aio-icon-component --><div class=\"aio-icon-component    style_1\"><div id=\"Info-box-wrap-7581\" class=\"aio-icon-box default-icon\" style=\"\"  ><div class=\"aio-icon-default\"><div class=\"ult-just-icon-wrapper  \"><div class=\"align-icon\" style=\"text-align:center;\">\n<div class=\"aio-icon none \"  style=\"color:#910048;font-size:15px;display:inline-block;\">\n\t<i class=\"Defaults-clock-o\"><\/i>\n<\/div><\/div><\/div><\/div><div class=\"aio-icon-header\" ><h3 class=\"aio-icon-title ult-responsive\"  data-ultimate-target='#Info-box-wrap-7581 .aio-icon-title'  data-responsive-json-new='{\"font-size\":\"\",\"line-height\":\"\"}'  style=\"\">Lunes a Viernes de 08.00 am a 01.00 pm y de 04:00 pm a 07:00 pm<\/h3><\/div> <!-- header --><\/div> <!-- aio-icon-box --><\/div> <!-- aio-icon-component --><div class=\"aio-icon-component    style_1\"><div id=\"Info-box-wrap-3947\" class=\"aio-icon-box default-icon\" style=\"\"  ><div class=\"aio-icon-default\"><div class=\"ult-just-icon-wrapper  \"><div class=\"align-icon\" style=\"text-align:center;\">\n<div class=\"aio-icon none \"  style=\"color:#910048;font-size:15px;display:inline-block;\">\n\t<i class=\"Defaults-clock-o\"><\/i>\n<\/div><\/div><\/div><\/div><div class=\"aio-icon-header\" ><h3 class=\"aio-icon-title ult-responsive\"  data-ultimate-target='#Info-box-wrap-3947 .aio-icon-title'  data-responsive-json-new='{\"font-size\":\"\",\"line-height\":\"\"}'  style=\"\">S\u00e1bado: De 08.00 am a 01.00 pm<\/h3><\/div> <!-- header --><\/div> <!-- aio-icon-box --><\/div> <!-- aio-icon-component -->[vc_empty_space][vc_column_text el_class=\u00bbtexto3&#8243;]<\/p>\n<h1><strong>Canales de atenci\u00f3n no presencial:<\/strong><\/h1>\n<p>[\/vc_column_text][vc_empty_space]<div class=\"aio-icon-component    style_1\"><div id=\"Info-box-wrap-8612\" class=\"aio-icon-box default-icon\" style=\"\"  ><div class=\"aio-icon-default\"><div class=\"ult-just-icon-wrapper  \"><div class=\"align-icon\" style=\"text-align:center;\">\n<div class=\"aio-icon none \"  style=\"color:#910048;font-size:15px;display:inline-block;\">\n\t<i class=\"Defaults-envelope-o\"><\/i>\n<\/div><\/div><\/div><\/div><div class=\"aio-icon-header\" ><a class=\"aio-icon-box-link\" href=\"mailto:defensoriauniversitaria@uroosevelt.edu.pe\" target='_blank'  ><h3 class=\"aio-icon-title ult-responsive\"  data-ultimate-target='#Info-box-wrap-8612 .aio-icon-title'  data-responsive-json-new='{\"font-size\":\"\",\"line-height\":\"\"}'  style=\"\">defensoriauniversitaria@uroosevelt.edu.pe<\/h3><\/a><\/div> <!-- header --><\/div> <!-- aio-icon-box --><\/div> <!-- aio-icon-component --><div class=\"aio-icon-component    style_1\"><a class=\"aio-icon-box-link\" href=\"https:\/\/wa.link\/q2xmzm\" target='_blank'  ><div id=\"Info-box-wrap-3227\" class=\"aio-icon-box default-icon\" style=\"\"  ><div class=\"aio-icon-default\"><div class=\"ult-just-icon-wrapper  \"><div class=\"align-icon\" style=\"text-align:center;\">\n<div class=\"aio-icon none \"  style=\"color:#910048;font-size:15px;display:inline-block;\">\n\t<i class=\"Defaults-whatsapp\"><\/i>\n<\/div><\/div><\/div><\/div><div class=\"aio-icon-header\" ><h3 class=\"aio-icon-title ult-responsive\"  data-ultimate-target='#Info-box-wrap-3227 .aio-icon-title'  data-responsive-json-new='{\"font-size\":\"\",\"line-height\":\"\"}'  style=\"\">908 834 784<\/h3><\/div> <!-- header --><\/div> <!-- aio-icon-box --><\/a><\/div> <!-- aio-icon-component -->[vc_empty_space][vc_btn title=\u00bbFORMATO GENERAL DE ATENCI\u00d3N\u00bb style=\u00bboutline-custom\u00bb outline_custom_color=\u00bb#910048&#8243; outline_custom_hover_background=\u00bb#910048&#8243; outline_custom_hover_text=\u00bb#ffffff\u00bb shape=\u00bbround\u00bb size=\u00bblg\u00bb align=\u00bbcenter\u00bb i_type=\u00bbtypicons\u00bb i_icon_typicons=\u00bbtypcn typcn-document\u00bb css_animation=\u00bbfadeInUp\u00bb add_icon=\u00bbtrue\u00bb link=\u00bburl:https%3A%2F%2Fdocs.google.com%2Fdocument%2Fd%2F11ZDquDKy6g3I3ZLG4OCNwS-OO1Ol0g80%3Frtpof%3Dtrue%26usp%3Ddrive_fs||target:%20_blank|\u00bb][vc_empty_space][\/vc_column_inner][vc_column_inner width=\u00bb1\/2&#8243;][vc_single_image image=\u00bb1508&#8243; img_size=\u00bbfull\u00bb alignment=\u00bbcenter\u00bb][\/vc_column_inner][\/vc_row_inner][vc_empty_space height=\u00bb60px\u00bb][vc_btn title=\u00bbPRESENTA TU QUEJA O CONSULTA\u00bb style=\u00bbcustom\u00bb custom_background=\u00bb#910048&#8243; custom_text=\u00bb#fedb00&#8243; shape=\u00bbround\u00bb size=\u00bblg\u00bb align=\u00bbcenter\u00bb i_type=\u00bbtypicons\u00bb i_icon_typicons=\u00bbtypcn typcn-archive\u00bb css_animation=\u00bbfadeInUp\u00bb add_icon=\u00bbtrue\u00bb link=\u00bburl:https%3A%2F%2Fforms.gle%2FAuHuAFZPasqSWYnZ6||target:%20_blank|\u00bb][vc_empty_space height=\u00bb60px\u00bb][\/vc_column][\/vc_row][vc_row][vc_column][vc_tta_accordion][vc_tta_section title=\u00bbProtocolos de Atenci\u00f3n\u00bb tab_id=\u00bb1713886992781-5c78405b-6a6a\u00bb][vc_column_text]<\/p>\n<ul>\n<li><a href=\"https:\/\/drive.google.com\/file\/d\/1FBO4ce7zCycBK9fyZ4Hfv5bt-Bm6yXkN\/view?usp=drive_link\" target=\"_blank\" rel=\"noopener\">PROTOCOLO DE DEFENSOR\u00ccA UNIVERSITARIA 2024<\/a><\/li>\n<li><a href=\"https:\/\/drive.google.com\/file\/d\/1rTiaXyLRb6OfeEAqftHtyhInCE4GazJ_\/view?usp=drive_link\" target=\"_blank\" rel=\"noopener\">CONSEJO UNIVERSITARIO RESOLUCI\u00d2N N\u00b0 230-2024-UPHFR-CU<\/a><\/li>\n<\/ul>\n<p>[\/vc_column_text][\/vc_tta_section][vc_tta_section title=\u00bbActividades de Defensor\u00eda Universitaria\u00bb tab_id=\u00bb1714062632017-e2bc89d0-8363&#8243;][vc_column_text]<\/p>\n<ul>\n<li><strong>ACTIVIDADES 2025<\/strong>\n<ul>\n<li><a href=\"https:\/\/drive.google.com\/open?id=1r6mIzv5LfB9GbTJdb0Jir3vspmx6dIPM&amp;usp=drive_fs\" target=\"_blank\" rel=\"noopener\">Charla \u00abConoce la Defensor\u00eda Universitaria: promoviendo el respeto y la buena convivencia\u00bb, dirigido a estudiantes de pregrado.<\/a><\/li>\n<li><a href=\"https:\/\/drive.google.com\/open?id=1hFK6jfpsGcr-xH9zFCaiK4Ib698TULiv&amp;usp=drive_fs\" target=\"_blank\" rel=\"noopener\">Charla \u00abDefensor\u00eda Universitaria y funci\u00f3n docente: prevenci\u00f3n, responsabilidad y canales de atenci\u00f3n\u00bb, dirigido al personal docente.<\/a><\/li>\n<\/ul>\n<\/li>\n<li><strong>ACTIVIDADES 2024<\/strong>\n<ul>\n<li><a href=\"https:\/\/drive.google.com\/open?id=1lgOhIWP5fuJs3g8S9mZZ2dHsD9LftJsO&amp;usp=drive_fs\" target=\"_blank\" rel=\"noopener\">Evaluaci\u00f3n y Diagn\u00f3stico en materia de Prevenci\u00f3n del Hostigamiento Sexual \u2013 2024<\/a><\/li>\n<li><a href=\"https:\/\/drive.google.com\/file\/d\/1QIaot632D8r3jjhOei8Gb4dUfdPEjZZ7\/view?usp=drive_link\" target=\"_blank\" rel=\"noopener\">Charla informativa: \u201cDefensor\u00eda Universitaria: Protegiendo tus derechos en la comunidad universitaria\u201d<\/a><\/li>\n<\/ul>\n<\/li>\n<li><strong>ACTIVIDADES 2023<\/strong>\n<ul>\n<li>PLANES\n<ul>\n<li><a href=\"https:\/\/drive.google.com\/file\/d\/1yJR7uBNyEZKQTKZCZYnxw15nbeXTayj0\/view?usp=drive_link\" target=\"_blank\" rel=\"noopener\">CHARLA INFORMATIVA: CONVIVENCIA UNIVERSITARIA<\/a><\/li>\n<li><a href=\"https:\/\/drive.google.com\/file\/d\/18e39yEFtCu4XZhjQcM7RlaOQeOWcmYZr\/view?usp=drive_link\" target=\"_blank\" rel=\"noopener\">CHARLA SOBRE LAS MEDIDAS DE PREVENCI\u00d3N DEL HOSTIGAMIENTO SEXUAL<\/a><\/li>\n<\/ul>\n<\/li>\n<li>INFORMES\n<ul>\n<li><a href=\"https:\/\/drive.google.com\/file\/d\/12VKQM-jv6ShImsCChOVfzpqoi796wIkn\/view?usp=drive_link\" target=\"_blank\" rel=\"noopener\">CHARLA INFORMATIVA: CONVIVENCIA UNIVERSITARIA<\/a><\/li>\n<li><a href=\"https:\/\/drive.google.com\/file\/d\/18YCbKfn8jd0BSM7lHm9qn2ufdfGQPar7\/view?usp=drive_link\" target=\"_blank\" rel=\"noopener\">CHARLA SOBRE LAS MEDIDAS DE PREVENCI\u00d3N DEL HOSTIGAMIENTO SEXUAL<\/a><\/li>\n<\/ul>\n<\/li>\n<\/ul>\n<\/li>\n<li><strong>ACTIVIDADES 2022<\/strong>\n<ul>\n<li>PLANES\n<ul>\n<li><a href=\"https:\/\/drive.google.com\/file\/d\/1ZKmmjegp9BFAFswRQcew7__XFN2PSkTT\/view?usp=drive_link\" target=\"_blank\" rel=\"noopener\">CHARLA: \u201cDIFUSI\u00d3N DEL REGLAMENTO ACAD\u00c9MICO\u201d<\/a><\/li>\n<li><a href=\"https:\/\/drive.google.com\/file\/d\/1lFqq5pIzpZkzkNmNuEi_frHwUmPihrLX\/view?usp=drive_link\" target=\"_blank\" rel=\"noopener\">CHARLA: \u201cSENSIBLIZACION DE VIOLENCIA CONTRA LA MUJER\u201d<\/a><\/li>\n<\/ul>\n<\/li>\n<li>INFORMES\n<ul>\n<li><a href=\"https:\/\/drive.google.com\/file\/d\/1WhKR3TiJHXsyNV6r9szOBB1qOJMQDFpR\/view?usp=drive_link\" target=\"_blank\" rel=\"noopener\">CHARLA: \u201cDIFUSI\u00d3N DEL REGLAMENTO ACAD\u00c9MICO\u201d<\/a><\/li>\n<li><a href=\"https:\/\/drive.google.com\/file\/d\/1TyP6wVxNkz-BqFidf-448EUSf_dLLQ_r\/view?usp=drive_link\" target=\"_blank\" rel=\"noopener\">CHARLA: \u201cSENSIBLIZACION DE VIOLENCIA CONTRA LA MUJER\u201d<\/a><\/li>\n<\/ul>\n<\/li>\n<\/ul>\n<\/li>\n<li><strong>ACTIVIDADES 2021<\/strong>\n<ul>\n<li>PLANES\n<ul>\n<li><a href=\"https:\/\/drive.google.com\/file\/d\/1-CrCDlDCI5IpVwH7rs9BdBh2WBHOPluU\/view?usp=drive_link\" target=\"_blank\" rel=\"noopener\">CHARLA: \u201cDEBERES Y DERECHOS DEL ESTUDIANTES UNIVERSITARIOS\u201d<\/a><\/li>\n<\/ul>\n<\/li>\n<li>\u00a0INFORMES\n<ul>\n<li><a href=\"https:\/\/drive.google.com\/file\/d\/10Pe74n_2Q_8jfcqCBq1FBWZcwVnDLAxW\/view?usp=drive_link\" target=\"_blank\" rel=\"noopener\">CHARLA: \u201cDEBERES Y DERECHOS DEL ESTUDIANTES UNIVERSITARIOS\u201d<\/a><\/li>\n<\/ul>\n<\/li>\n<\/ul>\n<\/li>\n<li><strong>ACTIVIDADES 2020<\/strong>\n<ul>\n<li>\u00a0PLANES\n<ul>\n<li><a href=\"https:\/\/drive.google.com\/file\/d\/1xqq39CzUg6HAZhZkq3j5fqe7svpQanrg\/view?usp=sharing\" target=\"_blank\" rel=\"noopener\">Charla informativa: Conociendo los deberes y derechos de los estudiantes de la UPHFR<\/a>\n<ul>\n<li><a href=\"https:\/\/drive.google.com\/file\/d\/1a-m5jBVv-RoU82p_eb3PAle-lS6SIW42\/view?usp=sharing\" target=\"_blank\" rel=\"noopener\">Resoluci\u00f3n N\u00ba 204-2020-UPHFR-CU<\/a><\/li>\n<\/ul>\n<\/li>\n<li><a href=\"https:\/\/drive.google.com\/file\/d\/1GxZhvl4AOBbsOwHmCpnJJMkF2wgnPWFg\/view?usp=sharing\" target=\"_blank\" rel=\"noopener\">Charla informativa: Sensibilizaci\u00f3n Ley N\u00b0 27942 prevenci\u00f3n e intervenci\u00f3n en casos de hostigamiento sexual a los estudiantes de la UPHFR.<\/a>\n<ul>\n<li><a href=\"https:\/\/drive.google.com\/file\/d\/12FVT68-1ooyBObRPj1egTDabfxDI_ote\/view?usp=sharing\" target=\"_blank\" rel=\"noopener\">Resoluci\u00f3n N\u00ba 206-2020-UPHFR-CU<\/a><\/li>\n<\/ul>\n<\/li>\n<li><a href=\"https:\/\/drive.google.com\/file\/d\/1qzRO1rZ4oLnITBkuMgk0ulLEuXi1DCpa\/view?usp=sharing\" target=\"_blank\" rel=\"noopener\">Charla: Medidas de convivencia universitaria y difusi\u00f3n del reglamento acad\u00e9mico del estudiante.<\/a>\n<ul>\n<li><a href=\"https:\/\/drive.google.com\/file\/d\/12qcN5X1Y-trwEce4k83hDckAmA3-hOvz\/view?usp=sharing\" target=\"_blank\" rel=\"noopener\">Resoluci\u00f3n N\u00ba 205-2020-UPHFR-CU<\/a><\/li>\n<\/ul>\n<\/li>\n<li><a href=\"https:\/\/drive.google.com\/file\/d\/1-e8vA42uu0E6arMJ1yZR4jcUh-4rC1kR\/view?usp=sharing\" target=\"_blank\" rel=\"noopener\">Charla informativa: Capacitaci\u00f3n sensibilizaci\u00f3n y prevenci\u00f3n de violencia de genero.<\/a><\/li>\n<\/ul>\n<\/li>\n<li>INFORMES\n<ul>\n<li><a href=\"https:\/\/drive.google.com\/file\/d\/1SbR63_V10LZMt8sBgDrflWHX9FO9nBHO\/view?usp=sharing\" target=\"_blank\" rel=\"noopener\">Charla informativa: Conociendo los deberes y derechos de los estudiantes de la UPHFR<\/a>\n<ul>\n<li><a href=\"https:\/\/drive.google.com\/file\/d\/1Ct9nI9b5AWsMTL7YNfaV_apQnkFPgZZg\/view?usp=sharing\" target=\"_blank\" rel=\"noopener\">Resoluci\u00f3n N\u00ba 383-2020-UPHFR-CU<\/a><\/li>\n<\/ul>\n<\/li>\n<li><a href=\"https:\/\/drive.google.com\/file\/d\/1dKYAVRD-AMdGrwWJ7e9iZYrmaja2oSFg\/view?usp=sharing\" target=\"_blank\" rel=\"noopener\">Charla informativa: Sensibilizaci\u00f3n Ley N\u00b0 27942 prevenci\u00f3n e intervenci\u00f3n en casos de hostigamiento sexual a los estudiantes de la UPHFR.<\/a>\n<ul>\n<li><a href=\"https:\/\/drive.google.com\/file\/d\/1wy64AyrvYq0Dsg0uiVfuojDcxyxab_VG\/view?usp=sharing\" target=\"_blank\" rel=\"noopener\">Resoluci\u00f3n N\u00ba 382-2020-UPHFR-CU<\/a><\/li>\n<\/ul>\n<\/li>\n<li><a href=\"https:\/\/drive.google.com\/file\/d\/1QhxU3D9Ya_cYE01XOhGsGfOjKcLbUmi7\/view?usp=sharing\" target=\"_blank\" rel=\"noopener\">Charla: Medidas de convivencia universitaria y difusi\u00f3n del reglamento acad\u00e9mico del estudiante.<\/a>\n<ul>\n<li><a href=\"https:\/\/drive.google.com\/file\/d\/1X7kCEcSzPxP-WfOhyHLO8VVXeRj1iKcd\/view?usp=sharing\" target=\"_blank\" rel=\"noopener\">Resoluci\u00f3n N\u00ba 324-2020-UPHFR-CU<\/a><\/li>\n<\/ul>\n<\/li>\n<li><a href=\"https:\/\/drive.google.com\/file\/d\/1-sbumGq2KqE4vdiQXgLDlDfuKwdlSa8e\/view?usp=sharing\" target=\"_blank\" rel=\"noopener\">Charla informativa: Capacitaci\u00f3n sensibilizaci\u00f3n y prevenci\u00f3n de violencia de genero.<\/a><\/li>\n<\/ul>\n<\/li>\n<\/ul>\n<\/li>\n<\/ul>\n<p>[\/vc_column_text][\/vc_tta_section][\/vc_tta_accordion][vc_empty_space height=\u00bb50px\u00bb][\/vc_column][\/vc_row][vc_row][vc_column][vc_empty_space height=\u00bb50px\u00bb][vc_separator][\/vc_column][\/vc_row][vc_row][vc_column width=\u00bb1\/6&#8243;][\/vc_column][vc_column width=\u00bb2\/3&#8243; el_class=\u00bbdocente\u00bb]<div class=\"icon_box icon_position_top no_border\"><a class=\"\" href=\"https:\/\/www.uroosevelt.edu.pe\/prevencion-en-hostigamiento-sexual\/\"  ><div class=\"icon_wrapper\"><div class=\"icon\"><i class=\"fas fa-exclamation-triangle\"><\/i><\/div><\/div><div class=\"desc_wrapper\"><h4 class=\"title\">PREVENCI\u00d3N E INTERVENCI\u00d3N EN HOSTIGAMIENTO SEXUAL<\/h4><div class=\"desc\">El respeto no se negocia: Di NO al hostigamiento sexual en nuestra comunidad<\/div><\/div><\/a><\/div>\n[vc_empty_space height=\u00bb50px\u00bb][vc_btn title=\u00bbACCEDER\u00bb style=\u00bboutline-custom\u00bb outline_custom_color=\u00bb#910048&#8243; outline_custom_hover_background=\u00bb#910048&#8243; outline_custom_hover_text=\u00bb#ffffff\u00bb shape=\u00bbround\u00bb align=\u00bbcenter\u00bb i_align=\u00bbright\u00bb i_type=\u00bbtypicons\u00bb i_icon_typicons=\u00bbtypcn typcn-chevron-right-outline\u00bb css_animation=\u00bbfadeInUp\u00bb add_icon=\u00bbtrue\u00bb link=\u00bburl:https%3A%2F%2Fwww.uroosevelt.edu.pe%2Fprevencion-en-hostigamiento-sexual%2F|||\u00bb][vc_empty_space height=\u00bb50px\u00bb][\/vc_column][vc_column width=\u00bb1\/6&#8243;][\/vc_column][\/vc_row][vc_row][vc_column][vc_empty_space height=\u00bb50px\u00bb][vc_separator][\/vc_column][\/vc_row][vc_row full_width=\u00bbstretch_row\u00bb css_animation=\u00bbfadeInUp\u00bb css=\u00bb.vc_custom_1752943620406{background-color: #910048 !important;background-position: center !important;background-repeat: no-repeat !important;background-size: cover !important;}\u00bb][vc_column][vc_empty_space][vc_row_inner content_placement=\u00bbmiddle\u00bb][vc_column_inner width=\u00bb1\/2&#8243;][vc_column_text el_class=\u00bbrazones\u00bb]<\/p>\n<h1><strong>Inicia tu vida<\/strong><br \/>\n<strong>universitaria en UR<\/strong><\/h1>\n<p>[\/vc_column_text][vc_empty_space][vc_column_text el_class=\u00bbtexto-blanco\u00bb]Somos una instituci\u00f3n educativa con m\u00e1s de 14 a\u00f1os de experiencia,<br \/>\nbrindando la educaci\u00f3n profesional a nuestros estudiantes.[\/vc_column_text][vc_empty_space][vc_single_image image=\u00bb1466&#8243; img_size=\u00bbfull\u00bb][vc_empty_space][\/vc_column_inner][vc_column_inner el_class=\u00bbsombra\u00bb width=\u00bb1\/2&#8243; css=\u00bb.vc_custom_1710265477016{padding-right: 20px !important;padding-left: 20px !important;background-color: #ffffff !important;border-radius: 10px !important;}\u00bb][vc_column_text el_class=\u00bbdatos\u00bb]<\/p>\n<h1><strong>D\u00e9janos tus datos<\/strong><\/h1>\n<p>[\/vc_column_text][vc_empty_space][vc_raw_html]JTNDc2NyaXB0JTIwY2hhcnNldCUzRCUyMnV0Zi04JTIyJTIwdHlwZSUzRCUyMnRleHQlMkZqYXZhc2NyaXB0JTIyJTIwc3JjJTNEJTIyJTJGJTJGanMuaHNmb3Jtcy5uZXQlMkZmb3JtcyUyRmVtYmVkJTJGdjIuanMlMjIlM0UlM0MlMkZzY3JpcHQlM0UlMEElM0NzY3JpcHQlM0UlMEElMjAlMjBoYnNwdC5mb3Jtcy5jcmVhdGUlMjglN0IlMEElMjAlMjAlMjAlMjByZWdpb24lM0ElMjAlMjJuYTElMjIlMkMlMEElMjAlMjAlMjAlMjBwb3J0YWxJZCUzQSUyMCUyMjg5MDEzMDklMjIlMkMlMEElMjAlMjAlMjAlMjBmb3JtSWQlM0ElMjAlMjI3Y2NmNWMzOS04ODQ0LTQyNTAtYTQ4YS05NGEyY2Y5ZWZkZDMlMjIlMEElMjAlMjAlN0QlMjklM0IlMEElM0MlMkZzY3JpcHQlM0U=[\/vc_raw_html][vc_empty_space][\/vc_column_inner][\/vc_row_inner][vc_empty_space height=\u00bb60px\u00bb][\/vc_column][\/vc_row]<\/p>\n","protected":false},"excerpt":{"rendered":"<p>[vc_row full_width=\u00bbstretch_row\u00bb css=\u00bb.vc_custom_1714067532166{background-image: url(https:\/\/www.uroosevelt.edu.pe\/portal\/wp-content\/uploads\/2024\/04\/SALA-BIBLIOTECA-SC-05.jpg?id=1115) !important;background-position: center !important;background-repeat: no-repeat !important;background-size: cover !important;}\u00bb][vc_column][vc_empty_space height=\u00bb150px\u00bb][vc_row_inner][vc_column_inner width=\u00bb2\/3&#8243;][vc_column_text el_class=\u00bbtitulo\u00bb<span class=\"excerpt-hellip\"> [\u2026]<\/span><\/p>\n","protected":false},"author":3,"featured_media":0,"parent":0,"menu_order":0,"comment_status":"closed","ping_status":"closed","template":"","meta":{"footnotes":""},"_links":{"self":[{"href":"https:\/\/www.uroosevelt.edu.pe\/portal\/wp-json\/wp\/v2\/pages\/1507"}],"collection":[{"href":"https:\/\/www.uroosevelt.edu.pe\/portal\/wp-json\/wp\/v2\/pages"}],"about":[{"href":"https:\/\/www.uroosevelt.edu.pe\/portal\/wp-json\/wp\/v2\/types\/page"}],"author":[{"embeddable":true,"href":"https:\/\/www.uroosevelt.edu.pe\/portal\/wp-json\/wp\/v2\/users\/3"}],"replies":[{"embeddable":true,"href":"https:\/\/www.uroosevelt.edu.pe\/portal\/wp-json\/wp\/v2\/comments?post=1507"}],"version-history":[{"count":35,"href":"https:\/\/www.uroosevelt.edu.pe\/portal\/wp-json\/wp\/v2\/pages\/1507\/revisions"}],"predecessor-version":[{"id":3108,"href":"https:\/\/www.uroosevelt.edu.pe\/portal\/wp-json\/wp\/v2\/pages\/1507\/revisions\/3108"}],"wp:attachment":[{"href":"https:\/\/www.uroosevelt.edu.pe\/portal\/wp-json\/wp\/v2\/media?parent=1507"}],"curies":[{"name":"wp","href":"https:\/\/api.w.org\/{rel}","templated":true}]}}