{"id":1484,"date":"2024-04-25T17:21:52","date_gmt":"2024-04-25T17:21:52","guid":{"rendered":"https:\/\/www.uroosevelt.edu.pe\/portal\/?page_id=1484"},"modified":"2025-07-19T11:39:31","modified_gmt":"2025-07-19T16:39:31","slug":"bienestar-universitario","status":"publish","type":"page","link":"https:\/\/www.uroosevelt.edu.pe\/portal\/bienestar-universitario\/","title":{"rendered":"Bienestar Universitario"},"content":{"rendered":"<p>[vc_row full_width=\u00bbstretch_row\u00bb css=\u00bb.vc_custom_1714067532166{background-image: url(https:\/\/www.uroosevelt.edu.pe\/portal\/wp-content\/uploads\/2024\/04\/SALA-BIBLIOTECA-SC-05.jpg?id=1115) !important;background-position: center !important;background-repeat: no-repeat !important;background-size: cover !important;}\u00bb][vc_column][vc_empty_space height=\u00bb150px\u00bb][vc_row_inner][vc_column_inner width=\u00bb1\/2&#8243;][vc_column_text el_class=\u00bbtitulo\u00bb css=\u00bb.vc_custom_1714064274570{padding-right: 28px !important;padding-left: 28px !important;}\u00bb]<\/p>\n<h1><strong>Bienestar Universitario<\/strong><\/h1>\n<p>[\/vc_column_text][vc_empty_space][vc_column_text el_class=\u00bbtexto-blanco\u00bb css=\u00bb.vc_custom_1714064291041{padding-right: 28px !important;padding-left: 28px !important;}\u00bb]Bienestar Universitario busca generar una mejora continua en el desarrollo integral de toda la comunidad universitaria, implementando herramientas y cumpliendo con los objetivos trazados que consiste en promover supervisar programas de orientaci\u00f3n, prevenci\u00f3n y generar un clima saludable en las actividades acad\u00e9micas universitarias.[\/vc_column_text][\/vc_column_inner][vc_column_inner width=\u00bb1\/2&#8243;][\/vc_column_inner][\/vc_row_inner][vc_empty_space height=\u00bb200px\u00bb][\/vc_column][\/vc_row][vc_row][vc_column][vc_empty_space][vc_row_inner equal_height=\u00bbyes\u00bb content_placement=\u00bbmiddle\u00bb][vc_column_inner el_class=\u00bbcolumna-borde\u00bb width=\u00bb1\/2&#8243;][vc_empty_space][vc_column_text el_class=\u00bbtexto1&#8243;]<\/p>\n<h1><strong>Psicol. Jes\u00fas Leonardo G\u00f3mez Cueva<\/strong><\/h1>\n<p>[\/vc_column_text][vc_empty_space][vc_column_text css=\u00bb.vc_custom_1714064621770{padding-right: 28px !important;padding-left: 28px !important;}\u00bb]\u00d3rgano de la Universidad Franklin Roosevelt de Huancayo que tiene a su cargo la direcci\u00f3n, conducci\u00f3n y gesti\u00f3n de la pol\u00edtica general de las actividades de la Direcci\u00f3n de Bienestar y Servicios Universitarios, en beneficio del fortalecimiento de las habilidades y capacidades personales, sociales, acad\u00e9micas y culturales de la comunidad universitaria.[\/vc_column_text][vc_empty_space][\/vc_column_inner][vc_column_inner width=\u00bb1\/2&#8243;][vc_single_image image=\u00bb1485&#8243; img_size=\u00bbfull\u00bb alignment=\u00bbcenter\u00bb][\/vc_column_inner][\/vc_row_inner][vc_empty_space height=\u00bb60px\u00bb][\/vc_column][\/vc_row][vc_row][vc_column][vc_row_inner css=\u00bb.vc_custom_1714064677744{background-color: #efefef !important;border-radius: 10px !important;}\u00bb][vc_column_inner width=\u00bb1\/2&#8243; css=\u00bb.vc_custom_1714066065482{padding-right: 35px !important;padding-left: 35px !important;}\u00bb][vc_column_text]<\/p>\n<h1><strong>CENTRO DE PSICOPEDAGOG\u00cdA<\/strong><\/h1>\n<p>[\/vc_column_text][vc_empty_space]<div class=\"aio-icon-component    style_1\"><div id=\"Info-box-wrap-2733\" class=\"aio-icon-box default-icon\" style=\"\"  ><div class=\"aio-icon-default\"><div class=\"ult-just-icon-wrapper  \"><div class=\"align-icon\" style=\"text-align:center;\">\n<div class=\"aio-icon none \"  style=\"color:#910048;font-size:15px;display:inline-block;\">\n\t<i class=\"Defaults-location-arrow\"><\/i>\n<\/div><\/div><\/div><\/div><div class=\"aio-icon-header\" ><h3 class=\"aio-icon-title ult-responsive\"  data-ultimate-target='#Info-box-wrap-2733 .aio-icon-title'  data-responsive-json-new='{\"font-size\":\"\",\"line-height\":\"\"}'  style=\"\">San Carlos<\/h3><\/div> <!-- header --><\/div> <!-- aio-icon-box --><\/div> <!-- aio-icon-component --><div class=\"aio-icon-component    style_1\"><div id=\"Info-box-wrap-1112\" class=\"aio-icon-box default-icon\" style=\"\"  ><div class=\"aio-icon-default\"><div class=\"ult-just-icon-wrapper  \"><div class=\"align-icon\" style=\"text-align:center;\">\n<div class=\"aio-icon none \"  style=\"color:#910048;font-size:15px;display:inline-block;\">\n\t<i class=\"Defaults-clock-o\"><\/i>\n<\/div><\/div><\/div><\/div><div class=\"aio-icon-header\" ><h3 class=\"aio-icon-title ult-responsive\"  data-ultimate-target='#Info-box-wrap-1112 .aio-icon-title'  data-responsive-json-new='{\"font-size\":\"\",\"line-height\":\"\"}'  style=\"\">Lunes a Viernes: 08:00 am a 09:30 am<\/h3><\/div> <!-- header --><\/div> <!-- aio-icon-box --><\/div> <!-- aio-icon-component --><div class=\"aio-icon-component    style_1\"><div id=\"Info-box-wrap-7171\" class=\"aio-icon-box default-icon\" style=\"\"  ><div class=\"aio-icon-default\"><div class=\"ult-just-icon-wrapper  \"><div class=\"align-icon\" style=\"text-align:center;\">\n<div class=\"aio-icon none \"  style=\"color:#910048;font-size:15px;display:inline-block;\">\n\t<i class=\"Defaults-clock-o\"><\/i>\n<\/div><\/div><\/div><\/div><div class=\"aio-icon-header\" ><h3 class=\"aio-icon-title ult-responsive\"  data-ultimate-target='#Info-box-wrap-7171 .aio-icon-title'  data-responsive-json-new='{\"font-size\":\"\",\"line-height\":\"\"}'  style=\"\">S\u00e1bado: 08:00 am a 01:00 pm \u2013 02:00 pm a 07:00 pm<\/h3><\/div> <!-- header --><\/div> <!-- aio-icon-box --><\/div> <!-- aio-icon-component -->[vc_empty_space]<div class=\"aio-icon-component    style_1\"><div id=\"Info-box-wrap-3696\" class=\"aio-icon-box default-icon\" style=\"\"  ><div class=\"aio-icon-default\"><div class=\"ult-just-icon-wrapper  \"><div class=\"align-icon\" style=\"text-align:center;\">\n<div class=\"aio-icon none \"  style=\"color:#910048;font-size:15px;display:inline-block;\">\n\t<i class=\"Defaults-location-arrow\"><\/i>\n<\/div><\/div><\/div><\/div><div class=\"aio-icon-header\" ><h3 class=\"aio-icon-title ult-responsive\"  data-ultimate-target='#Info-box-wrap-3696 .aio-icon-title'  data-responsive-json-new='{\"font-size\":\"\",\"line-height\":\"\"}'  style=\"\">Giraldez<\/h3><\/div> <!-- header --><\/div> <!-- aio-icon-box --><\/div> <!-- aio-icon-component --><div class=\"aio-icon-component    style_1\"><div id=\"Info-box-wrap-1186\" class=\"aio-icon-box default-icon\" style=\"\"  ><div class=\"aio-icon-default\"><div class=\"ult-just-icon-wrapper  \"><div class=\"align-icon\" style=\"text-align:center;\">\n<div class=\"aio-icon none \"  style=\"color:#910048;font-size:15px;display:inline-block;\">\n\t<i class=\"Defaults-clock-o\"><\/i>\n<\/div><\/div><\/div><\/div><div class=\"aio-icon-header\" ><h3 class=\"aio-icon-title ult-responsive\"  data-ultimate-target='#Info-box-wrap-1186 .aio-icon-title'  data-responsive-json-new='{\"font-size\":\"\",\"line-height\":\"\"}'  style=\"\">Lunes a Viernes: 08:00 am a 06:00 pm<\/h3><\/div> <!-- header --><\/div> <!-- aio-icon-box --><\/div> <!-- aio-icon-component --><div class=\"aio-icon-component    style_1\"><div id=\"Info-box-wrap-8374\" class=\"aio-icon-box default-icon\" style=\"\"  ><div class=\"aio-icon-default\"><div class=\"ult-just-icon-wrapper  \"><div class=\"align-icon\" style=\"text-align:center;\">\n<div class=\"aio-icon none \"  style=\"color:#910048;font-size:15px;display:inline-block;\">\n\t<i class=\"Defaults-clock-o\"><\/i>\n<\/div><\/div><\/div><\/div><div class=\"aio-icon-header\" ><h3 class=\"aio-icon-title ult-responsive\"  data-ultimate-target='#Info-box-wrap-8374 .aio-icon-title'  data-responsive-json-new='{\"font-size\":\"\",\"line-height\":\"\"}'  style=\"\">S\u00e1bado: 08:00 am a 01:00 pm<\/h3><\/div> <!-- header --><\/div> <!-- aio-icon-box --><\/div> <!-- aio-icon-component -->[vc_empty_space]<div class=\"aio-icon-component    style_1\"><div id=\"Info-box-wrap-8435\" class=\"aio-icon-box default-icon\" style=\"\"  ><div class=\"aio-icon-default\"><div class=\"ult-just-icon-wrapper  \"><div class=\"align-icon\" style=\"text-align:center;\">\n<div class=\"aio-icon none \"  style=\"color:#910048;font-size:15px;display:inline-block;\">\n\t<i class=\"Defaults-phone\"><\/i>\n<\/div><\/div><\/div><\/div><div class=\"aio-icon-header\" ><h3 class=\"aio-icon-title ult-responsive\"  data-ultimate-target='#Info-box-wrap-8435 .aio-icon-title'  data-responsive-json-new='{\"font-size\":\"\",\"line-height\":\"\"}'  style=\"\">Agende su cita : 972 176 825<\/h3><\/div> <!-- header --><\/div> <!-- aio-icon-box --><\/div> <!-- aio-icon-component -->[vc_empty_space][vc_btn title=\u00bbM\u00e1s informaci\u00f3n\u00bb style=\u00bboutline-custom\u00bb outline_custom_color=\u00bb#910048&#8243; outline_custom_hover_background=\u00bb#910048&#8243; outline_custom_hover_text=\u00bb#ffffff\u00bb shape=\u00bbround\u00bb align=\u00bbright\u00bb i_align=\u00bbright\u00bb i_type=\u00bbtypicons\u00bb i_icon_typicons=\u00bbtypcn typcn-chevron-right-outline\u00bb add_icon=\u00bbtrue\u00bb link=\u00bburl:https%3A%2F%2Fwww.uroosevelt.edu.pe%2Fportal%2Fwp-content%2Fuploads%2F2024%2F05%2FPSICOPEDAGOGIA.pdf|||\u00bb][vc_empty_space][\/vc_column_inner][vc_column_inner width=\u00bb1\/2&#8243; css=\u00bb.vc_custom_1714066072769{padding-right: 35px !important;padding-left: 35px !important;}\u00bb][vc_column_text]<\/p>\n<h1><strong>SERVICIO DE SALUD UNIVERSITARIO<\/strong><\/h1>\n<p>[\/vc_column_text][vc_empty_space]<div class=\"aio-icon-component    style_1\"><div id=\"Info-box-wrap-8840\" class=\"aio-icon-box default-icon\" style=\"\"  ><div class=\"aio-icon-default\"><div class=\"ult-just-icon-wrapper  \"><div class=\"align-icon\" style=\"text-align:center;\">\n<div class=\"aio-icon none \"  style=\"color:#910048;font-size:15px;display:inline-block;\">\n\t<i class=\"Defaults-location-arrow\"><\/i>\n<\/div><\/div><\/div><\/div><div class=\"aio-icon-header\" ><h3 class=\"aio-icon-title ult-responsive\"  data-ultimate-target='#Info-box-wrap-8840 .aio-icon-title'  data-responsive-json-new='{\"font-size\":\"\",\"line-height\":\"\"}'  style=\"\">San Carlos<\/h3><\/div> <!-- header --><\/div> <!-- aio-icon-box --><\/div> <!-- aio-icon-component --><div class=\"aio-icon-component    style_1\"><div id=\"Info-box-wrap-4764\" class=\"aio-icon-box default-icon\" style=\"\"  ><div class=\"aio-icon-default\"><div class=\"ult-just-icon-wrapper  \"><div class=\"align-icon\" style=\"text-align:center;\">\n<div class=\"aio-icon none \"  style=\"color:#910048;font-size:15px;display:inline-block;\">\n\t<i class=\"Defaults-clock-o\"><\/i>\n<\/div><\/div><\/div><\/div><div class=\"aio-icon-header\" ><h3 class=\"aio-icon-title ult-responsive\"  data-ultimate-target='#Info-box-wrap-4764 .aio-icon-title'  data-responsive-json-new='{\"font-size\":\"\",\"line-height\":\"\"}'  style=\"\">Lunes a S\u00e1bado: 07:00 am a 10:00 pm<\/h3><\/div> <!-- header --><\/div> <!-- aio-icon-box --><\/div> <!-- aio-icon-component --><div class=\"aio-icon-component    style_1\"><div id=\"Info-box-wrap-9024\" class=\"aio-icon-box default-icon\" style=\"\"  ><div class=\"aio-icon-default\"><div class=\"ult-just-icon-wrapper  \"><div class=\"align-icon\" style=\"text-align:center;\">\n<div class=\"aio-icon none \"  style=\"color:#910048;font-size:15px;display:inline-block;\">\n\t<i class=\"Defaults-clock-o\"><\/i>\n<\/div><\/div><\/div><\/div><div class=\"aio-icon-header\" ><h3 class=\"aio-icon-title ult-responsive\"  data-ultimate-target='#Info-box-wrap-9024 .aio-icon-title'  data-responsive-json-new='{\"font-size\":\"\",\"line-height\":\"\"}'  style=\"\">Domingo: 08:00 am a 10:00 pm<\/h3><\/div> <!-- header --><\/div> <!-- aio-icon-box --><\/div> <!-- aio-icon-component -->[vc_empty_space]<div class=\"aio-icon-component    style_1\"><div id=\"Info-box-wrap-4451\" class=\"aio-icon-box default-icon\" style=\"\"  ><div class=\"aio-icon-default\"><div class=\"ult-just-icon-wrapper  \"><div class=\"align-icon\" style=\"text-align:center;\">\n<div class=\"aio-icon none \"  style=\"color:#910048;font-size:15px;display:inline-block;\">\n\t<i class=\"Defaults-location-arrow\"><\/i>\n<\/div><\/div><\/div><\/div><div class=\"aio-icon-header\" ><h3 class=\"aio-icon-title ult-responsive\"  data-ultimate-target='#Info-box-wrap-4451 .aio-icon-title'  data-responsive-json-new='{\"font-size\":\"\",\"line-height\":\"\"}'  style=\"\">Giraldez<\/h3><\/div> <!-- header --><\/div> <!-- aio-icon-box --><\/div> <!-- aio-icon-component --><div class=\"aio-icon-component    style_1\"><div id=\"Info-box-wrap-4925\" class=\"aio-icon-box default-icon\" style=\"\"  ><div class=\"aio-icon-default\"><div class=\"ult-just-icon-wrapper  \"><div class=\"align-icon\" style=\"text-align:center;\">\n<div class=\"aio-icon none \"  style=\"color:#910048;font-size:15px;display:inline-block;\">\n\t<i class=\"Defaults-clock-o\"><\/i>\n<\/div><\/div><\/div><\/div><div class=\"aio-icon-header\" ><h3 class=\"aio-icon-title ult-responsive\"  data-ultimate-target='#Info-box-wrap-4925 .aio-icon-title'  data-responsive-json-new='{\"font-size\":\"\",\"line-height\":\"\"}'  style=\"\">Lunes a S\u00e1bado: 07:00 am a 10:00 pm<\/h3><\/div> <!-- header --><\/div> <!-- aio-icon-box --><\/div> <!-- aio-icon-component --><div class=\"aio-icon-component    style_1\"><div id=\"Info-box-wrap-4057\" class=\"aio-icon-box default-icon\" style=\"\"  ><div class=\"aio-icon-default\"><div class=\"ult-just-icon-wrapper  \"><div class=\"align-icon\" style=\"text-align:center;\">\n<div class=\"aio-icon none \"  style=\"color:#910048;font-size:15px;display:inline-block;\">\n\t<i class=\"Defaults-clock-o\"><\/i>\n<\/div><\/div><\/div><\/div><div class=\"aio-icon-header\" ><h3 class=\"aio-icon-title ult-responsive\"  data-ultimate-target='#Info-box-wrap-4057 .aio-icon-title'  data-responsive-json-new='{\"font-size\":\"\",\"line-height\":\"\"}'  style=\"\">Domingo: 08:00 am a 10:00 pm<\/h3><\/div> <!-- header --><\/div> <!-- aio-icon-box --><\/div> <!-- aio-icon-component -->[vc_empty_space][vc_btn title=\u00bbM\u00e1s informaci\u00f3n\u00bb style=\u00bboutline-custom\u00bb outline_custom_color=\u00bb#910048&#8243; outline_custom_hover_background=\u00bb#910048&#8243; outline_custom_hover_text=\u00bb#ffffff\u00bb shape=\u00bbround\u00bb align=\u00bbright\u00bb i_align=\u00bbright\u00bb i_type=\u00bbtypicons\u00bb i_icon_typicons=\u00bbtypcn typcn-chevron-right-outline\u00bb add_icon=\u00bbtrue\u00bb link=\u00bburl:https%3A%2F%2Fwww.uroosevelt.edu.pe%2Fportal%2Fwp-content%2Fuploads%2F2024%2F05%2FSERVICIO-DE-SALUD-UNIVERSITARIO.pdf|||\u00bb][vc_empty_space][\/vc_column_inner][\/vc_row_inner][vc_row_inner css=\u00bb.vc_custom_1714064677744{background-color: #efefef !important;border-radius: 10px !important;}\u00bb][vc_column_inner width=\u00bb1\/2&#8243; css=\u00bb.vc_custom_1714066065482{padding-right: 35px !important;padding-left: 35px !important;}\u00bb][vc_column_text]<\/p>\n<h1><strong>UNIDAD DE SERVICIO SOCIAL<\/strong><\/h1>\n<p>[\/vc_column_text][vc_empty_space]<div class=\"aio-icon-component    style_1\"><div id=\"Info-box-wrap-1298\" class=\"aio-icon-box default-icon\" style=\"\"  ><div class=\"aio-icon-default\"><div class=\"ult-just-icon-wrapper  \"><div class=\"align-icon\" style=\"text-align:center;\">\n<div class=\"aio-icon none \"  style=\"color:#910048;font-size:15px;display:inline-block;\">\n\t<i class=\"Defaults-clock-o\"><\/i>\n<\/div><\/div><\/div><\/div><div class=\"aio-icon-header\" ><h3 class=\"aio-icon-title ult-responsive\"  data-ultimate-target='#Info-box-wrap-1298 .aio-icon-title'  data-responsive-json-new='{\"font-size\":\"\",\"line-height\":\"\"}'  style=\"\">Lunes, mi\u00e9rcoles y s\u00e1bados 8:00 am a 13:00 pm<\/h3><\/div> <!-- header --><\/div> <!-- aio-icon-box --><\/div> <!-- aio-icon-component --><div class=\"aio-icon-component    style_1\"><div id=\"Info-box-wrap-5277\" class=\"aio-icon-box default-icon\" style=\"\"  ><div class=\"aio-icon-default\"><div class=\"ult-just-icon-wrapper  \"><div class=\"align-icon\" style=\"text-align:center;\">\n<div class=\"aio-icon none \"  style=\"color:#910048;font-size:15px;display:inline-block;\">\n\t<i class=\"Defaults-phone\"><\/i>\n<\/div><\/div><\/div><\/div><div class=\"aio-icon-header\" ><h3 class=\"aio-icon-title ult-responsive\"  data-ultimate-target='#Info-box-wrap-5277 .aio-icon-title'  data-responsive-json-new='{\"font-size\":\"\",\"line-height\":\"\"}'  style=\"\">Agende su cita : 935172176<\/h3><\/div> <!-- header --><\/div> <!-- aio-icon-box --><\/div> <!-- aio-icon-component --><div class=\"aio-icon-component    style_1\"><div id=\"Info-box-wrap-9482\" class=\"aio-icon-box default-icon\" style=\"\"  ><div class=\"aio-icon-default\"><div class=\"ult-just-icon-wrapper  \"><div class=\"align-icon\" style=\"text-align:center;\">\n<div class=\"aio-icon none \"  style=\"color:#910048;font-size:15px;display:inline-block;\">\n\t<i class=\"Defaults-envelope-o\"><\/i>\n<\/div><\/div><\/div><\/div><div class=\"aio-icon-header\" ><h3 class=\"aio-icon-title ult-responsive\"  data-ultimate-target='#Info-box-wrap-9482 .aio-icon-title'  data-responsive-json-new='{\"font-size\":\"\",\"line-height\":\"\"}'  style=\"\">serviciosocial@uroosevelt.edu.pe<\/h3><\/div> <!-- header --><\/div> <!-- aio-icon-box --><\/div> <!-- aio-icon-component -->[vc_empty_space][vc_btn title=\u00bbM\u00e1s informaci\u00f3n\u00bb style=\u00bboutline-custom\u00bb outline_custom_color=\u00bb#910048&#8243; outline_custom_hover_background=\u00bb#910048&#8243; outline_custom_hover_text=\u00bb#ffffff\u00bb shape=\u00bbround\u00bb align=\u00bbright\u00bb i_align=\u00bbright\u00bb i_type=\u00bbtypicons\u00bb i_icon_typicons=\u00bbtypcn typcn-chevron-right-outline\u00bb add_icon=\u00bbtrue\u00bb link=\u00bburl:https%3A%2F%2Fwww.uroosevelt.edu.pe%2Fportal%2Fwp-content%2Fuploads%2F2024%2F05%2FUNIDAD-DE-SERVICIO-SOCIAL.pdf|||\u00bb][vc_empty_space][\/vc_column_inner][vc_column_inner width=\u00bb1\/2&#8243; css=\u00bb.vc_custom_1714066072769{padding-right: 35px !important;padding-left: 35px !important;}\u00bb][\/vc_column_inner][\/vc_row_inner][vc_empty_space height=\u00bb50px\u00bb][\/vc_column][\/vc_row][vc_row][vc_column][vc_tta_accordion][vc_tta_section title=\u00bbConvocat\u00f3ria\u00bb tab_id=\u00bb1713886992781-5c78405b-6a6a\u00bb][vc_column_text]Ofrecimientos De Beca Y Cr\u00e9ditos.<\/p>\n<ul>\n<li><a href=\"https:\/\/drive.google.com\/file\/d\/1jkygJrWlvKJRxt9IxojN3y0H0ykZNC9X\/view?usp=sharing\">2024<\/a><\/li>\n<li><a href=\"https:\/\/drive.google.com\/file\/d\/1fXkbPu0sntkqPpCvrtUWde4HnreDKN_6\/view?usp=sharing\">2023<\/a><\/li>\n<li><a href=\"https:\/\/drive.google.com\/drive\/folders\/18S1DePogFj3A3sH2G7ll-yZw5XaG4nQ-\">2022<\/a><\/li>\n<li><a href=\"https:\/\/www.uroosevelt.edu.pe\/portal\/wp-content\/uploads\/2024\/04\/CONVOCATORIA-DE-OFRECIMIENTOS-DE-BECA-Y-CREDITOS-2021.pdf\">2021<\/a><\/li>\n<li><a href=\"https:\/\/drive.google.com\/drive\/folders\/1KGc45faqQROm0fZWk5kXn2FXt8GCRYzC\">2020<\/a><\/li>\n<\/ul>\n<p>[\/vc_column_text][\/vc_tta_section][vc_tta_section title=\u00bbBecas y Cr\u00e9ditos\u00bb tab_id=\u00bb1713886992811-f61b5f5c-46b4&#8243;][vc_column_text]Cantidad de becas y cr\u00e9ditos educativos por cada periodo.<\/p>\n<ul>\n<li><a href=\"https:\/\/www.uroosevelt.edu.pe\/becas\/\">Acceder para mas informacion<\/a><\/li>\n<\/ul>\n<p>[\/vc_column_text][\/vc_tta_section][vc_tta_section title=\u00bbCuadros Estad\u00edsticos\u00bb tab_id=\u00bb1714062566956-e7a80a16-b6f3&#8243;][vc_column_text]Informaci\u00f3n sobre becados del periodo.<\/p>\n<ul>\n<li><a href=\"https:\/\/www.uroosevelt.edu.pe\/becas\/\">Acceder para mas informacion<\/a><\/li>\n<\/ul>\n<p>[\/vc_column_text][\/vc_tta_section][vc_tta_section title=\u00bbFicha Socioecon\u00f3mica\u00bb tab_id=\u00bb1714062632017-e2bc89d0-8363&#8243;][vc_column_text]Ahora puedes descargar la Ficha Socioecon\u00f3mica para acceder a nuestro sistema de Becas.<\/p>\n<ul>\n<li><a href=\"https:\/\/www.uroosevelt.edu.pe\/becas\/\">Acceder para mas informacion<\/a><\/li>\n<\/ul>\n<p>[\/vc_column_text][\/vc_tta_section][vc_tta_section title=\u00bbCartilla de Instrucciones Becas\u00bb tab_id=\u00bb1714066564293-4edc9655-5b69&#8243;][vc_column_text]Ahora puedes descargar la Gu\u00eda de Instrucciones para solicitar una Beca Universitaria.<\/p>\n<ul>\n<li><a href=\"https:\/\/www.uroosevelt.edu.pe\/becas\/\">Acceder para mas informacion<\/a><\/li>\n<\/ul>\n<p>[\/vc_column_text][\/vc_tta_section][vc_tta_section title=\u00bbDocumentos\u00bb tab_id=\u00bb1714066778295-50726fae-f404&#8243;][vc_column_text]Ahora puedes descargar las resoluciones del ciclo 2020\u00a0 al\u00a0 2024<\/p>\n<ul>\n<li><a href=\"https:\/\/drive.google.com\/file\/d\/1dcz1DfS72Yv0FH8_guexenDIsyEFnMfO\/view?usp=sharing\">Relaci\u00f3n de Becarios 2023-II<\/a><\/li>\n<li><a href=\"https:\/\/drive.google.com\/file\/d\/1gVmjgnf6HEoSl2YWvJ-pGUbF9H0YGgtU\/view?usp=sharing\">Relaci\u00f3n de Becarios 2023-I<\/a><\/li>\n<li><a href=\"https:\/\/drive.google.com\/file\/d\/1sYH1ChgztZ0Ul-AdHvcl6M98-XktVTHO\/view?usp=sharing\">Resoluciones 2024<\/a><\/li>\n<li><a href=\"https:\/\/drive.google.com\/file\/d\/14cMtz6NCPBgGC4j5S_gZSXiZ_nkewlYZ\/view?usp=sharing\">Resoluciones 2023<\/a><\/li>\n<li><a href=\"https:\/\/drive.google.com\/drive\/folders\/1RQhousR35N3dJHn4Wuzw0E6xPpn4X0lu\">Resoluciones 2022<\/a><\/li>\n<li><a href=\"https:\/\/drive.google.com\/drive\/folders\/1grkmSxs7_3jgVr9w1pD8ndWo5ml5VwE8\">Resoluciones 2021<\/a><\/li>\n<li><a href=\"https:\/\/drive.google.com\/drive\/folders\/1MlWfGjsc2sBa3IU6LtoOAHh52kK6cpAG\">Resoluciones 2020<\/a><\/li>\n<\/ul>\n<p>[\/vc_column_text][\/vc_tta_section][vc_tta_section title=\u00bbServicios Complementarios\u00bb tab_id=\u00bb1714066920986-ba4ba3dc-01c8&#8243;][vc_column_text]<\/p>\n<ol>\n<li>Unidad de Categorizaci\u00f3n y Becas.<\/li>\n<li>Unidad de Orientaci\u00f3n Acad\u00e9mica y Consejer\u00eda<\/li>\n<li>Unidad de Recreaci\u00f3n, Cultura y Deportes<\/li>\n<li>Unidad de Servicio Social Universitario<\/li>\n<li>Unidad de Servicios de Salud<\/li>\n<\/ol>\n<p>[\/vc_column_text][\/vc_tta_section][\/vc_tta_accordion][vc_empty_space height=\u00bb50px\u00bb][\/vc_column][\/vc_row][vc_row full_width=\u00bbstretch_row\u00bb css_animation=\u00bbfadeInUp\u00bb css=\u00bb.vc_custom_1752942329925{background-color: #910048 !important;background-position: center !important;background-repeat: no-repeat !important;background-size: cover !important;}\u00bb][vc_column][vc_empty_space][vc_row_inner content_placement=\u00bbmiddle\u00bb][vc_column_inner width=\u00bb1\/2&#8243;][vc_column_text el_class=\u00bbrazones\u00bb]<\/p>\n<h1><strong>Inicia tu vida<\/strong><br \/>\n<strong>universitaria en UR<\/strong><\/h1>\n<p>[\/vc_column_text][vc_empty_space][vc_column_text el_class=\u00bbtexto-blanco\u00bb]Somos una instituci\u00f3n educativa con m\u00e1s de 14 a\u00f1os de experiencia,<br \/>\nbrindando la educaci\u00f3n profesional a nuestros estudiantes.[\/vc_column_text][vc_empty_space][vc_single_image image=\u00bb1466&#8243; img_size=\u00bbfull\u00bb][vc_empty_space][\/vc_column_inner][vc_column_inner el_class=\u00bbsombra\u00bb width=\u00bb1\/2&#8243; css=\u00bb.vc_custom_1710265477016{padding-right: 20px !important;padding-left: 20px !important;background-color: #ffffff !important;border-radius: 10px !important;}\u00bb][vc_column_text el_class=\u00bbdatos\u00bb]<\/p>\n<h1><strong>D\u00e9janos tus datos<\/strong><\/h1>\n<p>[\/vc_column_text][vc_empty_space][vc_raw_html]JTNDc2NyaXB0JTIwY2hhcnNldCUzRCUyMnV0Zi04JTIyJTIwdHlwZSUzRCUyMnRleHQlMkZqYXZhc2NyaXB0JTIyJTIwc3JjJTNEJTIyJTJGJTJGanMuaHNmb3Jtcy5uZXQlMkZmb3JtcyUyRmVtYmVkJTJGdjIuanMlMjIlM0UlM0MlMkZzY3JpcHQlM0UlMEElM0NzY3JpcHQlM0UlMEElMjAlMjBoYnNwdC5mb3Jtcy5jcmVhdGUlMjglN0IlMEElMjAlMjAlMjAlMjByZWdpb24lM0ElMjAlMjJuYTElMjIlMkMlMEElMjAlMjAlMjAlMjBwb3J0YWxJZCUzQSUyMCUyMjg5MDEzMDklMjIlMkMlMEElMjAlMjAlMjAlMjBmb3JtSWQlM0ElMjAlMjI3Y2NmNWMzOS04ODQ0LTQyNTAtYTQ4YS05NGEyY2Y5ZWZkZDMlMjIlMEElMjAlMjAlN0QlMjklM0IlMEElM0MlMkZzY3JpcHQlM0U=[\/vc_raw_html][vc_empty_space][\/vc_column_inner][\/vc_row_inner][vc_empty_space height=\u00bb60px\u00bb][\/vc_column][\/vc_row]<\/p>\n","protected":false},"excerpt":{"rendered":"<p>[vc_row full_width=\u00bbstretch_row\u00bb css=\u00bb.vc_custom_1714067532166{background-image: url(https:\/\/www.uroosevelt.edu.pe\/portal\/wp-content\/uploads\/2024\/04\/SALA-BIBLIOTECA-SC-05.jpg?id=1115) !important;background-position: center !important;background-repeat: no-repeat !important;background-size: cover !important;}\u00bb][vc_column][vc_empty_space height=\u00bb150px\u00bb][vc_row_inner][vc_column_inner width=\u00bb1\/2&#8243;][vc_column_text el_class=\u00bbtitulo\u00bb<span class=\"excerpt-hellip\"> [\u2026]<\/span><\/p>\n","protected":false},"author":3,"featured_media":0,"parent":0,"menu_order":0,"comment_status":"closed","ping_status":"closed","template":"","meta":{"footnotes":""},"_links":{"self":[{"href":"https:\/\/www.uroosevelt.edu.pe\/portal\/wp-json\/wp\/v2\/pages\/1484"}],"collection":[{"href":"https:\/\/www.uroosevelt.edu.pe\/portal\/wp-json\/wp\/v2\/pages"}],"about":[{"href":"https:\/\/www.uroosevelt.edu.pe\/portal\/wp-json\/wp\/v2\/types\/page"}],"author":[{"embeddable":true,"href":"https:\/\/www.uroosevelt.edu.pe\/portal\/wp-json\/wp\/v2\/users\/3"}],"replies":[{"embeddable":true,"href":"https:\/\/www.uroosevelt.edu.pe\/portal\/wp-json\/wp\/v2\/comments?post=1484"}],"version-history":[{"count":28,"href":"https:\/\/www.uroosevelt.edu.pe\/portal\/wp-json\/wp\/v2\/pages\/1484\/revisions"}],"predecessor-version":[{"id":2949,"href":"https:\/\/www.uroosevelt.edu.pe\/portal\/wp-json\/wp\/v2\/pages\/1484\/revisions\/2949"}],"wp:attachment":[{"href":"https:\/\/www.uroosevelt.edu.pe\/portal\/wp-json\/wp\/v2\/media?parent=1484"}],"curies":[{"name":"wp","href":"https:\/\/api.w.org\/{rel}","templated":true}]}}