{"id":1459,"date":"2024-04-25T15:54:38","date_gmt":"2024-04-25T15:54:38","guid":{"rendered":"https:\/\/www.uroosevelt.edu.pe\/portal\/?page_id=1459"},"modified":"2025-07-31T10:22:04","modified_gmt":"2025-07-31T15:22:04","slug":"admision","status":"publish","type":"page","link":"https:\/\/www.uroosevelt.edu.pe\/portal\/admision\/","title":{"rendered":"Admisi\u00f3n"},"content":{"rendered":"<p>[vc_row full_width=\u00bbstretch_row\u00bb css=\u00bb.vc_custom_1714060469895{background-image: url(https:\/\/www.uroosevelt.edu.pe\/portal\/wp-content\/uploads\/2024\/04\/admision.jpg?id=1460) !important;background-position: center !important;background-repeat: no-repeat !important;background-size: cover !important;}\u00bb][vc_column][vc_empty_space height=\u00bb150px\u00bb][vc_row_inner][vc_column_inner width=\u00bb1\/2&#8243;][vc_column_text el_class=\u00bbtitulo\u00bb css=\u00bb.vc_custom_1714063045913{padding-right: 28px !important;padding-left: 28px !important;}\u00bb]<\/p>\n<h1><strong>Admisi\u00f3n<\/strong><\/h1>\n<p>[\/vc_column_text][vc_empty_space][vc_column_text el_class=\u00bbtexto-blanco\u00bb css=\u00bb.vc_custom_1714063165800{padding-right: 28px !important;padding-left: 28px !important;}\u00bb]Con el prop\u00f3sito de poder orientar a los estudiantes a incorporarse a la Universidad, brind\u00e1ndoles la atenci\u00f3n adecuada a la carrera de su elecci\u00f3n de la Universidad Roosevelt.[\/vc_column_text][\/vc_column_inner][vc_column_inner width=\u00bb1\/2&#8243;][\/vc_column_inner][\/vc_row_inner][vc_empty_space height=\u00bb200px\u00bb][\/vc_column][\/vc_row][vc_row][vc_column][vc_empty_space][vc_row_inner equal_height=\u00bbyes\u00bb content_placement=\u00bbmiddle\u00bb][vc_column_inner el_class=\u00bbcolumna-borde\u00bb width=\u00bb1\/2&#8243;][vc_empty_space][vc_column_text el_class=\u00bbtexto1&#8243;]<\/p>\n<h1><strong>Lic. CESAR SOTO MIRANDA<\/strong><\/h1>\n<p>[\/vc_column_text][vc_empty_space][\/vc_column_inner][vc_column_inner width=\u00bb1\/2&#8243;][vc_single_image image=\u00bb1468&#8243; img_size=\u00bbfull\u00bb alignment=\u00bbcenter\u00bb][\/vc_column_inner][\/vc_row_inner][vc_empty_space height=\u00bb60px\u00bb][\/vc_column][\/vc_row][vc_row][vc_column][vc_tta_accordion][vc_tta_section title=\u00bbCronograma Acad\u00e9mico\u00bb tab_id=\u00bb1713886992781-5c78405b-6a6a\u00bb][vc_column_text]<\/p>\n<ul>\n<li><a href=\"https:\/\/drive.google.com\/open?id=17WyN7khx2ozWj_Wjjq1YMuZz79ifpbad&amp;usp=drive_fs\" target=\"_blank\" rel=\"noopener\">Cronogama Ac\u00e1demico 2025<\/a><\/li>\n<\/ul>\n<p>[\/vc_column_text][\/vc_tta_section][vc_tta_section title=\u00bbResoluciones\u00bb tab_id=\u00bb1713886992811-f61b5f5c-46b4&#8243;][vc_column_text]<\/p>\n<ul>\n<li><a href=\"https:\/\/www.uroosevelt.edu.pe\/portal\/wp-content\/uploads\/2024\/04\/RESOLUCION-No-025-2023-UPHFR-CU-1.pdf\">Resoluci\u00f3n N\u00b0 025-2023-UPHFR-CU<\/a><\/li>\n<li><a href=\"https:\/\/www.uroosevelt.edu.pe\/portal\/wp-content\/uploads\/2024\/04\/RESOLUCION-No-591-2022-UPHFR-CU.pdf\">Resoluci\u00f3n N\u00b0 591-2022-UPHFR-CU<\/a><\/li>\n<\/ul>\n<p>[\/vc_column_text][\/vc_tta_section][vc_tta_section title=\u00bbNivelaci\u00f3n\u00bb tab_id=\u00bb1714062566956-e7a80a16-b6f3&#8243;][vc_column_text]<\/p>\n<ul>\n<li><strong>GUIAS EDUCATIVAS<\/strong>\n<ul>\n<li><a href=\"https:\/\/drive.google.com\/drive\/folders\/1B1HIJ6stxoSKaowcptWVfrTL_aOzuon2?usp=share_link\" target=\"_blank\" rel=\"noopener\">Bibliograf\u00eda<\/a><\/li>\n<li><a href=\"https:\/\/drive.google.com\/drive\/folders\/1pFrLuJOu_u7y2DSH39rfLeFaWmL7hf2n?usp=share_link\" target=\"_blank\" rel=\"noopener\">Ciencia y Vida<\/a><\/li>\n<li><a href=\"https:\/\/drive.google.com\/drive\/folders\/1JvFvlU_TcIRb7932vnIMnr9HVfyTBijC?usp=share_link\" target=\"_blank\" rel=\"noopener\">Habilidades Comunicativas<\/a><\/li>\n<li><a href=\"https:\/\/drive.google.com\/drive\/folders\/1ocrxm5ESqoDNeee58MiXnBiOH02TVcja?usp=share_link\" target=\"_blank\" rel=\"noopener\">Habilidad Matem\u00e1tica<\/a><\/li>\n<li><a href=\"https:\/\/drive.google.com\/drive\/folders\/1DpDseQMn-bnpqxEpN4B3btr4XJhw8w2d?usp=share_link\" target=\"_blank\" rel=\"noopener\">Recursos Did\u00e1cticos<\/a><\/li>\n<\/ul>\n<\/li>\n<li><strong>OFICIO<\/strong>\n<ul>\n<li><a href=\"https:\/\/drive.google.com\/file\/d\/1txY6-75FiydkFl7ApcDmRCng02OVGhBi\/view?usp=share_link\" target=\"_blank\" rel=\"noopener\">Oficio 49 Vicerrectorado<\/a><\/li>\n<\/ul>\n<\/li>\n<li><b>SILABO<\/b>\n<ul>\n<li><a href=\"https:\/\/drive.google.com\/file\/d\/1-xclVAMZmTrm3X0N5f2Q1GVTU2pu8Vct\/view?usp=share_link\" target=\"_blank\" rel=\"noopener\">S\u00edlabo Recursos Did\u00e1cticos<\/a><\/li>\n<li><a href=\"https:\/\/drive.google.com\/file\/d\/1D3KRpO3E_1p0Wa1tIVb3iAq1MBRzJQg5\/view?usp=share_link\" target=\"_blank\" rel=\"noopener\">S\u00edlabo Habilidad Matem\u00e1tica<\/a><\/li>\n<li><a href=\"https:\/\/drive.google.com\/file\/d\/1ONmA54trtm6lyQ7OWrt35XnsWuZw38Ux\/view?usp=share_link\" target=\"_blank\" rel=\"noopener\">S\u00edlabo de Ciencia y Vida<\/a><\/li>\n<li><a href=\"https:\/\/drive.google.com\/file\/d\/1HtQGOHznBMUFEpI_kf3gegCLmc7fWvrd\/view?usp=share_link\" target=\"_blank\" rel=\"noopener\">S\u00edlabo Habilidades Comunicativas<\/a><\/li>\n<\/ul>\n<\/li>\n<\/ul>\n<p>[\/vc_column_text][\/vc_tta_section][vc_tta_section title=\u00bbRequisitos para la Admisi\u00f3n\u00bb tab_id=\u00bb1714062632017-e2bc89d0-8363&#8243;][\/vc_tta_section][\/vc_tta_accordion][\/vc_column][\/vc_row][vc_row css_animation=\u00bbfadeInUp\u00bb][vc_column][vc_empty_space][vc_column_text el_class=\u00bbtitulo1&#8243;]<\/p>\n<h1 style=\"text-align: center;\"><strong>Conoce nuestras carreras <\/strong><\/h1>\n<p>[\/vc_column_text][vc_empty_space][vc_row_inner][vc_column_inner width=\u00bb1\/4&#8243;]<div class=\"trailer_box \"><a href=\"https:\/\/www.uroosevelt.edu.pe\/portal\/enfermeria\/\" ><img loading=\"lazy\" decoding=\"async\" class=\"scale-with-grid\" src=\"https:\/\/www.uroosevelt.edu.pe\/portal\/wp-content\/uploads\/2024\/03\/VIVE-TU-PASION-UR-ENFERMERIA-RETRATO-MOD-1.png\" alt=\"VIVE-TU-PASION-UR-ENFERMERIA-RETRATO-MOD 1\" width=\"313\" height=\"289\"\/><div class=\"desc\"><h2>Enfermer\u00eda<\/h2><div class=\"line\"><\/div><\/div><\/a><\/div>\n[vc_empty_space height=\u00bb10px\u00bb][\/vc_column_inner][vc_column_inner width=\u00bb1\/4&#8243;]<div class=\"trailer_box \"><a href=\"https:\/\/www.uroosevelt.edu.pe\/portal\/obstetricia\/\" ><img loading=\"lazy\" decoding=\"async\" class=\"scale-with-grid\" src=\"https:\/\/www.uroosevelt.edu.pe\/portal\/wp-content\/uploads\/2024\/03\/VIVE-TU-PASION-UR-OBSTETRICIA-1.png\" alt=\"VIVE TU PASION UR OBSTETRICIA 1\" width=\"313\" height=\"289\"\/><div class=\"desc\"><h2>Obstetricia<\/h2><div class=\"line\"><\/div><\/div><\/a><\/div>\n[vc_empty_space height=\u00bb10px\u00bb][\/vc_column_inner][vc_column_inner width=\u00bb1\/4&#8243;]<div class=\"trailer_box \"><a href=\"https:\/\/www.uroosevelt.edu.pe\/portal\/psicologia\/\" ><img loading=\"lazy\" decoding=\"async\" class=\"scale-with-grid\" src=\"https:\/\/www.uroosevelt.edu.pe\/portal\/wp-content\/uploads\/2024\/03\/VIVE-TU-PASION-UR-PSICOLOGIA-1.png\" alt=\"VIVE TU PASION UR PSICOLOGIA 1\" width=\"313\" height=\"289\"\/><div class=\"desc\"><h2>Psicolog\u00eda<\/h2><div class=\"line\"><\/div><\/div><\/a><\/div>\n[vc_empty_space height=\u00bb10px\u00bb][\/vc_column_inner][vc_column_inner width=\u00bb1\/4&#8243;]<div class=\"trailer_box \"><a href=\"https:\/\/www.uroosevelt.edu.pe\/portal\/adm-y-negocios-internacionales\/\" ><img loading=\"lazy\" decoding=\"async\" class=\"scale-with-grid\" src=\"https:\/\/www.uroosevelt.edu.pe\/portal\/wp-content\/uploads\/2024\/03\/VIVE-TU-PASION-UR-NEGOCIOS-INTERNACIONALES-1.png\" alt=\"VIVE TU PASION UR NEGOCIOS INTERNACIONALES 1\" width=\"313\" height=\"289\"\/><div class=\"desc\"><h2>Adm. y Negocios Internacionales<\/h2><div class=\"line\"><\/div><\/div><\/a><\/div>\n[vc_empty_space height=\u00bb10px\u00bb][\/vc_column_inner][\/vc_row_inner][vc_row_inner][vc_column_inner width=\u00bb1\/4&#8243;]<div class=\"trailer_box \"><a href=\"https:\/\/www.uroosevelt.edu.pe\/portal\/farmacia-y-bioquimica\/\" ><img loading=\"lazy\" decoding=\"async\" class=\"scale-with-grid\" src=\"https:\/\/www.uroosevelt.edu.pe\/portal\/wp-content\/uploads\/2024\/03\/VIVE-TU-PASION-UR-FARMACIA-1.png\" alt=\"VIVE TU PASION UR FARMACIA 1\" width=\"313\" height=\"289\"\/><div class=\"desc\"><h2>Farmacia y Bioqu\u00edmica<\/h2><div class=\"line\"><\/div><\/div><\/a><\/div>\n[vc_empty_space height=\u00bb10px\u00bb][\/vc_column_inner][vc_column_inner width=\u00bb1\/4&#8243;]<div class=\"trailer_box \"><a href=\"https:\/\/www.uroosevelt.edu.pe\/portal\/estomatologia\/\" ><img loading=\"lazy\" decoding=\"async\" class=\"scale-with-grid\" src=\"https:\/\/www.uroosevelt.edu.pe\/portal\/wp-content\/uploads\/2024\/03\/VIVE-TU-PASION-UR-ESTOMATOLOGIA-1.png\" alt=\"VIVE TU PASION UR ESTOMATOLOGIA 1\" width=\"313\" height=\"290\"\/><div class=\"desc\"><h2>Estomatolog\u00eda<\/h2><div class=\"line\"><\/div><\/div><\/a><\/div>\n[vc_empty_space height=\u00bb10px\u00bb][\/vc_column_inner][vc_column_inner width=\u00bb1\/4&#8243;]<div class=\"trailer_box \"><a href=\"https:\/\/www.uroosevelt.edu.pe\/portal\/administracion-de-empresas\/\" ><img loading=\"lazy\" decoding=\"async\" class=\"scale-with-grid\" src=\"https:\/\/www.uroosevelt.edu.pe\/portal\/wp-content\/uploads\/2024\/03\/VIVE-TU-PASION-URADMINISTRACION-DE-EMPRESAS-1.png\" alt=\"VIVE TU PASION URADMINISTRACION DE EMPRESAS 1\" width=\"313\" height=\"289\"\/><div class=\"desc\"><h2>Adm. de Empresas<\/h2><div class=\"line\"><\/div><\/div><\/a><\/div>\n[vc_empty_space height=\u00bb10px\u00bb][\/vc_column_inner][vc_column_inner width=\u00bb1\/4&#8243;]<div class=\"trailer_box \"><a href=\"https:\/\/www.uroosevelt.edu.pe\/portal\/derecho\/\" ><img loading=\"lazy\" decoding=\"async\" class=\"scale-with-grid\" src=\"https:\/\/www.uroosevelt.edu.pe\/portal\/wp-content\/uploads\/2024\/03\/VIVE-TU-PASION-URADMINISTRACION-DE-EMPRESAS-2.png\" alt=\"VIVE TU PASION URADMINISTRACION DE EMPRESAS 2\" width=\"312\" height=\"289\"\/><div class=\"desc\"><h2>Derecho<\/h2><div class=\"line\"><\/div><\/div><\/a><\/div>\n[vc_empty_space height=\u00bb10px\u00bb][\/vc_column_inner][\/vc_row_inner][vc_empty_space height=\u00bb56px\u00bb][\/vc_column][\/vc_row][vc_row full_width=\u00bbstretch_row\u00bb css_animation=\u00bbfadeInUp\u00bb css=\u00bb.vc_custom_1753975229097{background-color: #910048 !important;background-position: center !important;background-repeat: no-repeat !important;background-size: cover !important;}\u00bb][vc_column][vc_empty_space][vc_row_inner content_placement=\u00bbmiddle\u00bb][vc_column_inner width=\u00bb1\/2&#8243;][vc_column_text el_class=\u00bbrazones\u00bb]<\/p>\n<h1><strong>Inicia tu vida<\/strong><br \/>\n<strong>universitaria en UR<\/strong><\/h1>\n<p>[\/vc_column_text][vc_empty_space][vc_column_text el_class=\u00bbtexto-blanco\u00bb]Somos una instituci\u00f3n educativa con m\u00e1s de 14 a\u00f1os de experiencia,<br \/>\nbrindando la educaci\u00f3n profesional a nuestros estudiantes.[\/vc_column_text][vc_empty_space][vc_single_image image=\u00bb1466&#8243; img_size=\u00bbfull\u00bb][vc_empty_space][\/vc_column_inner][vc_column_inner el_class=\u00bbsombra\u00bb width=\u00bb1\/2&#8243; css=\u00bb.vc_custom_1710265477016{padding-right: 20px !important;padding-left: 20px !important;background-color: #ffffff !important;border-radius: 10px !important;}\u00bb][vc_column_text el_class=\u00bbdatos\u00bb]<\/p>\n<h1><strong>D\u00e9janos tus datos<\/strong><\/h1>\n<p>[\/vc_column_text][vc_empty_space][vc_raw_html]JTNDc2NyaXB0JTIwY2hhcnNldCUzRCUyMnV0Zi04JTIyJTIwdHlwZSUzRCUyMnRleHQlMkZqYXZhc2NyaXB0JTIyJTIwc3JjJTNEJTIyJTJGJTJGanMuaHNmb3Jtcy5uZXQlMkZmb3JtcyUyRmVtYmVkJTJGdjIuanMlMjIlM0UlM0MlMkZzY3JpcHQlM0UlMEElM0NzY3JpcHQlM0UlMEElMjAlMjBoYnNwdC5mb3Jtcy5jcmVhdGUlMjglN0IlMEElMjAlMjAlMjAlMjByZWdpb24lM0ElMjAlMjJuYTElMjIlMkMlMEElMjAlMjAlMjAlMjBwb3J0YWxJZCUzQSUyMCUyMjg5MDEzMDklMjIlMkMlMEElMjAlMjAlMjAlMjBmb3JtSWQlM0ElMjAlMjI3Y2NmNWMzOS04ODQ0LTQyNTAtYTQ4YS05NGEyY2Y5ZWZkZDMlMjIlMEElMjAlMjAlN0QlMjklM0IlMEElM0MlMkZzY3JpcHQlM0U=[\/vc_raw_html][vc_empty_space][\/vc_column_inner][\/vc_row_inner][vc_empty_space height=\u00bb60px\u00bb][\/vc_column][\/vc_row]<\/p>\n","protected":false},"excerpt":{"rendered":"<p>[vc_row full_width=\u00bbstretch_row\u00bb css=\u00bb.vc_custom_1714060469895{background-image: url(https:\/\/www.uroosevelt.edu.pe\/portal\/wp-content\/uploads\/2024\/04\/admision.jpg?id=1460) !important;background-position: center !important;background-repeat: no-repeat !important;background-size: cover !important;}\u00bb][vc_column][vc_empty_space height=\u00bb150px\u00bb][vc_row_inner][vc_column_inner width=\u00bb1\/2&#8243;][vc_column_text el_class=\u00bbtitulo\u00bb<span class=\"excerpt-hellip\"> [\u2026]<\/span><\/p>\n","protected":false},"author":3,"featured_media":0,"parent":0,"menu_order":0,"comment_status":"closed","ping_status":"closed","template":"","meta":{"footnotes":""},"_links":{"self":[{"href":"https:\/\/www.uroosevelt.edu.pe\/portal\/wp-json\/wp\/v2\/pages\/1459"}],"collection":[{"href":"https:\/\/www.uroosevelt.edu.pe\/portal\/wp-json\/wp\/v2\/pages"}],"about":[{"href":"https:\/\/www.uroosevelt.edu.pe\/portal\/wp-json\/wp\/v2\/types\/page"}],"author":[{"embeddable":true,"href":"https:\/\/www.uroosevelt.edu.pe\/portal\/wp-json\/wp\/v2\/users\/3"}],"replies":[{"embeddable":true,"href":"https:\/\/www.uroosevelt.edu.pe\/portal\/wp-json\/wp\/v2\/comments?post=1459"}],"version-history":[{"count":21,"href":"https:\/\/www.uroosevelt.edu.pe\/portal\/wp-json\/wp\/v2\/pages\/1459\/revisions"}],"predecessor-version":[{"id":2980,"href":"https:\/\/www.uroosevelt.edu.pe\/portal\/wp-json\/wp\/v2\/pages\/1459\/revisions\/2980"}],"wp:attachment":[{"href":"https:\/\/www.uroosevelt.edu.pe\/portal\/wp-json\/wp\/v2\/media?parent=1459"}],"curies":[{"name":"wp","href":"https:\/\/api.w.org\/{rel}","templated":true}]}}