{"id":1114,"date":"2024-04-18T18:27:18","date_gmt":"2024-04-18T18:27:18","guid":{"rendered":"https:\/\/www.uroosevelt.edu.pe\/portal\/?page_id=1114"},"modified":"2025-07-11T16:57:20","modified_gmt":"2025-07-11T21:57:20","slug":"oficinas-y-unidades","status":"publish","type":"page","link":"https:\/\/www.uroosevelt.edu.pe\/portal\/oficinas-y-unidades\/","title":{"rendered":"Oficinas y Unidades"},"content":{"rendered":"<p>[vc_row full_width=\u00bbstretch_row\u00bb css=\u00bb.vc_custom_1713464816536{background-image: url(https:\/\/www.uroosevelt.edu.pe\/portal\/wp-content\/uploads\/2024\/04\/SALA-BIBLIOTECA-SC-05.jpg?id=1115) !important;background-position: center !important;background-repeat: no-repeat !important;background-size: cover !important;}\u00bb][vc_column][vc_empty_space height=\u00bb150px\u00bb][vc_row_inner][vc_column_inner width=\u00bb1\/2&#8243;][vc_column_text el_class=\u00bbtitulo\u00bb]<\/p>\n<h1><strong>Oficinas y Unidades<\/strong><\/h1>\n<p>[\/vc_column_text][vc_empty_space][vc_column_text el_class=\u00bbtexto-blanco\u00bb]La Oficina de Licenciamiento Institucional es la encargada de desplegar los lineamientos para la gesti\u00f3n de proyectos que buscan garantizar la permanencia y mejora de la calidad de la Universidad Franklin Roosevelt.[\/vc_column_text][\/vc_column_inner][vc_column_inner width=\u00bb1\/2&#8243;][\/vc_column_inner][\/vc_row_inner][vc_empty_space height=\u00bb200px\u00bb][\/vc_column][\/vc_row][vc_row][vc_column][vc_empty_space][\/vc_column][\/vc_row][vc_row css=\u00bb.vc_custom_1711030779861{background-color: #efefef !important;border-radius: 10px !important;}\u00bb][vc_column][vc_row_inner content_placement=\u00bbmiddle\u00bb][vc_column_inner el_class=\u00bbicono1&#8243; width=\u00bb1\/2&#8243;][vc_column_text el_class=\u00bboficina\u00bb css=\u00bb.vc_custom_1713466088789{margin-right: 20px !important;margin-left: 20px !important;}\u00bb]<\/p>\n<h1 class=\"elementor-heading-title elementor-size-xl\"><strong>Oficinas y unidades de la Universidad Roosevelt<\/strong><\/h1>\n<p>[\/vc_column_text][\/vc_column_inner][vc_column_inner width=\u00bb1\/2&#8243;][vc_column_text css=\u00bb.vc_custom_1713466097282{margin-right: 20px !important;margin-left: 20px !important;}\u00bb]<\/p>\n<h4><strong>Conoce m\u00e1s sobre los beneficios de nuestra universidad.<\/strong><\/h4>\n<p>[\/vc_column_text][\/vc_column_inner][\/vc_row_inner][vc_empty_space][\/vc_column][\/vc_row][vc_row][vc_column][vc_empty_space height=\u00bb60px\u00bb][vc_row_inner equal_height=\u00bbyes\u00bb][vc_column_inner el_class=\u00bbdocente\u00bb width=\u00bb1\/3&#8243;]<div class=\"icon_box icon_position_left no_border\"><a class=\"\" href=\"https:\/\/www.uroosevelt.edu.pe\/bienestar-universitario\/\"  ><div class=\"icon_wrapper\"><div class=\"icon\"><i class=\"fas fa-heart\"><\/i><\/div><\/div><div class=\"desc_wrapper\"><h4 class=\"title\">Bienestar Universitario<\/h4><div class=\"desc\">Promueve el bienestar f\u00edsico, emocional y social de los estudiantes a trav\u00e9s de programas integrales.<\/div><\/div><\/a><\/div>\n[vc_empty_space height=\u00bb15px\u00bb][vc_btn title=\u00bbAcceder\u00bb style=\u00bboutline-custom\u00bb outline_custom_color=\u00bb#910048&#8243; outline_custom_hover_background=\u00bb#910048&#8243; outline_custom_hover_text=\u00bb#fedb00&#8243; shape=\u00bbround\u00bb size=\u00bbsm\u00bb align=\u00bbright\u00bb i_align=\u00bbright\u00bb i_type=\u00bbtypicons\u00bb i_icon_typicons=\u00bbtypcn typcn-chevron-right-outline\u00bb add_icon=\u00bbtrue\u00bb link=\u00bburl:https%3A%2F%2Fwww.uroosevelt.edu.pe%2Fbienestar-universitario%2F|||\u00bb el_class=\u00bbbtn_acceder\u00bb][vc_empty_space][\/vc_column_inner][vc_column_inner el_class=\u00bbdocente\u00bb width=\u00bb1\/3&#8243;]<div class=\"icon_box icon_position_left no_border\"><a class=\"\" href=\"https:\/\/www.uroosevelt.edu.pe\/calidad-educativa\/\"  ><div class=\"icon_wrapper\"><div class=\"icon\"><i class=\"fas fa-award\"><\/i><\/div><\/div><div class=\"desc_wrapper\"><h4 class=\"title\">Calidad Educativa<\/h4><div class=\"desc\">Supervisa los est\u00e1ndares acad\u00e9micos y fomenta la mejora continua en los procesos formativos institucionales.<\/div><\/div><\/a><\/div>\n[vc_empty_space height=\u00bb15px\u00bb][vc_btn title=\u00bbAcceder\u00bb style=\u00bboutline-custom\u00bb outline_custom_color=\u00bb#910048&#8243; outline_custom_hover_background=\u00bb#910048&#8243; outline_custom_hover_text=\u00bb#fedb00&#8243; shape=\u00bbround\u00bb size=\u00bbsm\u00bb align=\u00bbright\u00bb i_align=\u00bbright\u00bb i_type=\u00bbtypicons\u00bb i_icon_typicons=\u00bbtypcn typcn-chevron-right-outline\u00bb add_icon=\u00bbtrue\u00bb link=\u00bburl:https%3A%2F%2Fwww.uroosevelt.edu.pe%2Fcalidad-educativa%2F|||\u00bb][vc_empty_space][\/vc_column_inner][vc_column_inner el_class=\u00bbdocente\u00bb width=\u00bb1\/3&#8243;]<div class=\"icon_box icon_position_left no_border\"><a class=\"\" href=\"https:\/\/www.uroosevelt.edu.pe\/defensoria-universitaria\/\"  ><div class=\"icon_wrapper\"><div class=\"icon\"><i class=\"fas fa-shield-alt\"><\/i><\/div><\/div><div class=\"desc_wrapper\"><h4 class=\"title\">Defensor\u00eda Universitaria<\/h4><div class=\"desc\">Salvaguarda los derechos de los estudiantes y resuelve conflictos acad\u00e9micos con imparcialidad y confidencialidad.<\/div><\/div><\/a><\/div>\n[vc_empty_space height=\u00bb15px\u00bb][vc_btn title=\u00bbAcceder\u00bb style=\u00bboutline-custom\u00bb outline_custom_color=\u00bb#910048&#8243; outline_custom_hover_background=\u00bb#910048&#8243; outline_custom_hover_text=\u00bb#fedb00&#8243; shape=\u00bbround\u00bb size=\u00bbsm\u00bb align=\u00bbright\u00bb i_align=\u00bbright\u00bb i_type=\u00bbtypicons\u00bb i_icon_typicons=\u00bbtypcn typcn-chevron-right-outline\u00bb add_icon=\u00bbtrue\u00bb link=\u00bburl:https%3A%2F%2Fwww.uroosevelt.edu.pe%2Fdefensoria-universitaria%2F|||\u00bb][vc_empty_space][\/vc_column_inner][\/vc_row_inner][vc_row_inner equal_height=\u00bbyes\u00bb][vc_column_inner el_class=\u00bbdocente\u00bb width=\u00bb1\/3&#8243;]<div class=\"icon_box icon_position_left no_border\"><a class=\"\" href=\"https:\/\/www.uroosevelt.edu.pe\/responsabilidad-social\/\"  ><div class=\"icon_wrapper\"><div class=\"icon\"><i class=\"fas fa-hand-holding-heart\"><\/i><\/div><\/div><div class=\"desc_wrapper\"><h4 class=\"title\">Responsabilidad Social<\/h4><div class=\"desc\">Impulsa proyectos solidarios que vinculan a la universidad con la comunidad y el desarrollo sostenible.<\/div><\/div><\/a><\/div>\n[vc_empty_space height=\u00bb15px\u00bb][vc_btn title=\u00bbAcceder\u00bb style=\u00bboutline-custom\u00bb outline_custom_color=\u00bb#910048&#8243; outline_custom_hover_background=\u00bb#910048&#8243; outline_custom_hover_text=\u00bb#fedb00&#8243; shape=\u00bbround\u00bb size=\u00bbsm\u00bb align=\u00bbright\u00bb i_align=\u00bbright\u00bb i_type=\u00bbtypicons\u00bb i_icon_typicons=\u00bbtypcn typcn-chevron-right-outline\u00bb add_icon=\u00bbtrue\u00bb link=\u00bburl:https%3A%2F%2Fwww.uroosevelt.edu.pe%2Fresponsabilidad-social%2F|||\u00bb][vc_empty_space][\/vc_column_inner][vc_column_inner el_class=\u00bbdocente\u00bb width=\u00bb1\/3&#8243;]<div class=\"icon_box icon_position_left no_border\"><a class=\"\" href=\"https:\/\/www.uroosevelt.edu.pe\/seguimiento-al-egresado\/\"  ><div class=\"icon_wrapper\"><div class=\"icon\"><i class=\"fas fa-user-check\"><\/i><\/div><\/div><div class=\"desc_wrapper\"><h4 class=\"title\">Seguimiento al Egresado<\/h4><div class=\"desc\">Realiza el monitoreo y acompa\u00f1amiento profesional de egresados para fortalecer la mejora educativa continua.<\/div><\/div><\/a><\/div>\n[vc_empty_space height=\u00bb15px\u00bb][vc_btn title=\u00bbAcceder\u00bb style=\u00bboutline-custom\u00bb outline_custom_color=\u00bb#910048&#8243; outline_custom_hover_background=\u00bb#910048&#8243; outline_custom_hover_text=\u00bb#fedb00&#8243; shape=\u00bbround\u00bb size=\u00bbsm\u00bb align=\u00bbright\u00bb i_align=\u00bbright\u00bb i_type=\u00bbtypicons\u00bb i_icon_typicons=\u00bbtypcn typcn-chevron-right-outline\u00bb add_icon=\u00bbtrue\u00bb link=\u00bburl:https%3A%2F%2Fwww.uroosevelt.edu.pe%2Fseguimiento-al-egresado%2F|||\u00bb][vc_empty_space][\/vc_column_inner][vc_column_inner el_class=\u00bbdocente\u00bb width=\u00bb1\/3&#8243;]<div class=\"icon_box icon_position_left no_border\"><a class=\"\" href=\"https:\/\/www.uroosevelt.edu.pe\/unidad-de-grados-y-titulos\/\"  ><div class=\"icon_wrapper\"><div class=\"icon\"><i class=\"fas fa-graduation-cap\"><\/i><\/div><\/div><div class=\"desc_wrapper\"><h4 class=\"title\">Grados y T\u00edtulos<\/h4><div class=\"desc\">Gestiona el proceso de titulaci\u00f3n de egresados, garantizando cumplimiento de requisitos y plazos establecidos.<\/div><\/div><\/a><\/div>\n[vc_empty_space height=\u00bb15px\u00bb][vc_btn title=\u00bbAcceder\u00bb style=\u00bboutline-custom\u00bb outline_custom_color=\u00bb#910048&#8243; outline_custom_hover_background=\u00bb#910048&#8243; outline_custom_hover_text=\u00bb#fedb00&#8243; shape=\u00bbround\u00bb size=\u00bbsm\u00bb align=\u00bbright\u00bb i_align=\u00bbright\u00bb i_type=\u00bbtypicons\u00bb i_icon_typicons=\u00bbtypcn typcn-chevron-right-outline\u00bb add_icon=\u00bbtrue\u00bb link=\u00bburl:https%3A%2F%2Fwww.uroosevelt.edu.pe%2Funidad-de-grados-y-titulos%2F|||\u00bb][vc_empty_space][\/vc_column_inner][\/vc_row_inner][vc_row_inner equal_height=\u00bbyes\u00bb][vc_column_inner el_class=\u00bbdocente\u00bb width=\u00bb1\/3&#8243;]<div class=\"icon_box icon_position_left no_border\"><a class=\"\" href=\"https:\/\/www.uroosevelt.edu.pe\/asuntos-y-registros-academicos\/\"  ><div class=\"icon_wrapper\"><div class=\"icon\"><i class=\"fas fa-file-alt\"><\/i><\/div><\/div><div class=\"desc_wrapper\"><h4 class=\"title\">Asunto y Registros Acad\u00e9micos<\/h4><div class=\"desc\">Administra la documentaci\u00f3n acad\u00e9mica oficial, procesos de matr\u00edcula, convalidaciones y registros administrativos.<\/div><\/div><\/a><\/div>\n[vc_empty_space height=\u00bb15px\u00bb][vc_btn title=\u00bbAcceder\u00bb style=\u00bboutline-custom\u00bb outline_custom_color=\u00bb#910048&#8243; outline_custom_hover_background=\u00bb#910048&#8243; outline_custom_hover_text=\u00bb#fedb00&#8243; shape=\u00bbround\u00bb size=\u00bbsm\u00bb align=\u00bbright\u00bb i_align=\u00bbright\u00bb i_type=\u00bbtypicons\u00bb i_icon_typicons=\u00bbtypcn typcn-chevron-right-outline\u00bb add_icon=\u00bbtrue\u00bb link=\u00bburl:https%3A%2F%2Fwww.uroosevelt.edu.pe%2Fasuntos-y-registros-academicos%2F|||\u00bb][vc_empty_space][\/vc_column_inner][vc_column_inner el_class=\u00bbdocente\u00bb width=\u00bb1\/3&#8243;]<div class=\"icon_box icon_position_left no_border\"><a class=\"\" href=\"https:\/\/www.uroosevelt.edu.pe\/tic\/\"  ><div class=\"icon_wrapper\"><div class=\"icon\"><i class=\"fas fa-laptop-code\"><\/i><\/div><\/div><div class=\"desc_wrapper\"><h4 class=\"title\">Tecnolog\u00edas de la Informaci\u00f3n<\/h4><div class=\"desc\">Brinda soporte tecnol\u00f3gico y gestiona herramientas digitales para la mejora del entorno educativo institucional.<\/div><\/div><\/a><\/div>\n[vc_empty_space height=\u00bb15px\u00bb][vc_btn title=\u00bbAcceder\u00bb style=\u00bboutline-custom\u00bb outline_custom_color=\u00bb#910048&#8243; outline_custom_hover_background=\u00bb#910048&#8243; outline_custom_hover_text=\u00bb#fedb00&#8243; shape=\u00bbround\u00bb size=\u00bbsm\u00bb align=\u00bbright\u00bb i_align=\u00bbright\u00bb i_type=\u00bbtypicons\u00bb i_icon_typicons=\u00bbtypcn typcn-chevron-right-outline\u00bb add_icon=\u00bbtrue\u00bb link=\u00bburl:https%3A%2F%2Fwww.uroosevelt.edu.pe%2Ftic%2F|||\u00bb][vc_empty_space][\/vc_column_inner][vc_column_inner el_class=\u00bbdocente\u00bb width=\u00bb1\/3&#8243;]<div class=\"icon_box icon_position_left no_border\"><a class=\"\" href=\"https:\/\/www.uroosevelt.edu.pe\/biblioteca\/\"  ><div class=\"icon_wrapper\"><div class=\"icon\"><i class=\"fas fa-book\"><\/i><\/div><\/div><div class=\"desc_wrapper\"><h4 class=\"title\">Biblioteca<\/h4><div class=\"desc\">Facilita el acceso a informaci\u00f3n acad\u00e9mica mediante recursos f\u00edsicos y digitales para el aprendizaje aut\u00f3nomo.<\/div><\/div><\/a><\/div>\n[vc_empty_space height=\u00bb15px\u00bb][vc_btn title=\u00bbAcceder\u00bb style=\u00bboutline-custom\u00bb outline_custom_color=\u00bb#910048&#8243; outline_custom_hover_background=\u00bb#910048&#8243; outline_custom_hover_text=\u00bb#fedb00&#8243; shape=\u00bbround\u00bb size=\u00bbsm\u00bb align=\u00bbright\u00bb i_align=\u00bbright\u00bb i_type=\u00bbtypicons\u00bb i_icon_typicons=\u00bbtypcn typcn-chevron-right-outline\u00bb add_icon=\u00bbtrue\u00bb link=\u00bburl:https%3A%2F%2Fwww.uroosevelt.edu.pe%2Fbiblioteca%2F|||\u00bb][vc_empty_space][\/vc_column_inner][\/vc_row_inner][vc_empty_space height=\u00bb60px\u00bb][\/vc_column][\/vc_row][vc_row full_width=\u00bbstretch_row\u00bb css_animation=\u00bbfadeInUp\u00bb css=\u00bb.vc_custom_1752270680038{background-color: #910048 !important;background-position: center !important;background-repeat: no-repeat !important;background-size: cover !important;}\u00bb][vc_column][vc_empty_space][vc_row_inner content_placement=\u00bbmiddle\u00bb][vc_column_inner width=\u00bb1\/2&#8243;][vc_column_text el_class=\u00bbrazones\u00bb]<\/p>\n<h1><strong>Inicia tu vida<\/strong><br \/>\n<strong>universitaria en UR<\/strong><\/h1>\n<p>[\/vc_column_text][vc_empty_space][vc_column_text el_class=\u00bbtexto-blanco\u00bb]Somos una instituci\u00f3n educativa con m\u00e1s de 14 a\u00f1os de experiencia,<br \/>\nbrindando la educaci\u00f3n profesional a nuestros estudiantes.[\/vc_column_text][vc_empty_space][vc_single_image image=\u00bb649&#8243; img_size=\u00bbfull\u00bb][vc_empty_space][\/vc_column_inner][vc_column_inner el_class=\u00bbsombra\u00bb width=\u00bb1\/2&#8243; css=\u00bb.vc_custom_1710265477016{padding-right: 20px !important;padding-left: 20px !important;background-color: #ffffff !important;border-radius: 10px !important;}\u00bb][vc_column_text el_class=\u00bbdatos\u00bb]<\/p>\n<h1><strong>D\u00e9janos tus datos<\/strong><\/h1>\n<p>[\/vc_column_text][vc_empty_space][vc_raw_html]JTNDc2NyaXB0JTIwY2hhcnNldCUzRCUyMnV0Zi04JTIyJTIwdHlwZSUzRCUyMnRleHQlMkZqYXZhc2NyaXB0JTIyJTIwc3JjJTNEJTIyJTJGJTJGanMuaHNmb3Jtcy5uZXQlMkZmb3JtcyUyRmVtYmVkJTJGdjIuanMlMjIlM0UlM0MlMkZzY3JpcHQlM0UlMEElM0NzY3JpcHQlM0UlMEElMjAlMjBoYnNwdC5mb3Jtcy5jcmVhdGUlMjglN0IlMEElMjAlMjAlMjAlMjByZWdpb24lM0ElMjAlMjJuYTElMjIlMkMlMEElMjAlMjAlMjAlMjBwb3J0YWxJZCUzQSUyMCUyMjg5MDEzMDklMjIlMkMlMEElMjAlMjAlMjAlMjBmb3JtSWQlM0ElMjAlMjI3Y2NmNWMzOS04ODQ0LTQyNTAtYTQ4YS05NGEyY2Y5ZWZkZDMlMjIlMEElMjAlMjAlN0QlMjklM0IlMEElM0MlMkZzY3JpcHQlM0U=[\/vc_raw_html][vc_empty_space][\/vc_column_inner][\/vc_row_inner][vc_empty_space height=\u00bb60px\u00bb][\/vc_column][\/vc_row]<\/p>\n","protected":false},"excerpt":{"rendered":"<p>[vc_row full_width=\u00bbstretch_row\u00bb css=\u00bb.vc_custom_1713464816536{background-image: url(https:\/\/www.uroosevelt.edu.pe\/portal\/wp-content\/uploads\/2024\/04\/SALA-BIBLIOTECA-SC-05.jpg?id=1115) !important;background-position: center !important;background-repeat: no-repeat !important;background-size: cover !important;}\u00bb][vc_column][vc_empty_space height=\u00bb150px\u00bb][vc_row_inner][vc_column_inner width=\u00bb1\/2&#8243;][vc_column_text el_class=\u00bbtitulo\u00bb]<span class=\"excerpt-hellip\"> [\u2026]<\/span><\/p>\n","protected":false},"author":4,"featured_media":0,"parent":0,"menu_order":0,"comment_status":"closed","ping_status":"closed","template":"","meta":{"footnotes":""},"_links":{"self":[{"href":"https:\/\/www.uroosevelt.edu.pe\/portal\/wp-json\/wp\/v2\/pages\/1114"}],"collection":[{"href":"https:\/\/www.uroosevelt.edu.pe\/portal\/wp-json\/wp\/v2\/pages"}],"about":[{"href":"https:\/\/www.uroosevelt.edu.pe\/portal\/wp-json\/wp\/v2\/types\/page"}],"author":[{"embeddable":true,"href":"https:\/\/www.uroosevelt.edu.pe\/portal\/wp-json\/wp\/v2\/users\/4"}],"replies":[{"embeddable":true,"href":"https:\/\/www.uroosevelt.edu.pe\/portal\/wp-json\/wp\/v2\/comments?post=1114"}],"version-history":[{"count":32,"href":"https:\/\/www.uroosevelt.edu.pe\/portal\/wp-json\/wp\/v2\/pages\/1114\/revisions"}],"predecessor-version":[{"id":2860,"href":"https:\/\/www.uroosevelt.edu.pe\/portal\/wp-json\/wp\/v2\/pages\/1114\/revisions\/2860"}],"wp:attachment":[{"href":"https:\/\/www.uroosevelt.edu.pe\/portal\/wp-json\/wp\/v2\/media?parent=1114"}],"curies":[{"name":"wp","href":"https:\/\/api.w.org\/{rel}","templated":true}]}}