{"id":1069,"date":"2024-04-17T20:25:53","date_gmt":"2024-04-17T20:25:53","guid":{"rendered":"https:\/\/www.uroosevelt.edu.pe\/portal\/?page_id=1069"},"modified":"2025-09-02T18:32:31","modified_gmt":"2025-09-02T23:32:31","slug":"investigacion","status":"publish","type":"page","link":"https:\/\/www.uroosevelt.edu.pe\/portal\/investigacion\/","title":{"rendered":"Investigaci\u00f3n"},"content":{"rendered":"<p>[vc_row full_width=\u00bbstretch_row\u00bb css=\u00bb.vc_custom_1713452738844{background-image: url(https:\/\/www.uroosevelt.edu.pe\/portal\/wp-content\/uploads\/2024\/04\/SALA-BIBLIOTECA-SC-03.jpg?id=1107) !important;background-position: center !important;background-repeat: no-repeat !important;background-size: cover !important;}\u00bb][vc_column][vc_empty_space height=\u00bb150px\u00bb][vc_row_inner][vc_column_inner width=\u00bb1\/2&#8243;][vc_column_text el_class=\u00bbtitulo\u00bb]<\/p>\n<h1><strong>Investigaci\u00f3n<\/strong><\/h1>\n<p>[\/vc_column_text][vc_empty_space][vc_column_text el_class=\u00bbtexto-blanco\u00bb]Somos una instituci\u00f3n educativa que forma profesionales competitivos, emprendedores, generadores de conocimiento reconocidos por la contribuci\u00f3n al desarrollo sostenible de la sociedad con liderazgo.[\/vc_column_text][\/vc_column_inner][vc_column_inner width=\u00bb1\/2&#8243;][\/vc_column_inner][\/vc_row_inner][vc_empty_space height=\u00bb200px\u00bb][\/vc_column][\/vc_row][vc_row][vc_column][vc_empty_space][vc_row_inner equal_height=\u00bbyes\u00bb content_placement=\u00bbmiddle\u00bb][vc_column_inner el_class=\u00bbcolumna-borde\u00bb width=\u00bb1\/2&#8243;][vc_empty_space][vc_column_text el_class=\u00bbtexto1&#8243;]<\/p>\n<h1 class=\"elementor-heading-title elementor-size-xl\"><strong>Instituto de Investigaci\u00f3n<\/strong><\/h1>\n<p>[\/vc_column_text][vc_empty_space][\/vc_column_inner][vc_column_inner width=\u00bb1\/2&#8243;][vc_empty_space height=\u00bb15px\u00bb][vc_column_text el_class=\u00bbtexto2&#8243;]<\/p>\n<h2><strong>Dra. Renee Amparo Valle Elescano<\/strong><\/h2>\n<h2><strong>Directora encargada del Instituto de Investigaci\u00f3n<\/strong><\/h2>\n<p>[\/vc_column_text][vc_empty_space height=\u00bb16px\u00bb]<div class=\"aio-icon-component    style_1\"><div id=\"Info-box-wrap-3424\" class=\"aio-icon-box default-icon\" style=\"\"  ><div class=\"aio-icon-default\"><div class=\"ult-just-icon-wrapper  \"><div class=\"align-icon\" style=\"text-align:center;\">\n<div class=\"aio-icon none \"  style=\"color:#910048;font-size:15px;display:inline-block;\">\n\t<i class=\"Defaults-envelope-o\"><\/i>\n<\/div><\/div><\/div><\/div><div class=\"aio-icon-header\" ><h3 class=\"aio-icon-title ult-responsive\"  data-ultimate-target='#Info-box-wrap-3424 .aio-icon-title'  data-responsive-json-new='{\"font-size\":\"\",\"line-height\":\"\"}'  style=\"\">investigaci\u00f3n@uroosevelt.edu.pe<\/h3><\/div> <!-- header --><\/div> <!-- aio-icon-box --><\/div> <!-- aio-icon-component -->[\/vc_column_inner][\/vc_row_inner][vc_empty_space][\/vc_column][\/vc_row][vc_row][vc_column][vc_empty_space height=\u00bb60px\u00bb][\/vc_column][\/vc_row][vc_row full_width=\u00bbstretch_row_content_no_spaces\u00bb][vc_column][vc_row_inner equal_height=\u00bbyes\u00bb][vc_column_inner width=\u00bb1\/2&#8243; css=\u00bb.vc_custom_1713388792150{background-image: url(https:\/\/www.uroosevelt.edu.pe\/portal\/wp-content\/uploads\/2024\/04\/image-25.png?id=1087) !important;background-position: center !important;background-repeat: no-repeat !important;background-size: cover !important;}\u00bb][vc_empty_space height=\u00bb300px\u00bb][\/vc_column_inner][vc_column_inner el_class=\u00bbicono5&#8243; width=\u00bb1\/2&#8243; css=\u00bb.vc_custom_1711033828029{padding-right: 28px !important;padding-left: 28px !important;background-color: #efefef !important;}\u00bb][vc_column_text]La investigaci\u00f3n es uno de los pilares esenciales de la universidad ya que a trav\u00e9s de la producci\u00f3n de conocimiento cient\u00edfico se responde a las necesidades de la sociedad, con especial \u00e9nfasis en el entorno local y regional. Los participantes principales en la ejecuci\u00f3n de las actividades de investigaci\u00f3n son los docentes, estudiantes y graduados de la Universidad.[\/vc_column_text][vc_empty_space][vc_column_text]<\/p>\n<div>La investigaci\u00f3n en la UPHFR SAC busca:<\/div>\n<ol>\n<li dir=\"ltr\">\n<p dir=\"ltr\" role=\"presentation\">\u00a0Difundir entre la comunidad universitaria la vocaci\u00f3n human\u00edstica, intelectual, tecnol\u00f3gica y cient\u00edfica.<\/p>\n<\/li>\n<li dir=\"ltr\">\n<p dir=\"ltr\" role=\"presentation\">Formar investigadores, mediante los procesos de ense\u00f1anza aprendizaje del m\u00e9todo cient\u00edfico y herramientas metodol\u00f3gicas.<\/p>\n<\/li>\n<li dir=\"ltr\">\n<p dir=\"ltr\" role=\"presentation\">Contribuir con el nivel acad\u00e9mico de la Universidad a trav\u00e9s de la producci\u00f3n cient\u00edfica y su difusi\u00f3n.<\/p>\n<\/li>\n<li dir=\"ltr\">\n<p dir=\"ltr\" role=\"presentation\">Generar l\u00edneas de investigaci\u00f3n que contribuyan con el desarrollo de los objetivos estrat\u00e9gicos institucionales y den un impacto positivo a la sociedad<\/p>\n<\/li>\n<\/ol>\n<p>[\/vc_column_text][\/vc_column_inner][\/vc_row_inner][\/vc_column][\/vc_row][vc_row][vc_column][vc_empty_space height=\u00bb50px\u00bb][vc_row_inner][vc_column_inner el_class=\u00bbdocente\u00bb width=\u00bb1\/3&#8243;]<div class=\"icon_box icon_position_top no_border\"><div class=\"icon_wrapper\"><div class=\"icon\"><i class=\"fas fa-balance-scale\"><\/i><\/div><\/div><div class=\"desc_wrapper\"><h4 class=\"title\">Transparencia del Instituto de Investigaci\u00f3n<\/h4><\/div><\/div>\n[vc_btn title=\u00bbVer m\u00e1s\u00bb style=\u00bboutline-custom\u00bb outline_custom_color=\u00bb#910048&#8243; outline_custom_hover_background=\u00bb#910048&#8243; outline_custom_hover_text=\u00bb#ffffff\u00bb shape=\u00bbround\u00bb align=\u00bbcenter\u00bb i_align=\u00bbright\u00bb i_type=\u00bbtypicons\u00bb i_icon_typicons=\u00bbtypcn typcn-chevron-right-outline\u00bb add_icon=\u00bbtrue\u00bb link=\u00bburl:https%3A%2F%2Fwww.uroosevelt.edu.pe%2Ftransparencia-del-instituto-de-investigacion%2F|||\u00bb][\/vc_column_inner][vc_column_inner el_class=\u00bbdocente\u00bb width=\u00bb1\/3&#8243;]<div class=\"icon_box icon_position_top no_border\"><div class=\"icon_wrapper\"><div class=\"icon\"><i class=\"fas fa-book-open\"><\/i><\/div><\/div><div class=\"desc_wrapper\"><h4 class=\"title\">Revista de Investigaci\u00f3n<\/h4><\/div><\/div>\n[vc_btn title=\u00bbVer m\u00e1s\u00bb style=\u00bboutline-custom\u00bb outline_custom_color=\u00bb#910048&#8243; outline_custom_hover_background=\u00bb#910048&#8243; outline_custom_hover_text=\u00bb#ffffff\u00bb shape=\u00bbround\u00bb align=\u00bbcenter\u00bb i_align=\u00bbright\u00bb i_type=\u00bbtypicons\u00bb i_icon_typicons=\u00bbtypcn typcn-chevron-right-outline\u00bb add_icon=\u00bbtrue\u00bb link=\u00bburl:https%3A%2F%2Frevistas.uroosevelt.edu.pe%2F%3F_gl%3D1*bljp3c*_ga*MTgzOTU0ODk4Ni4xNzEzODg0MTQ1*_ga_WWDRXMYVP2*MTcxMzg4NDE0NC4xLjEuMTcxMzg4NDE2MS4wLjAuMA..|||\u00bb][\/vc_column_inner][vc_column_inner el_class=\u00bbdocente\u00bb width=\u00bb1\/3&#8243;]<div class=\"icon_box icon_position_top no_border\"><div class=\"icon_wrapper\"><div class=\"icon\"><i class=\"fas fa-university\"><\/i><\/div><\/div><div class=\"desc_wrapper\"><h4 class=\"title\">Fondo Editorial<\/h4><\/div><\/div>\n[vc_btn title=\u00bbLibros Acad\u00e9micos UR\u00bb style=\u00bboutline-custom\u00bb outline_custom_color=\u00bb#910048&#8243; outline_custom_hover_background=\u00bb#910048&#8243; outline_custom_hover_text=\u00bb#ffffff\u00bb shape=\u00bbround\u00bb align=\u00bbcenter\u00bb i_align=\u00bbright\u00bb i_type=\u00bbtypicons\u00bb i_icon_typicons=\u00bbtypcn typcn-chevron-right-outline\u00bb add_icon=\u00bbtrue\u00bb link=\u00bburl:http%3A%2F%2Fisbn.bnp.gob.pe%2Fcatalogo.php%3Fmode%3Dresultados_rapidos%26palabra%3Duniversidad%2Bprivada%2Bde%2Bhuancayo|||\u00bb][\/vc_column_inner][\/vc_row_inner][vc_empty_space][\/vc_column][\/vc_row]<\/p>\n","protected":false},"excerpt":{"rendered":"<p>[vc_row full_width=\u00bbstretch_row\u00bb css=\u00bb.vc_custom_1713452738844{background-image: url(https:\/\/www.uroosevelt.edu.pe\/portal\/wp-content\/uploads\/2024\/04\/SALA-BIBLIOTECA-SC-03.jpg?id=1107) !important;background-position: center !important;background-repeat: no-repeat !important;background-size: cover !important;}\u00bb][vc_column][vc_empty_space height=\u00bb150px\u00bb][vc_row_inner][vc_column_inner width=\u00bb1\/2&#8243;][vc_column_text el_class=\u00bbtitulo\u00bb]<span class=\"excerpt-hellip\"> [\u2026]<\/span><\/p>\n","protected":false},"author":4,"featured_media":0,"parent":0,"menu_order":0,"comment_status":"closed","ping_status":"closed","template":"","meta":{"footnotes":""},"_links":{"self":[{"href":"https:\/\/www.uroosevelt.edu.pe\/portal\/wp-json\/wp\/v2\/pages\/1069"}],"collection":[{"href":"https:\/\/www.uroosevelt.edu.pe\/portal\/wp-json\/wp\/v2\/pages"}],"about":[{"href":"https:\/\/www.uroosevelt.edu.pe\/portal\/wp-json\/wp\/v2\/types\/page"}],"author":[{"embeddable":true,"href":"https:\/\/www.uroosevelt.edu.pe\/portal\/wp-json\/wp\/v2\/users\/4"}],"replies":[{"embeddable":true,"href":"https:\/\/www.uroosevelt.edu.pe\/portal\/wp-json\/wp\/v2\/comments?post=1069"}],"version-history":[{"count":33,"href":"https:\/\/www.uroosevelt.edu.pe\/portal\/wp-json\/wp\/v2\/pages\/1069\/revisions"}],"predecessor-version":[{"id":3039,"href":"https:\/\/www.uroosevelt.edu.pe\/portal\/wp-json\/wp\/v2\/pages\/1069\/revisions\/3039"}],"wp:attachment":[{"href":"https:\/\/www.uroosevelt.edu.pe\/portal\/wp-json\/wp\/v2\/media?parent=1069"}],"curies":[{"name":"wp","href":"https:\/\/api.w.org\/{rel}","templated":true}]}}