{"id":1052,"date":"2024-04-17T16:41:42","date_gmt":"2024-04-17T16:41:42","guid":{"rendered":"https:\/\/www.uroosevelt.edu.pe\/portal\/?page_id=1052"},"modified":"2025-07-14T08:48:16","modified_gmt":"2025-07-14T13:48:16","slug":"nosotros","status":"publish","type":"page","link":"https:\/\/www.uroosevelt.edu.pe\/portal\/nosotros\/","title":{"rendered":"Nosotros"},"content":{"rendered":"<p>[vc_row full_width=\u00bbstretch_row\u00bb css=\u00bb.vc_custom_1713372054245{background-image: url(https:\/\/www.uroosevelt.edu.pe\/portal\/wp-content\/uploads\/2024\/04\/VIVE-TU-PASION-UR-PSICOLOGIA-3.png?id=1053) !important;background-position: center !important;background-repeat: no-repeat !important;background-size: cover !important;}\u00bb][vc_column][vc_empty_space height=\u00bb150px\u00bb][vc_row_inner][vc_column_inner width=\u00bb1\/2&#8243;][vc_column_text el_class=\u00bbtitulo\u00bb]<\/p>\n<h1><strong>Nosotros<\/strong><\/h1>\n<p>[\/vc_column_text][vc_empty_space][vc_column_text el_class=\u00bbtexto-blanco\u00bb]Somos una instituci\u00f3n educativa que forma profesionales competitivos, emprendedores, generadores de conocimiento reconocidos por la contribuci\u00f3n al desarrollo sostenible de la sociedad con liderazgo.[\/vc_column_text][\/vc_column_inner][vc_column_inner width=\u00bb1\/2&#8243;][\/vc_column_inner][\/vc_row_inner][vc_empty_space height=\u00bb200px\u00bb][\/vc_column][\/vc_row][vc_row][vc_column][vc_empty_space][vc_row_inner equal_height=\u00bbyes\u00bb][vc_column_inner el_class=\u00bbcolumna-borde\u00bb width=\u00bb1\/3&#8243;][vc_empty_space height=\u00bb75px\u00bb][vc_column_text el_class=\u00bbtexto1&#8243;]<\/p>\n<h1><strong>Licenciados por SUNEDU<\/strong><\/h1>\n<p>[\/vc_column_text][vc_empty_space][\/vc_column_inner][vc_column_inner width=\u00bb1\/3&#8243;][vc_column_text el_class=\u00bbtexto2&#8243;]<\/p>\n<h1><strong>Visi\u00f3n<\/strong><\/h1>\n<p>[\/vc_column_text][vc_empty_space height=\u00bb15px\u00bb][vc_column_text el_class=\u00bbtexto2&#8243;]Universidad referente en el centro del pa\u00eds, por la generaci\u00f3n de nuevos conocimientos inmersos en la investigaci\u00f3n; por su contribuci\u00f3n al desarrollo sostenible del pa\u00eds y en la formaci\u00f3n de profesionales emprendedores competitivos, con calidad en los servicios que brinda.[\/vc_column_text][vc_empty_space][\/vc_column_inner][vc_column_inner el_class=\u00bbcolumna-borde2&#8243; width=\u00bb1\/3&#8243;][vc_column_text el_class=\u00bbtexto2&#8243;]<\/p>\n<h1><strong>Misi\u00f3n<\/strong><\/h1>\n<p>[\/vc_column_text][vc_empty_space height=\u00bb15px\u00bb][vc_column_text el_class=\u00bbtexto2&#8243;]<\/p>\n<p style=\"text-align: left;\">Somos una instituci\u00f3n educativa que forma profesionales competitivos, emprendedores, generadores de conocimiento reconocidos por la contribuci\u00f3n al desarrollo sostenible de la sociedad con liderazgo.<\/p>\n<p>[\/vc_column_text][\/vc_column_inner][\/vc_row_inner][vc_empty_space height=\u00bb60px\u00bb][\/vc_column][\/vc_row][vc_row full_width=\u00bbstretch_row\u00bb css=\u00bb.vc_custom_1713451958059{background-image: url(https:\/\/www.uroosevelt.edu.pe\/portal\/wp-content\/uploads\/2024\/04\/SALA-INTERIOR-01.jpg?id=1105) !important;background-position: center !important;background-repeat: no-repeat !important;background-size: cover !important;}\u00bb][vc_column][vc_empty_space height=\u00bb60px\u00bb][vc_row_inner][vc_column_inner width=\u00bb1\/4&#8243;]<div class=\"quick_fact align_center animate-math\"><div class=\"number-wrapper\"><span class=\"number\" data-to=\"38\">38<\/span><\/div><h3 class=\"title title_tag\">Laboratorios implementados<\/h3><hr class=\"hr_narrow\" \/><div class=\"desc\"><\/div><\/div>\n[\/vc_column_inner][vc_column_inner width=\u00bb1\/4&#8243;]<div class=\"quick_fact align_center animate-math\"><div class=\"number-wrapper\"><span class=\"number\" data-to=\"18\">18<\/span><\/div><h3 class=\"title title_tag\">L\u00edneas de<br \/>\nInvestigaci\u00f3n<\/h3><hr class=\"hr_narrow\" \/><div class=\"desc\"><\/div><\/div>\n[\/vc_column_inner][vc_column_inner width=\u00bb1\/4&#8243;]<div class=\"quick_fact align_center animate-math\"><div class=\"number-wrapper\"><span class=\"label prefix\">+<\/span><span class=\"number\" data-to=\"6000\">6000<\/span><\/div><h3 class=\"title title_tag\">Estudiantes Matriculados<\/h3><hr class=\"hr_narrow\" \/><div class=\"desc\"><\/div><\/div>\n[\/vc_column_inner][vc_column_inner width=\u00bb1\/4&#8243;]<div class=\"quick_fact align_center animate-math\"><div class=\"number-wrapper\"><span class=\"number\" data-to=\"8\">8<\/span><\/div><h3 class=\"title title_tag\">ProgramasAcad\u00e9micos<\/h3><hr class=\"hr_narrow\" \/><div class=\"desc\"><\/div><\/div>\n[\/vc_column_inner][\/vc_row_inner][vc_empty_space height=\u00bb60px\u00bb][\/vc_column][\/vc_row][vc_row][vc_column][vc_empty_space height=\u00bb60px\u00bb][vc_column_text el_class=\u00bbtexto1&#8243;]<\/p>\n<h1 class=\"elementor-heading-title elementor-size-xl\" style=\"text-align: center;\"><strong>Nuestra plana <\/strong><strong>DOCENTE<\/strong><\/h1>\n<p>[\/vc_column_text][vc_empty_space][vc_column_text]<\/p>\n<p style=\"text-align: center;\">Los docentes de la Universidad Franklin Roosevelt son profesionales con gran experiencia en sus respectivos campos que gu\u00edan a nuestros alumnos en cada etapa de sus carreras. Adem\u00e1s de transmitirles conocimiento, act\u00faan como mentores y consejeros durante su proceso de aprendizaje.<\/p>\n<p>[\/vc_column_text][vc_empty_space][vc_row_inner][vc_column_inner el_class=\u00bbdocente\u00bb width=\u00bb1\/3&#8243;]<div class=\"icon_box icon_position_top no_border\"><div class=\"icon_wrapper\"><div class=\"icon\"><i class=\"fas fa-user-tie\"><\/i><\/div><\/div><div class=\"desc_wrapper\"><h4 class=\"title\">Consejeros acad\u00e9micos<\/h4><div class=\"desc\">Los consejeros acad\u00e9micos les plantean opciones, les muestran los recursos disponibles y les ayudan a identificar soluciones para ciertas situaciones acad\u00e9micas y personales que pueden surgir cuando se estudia una carrera.<\/div><\/div><\/div>\n[\/vc_column_inner][vc_column_inner el_class=\u00bbdocente\u00bb width=\u00bb1\/3&#8243;]<div class=\"icon_box icon_position_top no_border\"><div class=\"icon_wrapper\"><div class=\"icon\"><i class=\"fas fa-stopwatch\"><\/i><\/div><\/div><div class=\"desc_wrapper\"><h4 class=\"title\">Oportunos<\/h4><div class=\"desc\">Ellos proporcionan a nuestros alumnos informaci\u00f3n sobre pol\u00edticas, procedimientos, los objetivos de largo plazo de sus especialidades y el plan de estudios para asegurarse de que dichos resultados sean alcanzados.<\/div><\/div><\/div>\n[\/vc_column_inner][vc_column_inner el_class=\u00bbdocente\u00bb width=\u00bb1\/3&#8243;]<div class=\"icon_box icon_position_top no_border\"><div class=\"icon_wrapper\"><div class=\"icon\"><i class=\"fas fa-user-graduate\"><\/i><\/div><\/div><div class=\"desc_wrapper\"><h4 class=\"title\">Mentores<\/h4><div class=\"desc\">Los profesores-mentores son profesionales especialmente emp\u00e1ticos, accesibles, abiertos y proactivos. Aconsejan a nuestros alumnos y establecen conexiones con empresas dentro de la comunidad, as\u00ed como con otros mentores o docentes de la organizaci\u00f3n.<\/div><\/div><\/div>\n[\/vc_column_inner][\/vc_row_inner][vc_empty_space height=\u00bb60px\u00bb][\/vc_column][\/vc_row][vc_row full_width=\u00bbstretch_row\u00bb css_animation=\u00bbfadeInUp\u00bb css=\u00bb.vc_custom_1752500855005{background-color: #910048 !important;background-position: center !important;background-repeat: no-repeat !important;background-size: cover !important;}\u00bb][vc_column][vc_empty_space][vc_row_inner content_placement=\u00bbmiddle\u00bb][vc_column_inner width=\u00bb1\/2&#8243;][vc_column_text el_class=\u00bbrazones\u00bb]<\/p>\n<h1><strong>Inicia tu vida<\/strong><br \/>\n<strong>universitaria en UR<\/strong><\/h1>\n<p>[\/vc_column_text][vc_empty_space][vc_column_text el_class=\u00bbtexto-blanco\u00bb]Somos una instituci\u00f3n educativa con m\u00e1s de 14 a\u00f1os de experiencia,<br \/>\nbrindando la educaci\u00f3n profesional a nuestros estudiantes.[\/vc_column_text][vc_empty_space][vc_single_image image=\u00bb649&#8243; img_size=\u00bbfull\u00bb][vc_empty_space][\/vc_column_inner][vc_column_inner el_class=\u00bbsombra\u00bb width=\u00bb1\/2&#8243; css=\u00bb.vc_custom_1710265477016{padding-right: 20px !important;padding-left: 20px !important;background-color: #ffffff !important;border-radius: 10px !important;}\u00bb][vc_column_text el_class=\u00bbdatos\u00bb]<\/p>\n<h1><strong>D\u00e9janos tus datos<\/strong><\/h1>\n<p>[\/vc_column_text][vc_empty_space][vc_raw_html]JTNDc2NyaXB0JTIwY2hhcnNldCUzRCUyMnV0Zi04JTIyJTIwdHlwZSUzRCUyMnRleHQlMkZqYXZhc2NyaXB0JTIyJTIwc3JjJTNEJTIyJTJGJTJGanMuaHNmb3Jtcy5uZXQlMkZmb3JtcyUyRmVtYmVkJTJGdjIuanMlMjIlM0UlM0MlMkZzY3JpcHQlM0UlMEElM0NzY3JpcHQlM0UlMEElMjAlMjBoYnNwdC5mb3Jtcy5jcmVhdGUlMjglN0IlMEElMjAlMjAlMjAlMjByZWdpb24lM0ElMjAlMjJuYTElMjIlMkMlMEElMjAlMjAlMjAlMjBwb3J0YWxJZCUzQSUyMCUyMjg5MDEzMDklMjIlMkMlMEElMjAlMjAlMjAlMjBmb3JtSWQlM0ElMjAlMjI3Y2NmNWMzOS04ODQ0LTQyNTAtYTQ4YS05NGEyY2Y5ZWZkZDMlMjIlMEElMjAlMjAlN0QlMjklM0IlMEElM0MlMkZzY3JpcHQlM0U=[\/vc_raw_html][vc_empty_space][\/vc_column_inner][\/vc_row_inner][vc_empty_space height=\u00bb60px\u00bb][\/vc_column][\/vc_row]<\/p>\n","protected":false},"excerpt":{"rendered":"<p>[vc_row full_width=\u00bbstretch_row\u00bb css=\u00bb.vc_custom_1713372054245{background-image: url(https:\/\/www.uroosevelt.edu.pe\/portal\/wp-content\/uploads\/2024\/04\/VIVE-TU-PASION-UR-PSICOLOGIA-3.png?id=1053) !important;background-position: center !important;background-repeat: no-repeat !important;background-size: cover !important;}\u00bb][vc_column][vc_empty_space height=\u00bb150px\u00bb][vc_row_inner][vc_column_inner width=\u00bb1\/2&#8243;][vc_column_text el_class=\u00bbtitulo\u00bb]<span class=\"excerpt-hellip\"> [\u2026]<\/span><\/p>\n","protected":false},"author":4,"featured_media":0,"parent":0,"menu_order":0,"comment_status":"closed","ping_status":"closed","template":"","meta":{"footnotes":""},"_links":{"self":[{"href":"https:\/\/www.uroosevelt.edu.pe\/portal\/wp-json\/wp\/v2\/pages\/1052"}],"collection":[{"href":"https:\/\/www.uroosevelt.edu.pe\/portal\/wp-json\/wp\/v2\/pages"}],"about":[{"href":"https:\/\/www.uroosevelt.edu.pe\/portal\/wp-json\/wp\/v2\/types\/page"}],"author":[{"embeddable":true,"href":"https:\/\/www.uroosevelt.edu.pe\/portal\/wp-json\/wp\/v2\/users\/4"}],"replies":[{"embeddable":true,"href":"https:\/\/www.uroosevelt.edu.pe\/portal\/wp-json\/wp\/v2\/comments?post=1052"}],"version-history":[{"count":20,"href":"https:\/\/www.uroosevelt.edu.pe\/portal\/wp-json\/wp\/v2\/pages\/1052\/revisions"}],"predecessor-version":[{"id":2888,"href":"https:\/\/www.uroosevelt.edu.pe\/portal\/wp-json\/wp\/v2\/pages\/1052\/revisions\/2888"}],"wp:attachment":[{"href":"https:\/\/www.uroosevelt.edu.pe\/portal\/wp-json\/wp\/v2\/media?parent=1052"}],"curies":[{"name":"wp","href":"https:\/\/api.w.org\/{rel}","templated":true}]}}